{"id":36587,"date":"2022-04-06T13:00:32","date_gmt":"2022-04-06T13:00:32","guid":{"rendered":"https:\/\/dev-castillo-de-canena.pantheonsite.io\/condiciones-de-compras\/"},"modified":"2022-07-27T08:23:31","modified_gmt":"2022-07-27T08:23:31","slug":"einkaufsbedingungen","status":"publish","type":"page","link":"https:\/\/www.castillodecanena.com\/de\/einkaufsbedingungen\/","title":{"rendered":"Einkaufsbedingungen"},"content":{"rendered":"<p>[vc_row][vc_column][vc_column_text]Diese Allgemeinen Einkaufsbedingungen (im Folgenden CGC) gelten f\u00fcr den Online-Shop www.castillodecanena.com, der sich im Besitz der Firma CASTILLO DE CANENA OLIVE JUICE, S.L., (im Folgenden \u201eDER VERK\u00c4UFER\u201c) befindet, mit der CIF-Nummer B23514623, mit Registrierung B\u00fcro in c\/ Remedios, 4, 23420 Canena, JAEN. Es ist im Handelsregister von Ja\u00e9n, Band 352, Blatt 139, Seite J.13.166 eingetragen.<\/p>\n<p>Definitionen:<\/p>\n<p>F\u00fcr die Zwecke dieser CGC wird darunter Folgendes verstanden:<\/p>\n<p>\u201eKunde\u201c: Jede vollj\u00e4hrige nat\u00fcrliche Person oder juristische Person, die gem\u00e4\u00df den geltenden Vorschriften den Status eines Verbrauchers hat und nach Annahme dieser AGB eine Bestellung von Produkten \u00fcber den Online-Shop von Castillo de Canena www.castillodecanena.com formalisiert .<br \/>\n\u201eVerk\u00e4ufer\u201c: CASTILLO DE CANENA OLIVE JUICE, S.L.<br \/>\n\u201eProdukte\u201c: Gesamtheit der auf der Website www.castillodecanena.com angebotenen Produkte.<br \/>\n\u201eWebsite, Plattform oder Online-Shop\u201c Castillo de Canena: Die Domain castillodecanena.com ist Eigentum des VERK\u00c4UFERS f\u00fcr den Online-Verkauf seiner Produkte.<br \/>\n\u201eKaufformular\u201c: Dokument zur Formalisierung des Kaufs der Produkte auf der Website www.castillodecanena.com.<\/p>\n<p>Objekt.<\/p>\n<p>Diese AGB regeln den Kaufprozess der vom VERK\u00c4UFER \u00fcber den Online-Shop von Castillo de Canena www.castillodecanena.com angebotenen Produkte durch den KUNDEN und bilden den rechtlichen Rahmen, der das Vertragsverh\u00e4ltnis entwickelt.<\/p>\n<p>Vertragsteile.<\/p>\n<p>Der VERK\u00c4UFER ist ein Kaufmann, dessen Hauptt\u00e4tigkeit im Verkauf von Oliven\u00f6len besteht.<\/p>\n<p>Die Bedingung des KUNDEN ist jede nat\u00fcrliche oder juristische Person, die die auf der Website www.castillodecanena.com angebotenen Produkte gem\u00e4\u00df den in diesen AGB vorgesehenen Bedingungen erwirbt.<\/p>\n<p>Bestellformular.<\/p>\n<p>F\u00fcr den Online-Kauf der auf der Website www.castillodecanena.com angebotenen Produkte muss der KUNDE das zu diesem Zweck erstellte Bestellformular formalisieren.<\/p>\n<p>Sobald das Bestellformular ausgef\u00fcllt und der Kaufvorgang abgeschlossen ist, erh\u00e4lt der KUNDE eine E-Mail mit den angeforderten Produkten, dem ausstehenden Gesamtpreis (einschlie\u00dflich Steuern und Versandkosten) sowie den Rechnungs- und Versandinformationen. Als n\u00e4chstes erh\u00e4lt der KUNDE eine E-Mail oder SMS (je nach Pr\u00e4ferenz des K\u00e4ufers auf der Verkaufsplattform), in der eine \u201eBankverbindung\u201c angegeben ist, \u00fcber die der KUNDE die Zahlung vornehmen kann.<\/p>\n<p>Preis.<\/p>\n<p>Die f\u00fcr jedes Produkt geltenden Preise enthalten die Mehrwertsteuer (Mehrwertsteuer) oder gegebenenfalls die entsprechende Steuer. Die H\u00f6he der Versandkosten oder ggf. anderer anfallender Kosten wird dem Kunden bei der Bestellung aufgeschl\u00fcsselt angezeigt.<\/p>\n<p>Der Transportpreis wird auf der Grundlage des Lieferorts, der gekauften Produkte und der f\u00fcr den Versand verwendeten Verpackung berechnet.<\/p>\n<p>Art zu bezahlen.<\/p>\n<p>Die Zahlung erfolgt \u00fcber den \u201eBanklink\u201c, den der VERK\u00c4UFER per E-Mail oder SMS an den K\u00c4UFER sendet (je nach Pr\u00e4ferenz des K\u00e4ufers auf der Verkaufsplattform). Der K\u00c4UFER muss die Zahlung \u00fcber diese \u201eBankverbindung\u201c vornehmen. Sobald diese Zahlung abgeschlossen ist, gilt der Kaufvorgang als abgeschlossen, eine wesentliche Voraussetzung f\u00fcr die Formalisierung und den Beginn der Bestellung.<\/p>\n<p>Die andere Zahlungsoption ist per Bank\u00fcberweisung oder Bizum.<\/p>\n<p>Eine sp\u00e4tere Zahlung ist in keinem Fall m\u00f6glich. Zahlungen \u00fcber aufgeschobene Verfahren wie Nachnahme oder andere von den vom Verk\u00e4ufer zugelassenen Verfahren werden nicht akzeptiert.<\/p>\n<p>Daher erh\u00e4lt der K\u00c4UFER, wie im Abschnitt \u201eAuftragsformulierung\u201c beschrieben, zwei verschiedene Mitteilungen:<\/p>\n<p>1. Eine E-Mail mit der Aufschl\u00fcsselung der Bestellung, nachdem die Anfrage im Online-Shop www.castillodecanena.com gestellt wurde<\/p>\n<p>2. Und eine zweite Mitteilung (per E-Mail oder SMS, je nach Pr\u00e4ferenz des K\u00e4ufers) mit einem \u201eBanklink\u201c, um mit der Zahlung fortfahren und damit den Kaufvorgang abschlie\u00dfen zu k\u00f6nnen.<\/p>\n<p>Produktverf\u00fcgbarkeit und Beschreibung<\/p>\n<p>Die Produkt- und Preisangebote des Verk\u00e4ufers gelten, sofern nicht anders angegeben, zum Zeitpunkt der Auftragsbest\u00e4tigung.<\/p>\n<p>Im Falle der Nichtverf\u00fcgbarkeit eines Produkts informiert der Verk\u00e4ufer den Kunden so schnell wie m\u00f6glich und bietet die M\u00f6glichkeit, die R\u00fcckerstattung der gezahlten Betr\u00e4ge innerhalb von maximal 14 Tagen zu verlangen oder das nicht verf\u00fcgbare Produkt gegen ein anderes von Interesse auszutauschen. .<\/p>\n<p>Trotz der Sorgfalt bei der Beschreibung der Produkte und ihrer fotografischen Darstellungen k\u00f6nnen ihre Eigenschaften ge\u00e4ndert werden, was vom Verk\u00e4ufer zum Zeitpunkt der Auftragsbest\u00e4tigung angegeben wird.<\/p>\n<p>F\u00fcr den Fall, dass zu irgendeinem Zeitpunkt ein Tippfehler auftritt, der sich jederzeit der Kontrolle des Verk\u00e4ufers entzieht, wird dieser unverz\u00fcglich korrigiert.<\/p>\n<p>Lieferung<\/p>\n<p>Bestellungen werden vom Verk\u00e4ufer in Verpackung vorbereitet<\/p>\n<p>Es ist geschlossen, widerstandsf\u00e4hig und f\u00fcr den Inhalt und die Bed\u00fcrfnisse des Transports geeignet.<\/p>\n<p>Die Produkte werden \u00fcberall auf der spanischen Halbinsel und auf den Balearen geliefert. F\u00fcr die \u00fcbrigen Standorte m\u00fcssen sie den Verk\u00e4ufer kontaktieren, indem sie eine E-Mail an die Adresse senden: info@castillodecanena.com.<\/p>\n<p>&nbsp;<\/p>\n<p>Die Lieferadresse der Bestellung ist die vom Kunden angegebene. Rechnungsadresse und Lieferadresse m\u00fcssen nicht \u00fcbereinstimmen.<\/p>\n<p>Der Verk\u00e4ufer ist nicht verantwortlich f\u00fcr eine R\u00fccksendung aufgrund eines Fehlers in der vom K\u00e4ufer angegebenen Adresse oder der Unm\u00f6glichkeit der Lieferung an die angegebene Adresse, und der Kunde muss gegebenenfalls die Kosten f\u00fcr eine neue Lieferung der Bestellung \u00fcbernehmen . . .<\/p>\n<p>Die Unterzeichnung des Lieferscheins impliziert die Annahme der gelieferten Produkte durch den Kunden.<\/p>\n<p>Alle Anomalien, Produktm\u00e4ngel oder Transportsch\u00e4den m\u00fcssen auf dem Lieferschein in Form von detaillierten Vorbehalten angegeben und innerhalb von 5 Werktagen nach Erhalt der Bestellung per E-Mail an info@castillodecanena.com best\u00e4tigt werden. .<\/p>\n<p>In Abwesenheit des Kunden oder des Empf\u00e4ngers der Bestellung liefert der Spediteur diese am n\u00e4chsten Werktag.<\/p>\n<p>In der Regel wird die Bestellung vom Transportunternehmen des Verk\u00e4ufers innerhalb von ca. 3 bis 7 Werktagen ab Auftragsbest\u00e4tigung und abh\u00e4ngig vom Lieferort sowie den Daten oder der allgemeinen Auftragslage geliefert. Jede Bestellung, die nach 14:00 Uhr aufgegeben wird. Es wird am n\u00e4chsten Werktag bearbeitet.<\/p>\n<p>Alle diese Transportdienste sind au\u00dferhalb von CASTILLO DE CANENA OLIVE JUICE S.L., daher liegt die Nichteinhaltung der angegebenen Lieferzeiten oder Lieferinformationen nicht in Ihrer Verantwortung.<\/p>\n<p>Der Verk\u00e4ufer wird alle Anstrengungen unternehmen, um sicherzustellen, dass die Sendung gem\u00e4\u00df den oben angegebenen Lieferzeiten zugestellt wird.<\/p>\n<p>&nbsp;<\/p>\n<p>R\u00fcckgabebedingungen:<\/p>\n<p>Der Verk\u00e4ufer nimmt \u00c4nderungen oder R\u00fcckerstattungen von Bestellungen gem\u00e4\u00df dem unten beschriebenen Verfahren vor:<\/p>\n<p>Der Kunde muss den Kundendienst des Verk\u00e4ufers per E-Mail an info@castillodecanena.com oder telefonisch unter +34 953770101 (montags bis freitags von 9:30 bis 14:00 Uhr) kontaktieren.<\/p>\n<p>R\u00fccksendungen unversiegelter Artikel werden nicht akzeptiert.<br \/>\nDie Verpackung muss in einwandfreiem Zustand sein und alle Zubeh\u00f6rteile enthalten, um zur\u00fcckgegeben zu werden.<\/p>\n<p>Die R\u00fccksendung der Bestellung muss per Kurier an folgende Adresse erfolgen: Autov\u00eda del Olivar A316- Ausfahrt 20, 23529 Puente del Obispo, Baeza, Ja\u00e9n.<br \/>\nDie Preisr\u00fcckerstattung erfolgt auf dem gleichen Weg, auf dem die Zahlung erfolgt ist.<\/p>\n<p>R\u00fccksendungen werden nur f\u00fcr vollst\u00e4ndige Bestellungen in einwandfreiem Zustand mit Originalverpackung und mit einer maximalen Annahmezeit in den Einrichtungen des Verk\u00e4ufers innerhalb eines Zeitraums von maximal zehn (14) Werktagen nach Eingang der Bestellung akzeptiert.<\/p>\n<p>Die R\u00fcckerstattung des Preises der Bestellung, mit Ausnahme der Versandkosten, erfolgt innerhalb von vierzehn (14) Werktagen ab dem Datum des Eingangs der Bestellung.<\/p>\n<p>&nbsp;<\/p>\n<p>Schutz personenbezogener Daten:<\/p>\n<p>Der Verk\u00e4ufer informiert den Kunden in seiner Eigenschaft als Datenverantwortlicher dar\u00fcber, dass er seine Daten verarbeiten wird, um die im Online-Shop angeforderte Bestellung zu verwalten. Die Rechtsgrundlage der Behandlung ist haupts\u00e4chlich die Ausf\u00fchrung des Kaufvertrags \u00fcber die im Online-Shop angebotenen Produkte. Die personenbezogenen Daten des Kunden werden nicht an Dritte weitergegeben, es sei denn, dies ist gesetzlich vorgeschrieben, und es sind auch keine internationalen \u00dcbermittlungen ihrer personenbezogenen Daten geplant.<\/p>\n<p>Ebenso wird der Kunde dar\u00fcber informiert, dass er die Rechte auf Zugang, Berichtigung oder L\u00f6schung sowie andere Rechte, wie in den zus\u00e4tzlichen Informationen erl\u00e4utert, aus\u00fcben kann, indem er sie \u00fcber die Datenschutzrichtlinie der Website www.castillodecanena einsehen kann. com .<\/p>\n<p>&nbsp;<\/p>\n<p>Verf\u00fcgbarkeit der Produkte:<\/p>\n<p>Kommt es zu Lieferschwierigkeiten oder sind keine Produkte auf Lager, wird der Kunde umgehend informiert und der Betrag des nicht vorr\u00e4tigen Produkts bzw. der nicht vorr\u00e4tigen Produkte erstattet. Der Verk\u00e4ufer erstattet den entsprechenden Betrag unverz\u00fcglich und in jedem Fall vor Ablauf von 14 Kalendertagen. Die R\u00fcckerstattung erfolgt per Bank\u00fcberweisung.<\/p>\n<p>Kundendienst:<\/p>\n<p>Bei Fragen, Anregungen, Fragen oder Beschwerden zum Online-Shop k\u00f6nnen Sie sich auf folgende Weise an den Kundendienst wenden:<\/p>\n<p>-Telefon: +34 953770101. Die Kundendienstzeiten sind von Montag bis Freitag von 9:30 bis 14:00 Uhr.<\/p>\n<p>-E-Mail: info@castillodecanena.com.<\/p>\n<p>Dem Kunden stehen Beschwerdeformulare zur Verf\u00fcgung, die jederzeit \u00fcber die angegebenen Mittel angefordert werden k\u00f6nnen.<\/p>\n<p>\u00c4nderung:<\/p>\n<p>Der Verk\u00e4ufer stimmt zu<\/p>\n<p>beh\u00e4lt sich das Recht vor, diese Allgemeinen Einkaufsbedingungen jederzeit zu \u00e4ndern. Keine \u00c4nderung wirkt sich auf Bestellungen aus, die bereits in Bearbeitung sind.<\/p>\n<p>&nbsp;<\/p>\n<p>Anwendbares Recht und Gerichtsstand:<\/p>\n<p>&nbsp;<\/p>\n<p>Diese CGC unterliegen den geltenden spanischen Vorschriften und insbesondere den Bestimmungen des Gesetzes 7\/1998 vom 13. April \u00fcber die Allgemeinen Vertragsbedingungen, K\u00f6nigliches Gesetzesdekret 1\/2007, durch das der konsolidierte Text der Allgemeinen Gesetz zum Schutz der Verbraucher und Nutzer, EU-Verordnung 2016\/679 des Europ\u00e4ischen Parlaments und des Rates vom 27. April 2016 (RGPD), Organgesetz 3\/2018 vom 5. Dezember, Schutz personenbezogener Daten und Gew\u00e4hrleistung digitaler Rechte , und Gesetz 34\/2002 vom 11. Juli \u00fcber Dienste der Informationsgesellschaft und elektronischen Handel.<\/p>\n<p>Alle Streitigkeiten, die sich aus der Auslegung oder Ausf\u00fchrung dieser CGC ergeben, werden den Gerichten von Madrid vorgelegt, es sei denn, aufgrund der geltenden Vorschriften wird eine andere Zust\u00e4ndigkeit festgelegt.[\/vc_column_text][\/vc_column][\/vc_row]<\/p>\n","protected":false},"excerpt":{"rendered":"<p>[vc_row][vc_column][vc_column_text]Diese Allgemeinen Einkaufsbedingungen (im Folgenden CGC) gelten f\u00fcr den Online-Shop www.castillodecanena.com, der sich im Besitz der Firma CASTILLO DE CANENA OLIVE JUICE, S.L., (im Folgenden \u201eDER VERK\u00c4UFER\u201c) befindet, mit der [&hellip;]<\/p>\n","protected":false},"author":2,"featured_media":0,"parent":0,"menu_order":0,"comment_status":"closed","ping_status":"closed","template":"","meta":{"_acf_changed":false,"wprm-recipe-roundup-name":"","wprm-recipe-roundup-description":"","footnotes":""},"class_list":["post-36587","page","type-page","status-publish","hentry"],"acf":[],"yoast_head":"<!-- This site is optimized with the Yoast SEO plugin v25.6 - https:\/\/yoast.com\/wordpress\/plugins\/seo\/ -->\n<title>Einkaufsbedingungen - Castillo de Canena<\/title>\n<meta name=\"robots\" content=\"index, follow, max-snippet:-1, max-image-preview:large, max-video-preview:-1\" \/>\n<link rel=\"canonical\" href=\"https:\/\/www.castillodecanena.com\/de\/einkaufsbedingungen\/\" \/>\n<meta property=\"og:locale\" content=\"de_DE\" \/>\n<meta property=\"og:type\" content=\"article\" \/>\n<meta property=\"og:title\" content=\"Einkaufsbedingungen - Castillo de Canena\" \/>\n<meta property=\"og:description\" content=\"[vc_row][vc_column][vc_column_text]Diese Allgemeinen Einkaufsbedingungen (im Folgenden CGC) gelten f\u00fcr den Online-Shop www.castillodecanena.com, der sich im Besitz der Firma CASTILLO DE CANENA OLIVE JUICE, S.L., (im Folgenden \u201eDER VERK\u00c4UFER\u201c) befindet, mit der [&hellip;]\" \/>\n<meta property=\"og:url\" content=\"https:\/\/www.castillodecanena.com\/de\/einkaufsbedingungen\/\" \/>\n<meta property=\"og:site_name\" content=\"Castillo de Canena\" \/>\n<meta property=\"article:publisher\" content=\"https:\/\/www.facebook.com\/Castillo.de.Canena\" \/>\n<meta property=\"article:modified_time\" content=\"2022-07-27T08:23:31+00:00\" \/>\n<meta name=\"twitter:card\" content=\"summary_large_image\" \/>\n<meta name=\"twitter:site\" content=\"@CastillodCanena\" \/>\n<script type=\"application\/ld+json\" class=\"yoast-schema-graph\">{\"@context\":\"https:\/\/schema.org\",\"@graph\":[{\"@type\":\"WebPage\",\"@id\":\"https:\/\/www.castillodecanena.com\/de\/einkaufsbedingungen\/\",\"url\":\"https:\/\/www.castillodecanena.com\/de\/einkaufsbedingungen\/\",\"name\":\"Einkaufsbedingungen - Castillo de Canena\",\"isPartOf\":{\"@id\":\"https:\/\/www.castillodecanena.com\/de\/#website\"},\"datePublished\":\"2022-04-06T13:00:32+00:00\",\"dateModified\":\"2022-07-27T08:23:31+00:00\",\"breadcrumb\":{\"@id\":\"https:\/\/www.castillodecanena.com\/de\/einkaufsbedingungen\/#breadcrumb\"},\"inLanguage\":\"de\",\"potentialAction\":[{\"@type\":\"ReadAction\",\"target\":[\"https:\/\/www.castillodecanena.com\/de\/einkaufsbedingungen\/\"]}]},{\"@type\":\"BreadcrumbList\",\"@id\":\"https:\/\/www.castillodecanena.com\/de\/einkaufsbedingungen\/#breadcrumb\",\"itemListElement\":[{\"@type\":\"ListItem\",\"position\":1,\"name\":\"Home\",\"item\":\"https:\/\/www.castillodecanena.com\/de\/\"},{\"@type\":\"ListItem\",\"position\":2,\"name\":\"Einkaufsbedingungen\"}]},{\"@type\":\"WebSite\",\"@id\":\"https:\/\/www.castillodecanena.com\/de\/#website\",\"url\":\"https:\/\/www.castillodecanena.com\/de\/\",\"name\":\"Castillo de Canena\",\"description\":\"Aceites de Oliva virgen extra Premium\",\"publisher\":{\"@id\":\"https:\/\/www.castillodecanena.com\/de\/#organization\"},\"potentialAction\":[{\"@type\":\"SearchAction\",\"target\":{\"@type\":\"EntryPoint\",\"urlTemplate\":\"https:\/\/www.castillodecanena.com\/de\/?s={search_term_string}\"},\"query-input\":{\"@type\":\"PropertyValueSpecification\",\"valueRequired\":true,\"valueName\":\"search_term_string\"}}],\"inLanguage\":\"de\"},{\"@type\":\"Organization\",\"@id\":\"https:\/\/www.castillodecanena.com\/de\/#organization\",\"name\":\"Castillo de Canena\",\"url\":\"https:\/\/www.castillodecanena.com\/de\/\",\"logo\":{\"@type\":\"ImageObject\",\"inLanguage\":\"de\",\"@id\":\"https:\/\/www.castillodecanena.com\/de\/#\/schema\/logo\/image\/\",\"url\":\"https:\/\/castillodecanena.com\/wp-content\/uploads\/2021\/08\/logo_castillo-de-canena_small.webp\",\"contentUrl\":\"https:\/\/castillodecanena.com\/wp-content\/uploads\/2021\/08\/logo_castillo-de-canena_small.webp\",\"width\":250,\"height\":174,\"caption\":\"Castillo de Canena\"},\"image\":{\"@id\":\"https:\/\/www.castillodecanena.com\/de\/#\/schema\/logo\/image\/\"},\"sameAs\":[\"https:\/\/www.facebook.com\/Castillo.de.Canena\",\"https:\/\/x.com\/CastillodCanena\",\"https:\/\/www.instagram.com\/castillodecanena\/\",\"https:\/\/www.linkedin.com\/company\/castillo-de-canena-olive-juice\",\"https:\/\/www.pinterest.es\/castillodcanena\/\",\"https:\/\/www.youtube.com\/channel\/UCL64xPwm_9Atq2y1JxmwnxQ\",\"https:\/\/es.wikipedia.org\/wiki\/Castillo_de_Canena_(empresa)\"]}]}<\/script>\n<!-- \/ Yoast SEO plugin. -->","yoast_head_json":{"title":"Einkaufsbedingungen - Castillo de Canena","robots":{"index":"index","follow":"follow","max-snippet":"max-snippet:-1","max-image-preview":"max-image-preview:large","max-video-preview":"max-video-preview:-1"},"canonical":"https:\/\/www.castillodecanena.com\/de\/einkaufsbedingungen\/","og_locale":"de_DE","og_type":"article","og_title":"Einkaufsbedingungen - Castillo de Canena","og_description":"[vc_row][vc_column][vc_column_text]Diese Allgemeinen Einkaufsbedingungen (im Folgenden CGC) gelten f\u00fcr den Online-Shop www.castillodecanena.com, der sich im Besitz der Firma CASTILLO DE CANENA OLIVE JUICE, S.L., (im Folgenden \u201eDER VERK\u00c4UFER\u201c) befindet, mit der [&hellip;]","og_url":"https:\/\/www.castillodecanena.com\/de\/einkaufsbedingungen\/","og_site_name":"Castillo de Canena","article_publisher":"https:\/\/www.facebook.com\/Castillo.de.Canena","article_modified_time":"2022-07-27T08:23:31+00:00","twitter_card":"summary_large_image","twitter_site":"@CastillodCanena","schema":{"@context":"https:\/\/schema.org","@graph":[{"@type":"WebPage","@id":"https:\/\/www.castillodecanena.com\/de\/einkaufsbedingungen\/","url":"https:\/\/www.castillodecanena.com\/de\/einkaufsbedingungen\/","name":"Einkaufsbedingungen - Castillo de Canena","isPartOf":{"@id":"https:\/\/www.castillodecanena.com\/de\/#website"},"datePublished":"2022-04-06T13:00:32+00:00","dateModified":"2022-07-27T08:23:31+00:00","breadcrumb":{"@id":"https:\/\/www.castillodecanena.com\/de\/einkaufsbedingungen\/#breadcrumb"},"inLanguage":"de","potentialAction":[{"@type":"ReadAction","target":["https:\/\/www.castillodecanena.com\/de\/einkaufsbedingungen\/"]}]},{"@type":"BreadcrumbList","@id":"https:\/\/www.castillodecanena.com\/de\/einkaufsbedingungen\/#breadcrumb","itemListElement":[{"@type":"ListItem","position":1,"name":"Home","item":"https:\/\/www.castillodecanena.com\/de\/"},{"@type":"ListItem","position":2,"name":"Einkaufsbedingungen"}]},{"@type":"WebSite","@id":"https:\/\/www.castillodecanena.com\/de\/#website","url":"https:\/\/www.castillodecanena.com\/de\/","name":"Castillo de Canena","description":"Aceites de Oliva virgen extra Premium","publisher":{"@id":"https:\/\/www.castillodecanena.com\/de\/#organization"},"potentialAction":[{"@type":"SearchAction","target":{"@type":"EntryPoint","urlTemplate":"https:\/\/www.castillodecanena.com\/de\/?s={search_term_string}"},"query-input":{"@type":"PropertyValueSpecification","valueRequired":true,"valueName":"search_term_string"}}],"inLanguage":"de"},{"@type":"Organization","@id":"https:\/\/www.castillodecanena.com\/de\/#organization","name":"Castillo de Canena","url":"https:\/\/www.castillodecanena.com\/de\/","logo":{"@type":"ImageObject","inLanguage":"de","@id":"https:\/\/www.castillodecanena.com\/de\/#\/schema\/logo\/image\/","url":"https:\/\/castillodecanena.com\/wp-content\/uploads\/2021\/08\/logo_castillo-de-canena_small.webp","contentUrl":"https:\/\/castillodecanena.com\/wp-content\/uploads\/2021\/08\/logo_castillo-de-canena_small.webp","width":250,"height":174,"caption":"Castillo de Canena"},"image":{"@id":"https:\/\/www.castillodecanena.com\/de\/#\/schema\/logo\/image\/"},"sameAs":["https:\/\/www.facebook.com\/Castillo.de.Canena","https:\/\/x.com\/CastillodCanena","https:\/\/www.instagram.com\/castillodecanena\/","https:\/\/www.linkedin.com\/company\/castillo-de-canena-olive-juice","https:\/\/www.pinterest.es\/castillodcanena\/","https:\/\/www.youtube.com\/channel\/UCL64xPwm_9Atq2y1JxmwnxQ","https:\/\/es.wikipedia.org\/wiki\/Castillo_de_Canena_(empresa)"]}]}},"_links":{"self":[{"href":"https:\/\/www.castillodecanena.com\/de\/wp-json\/wp\/v2\/pages\/36587","targetHints":{"allow":["GET"]}}],"collection":[{"href":"https:\/\/www.castillodecanena.com\/de\/wp-json\/wp\/v2\/pages"}],"about":[{"href":"https:\/\/www.castillodecanena.com\/de\/wp-json\/wp\/v2\/types\/page"}],"author":[{"embeddable":true,"href":"https:\/\/www.castillodecanena.com\/de\/wp-json\/wp\/v2\/users\/2"}],"replies":[{"embeddable":true,"href":"https:\/\/www.castillodecanena.com\/de\/wp-json\/wp\/v2\/comments?post=36587"}],"version-history":[{"count":0,"href":"https:\/\/www.castillodecanena.com\/de\/wp-json\/wp\/v2\/pages\/36587\/revisions"}],"wp:attachment":[{"href":"https:\/\/www.castillodecanena.com\/de\/wp-json\/wp\/v2\/media?parent=36587"}],"curies":[{"name":"wp","href":"https:\/\/api.w.org\/{rel}","templated":true}]}}