{"id":36626,"date":"2021-11-04T08:59:58","date_gmt":"2021-11-04T08:59:58","guid":{"rendered":"https:\/\/dev-castillo-de-canena.pantheonsite.io\/aviso-legal\/"},"modified":"2022-07-27T08:23:04","modified_gmt":"2022-07-27T08:23:04","slug":"rechtlicher-hinweis","status":"publish","type":"page","link":"https:\/\/www.castillodecanena.com\/de\/rechtlicher-hinweis\/","title":{"rendered":"Rechtlicher Hinweis"},"content":{"rendered":"<p>[vc_row][vc_column][vc_column_text]In \u00dcbereinstimmung mit den Bestimmungen der Allgemeinen Datenschutzverordnung 2016\/679 (RGPD) und des Organgesetzes 3\/2018 vom 5. Dezember \u00fcber den Schutz personenbezogener Daten und die Gew\u00e4hrleistung digitaler Rechte informieren wir Sie, dass wir Ihre Daten pers\u00f6nlich behandeln werden zwecks:<\/p>\n<p>Versand von Mailings (informativer Newsletter) sowie zur Kontaktpflege mit den Nutzern. Der Eigent\u00fcmer kann die bereitgestellten Daten verwenden, um kommerzielle Informationen, die er f\u00fcr interessant h\u00e4lt, an die Dateneigent\u00fcmer in Bezug auf die angebotenen Dienstleistungen zu senden. Der Eigent\u00fcmer verpflichtet sich, die in den geltenden Gesetzen festgelegte Geheimhaltungspflicht in Bezug auf die enthaltenen Daten einzuhalten.<\/p>\n<p>Die bereitgestellten personenbezogenen Daten werden so lange aufbewahrt, wie die Gesch\u00e4ftsbeziehung aufrechterhalten wird, ihre L\u00f6schung nicht vom Interessenten verlangt wird, oder f\u00fcr ein Jahr nach der letzten Best\u00e4tigung des Interesses oder f\u00fcr die Zeit, die zur Erf\u00fcllung gesetzlicher Verpflichtungen erforderlich ist. Das Unternehmen wird KEINE automatisierten Entscheidungen treffen. Die Daten werden nicht an Dritte weitergegeben, au\u00dfer in F\u00e4llen, in denen eine gesetzliche Verpflichtung besteht, und wir behandeln sie auf Grundlage Ihrer Zustimmung oder Erf\u00fcllung eines Vertrages.<\/p>\n<p>Ebenso informieren wir Sie \u00fcber die M\u00f6glichkeit, die folgenden Rechte in Bezug auf Ihre personenbezogenen Daten auszu\u00fcben: Recht auf Auskunft, Berichtigung, L\u00f6schung oder Vergessen, Einschr\u00e4nkung, Widerspruch, \u00dcbertragbarkeit und Widerruf der erteilten Einwilligung. Dazu k\u00f6nnen Sie eine E-Mail senden an: dpd @castillodecanena.com<\/p>\n<p>Dar\u00fcber hinaus kann sich die interessierte Partei an die zust\u00e4ndige Datenschutzkontrollbeh\u00f6rde wenden, um zus\u00e4tzliche Informationen zu erhalten oder einen Anspruch geltend zu machen.<\/p>\n<p>Identifikationsdaten des Verantwortlichen:<\/p>\n<p>CASTILLO DE CANENA OLIVENSAFT SL, B23514623, C\/ REMEDIOS, 4 \u2013 23420 \u2013 CANENA \u2013 JAEN, 953770101<\/p>\n<p>DSB: M\u00aa Eugenia Rasc\u00f3n Mart\u00ednez, C\/ Cipriano Alhambra,18, B\u00fcro 15, 23440 Baeza (Ja\u00e9n).[\/vc_column_text][\/vc_column][\/vc_row]<\/p>\n","protected":false},"excerpt":{"rendered":"<p>[vc_row][vc_column][vc_column_text]In \u00dcbereinstimmung mit den Bestimmungen der Allgemeinen Datenschutzverordnung 2016\/679 (RGPD) und des Organgesetzes 3\/2018 vom 5. Dezember \u00fcber den Schutz personenbezogener Daten und die Gew\u00e4hrleistung digitaler Rechte informieren wir Sie, [&hellip;]<\/p>\n","protected":false},"author":2,"featured_media":0,"parent":0,"menu_order":0,"comment_status":"closed","ping_status":"closed","template":"","meta":{"_acf_changed":false,"wprm-recipe-roundup-name":"","wprm-recipe-roundup-description":"","footnotes":""},"class_list":["post-36626","page","type-page","status-publish","hentry"],"acf":[],"yoast_head":"<!-- This site is optimized with the Yoast SEO plugin v25.6 - https:\/\/yoast.com\/wordpress\/plugins\/seo\/ -->\n<title>Rechtlicher Hinweis - Castillo de Canena<\/title>\n<meta name=\"robots\" content=\"index, follow, max-snippet:-1, max-image-preview:large, max-video-preview:-1\" \/>\n<link rel=\"canonical\" href=\"https:\/\/www.castillodecanena.com\/de\/rechtlicher-hinweis\/\" \/>\n<meta property=\"og:locale\" content=\"de_DE\" \/>\n<meta property=\"og:type\" content=\"article\" \/>\n<meta property=\"og:title\" content=\"Rechtlicher Hinweis - Castillo de Canena\" \/>\n<meta property=\"og:description\" content=\"[vc_row][vc_column][vc_column_text]In \u00dcbereinstimmung mit den Bestimmungen der Allgemeinen Datenschutzverordnung 2016\/679 (RGPD) und des Organgesetzes 3\/2018 vom 5. Dezember \u00fcber den Schutz personenbezogener Daten und die Gew\u00e4hrleistung digitaler Rechte informieren wir Sie, [&hellip;]\" \/>\n<meta property=\"og:url\" content=\"https:\/\/www.castillodecanena.com\/de\/rechtlicher-hinweis\/\" \/>\n<meta property=\"og:site_name\" content=\"Castillo de Canena\" \/>\n<meta property=\"article:publisher\" content=\"https:\/\/www.facebook.com\/Castillo.de.Canena\" \/>\n<meta property=\"article:modified_time\" content=\"2022-07-27T08:23:04+00:00\" \/>\n<meta name=\"twitter:card\" content=\"summary_large_image\" \/>\n<meta name=\"twitter:site\" content=\"@CastillodCanena\" \/>\n<script type=\"application\/ld+json\" class=\"yoast-schema-graph\">{\"@context\":\"https:\/\/schema.org\",\"@graph\":[{\"@type\":\"WebPage\",\"@id\":\"https:\/\/www.castillodecanena.com\/de\/rechtlicher-hinweis\/\",\"url\":\"https:\/\/www.castillodecanena.com\/de\/rechtlicher-hinweis\/\",\"name\":\"Rechtlicher Hinweis - Castillo de Canena\",\"isPartOf\":{\"@id\":\"https:\/\/www.castillodecanena.com\/de\/#website\"},\"datePublished\":\"2021-11-04T08:59:58+00:00\",\"dateModified\":\"2022-07-27T08:23:04+00:00\",\"breadcrumb\":{\"@id\":\"https:\/\/www.castillodecanena.com\/de\/rechtlicher-hinweis\/#breadcrumb\"},\"inLanguage\":\"de\",\"potentialAction\":[{\"@type\":\"ReadAction\",\"target\":[\"https:\/\/www.castillodecanena.com\/de\/rechtlicher-hinweis\/\"]}]},{\"@type\":\"BreadcrumbList\",\"@id\":\"https:\/\/www.castillodecanena.com\/de\/rechtlicher-hinweis\/#breadcrumb\",\"itemListElement\":[{\"@type\":\"ListItem\",\"position\":1,\"name\":\"Home\",\"item\":\"https:\/\/www.castillodecanena.com\/de\/\"},{\"@type\":\"ListItem\",\"position\":2,\"name\":\"Rechtlicher Hinweis\"}]},{\"@type\":\"WebSite\",\"@id\":\"https:\/\/www.castillodecanena.com\/de\/#website\",\"url\":\"https:\/\/www.castillodecanena.com\/de\/\",\"name\":\"Castillo de Canena\",\"description\":\"Aceites de Oliva virgen extra Premium\",\"publisher\":{\"@id\":\"https:\/\/www.castillodecanena.com\/de\/#organization\"},\"potentialAction\":[{\"@type\":\"SearchAction\",\"target\":{\"@type\":\"EntryPoint\",\"urlTemplate\":\"https:\/\/www.castillodecanena.com\/de\/?s={search_term_string}\"},\"query-input\":{\"@type\":\"PropertyValueSpecification\",\"valueRequired\":true,\"valueName\":\"search_term_string\"}}],\"inLanguage\":\"de\"},{\"@type\":\"Organization\",\"@id\":\"https:\/\/www.castillodecanena.com\/de\/#organization\",\"name\":\"Castillo de Canena\",\"url\":\"https:\/\/www.castillodecanena.com\/de\/\",\"logo\":{\"@type\":\"ImageObject\",\"inLanguage\":\"de\",\"@id\":\"https:\/\/www.castillodecanena.com\/de\/#\/schema\/logo\/image\/\",\"url\":\"https:\/\/castillodecanena.com\/wp-content\/uploads\/2021\/08\/logo_castillo-de-canena_small.webp\",\"contentUrl\":\"https:\/\/castillodecanena.com\/wp-content\/uploads\/2021\/08\/logo_castillo-de-canena_small.webp\",\"width\":250,\"height\":174,\"caption\":\"Castillo de Canena\"},\"image\":{\"@id\":\"https:\/\/www.castillodecanena.com\/de\/#\/schema\/logo\/image\/\"},\"sameAs\":[\"https:\/\/www.facebook.com\/Castillo.de.Canena\",\"https:\/\/x.com\/CastillodCanena\",\"https:\/\/www.instagram.com\/castillodecanena\/\",\"https:\/\/www.linkedin.com\/company\/castillo-de-canena-olive-juice\",\"https:\/\/www.pinterest.es\/castillodcanena\/\",\"https:\/\/www.youtube.com\/channel\/UCL64xPwm_9Atq2y1JxmwnxQ\",\"https:\/\/es.wikipedia.org\/wiki\/Castillo_de_Canena_(empresa)\"]}]}<\/script>\n<!-- \/ Yoast SEO plugin. -->","yoast_head_json":{"title":"Rechtlicher Hinweis - Castillo de Canena","robots":{"index":"index","follow":"follow","max-snippet":"max-snippet:-1","max-image-preview":"max-image-preview:large","max-video-preview":"max-video-preview:-1"},"canonical":"https:\/\/www.castillodecanena.com\/de\/rechtlicher-hinweis\/","og_locale":"de_DE","og_type":"article","og_title":"Rechtlicher Hinweis - Castillo de Canena","og_description":"[vc_row][vc_column][vc_column_text]In \u00dcbereinstimmung mit den Bestimmungen der Allgemeinen Datenschutzverordnung 2016\/679 (RGPD) und des Organgesetzes 3\/2018 vom 5. Dezember \u00fcber den Schutz personenbezogener Daten und die Gew\u00e4hrleistung digitaler Rechte informieren wir Sie, [&hellip;]","og_url":"https:\/\/www.castillodecanena.com\/de\/rechtlicher-hinweis\/","og_site_name":"Castillo de Canena","article_publisher":"https:\/\/www.facebook.com\/Castillo.de.Canena","article_modified_time":"2022-07-27T08:23:04+00:00","twitter_card":"summary_large_image","twitter_site":"@CastillodCanena","schema":{"@context":"https:\/\/schema.org","@graph":[{"@type":"WebPage","@id":"https:\/\/www.castillodecanena.com\/de\/rechtlicher-hinweis\/","url":"https:\/\/www.castillodecanena.com\/de\/rechtlicher-hinweis\/","name":"Rechtlicher Hinweis - Castillo de Canena","isPartOf":{"@id":"https:\/\/www.castillodecanena.com\/de\/#website"},"datePublished":"2021-11-04T08:59:58+00:00","dateModified":"2022-07-27T08:23:04+00:00","breadcrumb":{"@id":"https:\/\/www.castillodecanena.com\/de\/rechtlicher-hinweis\/#breadcrumb"},"inLanguage":"de","potentialAction":[{"@type":"ReadAction","target":["https:\/\/www.castillodecanena.com\/de\/rechtlicher-hinweis\/"]}]},{"@type":"BreadcrumbList","@id":"https:\/\/www.castillodecanena.com\/de\/rechtlicher-hinweis\/#breadcrumb","itemListElement":[{"@type":"ListItem","position":1,"name":"Home","item":"https:\/\/www.castillodecanena.com\/de\/"},{"@type":"ListItem","position":2,"name":"Rechtlicher Hinweis"}]},{"@type":"WebSite","@id":"https:\/\/www.castillodecanena.com\/de\/#website","url":"https:\/\/www.castillodecanena.com\/de\/","name":"Castillo de Canena","description":"Aceites de Oliva virgen extra Premium","publisher":{"@id":"https:\/\/www.castillodecanena.com\/de\/#organization"},"potentialAction":[{"@type":"SearchAction","target":{"@type":"EntryPoint","urlTemplate":"https:\/\/www.castillodecanena.com\/de\/?s={search_term_string}"},"query-input":{"@type":"PropertyValueSpecification","valueRequired":true,"valueName":"search_term_string"}}],"inLanguage":"de"},{"@type":"Organization","@id":"https:\/\/www.castillodecanena.com\/de\/#organization","name":"Castillo de Canena","url":"https:\/\/www.castillodecanena.com\/de\/","logo":{"@type":"ImageObject","inLanguage":"de","@id":"https:\/\/www.castillodecanena.com\/de\/#\/schema\/logo\/image\/","url":"https:\/\/castillodecanena.com\/wp-content\/uploads\/2021\/08\/logo_castillo-de-canena_small.webp","contentUrl":"https:\/\/castillodecanena.com\/wp-content\/uploads\/2021\/08\/logo_castillo-de-canena_small.webp","width":250,"height":174,"caption":"Castillo de Canena"},"image":{"@id":"https:\/\/www.castillodecanena.com\/de\/#\/schema\/logo\/image\/"},"sameAs":["https:\/\/www.facebook.com\/Castillo.de.Canena","https:\/\/x.com\/CastillodCanena","https:\/\/www.instagram.com\/castillodecanena\/","https:\/\/www.linkedin.com\/company\/castillo-de-canena-olive-juice","https:\/\/www.pinterest.es\/castillodcanena\/","https:\/\/www.youtube.com\/channel\/UCL64xPwm_9Atq2y1JxmwnxQ","https:\/\/es.wikipedia.org\/wiki\/Castillo_de_Canena_(empresa)"]}]}},"_links":{"self":[{"href":"https:\/\/www.castillodecanena.com\/de\/wp-json\/wp\/v2\/pages\/36626","targetHints":{"allow":["GET"]}}],"collection":[{"href":"https:\/\/www.castillodecanena.com\/de\/wp-json\/wp\/v2\/pages"}],"about":[{"href":"https:\/\/www.castillodecanena.com\/de\/wp-json\/wp\/v2\/types\/page"}],"author":[{"embeddable":true,"href":"https:\/\/www.castillodecanena.com\/de\/wp-json\/wp\/v2\/users\/2"}],"replies":[{"embeddable":true,"href":"https:\/\/www.castillodecanena.com\/de\/wp-json\/wp\/v2\/comments?post=36626"}],"version-history":[{"count":0,"href":"https:\/\/www.castillodecanena.com\/de\/wp-json\/wp\/v2\/pages\/36626\/revisions"}],"wp:attachment":[{"href":"https:\/\/www.castillodecanena.com\/de\/wp-json\/wp\/v2\/media?parent=36626"}],"curies":[{"name":"wp","href":"https:\/\/api.w.org\/{rel}","templated":true}]}}