{"id":28396,"date":"2022-04-11T22:00:28","date_gmt":"2022-04-11T22:00:28","guid":{"rendered":"https:\/\/dev-castillo-de-canena.pantheonsite.io\/producto\/picual-okologisch-biodynamisch\/"},"modified":"2023-11-27T00:00:11","modified_gmt":"2023-11-27T00:00:11","slug":"picual-okologisch-biodynamisch","status":"publish","type":"product","link":"https:\/\/www.castillodecanena.com\/de\/producto\/picual-okologisch-biodynamisch\/","title":{"rendered":"Picual \u00d6kologisch-Biodynamisch"},"content":{"rendered":"<p>Treu unserer <strong>Verpflichtung gegen\u00fcber der Umwelt<\/strong> sind wir mit der <strong>biodynamischen Landwirtschaft<\/strong> noch einen Schritt weiter zum \u00f6kologischen Anbau gegangen und geben dem Boden mehr zur\u00fcck als wir von ihm erhalten haben. Dies ist der Ursprung des Biodynamischen \u00d6ls Picual, ein Natives Oliven\u00f6l Extra, das nach h\u00f6chsten \u00f6kologischen Standards erzeugt wird und sich mit viel Charakter, guter Persistenz und Harmonie pr\u00e4sentiert \u2013 perfekt f\u00fcr den anspruchsvollen Verbraucher.<\/p>\n<p>&nbsp;<\/p>\n<p>Die biodynamische Landwirtschaft, auf der die Produktion dieses balsamischen Oliven\u00f6ls basiert, sucht die Harmonie und Zusammenf\u00fchrung verschiedener Kr\u00e4fte, die in der Natur herrschen: Die Ausgewogenheit zwischen B\u00f6den, B\u00e4umen, Tieren und dem Menschen im Terrain. Bei unserer Landwirtschaft wenden wir dieselben Verfahren an wie schon die alten R\u00f6mer, wir respektieren die kosmischen Rhythmen f\u00fcr den Kalender unserer verschiedenen Arbeiten und nutzen die vorteilhaftesten Tage f\u00fcr Baumschnitt, Bew\u00e4sserung, Kompostieren und Olivenernte. Dieser ganzheitliche Ansatz beschert uns ein \u00d6l f\u00fcr alle, die auf der Suche nach einem <strong>gesunden Lebensstil<\/strong> sind, denn es ist viel <strong>nahrhafter<\/strong>, beinhaltet <strong>mehr Antioxidantien<\/strong> und seine Erzeugung steht im Einklang mit einem respektvollen Umgang mit unserer Umwelt.<\/p>\n<p>&nbsp;<\/p>\n<h6>BESCHREIBUNG<\/h6>\n<p>Ein sorgf\u00e4ltig ausgew\u00e4hltes Design, dessen Farbe und Textur den Verbraucher auf eine Reise zu unseren Urspr\u00fcngen schickt, dorthin, wo unsere B\u00e4ume wachsen.<\/p>\n<p>&nbsp;<\/p>\n<p>Nuancen von Tomaten, Tomatenkraut und frisch geschnittenen Kr\u00e4utern verbinden sich in sanft-gr\u00fcnen fruchtigen T\u00f6nen zu einer mittelkr\u00e4ftigen bitteren und pikanten Note, die an der Zungenspitze leicht an Pfeffer erinnert.<\/p>\n<p>&nbsp;<\/p>\n<h6>ZUS\u00c4TZLICHE INFORMATION<\/h6>\n<p>Unser Produkt tr\u00e4gt das Zertifikat von Demeter. Damit wird garantiert, dass wir alle entsprechenden Anforderungen der biodynamischen Landwirtschaft erf\u00fcllen.<\/p>\n<p>&nbsp;<\/p>\n<p><span style=\"text-decoration: underline;\">Anwendungsvorschl\u00e4ge<\/span>: Dieses \u00d6l eignet sich perfekt f\u00fcr Tartar, K\u00e4se, Meeresfr\u00fcchte, Gem\u00fcsecremes, Toasts und Fleischgerichte.<\/p>\n<p>&nbsp;<\/p>\n<p>Bitte k\u00fchl und gesch\u00fctzt vor Licht und W\u00e4rme aufbewahren.<\/p>\n","protected":false},"excerpt":{"rendered":"<p>Die biologisch-dynamische Landwirtschaft ist ein Fortschritt gegen\u00fcber der \u00d6KOLOGISCHEN Anbaumethode. Es basiert auf der Harmonisierung zwischen den verschiedenen Kr\u00e4ften, die die Natur regieren: Jahreszeiten, atmosph\u00e4rische Ph\u00e4nomene, Mondzyklen, Position der Sternbilder im Kosmos. Die biologisch-dynamische Landwirtschaft sucht das ganzheitliche Gleichgewicht zwischen dem Boden, den B\u00e4umen, den Tieren und dem Menschen.<\/p>\n","protected":false},"featured_media":50587,"template":"","meta":{"_acf_changed":false,"wprm-recipe-roundup-name":"","wprm-recipe-roundup-description":""},"product_cat":[3070,3068],"product_tag":[],"class_list":{"0":"post-28396","1":"product","2":"type-product","3":"status-publish","4":"has-post-thumbnail","6":"product_cat-biodynamisch","7":"product_cat-natives-olivenol-extra","9":"first","10":"instock","11":"purchasable","12":"product-type-simple"},"acf":[],"yoast_head":"<!-- This site is optimized with the Yoast SEO plugin v25.6 - https:\/\/yoast.com\/wordpress\/plugins\/seo\/ -->\n<title>Picual \u00d6kologisch-Biodynamisch - Castillo de Canena<\/title>\n<meta name=\"description\" content=\"Ein \u00f6kologisches Balsam-Oliven\u00f6l aus biodynamischer Landwirtschaft - perfekt f\u00fcr alle, die sich f\u00fcr eine gesunde Ern\u00e4hrung entscheiden.\" \/>\n<meta name=\"robots\" content=\"index, follow, max-snippet:-1, max-image-preview:large, max-video-preview:-1\" \/>\n<link rel=\"canonical\" href=\"https:\/\/www.castillodecanena.com\/de\/producto\/picual-okologisch-biodynamisch\/\" \/>\n<meta property=\"og:locale\" content=\"de_DE\" \/>\n<meta property=\"og:type\" content=\"article\" \/>\n<meta property=\"og:title\" content=\"Picual \u00d6kologisch-Biodynamisch - Castillo de Canena\" \/>\n<meta property=\"og:description\" content=\"Ein \u00f6kologisches Balsam-Oliven\u00f6l aus biodynamischer Landwirtschaft - perfekt f\u00fcr alle, die sich f\u00fcr eine gesunde Ern\u00e4hrung entscheiden.\" \/>\n<meta property=\"og:url\" content=\"https:\/\/www.castillodecanena.com\/de\/producto\/picual-okologisch-biodynamisch\/\" \/>\n<meta property=\"og:site_name\" content=\"Castillo de Canena\" \/>\n<meta property=\"article:publisher\" content=\"https:\/\/www.facebook.com\/Castillo.de.Canena\" \/>\n<meta property=\"article:modified_time\" content=\"2023-11-27T00:00:11+00:00\" \/>\n<meta property=\"og:image\" content=\"https:\/\/www.castillodecanena.com\/wp-content\/uploads\/2022\/04\/biodinamico-picual.jpg\" \/>\n\t<meta property=\"og:image:width\" content=\"500\" \/>\n\t<meta property=\"og:image:height\" content=\"500\" \/>\n\t<meta property=\"og:image:type\" content=\"image\/jpeg\" \/>\n<meta name=\"twitter:card\" content=\"summary_large_image\" \/>\n<meta name=\"twitter:site\" content=\"@CastillodCanena\" \/>\n<script type=\"application\/ld+json\" class=\"yoast-schema-graph\">{\"@context\":\"https:\/\/schema.org\",\"@graph\":[{\"@type\":[\"WebPage\",\"ItemPage\"],\"@id\":\"https:\/\/www.castillodecanena.com\/de\/producto\/picual-okologisch-biodynamisch\/\",\"url\":\"https:\/\/www.castillodecanena.com\/de\/producto\/picual-okologisch-biodynamisch\/\",\"name\":\"Picual \u00d6kologisch-Biodynamisch - Castillo de Canena\",\"isPartOf\":{\"@id\":\"https:\/\/www.castillodecanena.com\/de\/#website\"},\"primaryImageOfPage\":{\"@id\":\"https:\/\/www.castillodecanena.com\/de\/producto\/picual-okologisch-biodynamisch\/#primaryimage\"},\"image\":{\"@id\":\"https:\/\/www.castillodecanena.com\/de\/producto\/picual-okologisch-biodynamisch\/#primaryimage\"},\"thumbnailUrl\":\"https:\/\/www.castillodecanena.com\/wp-content\/uploads\/2022\/04\/BIO.web_Mesa-de-trabajo-esp-1.jpg\",\"datePublished\":\"2022-04-11T22:00:28+00:00\",\"dateModified\":\"2023-11-27T00:00:11+00:00\",\"description\":\"Ein \u00f6kologisches Balsam-Oliven\u00f6l aus biodynamischer Landwirtschaft - perfekt f\u00fcr alle, die sich f\u00fcr eine gesunde Ern\u00e4hrung entscheiden.\",\"breadcrumb\":{\"@id\":\"https:\/\/www.castillodecanena.com\/de\/producto\/picual-okologisch-biodynamisch\/#breadcrumb\"},\"inLanguage\":\"de\",\"potentialAction\":[{\"@type\":\"ReadAction\",\"target\":[\"https:\/\/www.castillodecanena.com\/de\/producto\/picual-okologisch-biodynamisch\/\"]}]},{\"@type\":\"ImageObject\",\"inLanguage\":\"de\",\"@id\":\"https:\/\/www.castillodecanena.com\/de\/producto\/picual-okologisch-biodynamisch\/#primaryimage\",\"url\":\"https:\/\/www.castillodecanena.com\/wp-content\/uploads\/2022\/04\/BIO.web_Mesa-de-trabajo-esp-1.jpg\",\"contentUrl\":\"https:\/\/www.castillodecanena.com\/wp-content\/uploads\/2022\/04\/BIO.web_Mesa-de-trabajo-esp-1.jpg\",\"width\":1600,\"height\":1600},{\"@type\":\"BreadcrumbList\",\"@id\":\"https:\/\/www.castillodecanena.com\/de\/producto\/picual-okologisch-biodynamisch\/#breadcrumb\",\"itemListElement\":[{\"@type\":\"ListItem\",\"position\":1,\"name\":\"Home\",\"item\":\"https:\/\/www.castillodecanena.com\/de\/\"},{\"@type\":\"ListItem\",\"position\":2,\"name\":\"Gesch\u00e4ft\",\"item\":\"https:\/\/www.castillodecanena.com\/de\/geschaft\/\"},{\"@type\":\"ListItem\",\"position\":3,\"name\":\"Picual \u00d6kologisch-Biodynamisch\"}]},{\"@type\":\"WebSite\",\"@id\":\"https:\/\/www.castillodecanena.com\/de\/#website\",\"url\":\"https:\/\/www.castillodecanena.com\/de\/\",\"name\":\"Castillo de Canena\",\"description\":\"Aceites de Oliva virgen extra Premium\",\"publisher\":{\"@id\":\"https:\/\/www.castillodecanena.com\/de\/#organization\"},\"potentialAction\":[{\"@type\":\"SearchAction\",\"target\":{\"@type\":\"EntryPoint\",\"urlTemplate\":\"https:\/\/www.castillodecanena.com\/de\/?s={search_term_string}\"},\"query-input\":{\"@type\":\"PropertyValueSpecification\",\"valueRequired\":true,\"valueName\":\"search_term_string\"}}],\"inLanguage\":\"de\"},{\"@type\":\"Organization\",\"@id\":\"https:\/\/www.castillodecanena.com\/de\/#organization\",\"name\":\"Castillo de Canena\",\"url\":\"https:\/\/www.castillodecanena.com\/de\/\",\"logo\":{\"@type\":\"ImageObject\",\"inLanguage\":\"de\",\"@id\":\"https:\/\/www.castillodecanena.com\/de\/#\/schema\/logo\/image\/\",\"url\":\"https:\/\/castillodecanena.com\/wp-content\/uploads\/2021\/08\/logo_castillo-de-canena_small.webp\",\"contentUrl\":\"https:\/\/castillodecanena.com\/wp-content\/uploads\/2021\/08\/logo_castillo-de-canena_small.webp\",\"width\":250,\"height\":174,\"caption\":\"Castillo de Canena\"},\"image\":{\"@id\":\"https:\/\/www.castillodecanena.com\/de\/#\/schema\/logo\/image\/\"},\"sameAs\":[\"https:\/\/www.facebook.com\/Castillo.de.Canena\",\"https:\/\/x.com\/CastillodCanena\",\"https:\/\/www.instagram.com\/castillodecanena\/\",\"https:\/\/www.linkedin.com\/company\/castillo-de-canena-olive-juice\",\"https:\/\/www.pinterest.es\/castillodcanena\/\",\"https:\/\/www.youtube.com\/channel\/UCL64xPwm_9Atq2y1JxmwnxQ\",\"https:\/\/es.wikipedia.org\/wiki\/Castillo_de_Canena_(empresa)\"]}]}<\/script>\n<!-- \/ Yoast SEO plugin. -->","yoast_head_json":{"title":"Picual \u00d6kologisch-Biodynamisch - Castillo de Canena","description":"Ein \u00f6kologisches Balsam-Oliven\u00f6l aus biodynamischer Landwirtschaft - perfekt f\u00fcr alle, die sich f\u00fcr eine gesunde Ern\u00e4hrung entscheiden.","robots":{"index":"index","follow":"follow","max-snippet":"max-snippet:-1","max-image-preview":"max-image-preview:large","max-video-preview":"max-video-preview:-1"},"canonical":"https:\/\/www.castillodecanena.com\/de\/producto\/picual-okologisch-biodynamisch\/","og_locale":"de_DE","og_type":"article","og_title":"Picual \u00d6kologisch-Biodynamisch - Castillo de Canena","og_description":"Ein \u00f6kologisches Balsam-Oliven\u00f6l aus biodynamischer Landwirtschaft - perfekt f\u00fcr alle, die sich f\u00fcr eine gesunde Ern\u00e4hrung entscheiden.","og_url":"https:\/\/www.castillodecanena.com\/de\/producto\/picual-okologisch-biodynamisch\/","og_site_name":"Castillo de Canena","article_publisher":"https:\/\/www.facebook.com\/Castillo.de.Canena","article_modified_time":"2023-11-27T00:00:11+00:00","og_image":[{"width":500,"height":500,"url":"https:\/\/www.castillodecanena.com\/wp-content\/uploads\/2022\/04\/biodinamico-picual.jpg","type":"image\/jpeg"}],"twitter_card":"summary_large_image","twitter_site":"@CastillodCanena","schema":{"@context":"https:\/\/schema.org","@graph":[{"@type":["WebPage","ItemPage"],"@id":"https:\/\/www.castillodecanena.com\/de\/producto\/picual-okologisch-biodynamisch\/","url":"https:\/\/www.castillodecanena.com\/de\/producto\/picual-okologisch-biodynamisch\/","name":"Picual \u00d6kologisch-Biodynamisch - Castillo de Canena","isPartOf":{"@id":"https:\/\/www.castillodecanena.com\/de\/#website"},"primaryImageOfPage":{"@id":"https:\/\/www.castillodecanena.com\/de\/producto\/picual-okologisch-biodynamisch\/#primaryimage"},"image":{"@id":"https:\/\/www.castillodecanena.com\/de\/producto\/picual-okologisch-biodynamisch\/#primaryimage"},"thumbnailUrl":"https:\/\/www.castillodecanena.com\/wp-content\/uploads\/2022\/04\/BIO.web_Mesa-de-trabajo-esp-1.jpg","datePublished":"2022-04-11T22:00:28+00:00","dateModified":"2023-11-27T00:00:11+00:00","description":"Ein \u00f6kologisches Balsam-Oliven\u00f6l aus biodynamischer Landwirtschaft - perfekt f\u00fcr alle, die sich f\u00fcr eine gesunde Ern\u00e4hrung entscheiden.","breadcrumb":{"@id":"https:\/\/www.castillodecanena.com\/de\/producto\/picual-okologisch-biodynamisch\/#breadcrumb"},"inLanguage":"de","potentialAction":[{"@type":"ReadAction","target":["https:\/\/www.castillodecanena.com\/de\/producto\/picual-okologisch-biodynamisch\/"]}]},{"@type":"ImageObject","inLanguage":"de","@id":"https:\/\/www.castillodecanena.com\/de\/producto\/picual-okologisch-biodynamisch\/#primaryimage","url":"https:\/\/www.castillodecanena.com\/wp-content\/uploads\/2022\/04\/BIO.web_Mesa-de-trabajo-esp-1.jpg","contentUrl":"https:\/\/www.castillodecanena.com\/wp-content\/uploads\/2022\/04\/BIO.web_Mesa-de-trabajo-esp-1.jpg","width":1600,"height":1600},{"@type":"BreadcrumbList","@id":"https:\/\/www.castillodecanena.com\/de\/producto\/picual-okologisch-biodynamisch\/#breadcrumb","itemListElement":[{"@type":"ListItem","position":1,"name":"Home","item":"https:\/\/www.castillodecanena.com\/de\/"},{"@type":"ListItem","position":2,"name":"Gesch\u00e4ft","item":"https:\/\/www.castillodecanena.com\/de\/geschaft\/"},{"@type":"ListItem","position":3,"name":"Picual \u00d6kologisch-Biodynamisch"}]},{"@type":"WebSite","@id":"https:\/\/www.castillodecanena.com\/de\/#website","url":"https:\/\/www.castillodecanena.com\/de\/","name":"Castillo de Canena","description":"Aceites de Oliva virgen extra Premium","publisher":{"@id":"https:\/\/www.castillodecanena.com\/de\/#organization"},"potentialAction":[{"@type":"SearchAction","target":{"@type":"EntryPoint","urlTemplate":"https:\/\/www.castillodecanena.com\/de\/?s={search_term_string}"},"query-input":{"@type":"PropertyValueSpecification","valueRequired":true,"valueName":"search_term_string"}}],"inLanguage":"de"},{"@type":"Organization","@id":"https:\/\/www.castillodecanena.com\/de\/#organization","name":"Castillo de Canena","url":"https:\/\/www.castillodecanena.com\/de\/","logo":{"@type":"ImageObject","inLanguage":"de","@id":"https:\/\/www.castillodecanena.com\/de\/#\/schema\/logo\/image\/","url":"https:\/\/castillodecanena.com\/wp-content\/uploads\/2021\/08\/logo_castillo-de-canena_small.webp","contentUrl":"https:\/\/castillodecanena.com\/wp-content\/uploads\/2021\/08\/logo_castillo-de-canena_small.webp","width":250,"height":174,"caption":"Castillo de Canena"},"image":{"@id":"https:\/\/www.castillodecanena.com\/de\/#\/schema\/logo\/image\/"},"sameAs":["https:\/\/www.facebook.com\/Castillo.de.Canena","https:\/\/x.com\/CastillodCanena","https:\/\/www.instagram.com\/castillodecanena\/","https:\/\/www.linkedin.com\/company\/castillo-de-canena-olive-juice","https:\/\/www.pinterest.es\/castillodcanena\/","https:\/\/www.youtube.com\/channel\/UCL64xPwm_9Atq2y1JxmwnxQ","https:\/\/es.wikipedia.org\/wiki\/Castillo_de_Canena_(empresa)"]}]}},"_links":{"self":[{"href":"https:\/\/www.castillodecanena.com\/de\/wp-json\/wp\/v2\/product\/28396","targetHints":{"allow":["GET"]}}],"collection":[{"href":"https:\/\/www.castillodecanena.com\/de\/wp-json\/wp\/v2\/product"}],"about":[{"href":"https:\/\/www.castillodecanena.com\/de\/wp-json\/wp\/v2\/types\/product"}],"wp:featuredmedia":[{"embeddable":true,"href":"https:\/\/www.castillodecanena.com\/de\/wp-json\/wp\/v2\/media\/50587"}],"wp:attachment":[{"href":"https:\/\/www.castillodecanena.com\/de\/wp-json\/wp\/v2\/media?parent=28396"}],"wp:term":[{"taxonomy":"product_cat","embeddable":true,"href":"https:\/\/www.castillodecanena.com\/de\/wp-json\/wp\/v2\/product_cat?post=28396"},{"taxonomy":"product_tag","embeddable":true,"href":"https:\/\/www.castillodecanena.com\/de\/wp-json\/wp\/v2\/product_tag?post=28396"}],"curies":[{"name":"wp","href":"https:\/\/api.w.org\/{rel}","templated":true}]}}