{"id":28399,"date":"2022-04-11T22:00:28","date_gmt":"2022-04-11T22:00:28","guid":{"rendered":"https:\/\/dev-castillo-de-canena.pantheonsite.io\/producto\/arbequina-okologisch-biodynamisch\/"},"modified":"2023-11-27T00:00:12","modified_gmt":"2023-11-27T00:00:12","slug":"arbequina-okologisch-biodynamisch","status":"publish","type":"product","link":"https:\/\/www.castillodecanena.com\/de\/producto\/arbequina-okologisch-biodynamisch\/","title":{"rendered":"Arbequina \u00d6kologisch-Biodynamisch"},"content":{"rendered":"<p>Dieses \u00f6kologische Native Oliven\u00f6l Extra wird gem\u00e4\u00df der h\u00f6chsten Standards der <strong>biodynamischen Landwirtschaft<\/strong> erzeugt. Bei diesem Verfahren wird die Harmonie und Ausgewogenheit zwischen den unterschiedlichen Kr\u00e4ften der Natur gesucht, um die vorteilhafteste Zeit f\u00fcr Baumschnitt, Bew\u00e4sserung, S\u00e4en oder Ernte festzulegen. Eine perfekte Ausgewogenheit zwischen B\u00f6den, B\u00e4umen, Tieren und dem Menschen in einem nachhaltigen und ganzheitlichen Kreislauf, der sich auf nat\u00fcrliche Weise immer wieder erneuert wird.<\/p>\n<p>&nbsp;<\/p>\n<p>So entsteht das Biodynamische \u00d6l Arbequina, kreiert f\u00fcr alle, die auf der Suche nach einem <strong>gesunden Lebensstil<\/strong> sind, denn es ist viel <strong>nahrhafter und beinhaltet mehr Antioxidantien<\/strong> und ist au\u00dferdem nachhaltig und \u00f6kologisch. Ein frisches und ausdrucksstarkes \u00d6l, das sich durch seine Kr\u00e4uternote hervorhebt.<\/p>\n<p>&nbsp;<\/p>\n<h6>BESCHREIBUNG<\/h6>\n<p>Ein sorgf\u00e4ltig ausgew\u00e4hltes Design, dessen Farbe und Textur den Verbraucher auf eine Reise zu unseren Urspr\u00fcngen schickt, dorthin, wo unsere B\u00e4ume wachsen.<\/p>\n<p>&nbsp;<\/p>\n<p>Geschmacksnoten: Gr\u00fcner Apfel, Alloza, frisch geschnittene Kr\u00e4uter und Walnussschale. Es handelt sich um ein frisches, lebhaftes und ausdrucksstarkes Natives Oliven\u00f6l Extra Arbequina, mit einer feinen Kr\u00e4uternote und sanft im Mund, gefolgt von einem raschen bitteren, aber nicht intensiven Erlebnis und einer pikanten Steigerung, die auf der Zungenspitze endet. Der Nachgeschmack am Ende erinnert an Trockenfr\u00fcchte.<\/p>\n<p>&nbsp;<\/p>\n<h6>ZUS\u00c4TZLICHE INFORMATION<\/h6>\n<p>Unser Produkt tr\u00e4gt das Zertifikat von Demeter. Damit wird garantiert, dass wir alle entsprechenden Anforderungen der biodynamischen Landwirtschaft erf\u00fcllen.<\/p>\n<p>Anwendungsvorschl\u00e4ge: Besonders geeignet f\u00fcr Salatdressings, gebratenes Gem\u00fcse, Gem\u00fcsecremes, Frischk\u00e4se, Wei\u00dffische und Gefl\u00fcgel.<\/p>\n<p>Bitte k\u00fchl und gesch\u00fctzt vor Licht und W\u00e4rme aufbewahren.<\/p>\n","protected":false},"excerpt":{"rendered":"<p>Die biologisch-dynamische Landwirtschaft ist ein Fortschritt gegen\u00fcber der \u00d6KOLOGISCHEN Anbaumethode. Es basiert auf der Harmonisierung zwischen den verschiedenen Kr\u00e4ften, die die Natur regieren: Jahreszeiten, atmosph\u00e4rische Ph\u00e4nomene, Mondzyklen, Position der Sternbilder im Kosmos. Die biologisch-dynamische Landwirtschaft sucht das ganzheitliche Gleichgewicht zwischen dem Boden, den B\u00e4umen, den Tieren und dem Menschen.<\/p>\n","protected":false},"featured_media":50580,"template":"","meta":{"_acf_changed":false,"wprm-recipe-roundup-name":"","wprm-recipe-roundup-description":""},"product_cat":[3070,3068],"product_tag":[],"class_list":{"0":"post-28399","1":"product","2":"type-product","3":"status-publish","4":"has-post-thumbnail","6":"product_cat-biodynamisch","7":"product_cat-natives-olivenol-extra","9":"first","10":"instock","11":"purchasable","12":"product-type-simple"},"acf":[],"yoast_head":"<!-- This site is optimized with the Yoast SEO plugin v25.6 - https:\/\/yoast.com\/wordpress\/plugins\/seo\/ -->\n<title>Arbequina \u00d6kologisch-Biodynamisch - Castillo de Canena<\/title>\n<meta name=\"description\" content=\"Natives Oliven\u00f6l Extra, \u00f6kologisch und biodynamisch Arbequina - perfekt f\u00fcr alle, die auf ihre Gesundheit achten. Frisch und ausdrucksstark, reich an Antioxidantien.\" \/>\n<meta name=\"robots\" content=\"index, follow, max-snippet:-1, max-image-preview:large, max-video-preview:-1\" \/>\n<link rel=\"canonical\" href=\"https:\/\/www.castillodecanena.com\/de\/producto\/arbequina-okologisch-biodynamisch\/\" \/>\n<meta property=\"og:locale\" content=\"de_DE\" \/>\n<meta property=\"og:type\" content=\"article\" \/>\n<meta property=\"og:title\" content=\"Arbequina \u00d6kologisch-Biodynamisch - Castillo de Canena\" \/>\n<meta property=\"og:description\" content=\"Natives Oliven\u00f6l Extra, \u00f6kologisch und biodynamisch Arbequina - perfekt f\u00fcr alle, die auf ihre Gesundheit achten. Frisch und ausdrucksstark, reich an Antioxidantien.\" \/>\n<meta property=\"og:url\" content=\"https:\/\/www.castillodecanena.com\/de\/producto\/arbequina-okologisch-biodynamisch\/\" \/>\n<meta property=\"og:site_name\" content=\"Castillo de Canena\" \/>\n<meta property=\"article:publisher\" content=\"https:\/\/www.facebook.com\/Castillo.de.Canena\" \/>\n<meta property=\"article:modified_time\" content=\"2023-11-27T00:00:12+00:00\" \/>\n<meta property=\"og:image\" content=\"https:\/\/www.castillodecanena.com\/wp-content\/uploads\/2022\/04\/biodinamico-arbequina.jpg\" \/>\n\t<meta property=\"og:image:width\" content=\"500\" \/>\n\t<meta property=\"og:image:height\" content=\"500\" \/>\n\t<meta property=\"og:image:type\" content=\"image\/jpeg\" \/>\n<meta name=\"twitter:card\" content=\"summary_large_image\" \/>\n<meta name=\"twitter:site\" content=\"@CastillodCanena\" \/>\n<script type=\"application\/ld+json\" class=\"yoast-schema-graph\">{\"@context\":\"https:\/\/schema.org\",\"@graph\":[{\"@type\":[\"WebPage\",\"ItemPage\"],\"@id\":\"https:\/\/www.castillodecanena.com\/de\/producto\/arbequina-okologisch-biodynamisch\/\",\"url\":\"https:\/\/www.castillodecanena.com\/de\/producto\/arbequina-okologisch-biodynamisch\/\",\"name\":\"Arbequina \u00d6kologisch-Biodynamisch - Castillo de Canena\",\"isPartOf\":{\"@id\":\"https:\/\/www.castillodecanena.com\/de\/#website\"},\"primaryImageOfPage\":{\"@id\":\"https:\/\/www.castillodecanena.com\/de\/producto\/arbequina-okologisch-biodynamisch\/#primaryimage\"},\"image\":{\"@id\":\"https:\/\/www.castillodecanena.com\/de\/producto\/arbequina-okologisch-biodynamisch\/#primaryimage\"},\"thumbnailUrl\":\"https:\/\/www.castillodecanena.com\/wp-content\/uploads\/2022\/04\/BIO.web_Mesa-de-trabajo-1-copia-esp-1.jpg\",\"datePublished\":\"2022-04-11T22:00:28+00:00\",\"dateModified\":\"2023-11-27T00:00:12+00:00\",\"description\":\"Natives Oliven\u00f6l Extra, \u00f6kologisch und biodynamisch Arbequina - perfekt f\u00fcr alle, die auf ihre Gesundheit achten. Frisch und ausdrucksstark, reich an Antioxidantien.\",\"breadcrumb\":{\"@id\":\"https:\/\/www.castillodecanena.com\/de\/producto\/arbequina-okologisch-biodynamisch\/#breadcrumb\"},\"inLanguage\":\"de\",\"potentialAction\":[{\"@type\":\"ReadAction\",\"target\":[\"https:\/\/www.castillodecanena.com\/de\/producto\/arbequina-okologisch-biodynamisch\/\"]}]},{\"@type\":\"ImageObject\",\"inLanguage\":\"de\",\"@id\":\"https:\/\/www.castillodecanena.com\/de\/producto\/arbequina-okologisch-biodynamisch\/#primaryimage\",\"url\":\"https:\/\/www.castillodecanena.com\/wp-content\/uploads\/2022\/04\/BIO.web_Mesa-de-trabajo-1-copia-esp-1.jpg\",\"contentUrl\":\"https:\/\/www.castillodecanena.com\/wp-content\/uploads\/2022\/04\/BIO.web_Mesa-de-trabajo-1-copia-esp-1.jpg\",\"width\":1600,\"height\":1600},{\"@type\":\"BreadcrumbList\",\"@id\":\"https:\/\/www.castillodecanena.com\/de\/producto\/arbequina-okologisch-biodynamisch\/#breadcrumb\",\"itemListElement\":[{\"@type\":\"ListItem\",\"position\":1,\"name\":\"Home\",\"item\":\"https:\/\/www.castillodecanena.com\/de\/\"},{\"@type\":\"ListItem\",\"position\":2,\"name\":\"Gesch\u00e4ft\",\"item\":\"https:\/\/www.castillodecanena.com\/de\/geschaft\/\"},{\"@type\":\"ListItem\",\"position\":3,\"name\":\"Arbequina \u00d6kologisch-Biodynamisch\"}]},{\"@type\":\"WebSite\",\"@id\":\"https:\/\/www.castillodecanena.com\/de\/#website\",\"url\":\"https:\/\/www.castillodecanena.com\/de\/\",\"name\":\"Castillo de Canena\",\"description\":\"Aceites de Oliva virgen extra Premium\",\"publisher\":{\"@id\":\"https:\/\/www.castillodecanena.com\/de\/#organization\"},\"potentialAction\":[{\"@type\":\"SearchAction\",\"target\":{\"@type\":\"EntryPoint\",\"urlTemplate\":\"https:\/\/www.castillodecanena.com\/de\/?s={search_term_string}\"},\"query-input\":{\"@type\":\"PropertyValueSpecification\",\"valueRequired\":true,\"valueName\":\"search_term_string\"}}],\"inLanguage\":\"de\"},{\"@type\":\"Organization\",\"@id\":\"https:\/\/www.castillodecanena.com\/de\/#organization\",\"name\":\"Castillo de Canena\",\"url\":\"https:\/\/www.castillodecanena.com\/de\/\",\"logo\":{\"@type\":\"ImageObject\",\"inLanguage\":\"de\",\"@id\":\"https:\/\/www.castillodecanena.com\/de\/#\/schema\/logo\/image\/\",\"url\":\"https:\/\/castillodecanena.com\/wp-content\/uploads\/2021\/08\/logo_castillo-de-canena_small.webp\",\"contentUrl\":\"https:\/\/castillodecanena.com\/wp-content\/uploads\/2021\/08\/logo_castillo-de-canena_small.webp\",\"width\":250,\"height\":174,\"caption\":\"Castillo de Canena\"},\"image\":{\"@id\":\"https:\/\/www.castillodecanena.com\/de\/#\/schema\/logo\/image\/\"},\"sameAs\":[\"https:\/\/www.facebook.com\/Castillo.de.Canena\",\"https:\/\/x.com\/CastillodCanena\",\"https:\/\/www.instagram.com\/castillodecanena\/\",\"https:\/\/www.linkedin.com\/company\/castillo-de-canena-olive-juice\",\"https:\/\/www.pinterest.es\/castillodcanena\/\",\"https:\/\/www.youtube.com\/channel\/UCL64xPwm_9Atq2y1JxmwnxQ\",\"https:\/\/es.wikipedia.org\/wiki\/Castillo_de_Canena_(empresa)\"]}]}<\/script>\n<!-- \/ Yoast SEO plugin. -->","yoast_head_json":{"title":"Arbequina \u00d6kologisch-Biodynamisch - Castillo de Canena","description":"Natives Oliven\u00f6l Extra, \u00f6kologisch und biodynamisch Arbequina - perfekt f\u00fcr alle, die auf ihre Gesundheit achten. Frisch und ausdrucksstark, reich an Antioxidantien.","robots":{"index":"index","follow":"follow","max-snippet":"max-snippet:-1","max-image-preview":"max-image-preview:large","max-video-preview":"max-video-preview:-1"},"canonical":"https:\/\/www.castillodecanena.com\/de\/producto\/arbequina-okologisch-biodynamisch\/","og_locale":"de_DE","og_type":"article","og_title":"Arbequina \u00d6kologisch-Biodynamisch - Castillo de Canena","og_description":"Natives Oliven\u00f6l Extra, \u00f6kologisch und biodynamisch Arbequina - perfekt f\u00fcr alle, die auf ihre Gesundheit achten. Frisch und ausdrucksstark, reich an Antioxidantien.","og_url":"https:\/\/www.castillodecanena.com\/de\/producto\/arbequina-okologisch-biodynamisch\/","og_site_name":"Castillo de Canena","article_publisher":"https:\/\/www.facebook.com\/Castillo.de.Canena","article_modified_time":"2023-11-27T00:00:12+00:00","og_image":[{"width":500,"height":500,"url":"https:\/\/www.castillodecanena.com\/wp-content\/uploads\/2022\/04\/biodinamico-arbequina.jpg","type":"image\/jpeg"}],"twitter_card":"summary_large_image","twitter_site":"@CastillodCanena","schema":{"@context":"https:\/\/schema.org","@graph":[{"@type":["WebPage","ItemPage"],"@id":"https:\/\/www.castillodecanena.com\/de\/producto\/arbequina-okologisch-biodynamisch\/","url":"https:\/\/www.castillodecanena.com\/de\/producto\/arbequina-okologisch-biodynamisch\/","name":"Arbequina \u00d6kologisch-Biodynamisch - Castillo de Canena","isPartOf":{"@id":"https:\/\/www.castillodecanena.com\/de\/#website"},"primaryImageOfPage":{"@id":"https:\/\/www.castillodecanena.com\/de\/producto\/arbequina-okologisch-biodynamisch\/#primaryimage"},"image":{"@id":"https:\/\/www.castillodecanena.com\/de\/producto\/arbequina-okologisch-biodynamisch\/#primaryimage"},"thumbnailUrl":"https:\/\/www.castillodecanena.com\/wp-content\/uploads\/2022\/04\/BIO.web_Mesa-de-trabajo-1-copia-esp-1.jpg","datePublished":"2022-04-11T22:00:28+00:00","dateModified":"2023-11-27T00:00:12+00:00","description":"Natives Oliven\u00f6l Extra, \u00f6kologisch und biodynamisch Arbequina - perfekt f\u00fcr alle, die auf ihre Gesundheit achten. Frisch und ausdrucksstark, reich an Antioxidantien.","breadcrumb":{"@id":"https:\/\/www.castillodecanena.com\/de\/producto\/arbequina-okologisch-biodynamisch\/#breadcrumb"},"inLanguage":"de","potentialAction":[{"@type":"ReadAction","target":["https:\/\/www.castillodecanena.com\/de\/producto\/arbequina-okologisch-biodynamisch\/"]}]},{"@type":"ImageObject","inLanguage":"de","@id":"https:\/\/www.castillodecanena.com\/de\/producto\/arbequina-okologisch-biodynamisch\/#primaryimage","url":"https:\/\/www.castillodecanena.com\/wp-content\/uploads\/2022\/04\/BIO.web_Mesa-de-trabajo-1-copia-esp-1.jpg","contentUrl":"https:\/\/www.castillodecanena.com\/wp-content\/uploads\/2022\/04\/BIO.web_Mesa-de-trabajo-1-copia-esp-1.jpg","width":1600,"height":1600},{"@type":"BreadcrumbList","@id":"https:\/\/www.castillodecanena.com\/de\/producto\/arbequina-okologisch-biodynamisch\/#breadcrumb","itemListElement":[{"@type":"ListItem","position":1,"name":"Home","item":"https:\/\/www.castillodecanena.com\/de\/"},{"@type":"ListItem","position":2,"name":"Gesch\u00e4ft","item":"https:\/\/www.castillodecanena.com\/de\/geschaft\/"},{"@type":"ListItem","position":3,"name":"Arbequina \u00d6kologisch-Biodynamisch"}]},{"@type":"WebSite","@id":"https:\/\/www.castillodecanena.com\/de\/#website","url":"https:\/\/www.castillodecanena.com\/de\/","name":"Castillo de Canena","description":"Aceites de Oliva virgen extra Premium","publisher":{"@id":"https:\/\/www.castillodecanena.com\/de\/#organization"},"potentialAction":[{"@type":"SearchAction","target":{"@type":"EntryPoint","urlTemplate":"https:\/\/www.castillodecanena.com\/de\/?s={search_term_string}"},"query-input":{"@type":"PropertyValueSpecification","valueRequired":true,"valueName":"search_term_string"}}],"inLanguage":"de"},{"@type":"Organization","@id":"https:\/\/www.castillodecanena.com\/de\/#organization","name":"Castillo de Canena","url":"https:\/\/www.castillodecanena.com\/de\/","logo":{"@type":"ImageObject","inLanguage":"de","@id":"https:\/\/www.castillodecanena.com\/de\/#\/schema\/logo\/image\/","url":"https:\/\/castillodecanena.com\/wp-content\/uploads\/2021\/08\/logo_castillo-de-canena_small.webp","contentUrl":"https:\/\/castillodecanena.com\/wp-content\/uploads\/2021\/08\/logo_castillo-de-canena_small.webp","width":250,"height":174,"caption":"Castillo de Canena"},"image":{"@id":"https:\/\/www.castillodecanena.com\/de\/#\/schema\/logo\/image\/"},"sameAs":["https:\/\/www.facebook.com\/Castillo.de.Canena","https:\/\/x.com\/CastillodCanena","https:\/\/www.instagram.com\/castillodecanena\/","https:\/\/www.linkedin.com\/company\/castillo-de-canena-olive-juice","https:\/\/www.pinterest.es\/castillodcanena\/","https:\/\/www.youtube.com\/channel\/UCL64xPwm_9Atq2y1JxmwnxQ","https:\/\/es.wikipedia.org\/wiki\/Castillo_de_Canena_(empresa)"]}]}},"_links":{"self":[{"href":"https:\/\/www.castillodecanena.com\/de\/wp-json\/wp\/v2\/product\/28399","targetHints":{"allow":["GET"]}}],"collection":[{"href":"https:\/\/www.castillodecanena.com\/de\/wp-json\/wp\/v2\/product"}],"about":[{"href":"https:\/\/www.castillodecanena.com\/de\/wp-json\/wp\/v2\/types\/product"}],"wp:featuredmedia":[{"embeddable":true,"href":"https:\/\/www.castillodecanena.com\/de\/wp-json\/wp\/v2\/media\/50580"}],"wp:attachment":[{"href":"https:\/\/www.castillodecanena.com\/de\/wp-json\/wp\/v2\/media?parent=28399"}],"wp:term":[{"taxonomy":"product_cat","embeddable":true,"href":"https:\/\/www.castillodecanena.com\/de\/wp-json\/wp\/v2\/product_cat?post=28399"},{"taxonomy":"product_tag","embeddable":true,"href":"https:\/\/www.castillodecanena.com\/de\/wp-json\/wp\/v2\/product_tag?post=28399"}],"curies":[{"name":"wp","href":"https:\/\/api.w.org\/{rel}","templated":true}]}}