{"id":28406,"date":"2022-04-11T22:00:28","date_gmt":"2022-04-11T22:00:28","guid":{"rendered":"https:\/\/dev-castillo-de-canena.pantheonsite.io\/producto\/aceite-arbequino-al-humo-de-roble\/"},"modified":"2023-11-27T00:00:11","modified_gmt":"2023-11-27T00:00:11","slug":"castillo-de-canena-mit-eichenrauch","status":"publish","type":"product","link":"https:\/\/www.castillodecanena.com\/de\/producto\/castillo-de-canena-mit-eichenrauch\/","title":{"rendered":"Castillo de Canena mit Eichenrauch"},"content":{"rendered":"<p>Das \u00fcber Eichenholz ger\u00e4ucherte \u00d6l Castillo de Canena al Humo de Roble ist weltweit ein einzigartiges Produkt, bei dem der Eichenrauch sein Aroma in kaltem Zustand an das Native Oliven\u00f6l Extra Arbequina w\u00e4hrend eines unter strikten Kontrollen und Qualit\u00e4tsprotokollen stattfindenden handwerklichen Vorgangs abgibt.<\/p>\n<p>&nbsp;<\/p>\n<p>In Castillo de Canena setzen wir auf Innovation und die Qualit\u00e4t bei der Erzeugung <strong>neuer \u00d6le des 21. Jahrhunderts.<\/strong> Mit der uns auszeichnenden Sorgfalt und Vorz\u00fcglichkeit, unterst\u00fctzt von R\u00e4uchermeistern, w\u00e4hlen wir verschiedene \u00f6kologische H\u00f6lzer wie Eichenholz aus, um einen eleganten und sehr speziellen Geschmack zu erhalten.<\/p>\n<p>&nbsp;<\/p>\n<h6>BESCHREIBUNG<\/h6>\n<p>Castillo de Canena al Humo de Roble ist ein <strong>100% nat\u00fcrliches, ohne chemische Zusatzstoffe<\/strong> erzeugtes Produkt. Es enth\u00e4lt ausschlie\u00dflich Natives Oliven\u00f6l Extra Arbequina und den kalten Rauch des \u00f6kologischen Eichenholzes.<\/p>\n<p>&nbsp;<\/p>\n<p>Pr\u00e4sentiert in einer sch\u00f6nen blau-t\u00fcrkisfarbenen Flasche mit schwarzem Siebdruckdekor, \u00fcberzeugt dieses \u00d6l mit aromatischen Noten von Apfel und Mandel, warmen Karamellnuancen, Vanille und Toffee.<\/p>\n<p>&nbsp;<\/p>\n<h6>ZUS\u00c4TZLICHE INFORMATION<\/h6>\n<p><span style=\"text-decoration: underline;\">Anwendungsvorschl\u00e4ge<\/span>: Dank seines R\u00e4ucheraromas ist dieses \u00d6l ideal, um es roh bei allen Fleisch- und Fischsorten, gebratenem Gem\u00fcse, Ofen- oder Schwenkkartoffeln, frischen Teigwaren, Salatdressings oder So\u00dfenkreationen anzuwenden.<\/p>\n<p>&nbsp;<\/p>\n<p>Bitte k\u00fchl und gesch\u00fctzt vor Licht und W\u00e4rme aufbewahren.<\/p>\n","protected":false},"excerpt":{"rendered":"<p>Unser mit K\u00e4lte infundiertes Arbequino EVOO ist ein weltweit einzigartiges Produkt und wird in einem traditionellen Produktionssystem hergestellt, das den strengsten Qualit\u00e4tskontrollen und -protokollen folgt. Mit Hilfe von R\u00e4uchermeistern haben wir eine Auswahl verschiedener \u00f6kologischer H\u00f6lzer getroffen, bei denen Eiche \u00fcberwiegt. Es wird in einer 250-ml-Flasche in T\u00fcrkisblau und mit schwarzem Siebdruck geliefert. .<\/p>\n","protected":false},"featured_media":48549,"template":"","meta":{"_acf_changed":false,"wprm-recipe-roundup-name":"","wprm-recipe-roundup-description":""},"product_cat":[3073],"product_tag":[],"class_list":{"0":"post-28406","1":"product","2":"type-product","3":"status-publish","4":"has-post-thumbnail","6":"product_cat-innovatoren","8":"first","9":"instock","10":"purchasable","11":"product-type-simple"},"acf":[],"yoast_head":"<!-- This site is optimized with the Yoast SEO plugin v25.6 - https:\/\/yoast.com\/wordpress\/plugins\/seo\/ -->\n<title>Castillo de Canena mit Eichenrauch - Castillo de Canena<\/title>\n<meta name=\"description\" content=\"Weltweit einzigartig und 100% nat\u00fcrlich. So ist unser kalt \u00fcber \u00f6kologischem Eichenholz ger\u00e4uchertes Oliven\u00f6l.\" \/>\n<meta name=\"robots\" content=\"index, follow, max-snippet:-1, max-image-preview:large, max-video-preview:-1\" \/>\n<link rel=\"canonical\" href=\"https:\/\/www.castillodecanena.com\/de\/producto\/castillo-de-canena-mit-eichenrauch\/\" \/>\n<meta property=\"og:locale\" content=\"de_DE\" \/>\n<meta property=\"og:type\" content=\"article\" \/>\n<meta property=\"og:title\" content=\"Castillo de Canena mit Eichenrauch - Castillo de Canena\" \/>\n<meta property=\"og:description\" content=\"Weltweit einzigartig und 100% nat\u00fcrlich. So ist unser kalt \u00fcber \u00f6kologischem Eichenholz ger\u00e4uchertes Oliven\u00f6l.\" \/>\n<meta property=\"og:url\" content=\"https:\/\/www.castillodecanena.com\/de\/producto\/castillo-de-canena-mit-eichenrauch\/\" \/>\n<meta property=\"og:site_name\" content=\"Castillo de Canena\" \/>\n<meta property=\"article:publisher\" content=\"https:\/\/www.facebook.com\/Castillo.de.Canena\" \/>\n<meta property=\"article:modified_time\" content=\"2023-11-27T00:00:11+00:00\" \/>\n<meta property=\"og:image\" content=\"https:\/\/www.castillodecanena.com\/wp-content\/uploads\/2022\/04\/aceite-castillo-de-canena-al-humo-de-roble-250ml.jpg\" \/>\n\t<meta property=\"og:image:width\" content=\"1600\" \/>\n\t<meta property=\"og:image:height\" content=\"1600\" \/>\n\t<meta property=\"og:image:type\" content=\"image\/jpeg\" \/>\n<meta name=\"twitter:card\" content=\"summary_large_image\" \/>\n<meta name=\"twitter:site\" content=\"@CastillodCanena\" \/>\n<script type=\"application\/ld+json\" class=\"yoast-schema-graph\">{\"@context\":\"https:\/\/schema.org\",\"@graph\":[{\"@type\":[\"WebPage\",\"ItemPage\"],\"@id\":\"https:\/\/www.castillodecanena.com\/de\/producto\/castillo-de-canena-mit-eichenrauch\/\",\"url\":\"https:\/\/www.castillodecanena.com\/de\/producto\/castillo-de-canena-mit-eichenrauch\/\",\"name\":\"Castillo de Canena mit Eichenrauch - Castillo de Canena\",\"isPartOf\":{\"@id\":\"https:\/\/www.castillodecanena.com\/de\/#website\"},\"primaryImageOfPage\":{\"@id\":\"https:\/\/www.castillodecanena.com\/de\/producto\/castillo-de-canena-mit-eichenrauch\/#primaryimage\"},\"image\":{\"@id\":\"https:\/\/www.castillodecanena.com\/de\/producto\/castillo-de-canena-mit-eichenrauch\/#primaryimage\"},\"thumbnailUrl\":\"https:\/\/www.castillodecanena.com\/wp-content\/uploads\/2022\/04\/aceite-castillo-de-canena-al-humo-de-roble-250ml.jpg\",\"datePublished\":\"2022-04-11T22:00:28+00:00\",\"dateModified\":\"2023-11-27T00:00:11+00:00\",\"description\":\"Weltweit einzigartig und 100% nat\u00fcrlich. So ist unser kalt \u00fcber \u00f6kologischem Eichenholz ger\u00e4uchertes Oliven\u00f6l.\",\"breadcrumb\":{\"@id\":\"https:\/\/www.castillodecanena.com\/de\/producto\/castillo-de-canena-mit-eichenrauch\/#breadcrumb\"},\"inLanguage\":\"de\",\"potentialAction\":[{\"@type\":\"ReadAction\",\"target\":[\"https:\/\/www.castillodecanena.com\/de\/producto\/castillo-de-canena-mit-eichenrauch\/\"]}]},{\"@type\":\"ImageObject\",\"inLanguage\":\"de\",\"@id\":\"https:\/\/www.castillodecanena.com\/de\/producto\/castillo-de-canena-mit-eichenrauch\/#primaryimage\",\"url\":\"https:\/\/www.castillodecanena.com\/wp-content\/uploads\/2022\/04\/aceite-castillo-de-canena-al-humo-de-roble-250ml.jpg\",\"contentUrl\":\"https:\/\/www.castillodecanena.com\/wp-content\/uploads\/2022\/04\/aceite-castillo-de-canena-al-humo-de-roble-250ml.jpg\",\"width\":1600,\"height\":1600,\"caption\":\"Aceite al humo de roble 250ml\"},{\"@type\":\"BreadcrumbList\",\"@id\":\"https:\/\/www.castillodecanena.com\/de\/producto\/castillo-de-canena-mit-eichenrauch\/#breadcrumb\",\"itemListElement\":[{\"@type\":\"ListItem\",\"position\":1,\"name\":\"Home\",\"item\":\"https:\/\/www.castillodecanena.com\/de\/\"},{\"@type\":\"ListItem\",\"position\":2,\"name\":\"Gesch\u00e4ft\",\"item\":\"https:\/\/www.castillodecanena.com\/de\/geschaft\/\"},{\"@type\":\"ListItem\",\"position\":3,\"name\":\"Castillo de Canena mit Eichenrauch\"}]},{\"@type\":\"WebSite\",\"@id\":\"https:\/\/www.castillodecanena.com\/de\/#website\",\"url\":\"https:\/\/www.castillodecanena.com\/de\/\",\"name\":\"Castillo de Canena\",\"description\":\"Aceites de Oliva virgen extra Premium\",\"publisher\":{\"@id\":\"https:\/\/www.castillodecanena.com\/de\/#organization\"},\"potentialAction\":[{\"@type\":\"SearchAction\",\"target\":{\"@type\":\"EntryPoint\",\"urlTemplate\":\"https:\/\/www.castillodecanena.com\/de\/?s={search_term_string}\"},\"query-input\":{\"@type\":\"PropertyValueSpecification\",\"valueRequired\":true,\"valueName\":\"search_term_string\"}}],\"inLanguage\":\"de\"},{\"@type\":\"Organization\",\"@id\":\"https:\/\/www.castillodecanena.com\/de\/#organization\",\"name\":\"Castillo de Canena\",\"url\":\"https:\/\/www.castillodecanena.com\/de\/\",\"logo\":{\"@type\":\"ImageObject\",\"inLanguage\":\"de\",\"@id\":\"https:\/\/www.castillodecanena.com\/de\/#\/schema\/logo\/image\/\",\"url\":\"https:\/\/castillodecanena.com\/wp-content\/uploads\/2021\/08\/logo_castillo-de-canena_small.webp\",\"contentUrl\":\"https:\/\/castillodecanena.com\/wp-content\/uploads\/2021\/08\/logo_castillo-de-canena_small.webp\",\"width\":250,\"height\":174,\"caption\":\"Castillo de Canena\"},\"image\":{\"@id\":\"https:\/\/www.castillodecanena.com\/de\/#\/schema\/logo\/image\/\"},\"sameAs\":[\"https:\/\/www.facebook.com\/Castillo.de.Canena\",\"https:\/\/x.com\/CastillodCanena\",\"https:\/\/www.instagram.com\/castillodecanena\/\",\"https:\/\/www.linkedin.com\/company\/castillo-de-canena-olive-juice\",\"https:\/\/www.pinterest.es\/castillodcanena\/\",\"https:\/\/www.youtube.com\/channel\/UCL64xPwm_9Atq2y1JxmwnxQ\",\"https:\/\/es.wikipedia.org\/wiki\/Castillo_de_Canena_(empresa)\"]}]}<\/script>\n<!-- \/ Yoast SEO plugin. -->","yoast_head_json":{"title":"Castillo de Canena mit Eichenrauch - Castillo de Canena","description":"Weltweit einzigartig und 100% nat\u00fcrlich. So ist unser kalt \u00fcber \u00f6kologischem Eichenholz ger\u00e4uchertes Oliven\u00f6l.","robots":{"index":"index","follow":"follow","max-snippet":"max-snippet:-1","max-image-preview":"max-image-preview:large","max-video-preview":"max-video-preview:-1"},"canonical":"https:\/\/www.castillodecanena.com\/de\/producto\/castillo-de-canena-mit-eichenrauch\/","og_locale":"de_DE","og_type":"article","og_title":"Castillo de Canena mit Eichenrauch - Castillo de Canena","og_description":"Weltweit einzigartig und 100% nat\u00fcrlich. So ist unser kalt \u00fcber \u00f6kologischem Eichenholz ger\u00e4uchertes Oliven\u00f6l.","og_url":"https:\/\/www.castillodecanena.com\/de\/producto\/castillo-de-canena-mit-eichenrauch\/","og_site_name":"Castillo de Canena","article_publisher":"https:\/\/www.facebook.com\/Castillo.de.Canena","article_modified_time":"2023-11-27T00:00:11+00:00","og_image":[{"width":1600,"height":1600,"url":"https:\/\/www.castillodecanena.com\/wp-content\/uploads\/2022\/04\/aceite-castillo-de-canena-al-humo-de-roble-250ml.jpg","type":"image\/jpeg"}],"twitter_card":"summary_large_image","twitter_site":"@CastillodCanena","schema":{"@context":"https:\/\/schema.org","@graph":[{"@type":["WebPage","ItemPage"],"@id":"https:\/\/www.castillodecanena.com\/de\/producto\/castillo-de-canena-mit-eichenrauch\/","url":"https:\/\/www.castillodecanena.com\/de\/producto\/castillo-de-canena-mit-eichenrauch\/","name":"Castillo de Canena mit Eichenrauch - Castillo de Canena","isPartOf":{"@id":"https:\/\/www.castillodecanena.com\/de\/#website"},"primaryImageOfPage":{"@id":"https:\/\/www.castillodecanena.com\/de\/producto\/castillo-de-canena-mit-eichenrauch\/#primaryimage"},"image":{"@id":"https:\/\/www.castillodecanena.com\/de\/producto\/castillo-de-canena-mit-eichenrauch\/#primaryimage"},"thumbnailUrl":"https:\/\/www.castillodecanena.com\/wp-content\/uploads\/2022\/04\/aceite-castillo-de-canena-al-humo-de-roble-250ml.jpg","datePublished":"2022-04-11T22:00:28+00:00","dateModified":"2023-11-27T00:00:11+00:00","description":"Weltweit einzigartig und 100% nat\u00fcrlich. So ist unser kalt \u00fcber \u00f6kologischem Eichenholz ger\u00e4uchertes Oliven\u00f6l.","breadcrumb":{"@id":"https:\/\/www.castillodecanena.com\/de\/producto\/castillo-de-canena-mit-eichenrauch\/#breadcrumb"},"inLanguage":"de","potentialAction":[{"@type":"ReadAction","target":["https:\/\/www.castillodecanena.com\/de\/producto\/castillo-de-canena-mit-eichenrauch\/"]}]},{"@type":"ImageObject","inLanguage":"de","@id":"https:\/\/www.castillodecanena.com\/de\/producto\/castillo-de-canena-mit-eichenrauch\/#primaryimage","url":"https:\/\/www.castillodecanena.com\/wp-content\/uploads\/2022\/04\/aceite-castillo-de-canena-al-humo-de-roble-250ml.jpg","contentUrl":"https:\/\/www.castillodecanena.com\/wp-content\/uploads\/2022\/04\/aceite-castillo-de-canena-al-humo-de-roble-250ml.jpg","width":1600,"height":1600,"caption":"Aceite al humo de roble 250ml"},{"@type":"BreadcrumbList","@id":"https:\/\/www.castillodecanena.com\/de\/producto\/castillo-de-canena-mit-eichenrauch\/#breadcrumb","itemListElement":[{"@type":"ListItem","position":1,"name":"Home","item":"https:\/\/www.castillodecanena.com\/de\/"},{"@type":"ListItem","position":2,"name":"Gesch\u00e4ft","item":"https:\/\/www.castillodecanena.com\/de\/geschaft\/"},{"@type":"ListItem","position":3,"name":"Castillo de Canena mit Eichenrauch"}]},{"@type":"WebSite","@id":"https:\/\/www.castillodecanena.com\/de\/#website","url":"https:\/\/www.castillodecanena.com\/de\/","name":"Castillo de Canena","description":"Aceites de Oliva virgen extra Premium","publisher":{"@id":"https:\/\/www.castillodecanena.com\/de\/#organization"},"potentialAction":[{"@type":"SearchAction","target":{"@type":"EntryPoint","urlTemplate":"https:\/\/www.castillodecanena.com\/de\/?s={search_term_string}"},"query-input":{"@type":"PropertyValueSpecification","valueRequired":true,"valueName":"search_term_string"}}],"inLanguage":"de"},{"@type":"Organization","@id":"https:\/\/www.castillodecanena.com\/de\/#organization","name":"Castillo de Canena","url":"https:\/\/www.castillodecanena.com\/de\/","logo":{"@type":"ImageObject","inLanguage":"de","@id":"https:\/\/www.castillodecanena.com\/de\/#\/schema\/logo\/image\/","url":"https:\/\/castillodecanena.com\/wp-content\/uploads\/2021\/08\/logo_castillo-de-canena_small.webp","contentUrl":"https:\/\/castillodecanena.com\/wp-content\/uploads\/2021\/08\/logo_castillo-de-canena_small.webp","width":250,"height":174,"caption":"Castillo de Canena"},"image":{"@id":"https:\/\/www.castillodecanena.com\/de\/#\/schema\/logo\/image\/"},"sameAs":["https:\/\/www.facebook.com\/Castillo.de.Canena","https:\/\/x.com\/CastillodCanena","https:\/\/www.instagram.com\/castillodecanena\/","https:\/\/www.linkedin.com\/company\/castillo-de-canena-olive-juice","https:\/\/www.pinterest.es\/castillodcanena\/","https:\/\/www.youtube.com\/channel\/UCL64xPwm_9Atq2y1JxmwnxQ","https:\/\/es.wikipedia.org\/wiki\/Castillo_de_Canena_(empresa)"]}]}},"_links":{"self":[{"href":"https:\/\/www.castillodecanena.com\/de\/wp-json\/wp\/v2\/product\/28406","targetHints":{"allow":["GET"]}}],"collection":[{"href":"https:\/\/www.castillodecanena.com\/de\/wp-json\/wp\/v2\/product"}],"about":[{"href":"https:\/\/www.castillodecanena.com\/de\/wp-json\/wp\/v2\/types\/product"}],"wp:featuredmedia":[{"embeddable":true,"href":"https:\/\/www.castillodecanena.com\/de\/wp-json\/wp\/v2\/media\/48549"}],"wp:attachment":[{"href":"https:\/\/www.castillodecanena.com\/de\/wp-json\/wp\/v2\/media?parent=28406"}],"wp:term":[{"taxonomy":"product_cat","embeddable":true,"href":"https:\/\/www.castillodecanena.com\/de\/wp-json\/wp\/v2\/product_cat?post=28406"},{"taxonomy":"product_tag","embeddable":true,"href":"https:\/\/www.castillodecanena.com\/de\/wp-json\/wp\/v2\/product_tag?post=28406"}],"curies":[{"name":"wp","href":"https:\/\/api.w.org\/{rel}","templated":true}]}}