{"id":28412,"date":"2022-04-11T22:08:48","date_gmt":"2022-04-11T22:08:48","guid":{"rendered":"https:\/\/dev-castillo-de-canena.pantheonsite.io\/producto\/arbequino-amontillado\/"},"modified":"2023-11-27T00:00:13","modified_gmt":"2023-11-27T00:00:13","slug":"arbequino-amontillado","status":"publish","type":"product","link":"https:\/\/www.castillodecanena.com\/de\/producto\/arbequino-amontillado\/","title":{"rendered":"Burg von Canena Amontillado"},"content":{"rendered":"<p>Dieses \u00d6l zeigt unsere Leidenschaft f\u00fcr zwei gastronomische Produkte der Spitzenklasse, das Native Oliven\u00f6l Extra und die Sherryweine aus Jerez, die sich in unserem \u00d6l Castillo de Canena Amontillado vereinen. Zum ersten Mal wurde ein <strong>Natives Oliven\u00f6l Arbequina in Weinf\u00e4ssern verfeinert.<\/strong> Hierf\u00fcr haben wir Weinf\u00e4sser aus amerikanischer Eiche f\u00fcr Amontillado de Solero aus einer der bekanntesten Bodegas Spaniens ausgew\u00e4hlt: Lustau.<\/p>\n<p>&nbsp;<\/p>\n<p>In diesen Weinf\u00e4ssern aus Jerez nimmt unser Arbequina-\u00d6l das ganze Aroma auf, das weiterhin im Innern des Amontillado-Weinfasses vorherrscht. Das Ergebnis: die perfekte Verschmelzung der Geschmacksnoten des Amontillado und des Nativen Oliven\u00f6ls Extra Arbequina. Ein einzigartiges gastronomisches Erlebnis!<\/p>\n<p>&nbsp;<\/p>\n<h6>BESCHREIBUNG<\/h6>\n<p>Dieses \u00d6l pr\u00e4sentiert sich elegant und distinguiert, es kombiniert die Frische des Nativen Oliven\u00f6ls Extra Arbequina mit dem faszinierenden Aromaprofil des Amontillado-Weins und weckt in uns Erinnerungen an ger\u00f6stete Trockenfr\u00fcchte, Edelh\u00f6lzer sowie reifes Obst und Pilze.<\/p>\n<p>&nbsp;<\/p>\n<h6>ZUS\u00c4TZLICHE INFORMATION<\/h6>\n<p><span style=\"text-decoration: underline;\">Anwendungsvorschl\u00e4ge<\/span>: Dieses \u00d6l eignet sich perfekt f\u00fcr eine gro\u00dfe Zahl von Gerichten und Rezepten, ganz gleich ob klassisch oder avantgardistisch. Gesalzener oder gebackener Fisch, gegrilltes oder gebackenes Gefl\u00fcgel und Schweinefleisch, Pilze und Boletus, Carpaccio und Krabben- oder Thunfischtartar, gebratene Leber, Rebhuhnpastete, Leberk\u00e4se, luftgetrockneter Thunfisch, Leng- und Gro\u00dfkopfrogen und Venusmuscheln, Herzmuscheln und Austern, ganz gleich ob roh, aus der Dose oder in der Pfanne. Ganz zu schweigen von dem gro\u00dfartigen Sinneserlebnis, wenn dieses \u00d6l eine Symbiose mit dunkler Schokolade oder Trockenfr\u00fcchten eingeht.<\/p>\n","protected":false},"excerpt":{"rendered":"<p>Das erste Lebensmittel auf Basis von Young Arbequino Nativem Oliven\u00f6l Extra, veredelt in Sherry Amontillado Weinf\u00e4ssern mit mehr als einem halben Jahrhundert Alter.<\/p>\n<p>Castillo de Canena Amontillado ist das Ergebnis einer Leidenschaft f\u00fcr zwei so herausragende gastronomische Produkte wie EVOO und angereicherte Sherryweine. Die Frische unseres Reserva Familiar Arbequino erh\u00e4lt durch die Veredelung im Sherry-Amontillado-Stiefel den Charakter eines Lik\u00f6rweins.<\/p>\n<p>Das faszinierende aromatische Profil von Amontillado mit seinen unersch\u00f6pflichen Wellen von N\u00fcssen und salzigen Nuancen, sanft geleitet von der Zartheit des \u00d6ls, das sie an unserem Gaumen fixiert.<\/p>\n<p>Ein einzigartiges gastronomisches Erlebnis, das Sie in Ihren klassischen Rezepten und auch in den bahnbrechendsten inspirieren wird!<\/p>\n","protected":false},"featured_media":50594,"template":"","meta":{"_acf_changed":false,"wprm-recipe-roundup-name":"","wprm-recipe-roundup-description":""},"product_cat":[3073],"product_tag":[],"class_list":{"0":"post-28412","1":"product","2":"type-product","3":"status-publish","4":"has-post-thumbnail","6":"product_cat-innovatoren","8":"first","9":"instock","10":"purchasable","11":"product-type-simple"},"acf":[],"yoast_head":"<!-- This site is optimized with the Yoast SEO plugin v25.6 - https:\/\/yoast.com\/wordpress\/plugins\/seo\/ -->\n<title>Burg von Canena Amontillado - Castillo de Canena<\/title>\n<meta name=\"description\" content=\"Entdecken Sie das erste Oliven\u00f6l Arbequino mit Amontillado. In Weinf\u00e4ssern verfeinert. Ein einzigartiges Erlebnis, das bestes \u00d6l mit Weinaromen kombiniert.\" \/>\n<meta name=\"robots\" content=\"index, follow, max-snippet:-1, max-image-preview:large, max-video-preview:-1\" \/>\n<link rel=\"canonical\" href=\"https:\/\/www.castillodecanena.com\/de\/producto\/arbequino-amontillado\/\" \/>\n<meta property=\"og:locale\" content=\"de_DE\" \/>\n<meta property=\"og:type\" content=\"article\" \/>\n<meta property=\"og:title\" content=\"Burg von Canena Amontillado - Castillo de Canena\" \/>\n<meta property=\"og:description\" content=\"Entdecken Sie das erste Oliven\u00f6l Arbequino mit Amontillado. In Weinf\u00e4ssern verfeinert. Ein einzigartiges Erlebnis, das bestes \u00d6l mit Weinaromen kombiniert.\" \/>\n<meta property=\"og:url\" content=\"https:\/\/www.castillodecanena.com\/de\/producto\/arbequino-amontillado\/\" \/>\n<meta property=\"og:site_name\" content=\"Castillo de Canena\" \/>\n<meta property=\"article:publisher\" content=\"https:\/\/www.facebook.com\/Castillo.de.Canena\" \/>\n<meta property=\"article:modified_time\" content=\"2023-11-27T00:00:13+00:00\" \/>\n<meta property=\"og:image\" content=\"https:\/\/www.castillodecanena.com\/wp-content\/uploads\/2022\/04\/aceite-oliva-arbequino-amontillado.png\" \/>\n\t<meta property=\"og:image:width\" content=\"1000\" \/>\n\t<meta property=\"og:image:height\" content=\"1000\" \/>\n\t<meta property=\"og:image:type\" content=\"image\/png\" \/>\n<meta name=\"twitter:card\" content=\"summary_large_image\" \/>\n<meta name=\"twitter:site\" content=\"@CastillodCanena\" \/>\n<script type=\"application\/ld+json\" class=\"yoast-schema-graph\">{\"@context\":\"https:\/\/schema.org\",\"@graph\":[{\"@type\":[\"WebPage\",\"ItemPage\"],\"@id\":\"https:\/\/www.castillodecanena.com\/de\/producto\/arbequino-amontillado\/\",\"url\":\"https:\/\/www.castillodecanena.com\/de\/producto\/arbequino-amontillado\/\",\"name\":\"Burg von Canena Amontillado - Castillo de Canena\",\"isPartOf\":{\"@id\":\"https:\/\/www.castillodecanena.com\/de\/#website\"},\"primaryImageOfPage\":{\"@id\":\"https:\/\/www.castillodecanena.com\/de\/producto\/arbequino-amontillado\/#primaryimage\"},\"image\":{\"@id\":\"https:\/\/www.castillodecanena.com\/de\/producto\/arbequino-amontillado\/#primaryimage\"},\"thumbnailUrl\":\"https:\/\/www.castillodecanena.com\/wp-content\/uploads\/2022\/04\/AMONTILLADO_WEB_2024_Mesa-de-trabajo-1-esp-scaled.jpg\",\"datePublished\":\"2022-04-11T22:08:48+00:00\",\"dateModified\":\"2023-11-27T00:00:13+00:00\",\"description\":\"Entdecken Sie das erste Oliven\u00f6l Arbequino mit Amontillado. In Weinf\u00e4ssern verfeinert. Ein einzigartiges Erlebnis, das bestes \u00d6l mit Weinaromen kombiniert.\",\"breadcrumb\":{\"@id\":\"https:\/\/www.castillodecanena.com\/de\/producto\/arbequino-amontillado\/#breadcrumb\"},\"inLanguage\":\"de\",\"potentialAction\":[{\"@type\":\"ReadAction\",\"target\":[\"https:\/\/www.castillodecanena.com\/de\/producto\/arbequino-amontillado\/\"]}]},{\"@type\":\"ImageObject\",\"inLanguage\":\"de\",\"@id\":\"https:\/\/www.castillodecanena.com\/de\/producto\/arbequino-amontillado\/#primaryimage\",\"url\":\"https:\/\/www.castillodecanena.com\/wp-content\/uploads\/2022\/04\/AMONTILLADO_WEB_2024_Mesa-de-trabajo-1-esp-scaled.jpg\",\"contentUrl\":\"https:\/\/www.castillodecanena.com\/wp-content\/uploads\/2022\/04\/AMONTILLADO_WEB_2024_Mesa-de-trabajo-1-esp-scaled.jpg\",\"width\":2560,\"height\":2560},{\"@type\":\"BreadcrumbList\",\"@id\":\"https:\/\/www.castillodecanena.com\/de\/producto\/arbequino-amontillado\/#breadcrumb\",\"itemListElement\":[{\"@type\":\"ListItem\",\"position\":1,\"name\":\"Home\",\"item\":\"https:\/\/www.castillodecanena.com\/de\/\"},{\"@type\":\"ListItem\",\"position\":2,\"name\":\"Gesch\u00e4ft\",\"item\":\"https:\/\/www.castillodecanena.com\/de\/geschaft\/\"},{\"@type\":\"ListItem\",\"position\":3,\"name\":\"Burg von Canena Amontillado\"}]},{\"@type\":\"WebSite\",\"@id\":\"https:\/\/www.castillodecanena.com\/de\/#website\",\"url\":\"https:\/\/www.castillodecanena.com\/de\/\",\"name\":\"Castillo de Canena\",\"description\":\"Aceites de Oliva virgen extra Premium\",\"publisher\":{\"@id\":\"https:\/\/www.castillodecanena.com\/de\/#organization\"},\"potentialAction\":[{\"@type\":\"SearchAction\",\"target\":{\"@type\":\"EntryPoint\",\"urlTemplate\":\"https:\/\/www.castillodecanena.com\/de\/?s={search_term_string}\"},\"query-input\":{\"@type\":\"PropertyValueSpecification\",\"valueRequired\":true,\"valueName\":\"search_term_string\"}}],\"inLanguage\":\"de\"},{\"@type\":\"Organization\",\"@id\":\"https:\/\/www.castillodecanena.com\/de\/#organization\",\"name\":\"Castillo de Canena\",\"url\":\"https:\/\/www.castillodecanena.com\/de\/\",\"logo\":{\"@type\":\"ImageObject\",\"inLanguage\":\"de\",\"@id\":\"https:\/\/www.castillodecanena.com\/de\/#\/schema\/logo\/image\/\",\"url\":\"https:\/\/castillodecanena.com\/wp-content\/uploads\/2021\/08\/logo_castillo-de-canena_small.webp\",\"contentUrl\":\"https:\/\/castillodecanena.com\/wp-content\/uploads\/2021\/08\/logo_castillo-de-canena_small.webp\",\"width\":250,\"height\":174,\"caption\":\"Castillo de Canena\"},\"image\":{\"@id\":\"https:\/\/www.castillodecanena.com\/de\/#\/schema\/logo\/image\/\"},\"sameAs\":[\"https:\/\/www.facebook.com\/Castillo.de.Canena\",\"https:\/\/x.com\/CastillodCanena\",\"https:\/\/www.instagram.com\/castillodecanena\/\",\"https:\/\/www.linkedin.com\/company\/castillo-de-canena-olive-juice\",\"https:\/\/www.pinterest.es\/castillodcanena\/\",\"https:\/\/www.youtube.com\/channel\/UCL64xPwm_9Atq2y1JxmwnxQ\",\"https:\/\/es.wikipedia.org\/wiki\/Castillo_de_Canena_(empresa)\"]}]}<\/script>\n<!-- \/ Yoast SEO plugin. -->","yoast_head_json":{"title":"Burg von Canena Amontillado - Castillo de Canena","description":"Entdecken Sie das erste Oliven\u00f6l Arbequino mit Amontillado. In Weinf\u00e4ssern verfeinert. Ein einzigartiges Erlebnis, das bestes \u00d6l mit Weinaromen kombiniert.","robots":{"index":"index","follow":"follow","max-snippet":"max-snippet:-1","max-image-preview":"max-image-preview:large","max-video-preview":"max-video-preview:-1"},"canonical":"https:\/\/www.castillodecanena.com\/de\/producto\/arbequino-amontillado\/","og_locale":"de_DE","og_type":"article","og_title":"Burg von Canena Amontillado - Castillo de Canena","og_description":"Entdecken Sie das erste Oliven\u00f6l Arbequino mit Amontillado. In Weinf\u00e4ssern verfeinert. Ein einzigartiges Erlebnis, das bestes \u00d6l mit Weinaromen kombiniert.","og_url":"https:\/\/www.castillodecanena.com\/de\/producto\/arbequino-amontillado\/","og_site_name":"Castillo de Canena","article_publisher":"https:\/\/www.facebook.com\/Castillo.de.Canena","article_modified_time":"2023-11-27T00:00:13+00:00","og_image":[{"width":1000,"height":1000,"url":"https:\/\/www.castillodecanena.com\/wp-content\/uploads\/2022\/04\/aceite-oliva-arbequino-amontillado.png","type":"image\/png"}],"twitter_card":"summary_large_image","twitter_site":"@CastillodCanena","schema":{"@context":"https:\/\/schema.org","@graph":[{"@type":["WebPage","ItemPage"],"@id":"https:\/\/www.castillodecanena.com\/de\/producto\/arbequino-amontillado\/","url":"https:\/\/www.castillodecanena.com\/de\/producto\/arbequino-amontillado\/","name":"Burg von Canena Amontillado - Castillo de Canena","isPartOf":{"@id":"https:\/\/www.castillodecanena.com\/de\/#website"},"primaryImageOfPage":{"@id":"https:\/\/www.castillodecanena.com\/de\/producto\/arbequino-amontillado\/#primaryimage"},"image":{"@id":"https:\/\/www.castillodecanena.com\/de\/producto\/arbequino-amontillado\/#primaryimage"},"thumbnailUrl":"https:\/\/www.castillodecanena.com\/wp-content\/uploads\/2022\/04\/AMONTILLADO_WEB_2024_Mesa-de-trabajo-1-esp-scaled.jpg","datePublished":"2022-04-11T22:08:48+00:00","dateModified":"2023-11-27T00:00:13+00:00","description":"Entdecken Sie das erste Oliven\u00f6l Arbequino mit Amontillado. In Weinf\u00e4ssern verfeinert. Ein einzigartiges Erlebnis, das bestes \u00d6l mit Weinaromen kombiniert.","breadcrumb":{"@id":"https:\/\/www.castillodecanena.com\/de\/producto\/arbequino-amontillado\/#breadcrumb"},"inLanguage":"de","potentialAction":[{"@type":"ReadAction","target":["https:\/\/www.castillodecanena.com\/de\/producto\/arbequino-amontillado\/"]}]},{"@type":"ImageObject","inLanguage":"de","@id":"https:\/\/www.castillodecanena.com\/de\/producto\/arbequino-amontillado\/#primaryimage","url":"https:\/\/www.castillodecanena.com\/wp-content\/uploads\/2022\/04\/AMONTILLADO_WEB_2024_Mesa-de-trabajo-1-esp-scaled.jpg","contentUrl":"https:\/\/www.castillodecanena.com\/wp-content\/uploads\/2022\/04\/AMONTILLADO_WEB_2024_Mesa-de-trabajo-1-esp-scaled.jpg","width":2560,"height":2560},{"@type":"BreadcrumbList","@id":"https:\/\/www.castillodecanena.com\/de\/producto\/arbequino-amontillado\/#breadcrumb","itemListElement":[{"@type":"ListItem","position":1,"name":"Home","item":"https:\/\/www.castillodecanena.com\/de\/"},{"@type":"ListItem","position":2,"name":"Gesch\u00e4ft","item":"https:\/\/www.castillodecanena.com\/de\/geschaft\/"},{"@type":"ListItem","position":3,"name":"Burg von Canena Amontillado"}]},{"@type":"WebSite","@id":"https:\/\/www.castillodecanena.com\/de\/#website","url":"https:\/\/www.castillodecanena.com\/de\/","name":"Castillo de Canena","description":"Aceites de Oliva virgen extra Premium","publisher":{"@id":"https:\/\/www.castillodecanena.com\/de\/#organization"},"potentialAction":[{"@type":"SearchAction","target":{"@type":"EntryPoint","urlTemplate":"https:\/\/www.castillodecanena.com\/de\/?s={search_term_string}"},"query-input":{"@type":"PropertyValueSpecification","valueRequired":true,"valueName":"search_term_string"}}],"inLanguage":"de"},{"@type":"Organization","@id":"https:\/\/www.castillodecanena.com\/de\/#organization","name":"Castillo de Canena","url":"https:\/\/www.castillodecanena.com\/de\/","logo":{"@type":"ImageObject","inLanguage":"de","@id":"https:\/\/www.castillodecanena.com\/de\/#\/schema\/logo\/image\/","url":"https:\/\/castillodecanena.com\/wp-content\/uploads\/2021\/08\/logo_castillo-de-canena_small.webp","contentUrl":"https:\/\/castillodecanena.com\/wp-content\/uploads\/2021\/08\/logo_castillo-de-canena_small.webp","width":250,"height":174,"caption":"Castillo de Canena"},"image":{"@id":"https:\/\/www.castillodecanena.com\/de\/#\/schema\/logo\/image\/"},"sameAs":["https:\/\/www.facebook.com\/Castillo.de.Canena","https:\/\/x.com\/CastillodCanena","https:\/\/www.instagram.com\/castillodecanena\/","https:\/\/www.linkedin.com\/company\/castillo-de-canena-olive-juice","https:\/\/www.pinterest.es\/castillodcanena\/","https:\/\/www.youtube.com\/channel\/UCL64xPwm_9Atq2y1JxmwnxQ","https:\/\/es.wikipedia.org\/wiki\/Castillo_de_Canena_(empresa)"]}]}},"_links":{"self":[{"href":"https:\/\/www.castillodecanena.com\/de\/wp-json\/wp\/v2\/product\/28412","targetHints":{"allow":["GET"]}}],"collection":[{"href":"https:\/\/www.castillodecanena.com\/de\/wp-json\/wp\/v2\/product"}],"about":[{"href":"https:\/\/www.castillodecanena.com\/de\/wp-json\/wp\/v2\/types\/product"}],"wp:featuredmedia":[{"embeddable":true,"href":"https:\/\/www.castillodecanena.com\/de\/wp-json\/wp\/v2\/media\/50594"}],"wp:attachment":[{"href":"https:\/\/www.castillodecanena.com\/de\/wp-json\/wp\/v2\/media?parent=28412"}],"wp:term":[{"taxonomy":"product_cat","embeddable":true,"href":"https:\/\/www.castillodecanena.com\/de\/wp-json\/wp\/v2\/product_cat?post=28412"},{"taxonomy":"product_tag","embeddable":true,"href":"https:\/\/www.castillodecanena.com\/de\/wp-json\/wp\/v2\/product_tag?post=28412"}],"curies":[{"name":"wp","href":"https:\/\/api.w.org\/{rel}","templated":true}]}}