{"id":28425,"date":"2022-04-11T22:00:28","date_gmt":"2022-04-11T22:00:28","guid":{"rendered":"https:\/\/dev-castillo-de-canena.pantheonsite.io\/producto\/herzogin-von-medinaceli-coupage-arbequina\/"},"modified":"2023-11-27T00:00:13","modified_gmt":"2023-11-27T00:00:13","slug":"herzogin-von-medinaceli-arbequina-coupage","status":"publish","type":"product","link":"https:\/\/www.castillodecanena.com\/de\/producto\/herzogin-von-medinaceli-arbequina-coupage\/","title":{"rendered":"Herzogin von Medinaceli &#8211; Arbequina Coupage"},"content":{"rendered":"<p>Das <strong>Native Oliven\u00f6l Extra Herzogin von Medinaceli Coupage Arbequina<\/strong> ist f\u00fcr Castillo de Canena ein ganz besonderes \u00d6l. Dieses \u00d6l mit sanfter gr\u00fcn-goldener Farbe haben wir mit besonderer Hingebung f\u00fcr das Haus Medinaceli unter Verwendung von Oliven der Sorte Arbequina hergestellt, die auf unserem besten Terrain wachsen und in unterschiedlichen Momenten w\u00e4hrend der Erntezeit gepfl\u00fcckt werden.<\/p>\n<p>&nbsp;<\/p>\n<p>W\u00e4hrend die fr\u00fchgeernteten Oliven mit Fruchtnuancen frischer Oliven und gr\u00fcner Mandeln sowohl in der Nase als auch im Mund wahrgenommen werden, sorgen die S\u00e4fte der reiferen Oliven f\u00fcr eine sanfte und s\u00fc\u00dfe Note im Mund. Leicht bitter und harmonisch pikant im Abgang sp\u00fcrt man Mandel, Banane und Apfel. All das wird begleitet von einer eleganten und ausgewogenen Note, die uns an Obstkompott erinnert.<\/p>\n<p>&nbsp;<\/p>\n<h6>BESCHREIBUNG<\/h6>\n<p>Pr\u00e4sentiert in einer sch\u00f6nen gr\u00fcnen Flasche mit dem Emblem des Hauses Medinaceli, hebt sich das Native Oliven\u00f6l Extra Herzogin von Medinaceli Coupage Arbequina durch seine fruchtigen und blumigen Noten hervor, die durch eine anspruchsvolle und sehr feine Komposition im Gaumen abgerundet werden.<\/p>\n<p>&nbsp;<\/p>\n<h6>ZUS\u00c4TZLICHE INFORMATION<\/h6>\n<p><span style=\"text-decoration: underline;\">Anwendungsvorschl\u00e4ge<\/span>: Das Native Oliven\u00f6l Extra Herzogin von Medinaceli Coupage Arbequina ist ideal bei der Zubereitung von Gem\u00fcsecremes und verschiedener Rezepte f\u00fcr Feingeb\u00e4ck. Ebenso ist es ein guter Begleiter von Frischk\u00e4se, Meeresfr\u00fcchten und Obst.<\/p>\n<p>&nbsp;<\/p>\n<p>Bitte k\u00fchl und gesch\u00fctzt vor Licht und W\u00e4rme aufbewahren.<\/p>\n","protected":false},"excerpt":{"rendered":"<p>La Casa de Medinaceli pr\u00e4sentiert seine neue AOVE Duquesa de Medinaceli, eine ganz besondere Coupage, die wir f\u00fcr sie aus Castillo de Canena mit den Arbequinas unserer besten Bezahlung zubereitet haben, die zu verschiedenen Zeitpunkten der Ernte gesammelt wurden. . Dieses extra native Oliven\u00f6l Arbequina, das wir speziell und mit viel Liebe f\u00fcr die Familie Medinaceli entwickelt haben, zeichnet sich durch seine fruchtigen und blumigen Noten aus, die am Gaumen eine komplexe und sehr delikate Komposition ergeben.<\/p>\n","protected":false},"featured_media":48563,"template":"","meta":{"_acf_changed":false,"wprm-recipe-roundup-name":"","wprm-recipe-roundup-description":""},"product_cat":[3068],"product_tag":[],"class_list":{"0":"post-28425","1":"product","2":"type-product","3":"status-publish","4":"has-post-thumbnail","6":"product_cat-natives-olivenol-extra","8":"first","9":"instock","10":"purchasable","11":"product-type-simple"},"acf":[],"yoast_head":"<!-- This site is optimized with the Yoast SEO plugin v25.6 - https:\/\/yoast.com\/wordpress\/plugins\/seo\/ -->\n<title>Herzogin von Medinaceli - Arbequina Coupage - Castillo de Canena<\/title>\n<meta name=\"description\" content=\"Dieses Native Oliven\u00f6l Extra wurde f\u00fcr das Haus Medinacela kreiert und ist eine Kombination aus Arbequinas, die in verschiedenen Erntemomenten eingebracht wurden.\" \/>\n<meta name=\"robots\" content=\"index, follow, max-snippet:-1, max-image-preview:large, max-video-preview:-1\" \/>\n<link rel=\"canonical\" href=\"https:\/\/www.castillodecanena.com\/de\/producto\/herzogin-von-medinaceli-arbequina-coupage\/\" \/>\n<meta property=\"og:locale\" content=\"de_DE\" \/>\n<meta property=\"og:type\" content=\"article\" \/>\n<meta property=\"og:title\" content=\"Herzogin von Medinaceli - Arbequina Coupage - Castillo de Canena\" \/>\n<meta property=\"og:description\" content=\"Dieses Native Oliven\u00f6l Extra wurde f\u00fcr das Haus Medinacela kreiert und ist eine Kombination aus Arbequinas, die in verschiedenen Erntemomenten eingebracht wurden.\" \/>\n<meta property=\"og:url\" content=\"https:\/\/www.castillodecanena.com\/de\/producto\/herzogin-von-medinaceli-arbequina-coupage\/\" \/>\n<meta property=\"og:site_name\" content=\"Castillo de Canena\" \/>\n<meta property=\"article:publisher\" content=\"https:\/\/www.facebook.com\/Castillo.de.Canena\" \/>\n<meta property=\"article:modified_time\" content=\"2023-11-27T00:00:13+00:00\" \/>\n<meta property=\"og:image\" content=\"https:\/\/www.castillodecanena.com\/wp-content\/uploads\/2022\/04\/medinaceli_arbequina.jpg\" \/>\n\t<meta property=\"og:image:width\" content=\"500\" \/>\n\t<meta property=\"og:image:height\" content=\"500\" \/>\n\t<meta property=\"og:image:type\" content=\"image\/jpeg\" \/>\n<meta name=\"twitter:card\" content=\"summary_large_image\" \/>\n<meta name=\"twitter:site\" content=\"@CastillodCanena\" \/>\n<script type=\"application\/ld+json\" class=\"yoast-schema-graph\">{\"@context\":\"https:\/\/schema.org\",\"@graph\":[{\"@type\":[\"WebPage\",\"ItemPage\"],\"@id\":\"https:\/\/www.castillodecanena.com\/de\/producto\/herzogin-von-medinaceli-arbequina-coupage\/\",\"url\":\"https:\/\/www.castillodecanena.com\/de\/producto\/herzogin-von-medinaceli-arbequina-coupage\/\",\"name\":\"Herzogin von Medinaceli - Arbequina Coupage - Castillo de Canena\",\"isPartOf\":{\"@id\":\"https:\/\/www.castillodecanena.com\/de\/#website\"},\"primaryImageOfPage\":{\"@id\":\"https:\/\/www.castillodecanena.com\/de\/producto\/herzogin-von-medinaceli-arbequina-coupage\/#primaryimage\"},\"image\":{\"@id\":\"https:\/\/www.castillodecanena.com\/de\/producto\/herzogin-von-medinaceli-arbequina-coupage\/#primaryimage\"},\"thumbnailUrl\":\"https:\/\/www.castillodecanena.com\/wp-content\/uploads\/2022\/04\/aceite-duquesa-de-medinaceli-375ml.jpg\",\"datePublished\":\"2022-04-11T22:00:28+00:00\",\"dateModified\":\"2023-11-27T00:00:13+00:00\",\"description\":\"Dieses Native Oliven\u00f6l Extra wurde f\u00fcr das Haus Medinacela kreiert und ist eine Kombination aus Arbequinas, die in verschiedenen Erntemomenten eingebracht wurden.\",\"breadcrumb\":{\"@id\":\"https:\/\/www.castillodecanena.com\/de\/producto\/herzogin-von-medinaceli-arbequina-coupage\/#breadcrumb\"},\"inLanguage\":\"de\",\"potentialAction\":[{\"@type\":\"ReadAction\",\"target\":[\"https:\/\/www.castillodecanena.com\/de\/producto\/herzogin-von-medinaceli-arbequina-coupage\/\"]}]},{\"@type\":\"ImageObject\",\"inLanguage\":\"de\",\"@id\":\"https:\/\/www.castillodecanena.com\/de\/producto\/herzogin-von-medinaceli-arbequina-coupage\/#primaryimage\",\"url\":\"https:\/\/www.castillodecanena.com\/wp-content\/uploads\/2022\/04\/aceite-duquesa-de-medinaceli-375ml.jpg\",\"contentUrl\":\"https:\/\/www.castillodecanena.com\/wp-content\/uploads\/2022\/04\/aceite-duquesa-de-medinaceli-375ml.jpg\",\"width\":1600,\"height\":1600,\"caption\":\"Aceite duquesa medinaceli 375ml\"},{\"@type\":\"BreadcrumbList\",\"@id\":\"https:\/\/www.castillodecanena.com\/de\/producto\/herzogin-von-medinaceli-arbequina-coupage\/#breadcrumb\",\"itemListElement\":[{\"@type\":\"ListItem\",\"position\":1,\"name\":\"Home\",\"item\":\"https:\/\/www.castillodecanena.com\/de\/\"},{\"@type\":\"ListItem\",\"position\":2,\"name\":\"Gesch\u00e4ft\",\"item\":\"https:\/\/www.castillodecanena.com\/de\/geschaft\/\"},{\"@type\":\"ListItem\",\"position\":3,\"name\":\"Herzogin von Medinaceli &#8211; Arbequina Coupage\"}]},{\"@type\":\"WebSite\",\"@id\":\"https:\/\/www.castillodecanena.com\/de\/#website\",\"url\":\"https:\/\/www.castillodecanena.com\/de\/\",\"name\":\"Castillo de Canena\",\"description\":\"Aceites de Oliva virgen extra Premium\",\"publisher\":{\"@id\":\"https:\/\/www.castillodecanena.com\/de\/#organization\"},\"potentialAction\":[{\"@type\":\"SearchAction\",\"target\":{\"@type\":\"EntryPoint\",\"urlTemplate\":\"https:\/\/www.castillodecanena.com\/de\/?s={search_term_string}\"},\"query-input\":{\"@type\":\"PropertyValueSpecification\",\"valueRequired\":true,\"valueName\":\"search_term_string\"}}],\"inLanguage\":\"de\"},{\"@type\":\"Organization\",\"@id\":\"https:\/\/www.castillodecanena.com\/de\/#organization\",\"name\":\"Castillo de Canena\",\"url\":\"https:\/\/www.castillodecanena.com\/de\/\",\"logo\":{\"@type\":\"ImageObject\",\"inLanguage\":\"de\",\"@id\":\"https:\/\/www.castillodecanena.com\/de\/#\/schema\/logo\/image\/\",\"url\":\"https:\/\/castillodecanena.com\/wp-content\/uploads\/2021\/08\/logo_castillo-de-canena_small.webp\",\"contentUrl\":\"https:\/\/castillodecanena.com\/wp-content\/uploads\/2021\/08\/logo_castillo-de-canena_small.webp\",\"width\":250,\"height\":174,\"caption\":\"Castillo de Canena\"},\"image\":{\"@id\":\"https:\/\/www.castillodecanena.com\/de\/#\/schema\/logo\/image\/\"},\"sameAs\":[\"https:\/\/www.facebook.com\/Castillo.de.Canena\",\"https:\/\/x.com\/CastillodCanena\",\"https:\/\/www.instagram.com\/castillodecanena\/\",\"https:\/\/www.linkedin.com\/company\/castillo-de-canena-olive-juice\",\"https:\/\/www.pinterest.es\/castillodcanena\/\",\"https:\/\/www.youtube.com\/channel\/UCL64xPwm_9Atq2y1JxmwnxQ\",\"https:\/\/es.wikipedia.org\/wiki\/Castillo_de_Canena_(empresa)\"]}]}<\/script>\n<!-- \/ Yoast SEO plugin. -->","yoast_head_json":{"title":"Herzogin von Medinaceli - Arbequina Coupage - Castillo de Canena","description":"Dieses Native Oliven\u00f6l Extra wurde f\u00fcr das Haus Medinacela kreiert und ist eine Kombination aus Arbequinas, die in verschiedenen Erntemomenten eingebracht wurden.","robots":{"index":"index","follow":"follow","max-snippet":"max-snippet:-1","max-image-preview":"max-image-preview:large","max-video-preview":"max-video-preview:-1"},"canonical":"https:\/\/www.castillodecanena.com\/de\/producto\/herzogin-von-medinaceli-arbequina-coupage\/","og_locale":"de_DE","og_type":"article","og_title":"Herzogin von Medinaceli - Arbequina Coupage - Castillo de Canena","og_description":"Dieses Native Oliven\u00f6l Extra wurde f\u00fcr das Haus Medinacela kreiert und ist eine Kombination aus Arbequinas, die in verschiedenen Erntemomenten eingebracht wurden.","og_url":"https:\/\/www.castillodecanena.com\/de\/producto\/herzogin-von-medinaceli-arbequina-coupage\/","og_site_name":"Castillo de Canena","article_publisher":"https:\/\/www.facebook.com\/Castillo.de.Canena","article_modified_time":"2023-11-27T00:00:13+00:00","og_image":[{"width":500,"height":500,"url":"https:\/\/www.castillodecanena.com\/wp-content\/uploads\/2022\/04\/medinaceli_arbequina.jpg","type":"image\/jpeg"}],"twitter_card":"summary_large_image","twitter_site":"@CastillodCanena","schema":{"@context":"https:\/\/schema.org","@graph":[{"@type":["WebPage","ItemPage"],"@id":"https:\/\/www.castillodecanena.com\/de\/producto\/herzogin-von-medinaceli-arbequina-coupage\/","url":"https:\/\/www.castillodecanena.com\/de\/producto\/herzogin-von-medinaceli-arbequina-coupage\/","name":"Herzogin von Medinaceli - Arbequina Coupage - Castillo de Canena","isPartOf":{"@id":"https:\/\/www.castillodecanena.com\/de\/#website"},"primaryImageOfPage":{"@id":"https:\/\/www.castillodecanena.com\/de\/producto\/herzogin-von-medinaceli-arbequina-coupage\/#primaryimage"},"image":{"@id":"https:\/\/www.castillodecanena.com\/de\/producto\/herzogin-von-medinaceli-arbequina-coupage\/#primaryimage"},"thumbnailUrl":"https:\/\/www.castillodecanena.com\/wp-content\/uploads\/2022\/04\/aceite-duquesa-de-medinaceli-375ml.jpg","datePublished":"2022-04-11T22:00:28+00:00","dateModified":"2023-11-27T00:00:13+00:00","description":"Dieses Native Oliven\u00f6l Extra wurde f\u00fcr das Haus Medinacela kreiert und ist eine Kombination aus Arbequinas, die in verschiedenen Erntemomenten eingebracht wurden.","breadcrumb":{"@id":"https:\/\/www.castillodecanena.com\/de\/producto\/herzogin-von-medinaceli-arbequina-coupage\/#breadcrumb"},"inLanguage":"de","potentialAction":[{"@type":"ReadAction","target":["https:\/\/www.castillodecanena.com\/de\/producto\/herzogin-von-medinaceli-arbequina-coupage\/"]}]},{"@type":"ImageObject","inLanguage":"de","@id":"https:\/\/www.castillodecanena.com\/de\/producto\/herzogin-von-medinaceli-arbequina-coupage\/#primaryimage","url":"https:\/\/www.castillodecanena.com\/wp-content\/uploads\/2022\/04\/aceite-duquesa-de-medinaceli-375ml.jpg","contentUrl":"https:\/\/www.castillodecanena.com\/wp-content\/uploads\/2022\/04\/aceite-duquesa-de-medinaceli-375ml.jpg","width":1600,"height":1600,"caption":"Aceite duquesa medinaceli 375ml"},{"@type":"BreadcrumbList","@id":"https:\/\/www.castillodecanena.com\/de\/producto\/herzogin-von-medinaceli-arbequina-coupage\/#breadcrumb","itemListElement":[{"@type":"ListItem","position":1,"name":"Home","item":"https:\/\/www.castillodecanena.com\/de\/"},{"@type":"ListItem","position":2,"name":"Gesch\u00e4ft","item":"https:\/\/www.castillodecanena.com\/de\/geschaft\/"},{"@type":"ListItem","position":3,"name":"Herzogin von Medinaceli &#8211; Arbequina Coupage"}]},{"@type":"WebSite","@id":"https:\/\/www.castillodecanena.com\/de\/#website","url":"https:\/\/www.castillodecanena.com\/de\/","name":"Castillo de Canena","description":"Aceites de Oliva virgen extra Premium","publisher":{"@id":"https:\/\/www.castillodecanena.com\/de\/#organization"},"potentialAction":[{"@type":"SearchAction","target":{"@type":"EntryPoint","urlTemplate":"https:\/\/www.castillodecanena.com\/de\/?s={search_term_string}"},"query-input":{"@type":"PropertyValueSpecification","valueRequired":true,"valueName":"search_term_string"}}],"inLanguage":"de"},{"@type":"Organization","@id":"https:\/\/www.castillodecanena.com\/de\/#organization","name":"Castillo de Canena","url":"https:\/\/www.castillodecanena.com\/de\/","logo":{"@type":"ImageObject","inLanguage":"de","@id":"https:\/\/www.castillodecanena.com\/de\/#\/schema\/logo\/image\/","url":"https:\/\/castillodecanena.com\/wp-content\/uploads\/2021\/08\/logo_castillo-de-canena_small.webp","contentUrl":"https:\/\/castillodecanena.com\/wp-content\/uploads\/2021\/08\/logo_castillo-de-canena_small.webp","width":250,"height":174,"caption":"Castillo de Canena"},"image":{"@id":"https:\/\/www.castillodecanena.com\/de\/#\/schema\/logo\/image\/"},"sameAs":["https:\/\/www.facebook.com\/Castillo.de.Canena","https:\/\/x.com\/CastillodCanena","https:\/\/www.instagram.com\/castillodecanena\/","https:\/\/www.linkedin.com\/company\/castillo-de-canena-olive-juice","https:\/\/www.pinterest.es\/castillodcanena\/","https:\/\/www.youtube.com\/channel\/UCL64xPwm_9Atq2y1JxmwnxQ","https:\/\/es.wikipedia.org\/wiki\/Castillo_de_Canena_(empresa)"]}]}},"_links":{"self":[{"href":"https:\/\/www.castillodecanena.com\/de\/wp-json\/wp\/v2\/product\/28425","targetHints":{"allow":["GET"]}}],"collection":[{"href":"https:\/\/www.castillodecanena.com\/de\/wp-json\/wp\/v2\/product"}],"about":[{"href":"https:\/\/www.castillodecanena.com\/de\/wp-json\/wp\/v2\/types\/product"}],"wp:featuredmedia":[{"embeddable":true,"href":"https:\/\/www.castillodecanena.com\/de\/wp-json\/wp\/v2\/media\/48563"}],"wp:attachment":[{"href":"https:\/\/www.castillodecanena.com\/de\/wp-json\/wp\/v2\/media?parent=28425"}],"wp:term":[{"taxonomy":"product_cat","embeddable":true,"href":"https:\/\/www.castillodecanena.com\/de\/wp-json\/wp\/v2\/product_cat?post=28425"},{"taxonomy":"product_tag","embeddable":true,"href":"https:\/\/www.castillodecanena.com\/de\/wp-json\/wp\/v2\/product_tag?post=28425"}],"curies":[{"name":"wp","href":"https:\/\/api.w.org\/{rel}","templated":true}]}}