{"id":28432,"date":"2022-04-11T22:09:00","date_gmt":"2022-04-11T22:09:00","guid":{"rendered":"https:\/\/dev-castillo-de-canena.pantheonsite.io\/producto\/natives-olivenol-extra-arbequina-das-land-das-ich-liebe\/"},"modified":"2023-11-27T00:00:11","modified_gmt":"2023-11-27T00:00:11","slug":"natives-olivenol-extra-arbequina-das-land-das-ich-liebe","status":"publish","type":"product","link":"https:\/\/www.castillodecanena.com\/de\/producto\/natives-olivenol-extra-arbequina-das-land-das-ich-liebe\/","title":{"rendered":"NATIVES OLIVEN\u00d6L EXTRA ARBEQUINA DAS LAND DAS ICH LIEBE"},"content":{"rendered":"<p>Das Land das ich liebe ist eine Hommage an die Menschen, die sich wie wir der Landwirtschaft widmen und ihr Land lieben, mit ihnen teilen wir das klare Engagement, unseren Kindern eine gesunde Erde zu hinterlassen. Unsere Felder ern\u00e4hren uns und das soll auch weiterhin so sein, deshalb m\u00fcssen wir strenger auf Nachhaltigkeit achten und unter Verwendung modernster Anbaumethoden die vorhandenen Ressourcen optimal nutzen und jegliche Anwendung von Herbiziden ablehnen, um die R\u00fcckgewinnung eines nat\u00fcrlichen \u00d6kosystems in unserem Umfeld zu f\u00f6rdern.<\/p>\n<p>&nbsp;<\/p>\n<p>In einer geschmackvollen und originellen Dose pr\u00e4sentiert, wird das Native Oliven\u00f6l Extra \u201eDas Land das ich liebe\u201c aus Oliven der Sorte Arbequina erzeugt, die auf unserem Anwesen Cortijo Guadiana geerntet werden: Das Land das wir lieben und das unsere Familie mehr als zwei Jahrhunderte vereint. Ein Arbequina-\u00d6l h\u00f6chster Qualit\u00e4t, ideal f\u00fcr alle Zubereitungen in der K\u00fcche.<\/p>\n<p>&nbsp;<\/p>\n<h6>BESCHREIBUNG<\/h6>\n<p>Dieses Arbequina-\u00d6l, aus s\u00fc\u00dfen, ausgereiften Oliven hergestellt, weckt Erinnerungen an Mandel und Banane und wird in einer originellen Dose pr\u00e4sentiert: Die Dose zeigt sorgf\u00e4ltig und geschmackvoll gezeichnete Olivenzweige und -bl\u00fcten, die die Sch\u00f6nheit unserer Olivenhaine widerspiegeln.<\/p>\n<p>&nbsp;<\/p>\n<h6>ZUS\u00c4TZLICHE INFORMATION<\/h6>\n<p><span style=\"text-decoration: underline;\">Anwendungsvorschl\u00e4ge<\/span>: Dieses Native Oliven\u00f6l Extra ist unentbehrlich bei allen Zubereitungen in der K\u00fcche und besonders zum Braten geeignet.<\/p>\n<p>&nbsp;<\/p>\n<p>Bitte k\u00fchl und gesch\u00fctzt vor Licht und W\u00e4rme aufbewahren.<\/p>\n","protected":false},"excerpt":{"rendered":"<p>Natives Oliven\u00f6l extra von h\u00f6chster Qualit\u00e4t aus Oliven der Sorte Arbequina, die auf dem Landgut namens Cortijo Guadiana in der Provinz Ja\u00e9n angebaut werden. \u201eFrom the land I love\u201c ist das Ergebnis guter Arbeit und ideal f\u00fcr alle Anwendungen in Ihrer K\u00fcche.<br \/>\nWir k\u00fcmmern uns um die Erde, um uns um Sie zu k\u00fcmmern.<\/p>\n","protected":false},"featured_media":49605,"template":"","meta":{"_acf_changed":false,"wprm-recipe-roundup-name":"","wprm-recipe-roundup-description":""},"product_cat":[3068],"product_tag":[],"class_list":{"0":"post-28432","1":"product","2":"type-product","3":"status-publish","4":"has-post-thumbnail","6":"product_cat-natives-olivenol-extra","8":"first","9":"instock","10":"purchasable","11":"product-type-simple"},"acf":[],"yoast_head":"<!-- This site is optimized with the Yoast SEO plugin v25.6 - https:\/\/yoast.com\/wordpress\/plugins\/seo\/ -->\n<title>NATIVES OLIVEN\u00d6L EXTRA ARBEQUINA DAS LAND DAS ICH LIEBE - Castillo de Canena<\/title>\n<meta name=\"description\" content=\"Die Tierra Que Amo Arbequina kredenzt Ihnen den Wohlgeschmack f\u00fcr Ihre Rezepte mit diesem Nativen Oliven\u00f6l Extra, hergestellt aus den besten Oliven unseres Terrains.\" \/>\n<meta name=\"robots\" content=\"index, follow, max-snippet:-1, max-image-preview:large, max-video-preview:-1\" \/>\n<link rel=\"canonical\" href=\"https:\/\/www.castillodecanena.com\/de\/producto\/natives-olivenol-extra-arbequina-das-land-das-ich-liebe\/\" \/>\n<meta property=\"og:locale\" content=\"de_DE\" \/>\n<meta property=\"og:type\" content=\"article\" \/>\n<meta property=\"og:title\" content=\"NATIVES OLIVEN\u00d6L EXTRA ARBEQUINA DAS LAND DAS ICH LIEBE - Castillo de Canena\" \/>\n<meta property=\"og:description\" content=\"Die Tierra Que Amo Arbequina kredenzt Ihnen den Wohlgeschmack f\u00fcr Ihre Rezepte mit diesem Nativen Oliven\u00f6l Extra, hergestellt aus den besten Oliven unseres Terrains.\" \/>\n<meta property=\"og:url\" content=\"https:\/\/www.castillodecanena.com\/de\/producto\/natives-olivenol-extra-arbequina-das-land-das-ich-liebe\/\" \/>\n<meta property=\"og:site_name\" content=\"Castillo de Canena\" \/>\n<meta property=\"article:publisher\" content=\"https:\/\/www.facebook.com\/Castillo.de.Canena\" \/>\n<meta property=\"article:modified_time\" content=\"2023-11-27T00:00:11+00:00\" \/>\n<meta property=\"og:image\" content=\"https:\/\/www.castillodecanena.com\/wp-content\/uploads\/2022\/04\/lata_aove_arbequina-3.jpg\" \/>\n\t<meta property=\"og:image:width\" content=\"1600\" \/>\n\t<meta property=\"og:image:height\" content=\"1600\" \/>\n\t<meta property=\"og:image:type\" content=\"image\/jpeg\" \/>\n<meta name=\"twitter:card\" content=\"summary_large_image\" \/>\n<meta name=\"twitter:site\" content=\"@CastillodCanena\" \/>\n<script type=\"application\/ld+json\" class=\"yoast-schema-graph\">{\"@context\":\"https:\/\/schema.org\",\"@graph\":[{\"@type\":[\"WebPage\",\"ItemPage\"],\"@id\":\"https:\/\/www.castillodecanena.com\/de\/producto\/natives-olivenol-extra-arbequina-das-land-das-ich-liebe\/\",\"url\":\"https:\/\/www.castillodecanena.com\/de\/producto\/natives-olivenol-extra-arbequina-das-land-das-ich-liebe\/\",\"name\":\"NATIVES OLIVEN\u00d6L EXTRA ARBEQUINA DAS LAND DAS ICH LIEBE - Castillo de Canena\",\"isPartOf\":{\"@id\":\"https:\/\/www.castillodecanena.com\/de\/#website\"},\"primaryImageOfPage\":{\"@id\":\"https:\/\/www.castillodecanena.com\/de\/producto\/natives-olivenol-extra-arbequina-das-land-das-ich-liebe\/#primaryimage\"},\"image\":{\"@id\":\"https:\/\/www.castillodecanena.com\/de\/producto\/natives-olivenol-extra-arbequina-das-land-das-ich-liebe\/#primaryimage\"},\"thumbnailUrl\":\"https:\/\/www.castillodecanena.com\/wp-content\/uploads\/2022\/04\/lata_aove_arbequina-3.jpg\",\"datePublished\":\"2022-04-11T22:09:00+00:00\",\"dateModified\":\"2023-11-27T00:00:11+00:00\",\"description\":\"Die Tierra Que Amo Arbequina kredenzt Ihnen den Wohlgeschmack f\u00fcr Ihre Rezepte mit diesem Nativen Oliven\u00f6l Extra, hergestellt aus den besten Oliven unseres Terrains.\",\"breadcrumb\":{\"@id\":\"https:\/\/www.castillodecanena.com\/de\/producto\/natives-olivenol-extra-arbequina-das-land-das-ich-liebe\/#breadcrumb\"},\"inLanguage\":\"de\",\"potentialAction\":[{\"@type\":\"ReadAction\",\"target\":[\"https:\/\/www.castillodecanena.com\/de\/producto\/natives-olivenol-extra-arbequina-das-land-das-ich-liebe\/\"]}]},{\"@type\":\"ImageObject\",\"inLanguage\":\"de\",\"@id\":\"https:\/\/www.castillodecanena.com\/de\/producto\/natives-olivenol-extra-arbequina-das-land-das-ich-liebe\/#primaryimage\",\"url\":\"https:\/\/www.castillodecanena.com\/wp-content\/uploads\/2022\/04\/lata_aove_arbequina-3.jpg\",\"contentUrl\":\"https:\/\/www.castillodecanena.com\/wp-content\/uploads\/2022\/04\/lata_aove_arbequina-3.jpg\",\"width\":1600,\"height\":1600},{\"@type\":\"BreadcrumbList\",\"@id\":\"https:\/\/www.castillodecanena.com\/de\/producto\/natives-olivenol-extra-arbequina-das-land-das-ich-liebe\/#breadcrumb\",\"itemListElement\":[{\"@type\":\"ListItem\",\"position\":1,\"name\":\"Home\",\"item\":\"https:\/\/www.castillodecanena.com\/de\/\"},{\"@type\":\"ListItem\",\"position\":2,\"name\":\"Gesch\u00e4ft\",\"item\":\"https:\/\/www.castillodecanena.com\/de\/geschaft\/\"},{\"@type\":\"ListItem\",\"position\":3,\"name\":\"NATIVES OLIVEN\u00d6L EXTRA ARBEQUINA DAS LAND DAS ICH LIEBE\"}]},{\"@type\":\"WebSite\",\"@id\":\"https:\/\/www.castillodecanena.com\/de\/#website\",\"url\":\"https:\/\/www.castillodecanena.com\/de\/\",\"name\":\"Castillo de Canena\",\"description\":\"Aceites de Oliva virgen extra Premium\",\"publisher\":{\"@id\":\"https:\/\/www.castillodecanena.com\/de\/#organization\"},\"potentialAction\":[{\"@type\":\"SearchAction\",\"target\":{\"@type\":\"EntryPoint\",\"urlTemplate\":\"https:\/\/www.castillodecanena.com\/de\/?s={search_term_string}\"},\"query-input\":{\"@type\":\"PropertyValueSpecification\",\"valueRequired\":true,\"valueName\":\"search_term_string\"}}],\"inLanguage\":\"de\"},{\"@type\":\"Organization\",\"@id\":\"https:\/\/www.castillodecanena.com\/de\/#organization\",\"name\":\"Castillo de Canena\",\"url\":\"https:\/\/www.castillodecanena.com\/de\/\",\"logo\":{\"@type\":\"ImageObject\",\"inLanguage\":\"de\",\"@id\":\"https:\/\/www.castillodecanena.com\/de\/#\/schema\/logo\/image\/\",\"url\":\"https:\/\/castillodecanena.com\/wp-content\/uploads\/2021\/08\/logo_castillo-de-canena_small.webp\",\"contentUrl\":\"https:\/\/castillodecanena.com\/wp-content\/uploads\/2021\/08\/logo_castillo-de-canena_small.webp\",\"width\":250,\"height\":174,\"caption\":\"Castillo de Canena\"},\"image\":{\"@id\":\"https:\/\/www.castillodecanena.com\/de\/#\/schema\/logo\/image\/\"},\"sameAs\":[\"https:\/\/www.facebook.com\/Castillo.de.Canena\",\"https:\/\/x.com\/CastillodCanena\",\"https:\/\/www.instagram.com\/castillodecanena\/\",\"https:\/\/www.linkedin.com\/company\/castillo-de-canena-olive-juice\",\"https:\/\/www.pinterest.es\/castillodcanena\/\",\"https:\/\/www.youtube.com\/channel\/UCL64xPwm_9Atq2y1JxmwnxQ\",\"https:\/\/es.wikipedia.org\/wiki\/Castillo_de_Canena_(empresa)\"]}]}<\/script>\n<!-- \/ Yoast SEO plugin. -->","yoast_head_json":{"title":"NATIVES OLIVEN\u00d6L EXTRA ARBEQUINA DAS LAND DAS ICH LIEBE - Castillo de Canena","description":"Die Tierra Que Amo Arbequina kredenzt Ihnen den Wohlgeschmack f\u00fcr Ihre Rezepte mit diesem Nativen Oliven\u00f6l Extra, hergestellt aus den besten Oliven unseres Terrains.","robots":{"index":"index","follow":"follow","max-snippet":"max-snippet:-1","max-image-preview":"max-image-preview:large","max-video-preview":"max-video-preview:-1"},"canonical":"https:\/\/www.castillodecanena.com\/de\/producto\/natives-olivenol-extra-arbequina-das-land-das-ich-liebe\/","og_locale":"de_DE","og_type":"article","og_title":"NATIVES OLIVEN\u00d6L EXTRA ARBEQUINA DAS LAND DAS ICH LIEBE - Castillo de Canena","og_description":"Die Tierra Que Amo Arbequina kredenzt Ihnen den Wohlgeschmack f\u00fcr Ihre Rezepte mit diesem Nativen Oliven\u00f6l Extra, hergestellt aus den besten Oliven unseres Terrains.","og_url":"https:\/\/www.castillodecanena.com\/de\/producto\/natives-olivenol-extra-arbequina-das-land-das-ich-liebe\/","og_site_name":"Castillo de Canena","article_publisher":"https:\/\/www.facebook.com\/Castillo.de.Canena","article_modified_time":"2023-11-27T00:00:11+00:00","og_image":[{"width":1600,"height":1600,"url":"https:\/\/www.castillodecanena.com\/wp-content\/uploads\/2022\/04\/lata_aove_arbequina-3.jpg","type":"image\/jpeg"}],"twitter_card":"summary_large_image","twitter_site":"@CastillodCanena","schema":{"@context":"https:\/\/schema.org","@graph":[{"@type":["WebPage","ItemPage"],"@id":"https:\/\/www.castillodecanena.com\/de\/producto\/natives-olivenol-extra-arbequina-das-land-das-ich-liebe\/","url":"https:\/\/www.castillodecanena.com\/de\/producto\/natives-olivenol-extra-arbequina-das-land-das-ich-liebe\/","name":"NATIVES OLIVEN\u00d6L EXTRA ARBEQUINA DAS LAND DAS ICH LIEBE - Castillo de Canena","isPartOf":{"@id":"https:\/\/www.castillodecanena.com\/de\/#website"},"primaryImageOfPage":{"@id":"https:\/\/www.castillodecanena.com\/de\/producto\/natives-olivenol-extra-arbequina-das-land-das-ich-liebe\/#primaryimage"},"image":{"@id":"https:\/\/www.castillodecanena.com\/de\/producto\/natives-olivenol-extra-arbequina-das-land-das-ich-liebe\/#primaryimage"},"thumbnailUrl":"https:\/\/www.castillodecanena.com\/wp-content\/uploads\/2022\/04\/lata_aove_arbequina-3.jpg","datePublished":"2022-04-11T22:09:00+00:00","dateModified":"2023-11-27T00:00:11+00:00","description":"Die Tierra Que Amo Arbequina kredenzt Ihnen den Wohlgeschmack f\u00fcr Ihre Rezepte mit diesem Nativen Oliven\u00f6l Extra, hergestellt aus den besten Oliven unseres Terrains.","breadcrumb":{"@id":"https:\/\/www.castillodecanena.com\/de\/producto\/natives-olivenol-extra-arbequina-das-land-das-ich-liebe\/#breadcrumb"},"inLanguage":"de","potentialAction":[{"@type":"ReadAction","target":["https:\/\/www.castillodecanena.com\/de\/producto\/natives-olivenol-extra-arbequina-das-land-das-ich-liebe\/"]}]},{"@type":"ImageObject","inLanguage":"de","@id":"https:\/\/www.castillodecanena.com\/de\/producto\/natives-olivenol-extra-arbequina-das-land-das-ich-liebe\/#primaryimage","url":"https:\/\/www.castillodecanena.com\/wp-content\/uploads\/2022\/04\/lata_aove_arbequina-3.jpg","contentUrl":"https:\/\/www.castillodecanena.com\/wp-content\/uploads\/2022\/04\/lata_aove_arbequina-3.jpg","width":1600,"height":1600},{"@type":"BreadcrumbList","@id":"https:\/\/www.castillodecanena.com\/de\/producto\/natives-olivenol-extra-arbequina-das-land-das-ich-liebe\/#breadcrumb","itemListElement":[{"@type":"ListItem","position":1,"name":"Home","item":"https:\/\/www.castillodecanena.com\/de\/"},{"@type":"ListItem","position":2,"name":"Gesch\u00e4ft","item":"https:\/\/www.castillodecanena.com\/de\/geschaft\/"},{"@type":"ListItem","position":3,"name":"NATIVES OLIVEN\u00d6L EXTRA ARBEQUINA DAS LAND DAS ICH LIEBE"}]},{"@type":"WebSite","@id":"https:\/\/www.castillodecanena.com\/de\/#website","url":"https:\/\/www.castillodecanena.com\/de\/","name":"Castillo de Canena","description":"Aceites de Oliva virgen extra Premium","publisher":{"@id":"https:\/\/www.castillodecanena.com\/de\/#organization"},"potentialAction":[{"@type":"SearchAction","target":{"@type":"EntryPoint","urlTemplate":"https:\/\/www.castillodecanena.com\/de\/?s={search_term_string}"},"query-input":{"@type":"PropertyValueSpecification","valueRequired":true,"valueName":"search_term_string"}}],"inLanguage":"de"},{"@type":"Organization","@id":"https:\/\/www.castillodecanena.com\/de\/#organization","name":"Castillo de Canena","url":"https:\/\/www.castillodecanena.com\/de\/","logo":{"@type":"ImageObject","inLanguage":"de","@id":"https:\/\/www.castillodecanena.com\/de\/#\/schema\/logo\/image\/","url":"https:\/\/castillodecanena.com\/wp-content\/uploads\/2021\/08\/logo_castillo-de-canena_small.webp","contentUrl":"https:\/\/castillodecanena.com\/wp-content\/uploads\/2021\/08\/logo_castillo-de-canena_small.webp","width":250,"height":174,"caption":"Castillo de Canena"},"image":{"@id":"https:\/\/www.castillodecanena.com\/de\/#\/schema\/logo\/image\/"},"sameAs":["https:\/\/www.facebook.com\/Castillo.de.Canena","https:\/\/x.com\/CastillodCanena","https:\/\/www.instagram.com\/castillodecanena\/","https:\/\/www.linkedin.com\/company\/castillo-de-canena-olive-juice","https:\/\/www.pinterest.es\/castillodcanena\/","https:\/\/www.youtube.com\/channel\/UCL64xPwm_9Atq2y1JxmwnxQ","https:\/\/es.wikipedia.org\/wiki\/Castillo_de_Canena_(empresa)"]}]}},"_links":{"self":[{"href":"https:\/\/www.castillodecanena.com\/de\/wp-json\/wp\/v2\/product\/28432","targetHints":{"allow":["GET"]}}],"collection":[{"href":"https:\/\/www.castillodecanena.com\/de\/wp-json\/wp\/v2\/product"}],"about":[{"href":"https:\/\/www.castillodecanena.com\/de\/wp-json\/wp\/v2\/types\/product"}],"wp:featuredmedia":[{"embeddable":true,"href":"https:\/\/www.castillodecanena.com\/de\/wp-json\/wp\/v2\/media\/49605"}],"wp:attachment":[{"href":"https:\/\/www.castillodecanena.com\/de\/wp-json\/wp\/v2\/media?parent=28432"}],"wp:term":[{"taxonomy":"product_cat","embeddable":true,"href":"https:\/\/www.castillodecanena.com\/de\/wp-json\/wp\/v2\/product_cat?post=28432"},{"taxonomy":"product_tag","embeddable":true,"href":"https:\/\/www.castillodecanena.com\/de\/wp-json\/wp\/v2\/product_tag?post=28432"}],"curies":[{"name":"wp","href":"https:\/\/api.w.org\/{rel}","templated":true}]}}