{"id":36606,"date":"2019-08-22T09:03:02","date_gmt":"2019-08-22T09:03:02","guid":{"rendered":"https:\/\/dev-castillo-de-canena.pantheonsite.io\/politica-de-privacidad\/"},"modified":"2022-08-30T07:37:52","modified_gmt":"2022-08-30T07:37:52","slug":"privacy-policy","status":"publish","type":"page","link":"https:\/\/www.castillodecanena.com\/en\/privacy-policy\/","title":{"rendered":"Privacy Policy"},"content":{"rendered":"<p>LSSICE<\/p>\r\n<p>ADAPTATION TO LAW 34\/2002 ON SERVICES OF THE INFORMATION SOCIETY AND ELECTRONIC COMMERCE (LSSICE).<\/p>\r\n<p>LEGAL WARNING:<\/p>\r\n<p>In compliance with article 10 of Law 34\/2002, of July 11, on Services of the Information Society and Electronic Commerce (LSSICE), the entity&#8217;s identification data is detailed below:<\/p>\r\n<p>CASTILLO DE CANENA OLIVE JUICE SL<\/p>\r\n<p>Company name: CASTILLO DE CANENA OLIVE JUICE SL<\/p>\r\n<p>NIF: B23514623<\/p>\r\n<p>Address: C\/ REMEDIOS, 4 \u2013 23420 \u2013 CANENA \u2013 JAEN<\/p>\r\n<p>Telephone: 953770101<\/p>\r\n<p>Email: dpd@castillodecanena.com<\/p>\r\n<p>PURPOSE OF THE WEB PAGE.<\/p>\r\n<p>The purpose of the website www.castillodecanena.com is to present the company, our values, as well as the different products we sell.<\/p>\r\n<p>This legal notice (hereinafter, the &#8220;Legal Notice&#8221;) regulates the use of the website: www.castillodecanena.com<\/p>\r\n<p>LEGISLATION.<\/p>\r\n<p>In general, the relations between CASTILLO DE CANENA OLIVE JUICE SL CASTILLO DE CANENA OLIVE JUICE SL and the Users of its telematic services, present on this website, are subject to Spanish legislation and jurisdiction.<\/p>\r\n<p>USE AND ACCESS OF USERS.<\/p>\r\n<p>The User is informed, and accepts, that access to this website does not imply, in any way, the beginning of a commercial relationship with CASTILLO DE CANENA OLIVE JUICE SL or any of its delegations.<\/p>\r\n<p>INTELLECTUAL AND INDUSTRIAL PROPERTY.<\/p>\r\n<p>The intellectual property rights of the content of the web pages, their graphic design and codes are the property of CASTILLO DE CANENA OLIVE JUICE SL CASTILLO DE CANENA OLIVE JUICE SL and, therefore, their reproduction, distribution, public communication, transformation or any other activity that can be carried out with the contents of its web pages, not even citing the sources, except with the written consent of CASTILLO DE CANENA OLIVE JUICE SL CASTILLO DE CANENA OLIVE JUICE SL.<\/p>\r\n<p>CONTENT OF THE WEB AND LINKS (LINKS).<\/p>\r\n<p>CASTILLO DE CANENA OLIVE JUICE SL CASTILLO DE CANENA OLIVE JUICE SL reserves the right to update, modify or eliminate the information contained in its web pages and may even limit or deny access to said information to certain users.<\/p>\r\n<p>CASTILLO DE CANENA OLIVE JUICE SL CASTILLO DE CANENA OLIVE JUICE SL does not assume any responsibility for the information contained in third-party web pages that can be accessed through \u201clinks\u201d or links from any web page owned by CASTILLO DE CANENA OLIVE JUICE SL CASTILLO DE CANENA OLIVE JUICE SL. The presence of &#8220;links&#8221; or links on the web pages of CASTILLO DE CANENA OLIVE JUICE SL CASTILLO DE CANENA OLIVE JUICE SL is for informational purposes only and in no case does it imply a suggestion, invitation or recommendation about them.<\/p>\r\n<p>COOKIES POLICY.<\/p>\r\n<p>CASTILLO DE CANENA OLIVE JUICE SL CASTILLO DE CANENA OLIVE JUICE SL, through this document, collects its Policy for the collection and treatment of cookies, in compliance with the provisions of article 22.2 of Law 34\/2002, of July 11, of Services of the Information Society and Electronic Commerce (LSSICE).<\/p>\r\n<p>Cookies are stored in the user&#8217;s terminal equipment (computer or mobile device) and collect information when visiting the website www.castillodecanena.com, with the aim of improving their usability, knowing the browsing habits or needs of users. users to be able to adapt to them, as well as obtain information for statistical purposes. In the case of those users who are already clients of the entity, the information collected with the cookies will also serve to identify them when accessing the different tools that the entity makes available to them for the management of services.<\/p>\r\n<p>This Cookies Policy will apply to those users who voluntarily visit the entity&#8217;s web pages, complete data collection forms, access the tools that the entity makes available to its customers to manage its services, or use any other service present on the website that involves the communication of data to the entity, or access to data by the entity, for the provision of its services.<\/p>\r\n<p>The entity informs users of its web pages of the existence of cookies and makes this Policy available to them in order to inform them about their use and purpose. The fact of continuing browsing through its pages implies knowledge and acceptance of this Policy by said users.<\/p>\r\n<p>CASTILLO DE CANENA OLIVE JUICE SL CASTILLO DE CANENA OLIVE JUICE SL uses the following types of cookies:<\/p>\r\n<p>Classified by ownership:<\/p>\r\n<p>* Own cookies: sent and managed directly by the entity.<\/p>\r\n<p>* Third-party cookies: sent and managed by a third party outside the entity, anonymously, in order to carry out statistical studies of browsing the web pages of the company.<\/p>\r\n<p>entity.<\/p>\r\n<p>Classified by their purpose:<\/p>\r\n<p>* Technical and\/or personalization cookies: they facilitate navigation, by identifying the session, allowing access to restricted access tools, as well as customizing the available options. They enable the provision of the service previously requested by the user.<\/p>\r\n<p>* Analysis and\/or advertising cookies: they allow to know the number of visits received in the different sections of the web pages, the habits and tendencies of its users and consequently, to be able to improve the navigation and the service offered by the entity (fundamentally, Google Analytics), as well as manage the advertising spaces included in the website visited by the user. It collects data anonymously in order to obtain user browsing profiles.<\/p>\r\n<p>Classified by their duration:<\/p>\r\n<p>* Session cookies: collect and store data while the user accesses the website.<\/p>\r\n<p>* Persistent cookies: collect and store data in the user&#8217;s terminal for a variable period of time depending on the purpose for which they have been used.<\/p>\r\n<p>The conservation time of the cookies will depend on the type in question and will always be the minimum necessary to fulfill its purpose.<\/p>\r\n<p>In any case, users can configure their browser so that the reception of all or some of the cookies is disabled or blocked. The fact of not wishing to receive these cookies does not constitute an impediment to being able to access the information on the entity&#8217;s websites, although the use of some services may be limited. If once the consent for the reception of cookies has been granted, it is desired to withdraw it, those stored in the user&#8217;s computer must be eliminated, through the options of the different browsers.<\/p>\r\n<p>The way to configure the different browsers to exercise the actions indicated in the previous paragraphs, can be consulted at:<\/p>\r\n<p>* Explorer: http:\/\/windows.microsoft.com\/es-es\/windows7\/how-to-manage-cookies-in-internet-explorer-9<\/p>\r\n<p>* Chrome: https:\/\/support.google.com\/chrome\/answer\/95647?hl=en<\/p>\r\n<p>* Firefox: http:\/\/support.mozilla.org\/es\/kb\/cookies-informacion-que-los-sitios-web-guardan-en-?redirectlocale=en-US&amp;redirectslug=Cookies[vc_row][vc_column][vc_column_text]<\/p>\r\n\r\n<p><strong>LSSICE<\/strong><\/p>\r\n<p>ADAPTACI\u00d3N A LA LEY 34\/2002 DE SERVICIOS DE LA SOCIEDAD DE LA INFORMACI\u00d3N Y COMERCIO ELECTR\u00d3NICO (LSSICE).<\/p>\r\n<p><strong><em>AVISO LEGAL:<\/em><\/strong><\/p>\r\n<p><em>En cumplimiento del art\u00edculo 10 de la Ley 34\/2002, de \u00a011 de julio, de Servicios de la Sociedad de la Informaci\u00f3n y Comercio Electr\u00f3nico (LSSICE) a continuaci\u00f3n se detallan los datos identificativos de la entidad:<\/em><\/p>\r\n<p><em>CASTILLO DE CANENA OLIVE JUICE SL<\/em><\/p>\r\n<p><em>Raz\u00f3n social: CASTILLO DE CANENA OLIVE JUICE SL<\/em><\/p>\r\n<p><em>NIF: B23514623<\/em><\/p>\r\n<p><em>Direcci\u00f3n: C\/ REMEDIOS, 4 \u2013 23420 \u2013 CANENA \u2013 JAEN<\/em><\/p>\r\n<p><em>Tel\u00e9fono: 953770101<\/em><\/p>\r\n<p><em>Email: dpd@castillodecanena.com<\/em><\/p>\r\n<p><strong><em>FINALIDAD DE LA P\u00c1GINA WEB.<\/em><\/strong><\/p>\r\n<p><em>La finalidad de la web\u00a0<\/em><a href=\"https:\/\/www.castillodecanena.com\/en\/\"><em>www.castillodecanena.com<\/em><\/a><em>\u00a0tiene como objeto la presentaci\u00f3n de la compa\u00f1\u00eda, nuestros valores, as\u00ed como de los diferentes productos que comercializamos.<\/em><em>\u00a0<\/em><\/p>\r\n<p><em>El presente aviso legal (en adelante, el \u201cAviso Legal\u201d) regula el uso del sitio web:\u00a0<a href=\"https:\/\/www.castillodecanena.com\/en\/\">www.castillodecanena.com<\/a><\/em><\/p>\r\n<p><strong><em>LEGISLACI\u00d3N.<\/em><\/strong><\/p>\r\n<p><em>Con car\u00e1cter general las relaciones entre CASTILLO DE CANENA OLIVE JUICE SL CASTILLO DE CANENA OLIVE JUICE SL y los Usuarios de sus servicios telem\u00e1ticos, presentes en este sitio web, se encuentran sometidas a la legislaci\u00f3n y jurisdicci\u00f3n espa\u00f1olas.<\/em><\/p>\r\n<p><strong><em>USO Y ACCESO DE USUARIOS.<\/em><\/strong><\/p>\r\n<p><em>El Usuario queda informado, y acepta, que el acceso a la presente web no supone, en modo alguno, el inicio de una relaci\u00f3n comercial con CASTILLO DE CANENA OLIVE JUICE SL o cualquiera de sus delegaciones.<\/em><\/p>\r\n<p><strong><em>PROPIEDAD INTELECTUAL E INDUSTRIAL.<\/em><\/strong><\/p>\r\n<p><em>Los derechos de propiedad intelectual del contenido de las p\u00e1ginas web, su dise\u00f1o gr\u00e1fico y c\u00f3digos son titularidad de CASTILLO DE CANENA OLIVE JUICE SL CASTILLO DE CANENA OLIVE JUICE SL y, por tanto, queda prohibida su reproducci\u00f3n, distribuci\u00f3n, comunicaci\u00f3n p\u00fablica, transformaci\u00f3n o cualquier otra actividad que se pueda realizar con los contenidos de sus p\u00e1ginas web ni aun citando las fuentes, salvo consentimiento por escrito de CASTILLO DE CANENA OLIVE JUICE SL CASTILLO DE CANENA OLIVE JUICE SL.<\/em><\/p>\r\n<p><strong><em>CONTENIDO DE LA WEB Y ENLACES (LINKS).<\/em><\/strong><\/p>\r\n<p><em>CASTILLO DE CANENA OLIVE JUICE SL CASTILLO DE CANENA OLIVE JUICE SL \u00a0se reserva el derecho a actualizar, modificar o eliminar la informaci\u00f3n contenida en sus p\u00e1ginas web pudiendo incluso limitar o no permitir el acceso a dicha informaci\u00f3n a ciertos usuarios.<\/em><\/p>\r\n<p><em>CASTILLO DE CANENA OLIVE JUICE SL CASTILLO DE CANENA OLIVE JUICE SL no asume responsabilidad alguna por la informaci\u00f3n contenida en p\u00e1ginas web de terceros a las que se pueda acceder por \u201clinks\u201d o enlaces desde cualquier p\u00e1gina web propiedad de CASTILLO DE CANENA OLIVE JUICE SL CASTILLO DE CANENA OLIVE JUICE SL. La presencia de \u201clinks\u201d o enlaces en las p\u00e1ginas web de CASTILLO DE CANENA OLIVE JUICE SL CASTILLO DE CANENA OLIVE JUICE SL tiene finalidad meramente informativa y en ning\u00fan caso supone sugerencia, invitaci\u00f3n o recomendaci\u00f3n sobre los mismos.<\/em><\/p>\r\n<p><strong><em>POL\u00cdTICA DE COOKIES.<\/em><\/strong><\/p>\r\n<p><em>CASTILLO DE CANENA OLIVE JUICE SL CASTILLO DE CANENA OLIVE JUICE SL, a trav\u00e9s del presente documento, recoge su Pol\u00edtica de recogida y tratamiento de cookies, en cumplimiento de lo dispuesto en el art\u00edculo 22.2 de la Ley 34\/2002, de 11 de julio, de Servicios de la Sociedad de la Informaci\u00f3n y de Comercio Electr\u00f3nico (LSSICE).<\/em><\/p>\r\n<p><em>Las cookies se almacenan en el equipo terminal del usuario (ordenador o dispositivo m\u00f3vil) y recopilan informaci\u00f3n al visitar la p\u00e1gina web www.castillodecanena.com, con la finalidad de mejorar la usabilidad de las mismas, conocer los h\u00e1bitos o necesidades de navegaci\u00f3n de los usuarios para poder adaptarse a los mismos, as\u00ed como obtener informaci\u00f3n con fines estad\u00edsticos. En el caso de aquellos usuarios que ya sean clientes de la entidad, la informaci\u00f3n recabada con las cookies servir\u00e1 tambi\u00e9n para su identificaci\u00f3n al acceder a las distintas herramientas que la entidad pone a su disposici\u00f3n para la gesti\u00f3n de los servicios.<\/em><\/p>\r\n<p><em>La presente Pol\u00edtica de Cookies ser\u00e1 de aplicaci\u00f3n a aquellos usuarios que voluntariamente visitan las p\u00e1ginas web de la entidad, cumplimentan formularios de recogida de datos, acceden a las herramientas que la entidad pone a disposici\u00f3n de sus clientes para gestionar sus servicios, o utilizan cualquier otro servicio presente en el sitio web que implique la comunicaci\u00f3n de datos a la entidad, o el acceso a datos por la entidad, para la prestaci\u00f3n de sus servicios.<\/em><\/p>\r\n<p><em>La entidad informa a los usuarios de sus p\u00e1ginas web, de la existencia de cookies y pone a su disposici\u00f3n la presente Pol\u00edtica con la finalidad de informarles acerca del uso y del objeto de las mismas. El hecho de continuar la navegaci\u00f3n a trav\u00e9s de sus p\u00e1ginas, supone el conocimiento y la aceptaci\u00f3n de la presente Pol\u00edtica por parte de dichos usuarios.<\/em><\/p>\r\n<p><em>CASTILLO DE CANENA OLIVE JUICE SL CASTILLO DE CANENA OLIVE JUICE SL utiliza los siguientes tipos de cookies:<\/em><\/p>\r\n<p><em>\u00a0\u00a0 \u00a0 \u00a0 Clasificadas por su titularidad:<\/em><\/p>\r\n<p><em>\u00a0\u00a0 * \u00a0 Cookies propias: enviadas y gestionadas directamente por la entidad.<\/em><\/p>\r\n<p><em>\u00a0\u00a0 * \u00a0Cookies de terceros: enviadas y gestionadas por un tercero ajeno a la entidad, de forma an\u00f3nima, con la finalidad de realizar estudios estad\u00edsticos de navegaci\u00f3n por las p\u00e1ginas web de la entidad.<\/em><\/p>\r\n<p><em>\u00a0Clasificadas por su finalidad:<\/em><\/p>\r\n<p><em>\u00a0\u00a0 * Cookies t\u00e9cnicas y\/o de personalizaci\u00f3n: facilitan la navegaci\u00f3n, al identificar la sesi\u00f3n, permitir el acceso a herramientas de acceso restringido, adem\u00e1s de configurar a medida las opciones disponibles. Posibilitan la prestaci\u00f3n del servicio solicitado previamente por el usuario.<\/em><\/p>\r\n<p><em>\u00a0\u00a0 * \u00a0Cookies de an\u00e1lisis y\/o publicidad: permiten conocer el n\u00famero de visitas recibidas en las diferentes secciones de las p\u00e1ginas web, los h\u00e1bitos y tendencias de sus usuarios y en consecuencia, poder mejorar la navegaci\u00f3n y el servicio ofrecido por la entidad (fundamentalmente, Google Analytics), as\u00ed como gestionar los espacios publicitarios incluidos en la p\u00e1gina web visitada por el usuario. Recopila datos de forma an\u00f3nima con la finalidad de obtener perfiles de navegaci\u00f3n de los usuarios.<\/em><\/p>\r\n<p><em>\u00a0Clasificadas por su duraci\u00f3n:<\/em><\/p>\r\n<p><em>\u00a0\u00a0* \u00a0 Cookies de sesi\u00f3n: recaban y almacenan los datos mientras el usuario accede a la p\u00e1gina web.<\/em><\/p>\r\n<p><em>\u00a0\u00a0* \u00a0Cookies persistentes: recaban y almacenan los datos en el terminal del usuario durante un periodo de tiempo variable en funci\u00f3n de cu\u00e1l sea la finalidad para la que han sido utilizadas.<\/em><\/p>\r\n<p><em>El tiempo de conservaci\u00f3n de las cookies depender\u00e1 del tipo de que se trate y siempre ser\u00e1 el m\u00ednimo indispensable para cumplir su finalidad.<\/em><\/p>\r\n<p><em>En cualquier caso, los usuarios pueden configurar su navegador, de manera que se deshabilite o bloquee la recepci\u00f3n de todas o algunas de las cookies. El hecho de no desear recibir estas cookies, no constituye un impedimento para poder acceder a la informaci\u00f3n de los sitios web de la entidad aunque el uso de algunos servicios podr\u00e1 ser limitado. Si una vez otorgado el consentimiento para la recepci\u00f3n de cookies, se desease retirar \u00e9ste, se deber\u00e1n eliminar aquellas almacenadas en el equipo del usuario, a trav\u00e9s de las opciones de los diferentes navegadores.<\/em><\/p>\r\n<p><em>La forma de configurar los diferentes navegadores para ejercitar las acciones se\u00f1aladas en los p\u00e1rrafos anteriores, se puede consultar en:<\/em><\/p>\r\n<p><em>\u00a0\u00a0<\/em><em>* \u00a0 \u00a0Explorer:\u00a0<a href=\"http:\/\/windows.microsoft.com\/es-es\/windows7\/how-to-manage-cookies-in-internet-explorer-9\" target=\"_blank\" rel=\"noopener noreferrer\">http:\/\/windows.microsoft.com\/es-es\/windows7\/how-to-manage-cookies-in-internet-explorer-9<\/a><\/em><\/p>\r\n<p><em>\u00a0\u00a0* \u00a0 \u00a0Chrome:\u00a0<a href=\"https:\/\/support.google.com\/chrome\/answer\/95647?hl=es\" target=\"_blank\" rel=\"noopener noreferrer\">https:\/\/support.google.com\/chrome\/answer\/95647?hl=es<\/a><\/em><\/p>\r\n<p><em>\u00a0\u00a0* \u00a0 \u00a0Firefox:\u00a0<a href=\"http:\/\/support.mozilla.org\/es\/kb\/cookies-informacion-que-los-sitios-web-guardan-en-?redirectlocale=en-US&amp;redirectslug=Cookies\" target=\"_blank\" rel=\"noopener noreferrer\">http:\/\/support.mozilla.org\/es\/kb\/cookies-informacion-que-los-sitios-web-guardan-en-?redirectlocale=en-US&amp;redirectslug=Cookies<\/a><\/em><\/p>\r\n<p>[\/vc_column_text][\/vc_column][\/vc_row]<\/p>\r\n","protected":false},"excerpt":{"rendered":"<p>LSSICE ADAPTATION TO LAW 34\/2002 ON SERVICES OF THE INFORMATION SOCIETY AND ELECTRONIC COMMERCE (LSSICE). LEGAL WARNING: In compliance with article 10 of Law 34\/2002, of July 11, on Services [&hellip;]<\/p>\n","protected":false},"author":3,"featured_media":0,"parent":0,"menu_order":0,"comment_status":"closed","ping_status":"closed","template":"","meta":{"_acf_changed":false,"wprm-recipe-roundup-name":"","wprm-recipe-roundup-description":"","footnotes":""},"class_list":["post-36606","page","type-page","status-publish","hentry"],"acf":[],"yoast_head":"<!-- This site is optimized with the Yoast SEO plugin v25.6 - https:\/\/yoast.com\/wordpress\/plugins\/seo\/ -->\n<title>Privacy Policy - Castillo de Canena<\/title>\n<meta name=\"robots\" content=\"noindex, follow\" \/>\n<meta property=\"og:locale\" content=\"en_US\" \/>\n<meta property=\"og:type\" content=\"article\" \/>\n<meta property=\"og:title\" content=\"Privacy Policy - Castillo de Canena\" \/>\n<meta property=\"og:description\" content=\"LSSICE ADAPTATION TO LAW 34\/2002 ON SERVICES OF THE INFORMATION SOCIETY AND ELECTRONIC COMMERCE (LSSICE). LEGAL WARNING: In compliance with article 10 of Law 34\/2002, of July 11, on Services [&hellip;]\" \/>\n<meta property=\"og:url\" content=\"https:\/\/www.castillodecanena.com\/en\/privacy-policy\/\" \/>\n<meta property=\"og:site_name\" content=\"Castillo de Canena\" \/>\n<meta property=\"article:publisher\" content=\"https:\/\/www.facebook.com\/Castillo.de.Canena\" \/>\n<meta property=\"article:modified_time\" content=\"2022-08-30T07:37:52+00:00\" \/>\n<meta name=\"twitter:card\" content=\"summary_large_image\" \/>\n<meta name=\"twitter:site\" content=\"@CastillodCanena\" \/>\n<script type=\"application\/ld+json\" class=\"yoast-schema-graph\">{\"@context\":\"https:\/\/schema.org\",\"@graph\":[{\"@type\":\"WebPage\",\"@id\":\"https:\/\/www.castillodecanena.com\/en\/privacy-policy\/\",\"url\":\"https:\/\/www.castillodecanena.com\/en\/privacy-policy\/\",\"name\":\"Privacy Policy - Castillo de Canena\",\"isPartOf\":{\"@id\":\"https:\/\/www.castillodecanena.com\/en\/#website\"},\"datePublished\":\"2019-08-22T09:03:02+00:00\",\"dateModified\":\"2022-08-30T07:37:52+00:00\",\"breadcrumb\":{\"@id\":\"https:\/\/www.castillodecanena.com\/en\/privacy-policy\/#breadcrumb\"},\"inLanguage\":\"en-US\",\"potentialAction\":[{\"@type\":\"ReadAction\",\"target\":[\"https:\/\/www.castillodecanena.com\/en\/privacy-policy\/\"]}]},{\"@type\":\"BreadcrumbList\",\"@id\":\"https:\/\/www.castillodecanena.com\/en\/privacy-policy\/#breadcrumb\",\"itemListElement\":[{\"@type\":\"ListItem\",\"position\":1,\"name\":\"Home\",\"item\":\"https:\/\/www.castillodecanena.com\/en\/\"},{\"@type\":\"ListItem\",\"position\":2,\"name\":\"Privacy Policy\"}]},{\"@type\":\"WebSite\",\"@id\":\"https:\/\/www.castillodecanena.com\/en\/#website\",\"url\":\"https:\/\/www.castillodecanena.com\/en\/\",\"name\":\"Castillo de Canena\",\"description\":\"Aceites de Oliva virgen extra Premium\",\"publisher\":{\"@id\":\"https:\/\/www.castillodecanena.com\/en\/#organization\"},\"potentialAction\":[{\"@type\":\"SearchAction\",\"target\":{\"@type\":\"EntryPoint\",\"urlTemplate\":\"https:\/\/www.castillodecanena.com\/en\/?s={search_term_string}\"},\"query-input\":{\"@type\":\"PropertyValueSpecification\",\"valueRequired\":true,\"valueName\":\"search_term_string\"}}],\"inLanguage\":\"en-US\"},{\"@type\":\"Organization\",\"@id\":\"https:\/\/www.castillodecanena.com\/en\/#organization\",\"name\":\"Castillo de Canena\",\"url\":\"https:\/\/www.castillodecanena.com\/en\/\",\"logo\":{\"@type\":\"ImageObject\",\"inLanguage\":\"en-US\",\"@id\":\"https:\/\/www.castillodecanena.com\/en\/#\/schema\/logo\/image\/\",\"url\":\"https:\/\/castillodecanena.com\/wp-content\/uploads\/2021\/08\/logo_castillo-de-canena_small.webp\",\"contentUrl\":\"https:\/\/castillodecanena.com\/wp-content\/uploads\/2021\/08\/logo_castillo-de-canena_small.webp\",\"width\":250,\"height\":174,\"caption\":\"Castillo de Canena\"},\"image\":{\"@id\":\"https:\/\/www.castillodecanena.com\/en\/#\/schema\/logo\/image\/\"},\"sameAs\":[\"https:\/\/www.facebook.com\/Castillo.de.Canena\",\"https:\/\/x.com\/CastillodCanena\",\"https:\/\/www.instagram.com\/castillodecanena\/\",\"https:\/\/www.linkedin.com\/company\/castillo-de-canena-olive-juice\",\"https:\/\/www.pinterest.es\/castillodcanena\/\",\"https:\/\/www.youtube.com\/channel\/UCL64xPwm_9Atq2y1JxmwnxQ\",\"https:\/\/es.wikipedia.org\/wiki\/Castillo_de_Canena_(empresa)\"]}]}<\/script>\n<!-- \/ Yoast SEO plugin. -->","yoast_head_json":{"title":"Privacy Policy - Castillo de Canena","robots":{"index":"noindex","follow":"follow"},"og_locale":"en_US","og_type":"article","og_title":"Privacy Policy - Castillo de Canena","og_description":"LSSICE ADAPTATION TO LAW 34\/2002 ON SERVICES OF THE INFORMATION SOCIETY AND ELECTRONIC COMMERCE (LSSICE). LEGAL WARNING: In compliance with article 10 of Law 34\/2002, of July 11, on Services [&hellip;]","og_url":"https:\/\/www.castillodecanena.com\/en\/privacy-policy\/","og_site_name":"Castillo de Canena","article_publisher":"https:\/\/www.facebook.com\/Castillo.de.Canena","article_modified_time":"2022-08-30T07:37:52+00:00","twitter_card":"summary_large_image","twitter_site":"@CastillodCanena","schema":{"@context":"https:\/\/schema.org","@graph":[{"@type":"WebPage","@id":"https:\/\/www.castillodecanena.com\/en\/privacy-policy\/","url":"https:\/\/www.castillodecanena.com\/en\/privacy-policy\/","name":"Privacy Policy - Castillo de Canena","isPartOf":{"@id":"https:\/\/www.castillodecanena.com\/en\/#website"},"datePublished":"2019-08-22T09:03:02+00:00","dateModified":"2022-08-30T07:37:52+00:00","breadcrumb":{"@id":"https:\/\/www.castillodecanena.com\/en\/privacy-policy\/#breadcrumb"},"inLanguage":"en-US","potentialAction":[{"@type":"ReadAction","target":["https:\/\/www.castillodecanena.com\/en\/privacy-policy\/"]}]},{"@type":"BreadcrumbList","@id":"https:\/\/www.castillodecanena.com\/en\/privacy-policy\/#breadcrumb","itemListElement":[{"@type":"ListItem","position":1,"name":"Home","item":"https:\/\/www.castillodecanena.com\/en\/"},{"@type":"ListItem","position":2,"name":"Privacy Policy"}]},{"@type":"WebSite","@id":"https:\/\/www.castillodecanena.com\/en\/#website","url":"https:\/\/www.castillodecanena.com\/en\/","name":"Castillo de Canena","description":"Aceites de Oliva virgen extra Premium","publisher":{"@id":"https:\/\/www.castillodecanena.com\/en\/#organization"},"potentialAction":[{"@type":"SearchAction","target":{"@type":"EntryPoint","urlTemplate":"https:\/\/www.castillodecanena.com\/en\/?s={search_term_string}"},"query-input":{"@type":"PropertyValueSpecification","valueRequired":true,"valueName":"search_term_string"}}],"inLanguage":"en-US"},{"@type":"Organization","@id":"https:\/\/www.castillodecanena.com\/en\/#organization","name":"Castillo de Canena","url":"https:\/\/www.castillodecanena.com\/en\/","logo":{"@type":"ImageObject","inLanguage":"en-US","@id":"https:\/\/www.castillodecanena.com\/en\/#\/schema\/logo\/image\/","url":"https:\/\/castillodecanena.com\/wp-content\/uploads\/2021\/08\/logo_castillo-de-canena_small.webp","contentUrl":"https:\/\/castillodecanena.com\/wp-content\/uploads\/2021\/08\/logo_castillo-de-canena_small.webp","width":250,"height":174,"caption":"Castillo de Canena"},"image":{"@id":"https:\/\/www.castillodecanena.com\/en\/#\/schema\/logo\/image\/"},"sameAs":["https:\/\/www.facebook.com\/Castillo.de.Canena","https:\/\/x.com\/CastillodCanena","https:\/\/www.instagram.com\/castillodecanena\/","https:\/\/www.linkedin.com\/company\/castillo-de-canena-olive-juice","https:\/\/www.pinterest.es\/castillodcanena\/","https:\/\/www.youtube.com\/channel\/UCL64xPwm_9Atq2y1JxmwnxQ","https:\/\/es.wikipedia.org\/wiki\/Castillo_de_Canena_(empresa)"]}]}},"_links":{"self":[{"href":"https:\/\/www.castillodecanena.com\/en\/wp-json\/wp\/v2\/pages\/36606","targetHints":{"allow":["GET"]}}],"collection":[{"href":"https:\/\/www.castillodecanena.com\/en\/wp-json\/wp\/v2\/pages"}],"about":[{"href":"https:\/\/www.castillodecanena.com\/en\/wp-json\/wp\/v2\/types\/page"}],"author":[{"embeddable":true,"href":"https:\/\/www.castillodecanena.com\/en\/wp-json\/wp\/v2\/users\/3"}],"replies":[{"embeddable":true,"href":"https:\/\/www.castillodecanena.com\/en\/wp-json\/wp\/v2\/comments?post=36606"}],"version-history":[{"count":0,"href":"https:\/\/www.castillodecanena.com\/en\/wp-json\/wp\/v2\/pages\/36606\/revisions"}],"wp:attachment":[{"href":"https:\/\/www.castillodecanena.com\/en\/wp-json\/wp\/v2\/media?parent=36606"}],"curies":[{"name":"wp","href":"https:\/\/api.w.org\/{rel}","templated":true}]}}