{"id":28301,"date":"2022-04-11T22:00:28","date_gmt":"2022-04-11T22:00:28","guid":{"rendered":"https:\/\/dev-castillo-de-canena.pantheonsite.io\/producto\/castillo-de-canena-with-marine-plankton\/"},"modified":"2023-11-27T00:00:13","modified_gmt":"2023-11-27T00:00:13","slug":"castillo-de-canena-with-marine-plankton","status":"publish","type":"product","link":"https:\/\/www.castillodecanena.com\/en\/producto\/castillo-de-canena-with-marine-plankton\/","title":{"rendered":"Castillo de Canena with Marine Plankton"},"content":{"rendered":"<p>A product with <strong>Extra Virgin Olive Oil Arbequino unique in the world<\/strong>. Infused with marine phytoplankton, its intense aroma is an explosion of sea flavour with the green and fruity taste of fresh olive juice.<\/p>\n<p>&nbsp;<\/p>\n<p>Made with the participation of \u00c1ngel Le\u00f3n, the prestigious Michelin-starred chef from C\u00e1diz, this is a 100% natural and vegan oil, as the plankton is of <strong>vegetable and not animal origin<\/strong>.<\/p>\n<p>&nbsp;<\/p>\n<p>Castillo de Canena with Marine Plankton represents a <strong>sensory experience for the palate,<\/strong> which allows you to enjoy and recreate a flavour that surprises with its originality, differentiation and for following the highest quality standards.<\/p>\n<p>&nbsp;<\/p>\n<p>Junto con <a href=\"\/en\/producto\/royal-temprano\/\">Royal Temprano<\/a>, <a href=\"\/en\/producto\/horizontal-tasting\/\">La Cata Horizontal<\/a>, <a href=\"\/en\/producto\/oak-smoked-castillo-de-canena\/\">Castillo de Canena al Humo de Roble<\/a>, <a href=\"\/en\/producto\/biodynamic-picual\/\">Biodin\u00e1mico Picual<\/a>, <a href=\"\/en\/producto\/biodynamic-arbequina\/\">Biodin\u00e1mico Arbequino<\/a> and <a href=\"\/en\/producto\/castillo-de-canena-with-harissa\/\">Castillo de Canena con Harissa<\/a>, Castillo de Canena with Marine Plankton make up our selection of<strong> 21st Century Oils<\/strong>, the most innovative product line of our brand.<\/p>\n<p>&nbsp;<\/p>\n<h6>DESCRIPTION<\/h6>\n<p>Castillo de Canena with Marine Plankton has an intense and bright green colour due to the plankton in suspension. It is very fresh and elegant, with a mild bitterness and a balanced spiciness, which disappears quickly. The mouthfeel is very sweet in balance with the salty hints of the sea.<\/p>\n<p>&nbsp;<\/p>\n<h6>ADDITIONAL INFORMATION<\/h6>\n<p><u>Serving suggestions<\/u>: Castillo de Canena with Plankton is ideal with rice dishes and seafood, grilled fish, pasta, octopus, fish tartar and ceviches. It is also a highly recommended oil for making mayonnaise and vinaigrette.<\/p>\n<p>&nbsp;<\/p>\n<p>It comes in a bottle whose <em>sleeve<\/em> or label completely surrounds it and evokes the micro-organisms that make up the phytoplankton and the green colour characteristic of the product.<\/p>\n<p>&nbsp;<\/p>\n<p>Store in a cool place away from light and heat.<\/p>\n","protected":false},"excerpt":{"rendered":"<p>Our arbequino extra virgin olive oil infused with marine phytoplankton. A unique product in the world, with an intense aroma and explosive taste of the sea, which is joined \u2013 surprisingly \u2013 by the green and fruity flavor of fresh olive juice.<\/p>\n<p>100% natural and vegan -since the plankton is of plant and not animal origin-, it offers us a different and unlimited world of gastronomic and culinary possibilities. An incredible experience that immerses us in a fresh and intense sea.<\/p>\n","protected":false},"featured_media":48554,"template":"","meta":{"_acf_changed":false,"wprm-recipe-roundup-name":"","wprm-recipe-roundup-description":""},"product_cat":[3051],"product_tag":[],"class_list":{"0":"post-28301","1":"product","2":"type-product","3":"status-publish","4":"has-post-thumbnail","6":"product_cat-innovators","8":"first","9":"instock","10":"purchasable","11":"product-type-simple"},"acf":[],"yoast_head":"<!-- This site is optimized with the Yoast SEO plugin v25.6 - https:\/\/yoast.com\/wordpress\/plugins\/seo\/ -->\n<title>Castillo de Canena with Marine Plankton - Castillo de Canena<\/title>\n<meta name=\"description\" content=\"Enjoy a sensory experience on the palate with this olive oil with marine plankton created by Castillo de Canena and chef \u00c1ngel Le\u00f3n.\" \/>\n<meta name=\"robots\" content=\"index, follow, max-snippet:-1, max-image-preview:large, max-video-preview:-1\" \/>\n<link rel=\"canonical\" href=\"https:\/\/www.castillodecanena.com\/en\/producto\/castillo-de-canena-with-marine-plankton\/\" \/>\n<meta property=\"og:locale\" content=\"en_US\" \/>\n<meta property=\"og:type\" content=\"article\" \/>\n<meta property=\"og:title\" content=\"Castillo de Canena with Marine Plankton - Castillo de Canena\" \/>\n<meta property=\"og:description\" content=\"Enjoy a sensory experience on the palate with this olive oil with marine plankton created by Castillo de Canena and chef \u00c1ngel Le\u00f3n.\" \/>\n<meta property=\"og:url\" content=\"https:\/\/www.castillodecanena.com\/en\/producto\/castillo-de-canena-with-marine-plankton\/\" \/>\n<meta property=\"og:site_name\" content=\"Castillo de Canena\" \/>\n<meta property=\"article:publisher\" content=\"https:\/\/www.facebook.com\/Castillo.de.Canena\" \/>\n<meta property=\"article:modified_time\" content=\"2023-11-27T00:00:13+00:00\" \/>\n<meta property=\"og:image\" content=\"https:\/\/www.castillodecanena.com\/wp-content\/uploads\/2022\/04\/aceite-castillo-de-canena-con-plancton-marino-250ml.jpg\" \/>\n\t<meta property=\"og:image:width\" content=\"1600\" \/>\n\t<meta property=\"og:image:height\" content=\"1600\" \/>\n\t<meta property=\"og:image:type\" content=\"image\/jpeg\" \/>\n<meta name=\"twitter:card\" content=\"summary_large_image\" \/>\n<meta name=\"twitter:site\" content=\"@CastillodCanena\" \/>\n<script type=\"application\/ld+json\" class=\"yoast-schema-graph\">{\"@context\":\"https:\/\/schema.org\",\"@graph\":[{\"@type\":[\"WebPage\",\"ItemPage\"],\"@id\":\"https:\/\/www.castillodecanena.com\/en\/producto\/castillo-de-canena-with-marine-plankton\/\",\"url\":\"https:\/\/www.castillodecanena.com\/en\/producto\/castillo-de-canena-with-marine-plankton\/\",\"name\":\"Castillo de Canena with Marine Plankton - Castillo de Canena\",\"isPartOf\":{\"@id\":\"https:\/\/www.castillodecanena.com\/en\/#website\"},\"primaryImageOfPage\":{\"@id\":\"https:\/\/www.castillodecanena.com\/en\/producto\/castillo-de-canena-with-marine-plankton\/#primaryimage\"},\"image\":{\"@id\":\"https:\/\/www.castillodecanena.com\/en\/producto\/castillo-de-canena-with-marine-plankton\/#primaryimage\"},\"thumbnailUrl\":\"https:\/\/www.castillodecanena.com\/wp-content\/uploads\/2022\/04\/aceite-castillo-de-canena-con-plancton-marino-250ml.jpg\",\"datePublished\":\"2022-04-11T22:00:28+00:00\",\"dateModified\":\"2023-11-27T00:00:13+00:00\",\"description\":\"Enjoy a sensory experience on the palate with this olive oil with marine plankton created by Castillo de Canena and chef \u00c1ngel Le\u00f3n.\",\"breadcrumb\":{\"@id\":\"https:\/\/www.castillodecanena.com\/en\/producto\/castillo-de-canena-with-marine-plankton\/#breadcrumb\"},\"inLanguage\":\"en-US\",\"potentialAction\":[{\"@type\":\"ReadAction\",\"target\":[\"https:\/\/www.castillodecanena.com\/en\/producto\/castillo-de-canena-with-marine-plankton\/\"]}]},{\"@type\":\"ImageObject\",\"inLanguage\":\"en-US\",\"@id\":\"https:\/\/www.castillodecanena.com\/en\/producto\/castillo-de-canena-with-marine-plankton\/#primaryimage\",\"url\":\"https:\/\/www.castillodecanena.com\/wp-content\/uploads\/2022\/04\/aceite-castillo-de-canena-con-plancton-marino-250ml.jpg\",\"contentUrl\":\"https:\/\/www.castillodecanena.com\/wp-content\/uploads\/2022\/04\/aceite-castillo-de-canena-con-plancton-marino-250ml.jpg\",\"width\":1600,\"height\":1600,\"caption\":\"Aceite con plancton marino 250ml\"},{\"@type\":\"BreadcrumbList\",\"@id\":\"https:\/\/www.castillodecanena.com\/en\/producto\/castillo-de-canena-with-marine-plankton\/#breadcrumb\",\"itemListElement\":[{\"@type\":\"ListItem\",\"position\":1,\"name\":\"Home\",\"item\":\"https:\/\/www.castillodecanena.com\/en\/\"},{\"@type\":\"ListItem\",\"position\":2,\"name\":\"Shop\",\"item\":\"https:\/\/www.castillodecanena.com\/en\/shop\/\"},{\"@type\":\"ListItem\",\"position\":3,\"name\":\"Castillo de Canena with Marine Plankton\"}]},{\"@type\":\"WebSite\",\"@id\":\"https:\/\/www.castillodecanena.com\/en\/#website\",\"url\":\"https:\/\/www.castillodecanena.com\/en\/\",\"name\":\"Castillo de Canena\",\"description\":\"Aceites de Oliva virgen extra Premium\",\"publisher\":{\"@id\":\"https:\/\/www.castillodecanena.com\/en\/#organization\"},\"potentialAction\":[{\"@type\":\"SearchAction\",\"target\":{\"@type\":\"EntryPoint\",\"urlTemplate\":\"https:\/\/www.castillodecanena.com\/en\/?s={search_term_string}\"},\"query-input\":{\"@type\":\"PropertyValueSpecification\",\"valueRequired\":true,\"valueName\":\"search_term_string\"}}],\"inLanguage\":\"en-US\"},{\"@type\":\"Organization\",\"@id\":\"https:\/\/www.castillodecanena.com\/en\/#organization\",\"name\":\"Castillo de Canena\",\"url\":\"https:\/\/www.castillodecanena.com\/en\/\",\"logo\":{\"@type\":\"ImageObject\",\"inLanguage\":\"en-US\",\"@id\":\"https:\/\/www.castillodecanena.com\/en\/#\/schema\/logo\/image\/\",\"url\":\"https:\/\/castillodecanena.com\/wp-content\/uploads\/2021\/08\/logo_castillo-de-canena_small.webp\",\"contentUrl\":\"https:\/\/castillodecanena.com\/wp-content\/uploads\/2021\/08\/logo_castillo-de-canena_small.webp\",\"width\":250,\"height\":174,\"caption\":\"Castillo de Canena\"},\"image\":{\"@id\":\"https:\/\/www.castillodecanena.com\/en\/#\/schema\/logo\/image\/\"},\"sameAs\":[\"https:\/\/www.facebook.com\/Castillo.de.Canena\",\"https:\/\/x.com\/CastillodCanena\",\"https:\/\/www.instagram.com\/castillodecanena\/\",\"https:\/\/www.linkedin.com\/company\/castillo-de-canena-olive-juice\",\"https:\/\/www.pinterest.es\/castillodcanena\/\",\"https:\/\/www.youtube.com\/channel\/UCL64xPwm_9Atq2y1JxmwnxQ\",\"https:\/\/es.wikipedia.org\/wiki\/Castillo_de_Canena_(empresa)\"]}]}<\/script>\n<!-- \/ Yoast SEO plugin. -->","yoast_head_json":{"title":"Castillo de Canena with Marine Plankton - Castillo de Canena","description":"Enjoy a sensory experience on the palate with this olive oil with marine plankton created by Castillo de Canena and chef \u00c1ngel Le\u00f3n.","robots":{"index":"index","follow":"follow","max-snippet":"max-snippet:-1","max-image-preview":"max-image-preview:large","max-video-preview":"max-video-preview:-1"},"canonical":"https:\/\/www.castillodecanena.com\/en\/producto\/castillo-de-canena-with-marine-plankton\/","og_locale":"en_US","og_type":"article","og_title":"Castillo de Canena with Marine Plankton - Castillo de Canena","og_description":"Enjoy a sensory experience on the palate with this olive oil with marine plankton created by Castillo de Canena and chef \u00c1ngel Le\u00f3n.","og_url":"https:\/\/www.castillodecanena.com\/en\/producto\/castillo-de-canena-with-marine-plankton\/","og_site_name":"Castillo de Canena","article_publisher":"https:\/\/www.facebook.com\/Castillo.de.Canena","article_modified_time":"2023-11-27T00:00:13+00:00","og_image":[{"width":1600,"height":1600,"url":"https:\/\/www.castillodecanena.com\/wp-content\/uploads\/2022\/04\/aceite-castillo-de-canena-con-plancton-marino-250ml.jpg","type":"image\/jpeg"}],"twitter_card":"summary_large_image","twitter_site":"@CastillodCanena","schema":{"@context":"https:\/\/schema.org","@graph":[{"@type":["WebPage","ItemPage"],"@id":"https:\/\/www.castillodecanena.com\/en\/producto\/castillo-de-canena-with-marine-plankton\/","url":"https:\/\/www.castillodecanena.com\/en\/producto\/castillo-de-canena-with-marine-plankton\/","name":"Castillo de Canena with Marine Plankton - Castillo de Canena","isPartOf":{"@id":"https:\/\/www.castillodecanena.com\/en\/#website"},"primaryImageOfPage":{"@id":"https:\/\/www.castillodecanena.com\/en\/producto\/castillo-de-canena-with-marine-plankton\/#primaryimage"},"image":{"@id":"https:\/\/www.castillodecanena.com\/en\/producto\/castillo-de-canena-with-marine-plankton\/#primaryimage"},"thumbnailUrl":"https:\/\/www.castillodecanena.com\/wp-content\/uploads\/2022\/04\/aceite-castillo-de-canena-con-plancton-marino-250ml.jpg","datePublished":"2022-04-11T22:00:28+00:00","dateModified":"2023-11-27T00:00:13+00:00","description":"Enjoy a sensory experience on the palate with this olive oil with marine plankton created by Castillo de Canena and chef \u00c1ngel Le\u00f3n.","breadcrumb":{"@id":"https:\/\/www.castillodecanena.com\/en\/producto\/castillo-de-canena-with-marine-plankton\/#breadcrumb"},"inLanguage":"en-US","potentialAction":[{"@type":"ReadAction","target":["https:\/\/www.castillodecanena.com\/en\/producto\/castillo-de-canena-with-marine-plankton\/"]}]},{"@type":"ImageObject","inLanguage":"en-US","@id":"https:\/\/www.castillodecanena.com\/en\/producto\/castillo-de-canena-with-marine-plankton\/#primaryimage","url":"https:\/\/www.castillodecanena.com\/wp-content\/uploads\/2022\/04\/aceite-castillo-de-canena-con-plancton-marino-250ml.jpg","contentUrl":"https:\/\/www.castillodecanena.com\/wp-content\/uploads\/2022\/04\/aceite-castillo-de-canena-con-plancton-marino-250ml.jpg","width":1600,"height":1600,"caption":"Aceite con plancton marino 250ml"},{"@type":"BreadcrumbList","@id":"https:\/\/www.castillodecanena.com\/en\/producto\/castillo-de-canena-with-marine-plankton\/#breadcrumb","itemListElement":[{"@type":"ListItem","position":1,"name":"Home","item":"https:\/\/www.castillodecanena.com\/en\/"},{"@type":"ListItem","position":2,"name":"Shop","item":"https:\/\/www.castillodecanena.com\/en\/shop\/"},{"@type":"ListItem","position":3,"name":"Castillo de Canena with Marine Plankton"}]},{"@type":"WebSite","@id":"https:\/\/www.castillodecanena.com\/en\/#website","url":"https:\/\/www.castillodecanena.com\/en\/","name":"Castillo de Canena","description":"Aceites de Oliva virgen extra Premium","publisher":{"@id":"https:\/\/www.castillodecanena.com\/en\/#organization"},"potentialAction":[{"@type":"SearchAction","target":{"@type":"EntryPoint","urlTemplate":"https:\/\/www.castillodecanena.com\/en\/?s={search_term_string}"},"query-input":{"@type":"PropertyValueSpecification","valueRequired":true,"valueName":"search_term_string"}}],"inLanguage":"en-US"},{"@type":"Organization","@id":"https:\/\/www.castillodecanena.com\/en\/#organization","name":"Castillo de Canena","url":"https:\/\/www.castillodecanena.com\/en\/","logo":{"@type":"ImageObject","inLanguage":"en-US","@id":"https:\/\/www.castillodecanena.com\/en\/#\/schema\/logo\/image\/","url":"https:\/\/castillodecanena.com\/wp-content\/uploads\/2021\/08\/logo_castillo-de-canena_small.webp","contentUrl":"https:\/\/castillodecanena.com\/wp-content\/uploads\/2021\/08\/logo_castillo-de-canena_small.webp","width":250,"height":174,"caption":"Castillo de Canena"},"image":{"@id":"https:\/\/www.castillodecanena.com\/en\/#\/schema\/logo\/image\/"},"sameAs":["https:\/\/www.facebook.com\/Castillo.de.Canena","https:\/\/x.com\/CastillodCanena","https:\/\/www.instagram.com\/castillodecanena\/","https:\/\/www.linkedin.com\/company\/castillo-de-canena-olive-juice","https:\/\/www.pinterest.es\/castillodcanena\/","https:\/\/www.youtube.com\/channel\/UCL64xPwm_9Atq2y1JxmwnxQ","https:\/\/es.wikipedia.org\/wiki\/Castillo_de_Canena_(empresa)"]}]}},"_links":{"self":[{"href":"https:\/\/www.castillodecanena.com\/en\/wp-json\/wp\/v2\/product\/28301","targetHints":{"allow":["GET"]}}],"collection":[{"href":"https:\/\/www.castillodecanena.com\/en\/wp-json\/wp\/v2\/product"}],"about":[{"href":"https:\/\/www.castillodecanena.com\/en\/wp-json\/wp\/v2\/types\/product"}],"wp:featuredmedia":[{"embeddable":true,"href":"https:\/\/www.castillodecanena.com\/en\/wp-json\/wp\/v2\/media\/48554"}],"wp:attachment":[{"href":"https:\/\/www.castillodecanena.com\/en\/wp-json\/wp\/v2\/media?parent=28301"}],"wp:term":[{"taxonomy":"product_cat","embeddable":true,"href":"https:\/\/www.castillodecanena.com\/en\/wp-json\/wp\/v2\/product_cat?post=28301"},{"taxonomy":"product_tag","embeddable":true,"href":"https:\/\/www.castillodecanena.com\/en\/wp-json\/wp\/v2\/product_tag?post=28301"}],"curies":[{"name":"wp","href":"https:\/\/api.w.org\/{rel}","templated":true}]}}