{"id":36586,"date":"2022-04-06T13:00:32","date_gmt":"2022-04-06T13:00:32","guid":{"rendered":"https:\/\/dev-castillo-de-canena.pantheonsite.io\/condiciones-de-compras\/"},"modified":"2022-07-27T08:20:38","modified_gmt":"2022-07-27T08:20:38","slug":"conditions-dachat","status":"publish","type":"page","link":"https:\/\/www.castillodecanena.com\/fr\/conditions-dachat\/","title":{"rendered":"Conditions d&rsquo;achat"},"content":{"rendered":"<p>[vc_row][vc_column][vc_column_text]Les pr\u00e9sentes conditions g\u00e9n\u00e9rales d&rsquo;achat (ci-apr\u00e8s, CGC), s&rsquo;appliqueront \u00e0 la boutique en ligne www.castillodecanena.com, propri\u00e9t\u00e9 de la soci\u00e9t\u00e9 CASTILLO DE CANENA OLIVE JUICE, S.L., (ci-apr\u00e8s, \u00ab\u00a0LE VENDEUR\u00a0\u00bb), avec le num\u00e9ro CIF B23514623, avec bureau \u00e0 c\/ Remedios, 4, 23420 Canena, JAEN. Elle est inscrite au Registre du Commerce de Ja\u00e9n, Volume 352, Folio 139, Page J.13.166.<\/p>\n<p>D\u00e9finitions\u00a0:<\/p>\n<p>Pour l&rsquo;application des pr\u00e9sentes CGC, il est entendu comme :<\/p>\n<p>\u00ab Client \u00bb : Toute personne physique majeure ou personne morale, qui d\u00e9tient la qualit\u00e9 de consommateur conform\u00e9ment \u00e0 la r\u00e9glementation applicable, et qui formalise une commande de produits via la boutique en ligne Castillo de Canena www.castillodecanena.com, une fois accept\u00e9e les pr\u00e9sentes CGV .<br \/>\n\u00ab\u00a0Vendeur\u00a0\u00bb: CASTILLO DE CANENA OLIVE JUICE, S.L.<br \/>\n\u00ab Produits \u00bb : Ensemble des produits propos\u00e9s sur le site www.castillodecanena.com.<br \/>\n\u00ab Site Internet, plateforme ou boutique en ligne \u00bb Castillo de Canena : le domaine castillodecanena.com est la propri\u00e9t\u00e9 du VENDEUR pour la vente en ligne de ses produits.<br \/>\n\u00ab\u00a0Formulaire d&rsquo;achat\u00a0\u00bb\u00a0: document permettant de formaliser l&rsquo;achat des produits sur le site Web www.castillodecanena.com.<\/p>\n<p>Objet.<\/p>\n<p>Ces CGC r\u00e9glementent le processus d&rsquo;achat par le CLIENT des produits propos\u00e9s par le VENDEUR via la boutique en ligne Castillo de Canena www.castillodecanena.com, constituant le cadre juridique qui d\u00e9veloppe ladite relation contractuelle.<\/p>\n<p>Parties contractantes.<\/p>\n<p>Le VENDEUR est un commer\u00e7ant dont l&rsquo;activit\u00e9 principale consiste en la vente d&rsquo;huiles d&rsquo;olive.<\/p>\n<p>La condition de CLIENT sera toute personne physique ou morale qui acquiert les produits propos\u00e9s sur le site www.castillodecanena.com, dans les conditions pr\u00e9vues dans les pr\u00e9sentes CGV.<\/p>\n<p>Bon de commande.<\/p>\n<p>Pour l&rsquo;achat en ligne des produits propos\u00e9s sur le site www.castillodecanena.com, le CLIENT doit formaliser le bon de commande \u00e9tabli \u00e0 cet effet.<\/p>\n<p>Une fois le formulaire de commande rempli et le processus d&rsquo;achat termin\u00e9, le CLIENT recevra un e-mail qui comprendra les produits demand\u00e9s, le prix total en attente de paiement (taxes et frais de port inclus) et les informations de facturation et d&rsquo;exp\u00e9dition. Ensuite, le CLIENT recevra un e-mail ou un SMS (selon la pr\u00e9f\u00e9rence d\u00e9finie par l&rsquo;acheteur sur la plateforme de vente) indiquant un \u00ab\u00a0lien bancaire\u00a0\u00bb par lequel le CLIENT pourra effectuer le paiement.<\/p>\n<p>Prix.<\/p>\n<p>Les prix applicables \u00e0 chaque produit incluent la TVA (Taxe sur la Valeur Ajout\u00e9e), ou, le cas \u00e9ch\u00e9ant, la taxe correspondante. Le montant des frais de port, ou tout autre applicable, sera indiqu\u00e9 au client de mani\u00e8re d\u00e9taill\u00e9e au moment de la passation de la commande.<\/p>\n<p>Le prix du transport sera calcul\u00e9 en fonction du lieu de livraison, des produits achet\u00e9s et de l&#8217;emballage utilis\u00e9 pour l&rsquo;exp\u00e9dition.<\/p>\n<p>Mode de paiement.<\/p>\n<p>Le paiement s&rsquo;effectuera via le \u00ab\u00a0lien bancaire\u00a0\u00bb que le VENDEUR enverra \u00e0 l&rsquo;ACHETEUR par e-mail ou SMS (selon la pr\u00e9f\u00e9rence marqu\u00e9e par l&rsquo;acheteur sur la plateforme de vente). L&rsquo;ACHETEUR doit effectuer le paiement via ce \u00ab\u00a0lien bancaire\u00a0\u00bb. Une fois ce paiement effectu\u00e9, le processus d&rsquo;achat sera consid\u00e9r\u00e9 comme termin\u00e9, condition essentielle pour la formalisation et le d\u00e9marrage de la commande.<\/p>\n<p>L&rsquo;autre option de paiement sera par virement bancaire ou Bizum.<\/p>\n<p>En aucun cas le paiement ne pourra \u00eatre effectu\u00e9 ult\u00e9rieurement. Aucun paiement ne sera accept\u00e9 par des proc\u00e9dures diff\u00e9r\u00e9es telles que le paiement \u00e0 la livraison ou tout autre moyen diff\u00e9rent de ceux autoris\u00e9s par le vendeur.<\/p>\n<p>Par cons\u00e9quent, et comme d\u00e9crit dans la section \u00ab\u00a0Formulation de la commande\u00a0\u00bb, l&rsquo;ACHETEUR recevra 2\u00a0communications diff\u00e9rentes\u00a0:<\/p>\n<p>1er. Un email avec le d\u00e9tail de la commande apr\u00e8s avoir fait la demande dans la boutique en ligne www.castillodecanena.com<\/p>\n<p>2\u00e8me. Et une deuxi\u00e8me communication (par email ou SMS, selon la pr\u00e9f\u00e9rence d\u00e9finie par l&rsquo;acheteur) avec un \u00ab\u00a0lien bancaire\u00a0\u00bb pour pouvoir proc\u00e9der au paiement et avec lui, finaliser le processus d&rsquo;achat.<\/p>\n<p>Disponibilit\u00e9 et description du produit<\/p>\n<p>Les offres de produits et de prix du vendeur seront valables, sauf indication contraire, au moment de la confirmation de la commande.<\/p>\n<p>En cas d&rsquo;indisponibilit\u00e9 d&rsquo;un produit, le Vendeur en informera le Client dans les meilleurs d\u00e9lais, lui offrant la possibilit\u00e9 de demander le remboursement des sommes vers\u00e9es dans un d\u00e9lai maximum de 14 jours ou l&rsquo;\u00e9change du produit indisponible contre un autre qui l&rsquo;int\u00e9resse. .<\/p>\n<p>Malgr\u00e9 le soin apport\u00e9 \u00e0 la description des produits et \u00e0 leurs repr\u00e9sentations photographiques, leurs caract\u00e9ristiques peuvent \u00eatre modifi\u00e9es, ce qui sera indiqu\u00e9 par le Vendeur au moment de la validation de la commande.<\/p>\n<p>Dans le cas o\u00f9 \u00e0 tout moment une erreur typographique se produirait, \u00e0 tout moment ind\u00e9pendante de la volont\u00e9 du Vendeur, elle sera corrig\u00e9e imm\u00e9diatement.<\/p>\n<p>Livraison<\/p>\n<p>Les commandes seront pr\u00e9par\u00e9es par le Vendeur dans un emballage<\/p>\n<p>Il est ferm\u00e9, r\u00e9sistant et adapt\u00e9 au contenu et aux besoins de transport.<\/p>\n<p>Les produits seront livr\u00e9s partout en Espagne p\u00e9ninsulaire et aux \u00eeles Bal\u00e9ares. Pour le reste des emplacements, ils doivent contacter le Vendeur en envoyant un email \u00e0 l&rsquo;adresse : info@castillodecanena.com.<\/p>\n<p>&nbsp;<\/p>\n<p>L&rsquo;adresse de livraison de la commande sera celle indiqu\u00e9e par le client. L&rsquo;adresse de facturation et l&rsquo;adresse de livraison ne doivent pas n\u00e9cessairement correspondre.<\/p>\n<p>Le Vendeur n&rsquo;est pas responsable d&rsquo;un retour d\u00fb \u00e0 une erreur d&rsquo;adresse indiqu\u00e9e par l&rsquo;acheteur, ou \u00e0 l&rsquo;impossibilit\u00e9 d&rsquo;effectuer la livraison \u00e0 l&rsquo;adresse indiqu\u00e9e, et le Client devra assumer, le cas \u00e9ch\u00e9ant, le co\u00fbt d&rsquo;une nouvelle livraison de la commande . .<\/p>\n<p>La signature du bon de livraison impliquera l&rsquo;acceptation par le Client des produits livr\u00e9s.<\/p>\n<p>Toute anomalie, manque de produits ou dommage survenu lors du transport devra \u00eatre indiqu\u00e9 sur le bon de livraison sous forme de r\u00e9serves d\u00e9taill\u00e9es et confirm\u00e9 par mail \u00e0 info@castillodecanena.com, dans un d\u00e9lai de 5 jours ouvr\u00e9s suivant la r\u00e9ception de la commande.<\/p>\n<p>En cas d&rsquo;absence du Client ou du destinataire de la commande, le transporteur livrera celle-ci le jour ouvr\u00e9 suivant.<\/p>\n<p>De mani\u00e8re g\u00e9n\u00e9rale, la commande sera livr\u00e9e par le prestataire de transport du Vendeur dans un d\u00e9lai d&rsquo;environ 3 \u00e0 7 jours ouvr\u00e9s \u00e0 compter de la confirmation de la commande et en fonction du lieu de livraison, ainsi que des dates ou situation g\u00e9n\u00e9rale de la commande de transport. Cependant, toute commande pass\u00e9e apr\u00e8s 14h00. Il sera trait\u00e9 le jour ouvrable suivant.<\/p>\n<p>Tous ces services de transport sont externes \u00e0 CASTILLO DE CANENA OLIVE JUICE S.L., donc tout non-respect des d\u00e9lais de livraison ou des informations de livraison mentionn\u00e9es n&rsquo;est pas de votre responsabilit\u00e9.<\/p>\n<p>Le Vendeur mettra tout en \u0153uvre pour que l&rsquo;envoi soit livr\u00e9 dans le respect des d\u00e9lais de livraison indiqu\u00e9s ci-dessus.<\/p>\n<p>&nbsp;<\/p>\n<p>Conditions de retour :<\/p>\n<p>Le Vendeur proc\u00e9dera aux modifications ou remboursements des commandes selon la proc\u00e9dure d\u00e9crite ci-dessous :<\/p>\n<p>Le Client doit contacter le Service Client du Vendeur en envoyant un email \u00e0 info@castillodecanena.com ou en appelant le +34 953770101 (de 9h30 \u00e0 14h00, du lundi au vendredi)<\/p>\n<p>Les retours d&rsquo;articles non scell\u00e9s ne seront pas accept\u00e9s.<br \/>\nL&#8217;emballage doit \u00eatre en parfait \u00e9tat et contenir tous ses accessoires pour pouvoir \u00eatre retourn\u00e9.<\/p>\n<p>Le retour de la commande doit \u00eatre effectu\u00e9 par courrier \u00e0 l&rsquo;adresse suivante : Autov\u00eda del Olivar A316- Sortie 20, 23529 Puente del Obispo, Baeza, Ja\u00e9n.<br \/>\nLe remboursement du prix sera effectu\u00e9 de la m\u00eame mani\u00e8re que le paiement a \u00e9t\u00e9 effectu\u00e9.<\/p>\n<p>Les retours ne seront accept\u00e9s que pour les commandes compl\u00e8tes, en parfait \u00e9tat avec leur emballage d&rsquo;origine et avec un d\u00e9lai maximum de r\u00e9ception dans les locaux du Vendeur dans un d\u00e9lai maximum de dix (14) jours ouvr\u00e9s \u00e0 compter de la r\u00e9ception de la commande.<\/p>\n<p>Le remboursement du prix de la commande, \u00e0 l&rsquo;exception des frais de port, sera effectu\u00e9 dans un d\u00e9lai de quatorze (14) jours ouvr\u00e9s \u00e0 compter de la date de r\u00e9ception de la commande.<\/p>\n<p>&nbsp;<\/p>\n<p>Protection des donn\u00e9es personnelles\u00a0:<\/p>\n<p>Le Vendeur, en sa qualit\u00e9 de responsable de traitement, informe le Client qu&rsquo;il traitera ses donn\u00e9es afin de g\u00e9rer la commande demand\u00e9e dans la boutique en ligne. La base juridique du traitement est, principalement, l&rsquo;ex\u00e9cution du contrat de vente des produits propos\u00e9s dans la boutique en ligne. Les donn\u00e9es personnelles du Client ne seront pas c\u00e9d\u00e9es \u00e0 des tiers, sauf obligation l\u00e9gale, et des transferts internationaux de ses donn\u00e9es personnelles ne sont pas pr\u00e9vus.<\/p>\n<p>De la m\u00eame mani\u00e8re, le client est inform\u00e9 qu&rsquo;il peut exercer les droits d&rsquo;acc\u00e8s, de rectification ou de suppression, ainsi que d&rsquo;autres droits comme expliqu\u00e9 dans les informations suppl\u00e9mentaires, en pouvant les consulter via la politique de confidentialit\u00e9 du site www.castillodecanena. com.<\/p>\n<p>&nbsp;<\/p>\n<p>Disponibilit\u00e9 des produits :<\/p>\n<p>En cas d&rsquo;incidents concernant son approvisionnement ou s&rsquo;il n&rsquo;y a pas de produits en stock, le client en sera inform\u00e9 imm\u00e9diatement et le montant du ou des produits en rupture de stock lui sera rembours\u00e9. Le Vendeur remboursera le montant correspondant sans retard excessif et, dans tous les cas, avant que 14 jours calendaires ne se soient \u00e9coul\u00e9s. Le remboursement sera effectu\u00e9 par virement bancaire.<\/p>\n<p>Service Clients:<\/p>\n<p>Pour toute question, suggestion, requ\u00eate ou r\u00e9clamation concernant la boutique en ligne, vous pouvez contacter le Service Client, par l&rsquo;un des moyens suivants :<\/p>\n<p>-T\u00e9l\u00e9phone : +34 953770101. Les heures d&rsquo;ouverture du service client seront de 9h30 \u00e0 14h00, du lundi au vendredi.<\/p>\n<p>-Courriel : info@castillodecanena.com.<\/p>\n<p>Des formulaires de plainte sont \u00e0 la disposition du client qui peut \u00eatre demand\u00e9 \u00e0 tout moment par les moyens indiqu\u00e9s.<\/p>\n<p>Modification:<\/p>\n<p>Le vendeur s&rsquo;engage<\/p>\n<p>se r\u00e9serve le droit de modifier \u00e0 tout moment les pr\u00e9sentes Conditions G\u00e9n\u00e9rales d&rsquo;Achat. Aucune modification n&rsquo;affectera les commandes d\u00e9j\u00e0 en cours.<\/p>\n<p>&nbsp;<\/p>\n<p>Droit applicable et juridiction :<\/p>\n<p>&nbsp;<\/p>\n<p>Les pr\u00e9sentes CGC seront r\u00e9gies et interpr\u00e9t\u00e9es conform\u00e9ment \u00e0 la r\u00e9glementation espagnole applicable et, en particulier, aux dispositions de la loi 7\/1998, du 13 avril, sur les conditions contractuelles g\u00e9n\u00e9rales, d\u00e9cret l\u00e9gislatif royal 1\/2007 par lequel le texte consolid\u00e9 du contrat g\u00e9n\u00e9ral Loi pour la d\u00e9fense des consommateurs et des utilisateurs, R\u00e8glement UE 2016\/679 du Parlement europ\u00e9en et du Conseil du 27 avril 2016 (RGPD), Loi organique 3\/2018, du 5 d\u00e9cembre, Protection des donn\u00e9es personnelles et garantie des droits num\u00e9riques , et la loi 34\/2002, du 11 juillet, sur les services de la soci\u00e9t\u00e9 de l&rsquo;information et le commerce \u00e9lectronique.<\/p>\n<p>Tout litige d\u00e9coulant de l&rsquo;interpr\u00e9tation ou de l&rsquo;ex\u00e9cution des pr\u00e9sentes CGC sera soumis aux Cours et Tribunaux de Madrid, \u00e0 moins qu&rsquo;une autre juridiction ne soit \u00e9tablie en vertu de la r\u00e9glementation en vigueur.[\/vc_column_text][\/vc_column][\/vc_row]<\/p>\n","protected":false},"excerpt":{"rendered":"<p>[vc_row][vc_column][vc_column_text]Les pr\u00e9sentes conditions g\u00e9n\u00e9rales d&rsquo;achat (ci-apr\u00e8s, CGC), s&rsquo;appliqueront \u00e0 la boutique en ligne www.castillodecanena.com, propri\u00e9t\u00e9 de la soci\u00e9t\u00e9 CASTILLO DE CANENA OLIVE JUICE, S.L., (ci-apr\u00e8s, \u00ab\u00a0LE VENDEUR\u00a0\u00bb), avec le num\u00e9ro [&hellip;]<\/p>\n","protected":false},"author":2,"featured_media":0,"parent":0,"menu_order":0,"comment_status":"closed","ping_status":"closed","template":"","meta":{"_acf_changed":false,"wprm-recipe-roundup-name":"","wprm-recipe-roundup-description":"","footnotes":""},"class_list":["post-36586","page","type-page","status-publish","hentry"],"acf":[],"yoast_head":"<!-- This site is optimized with the Yoast SEO plugin v25.6 - https:\/\/yoast.com\/wordpress\/plugins\/seo\/ -->\n<title>Conditions d&#039;achat - Castillo de Canena<\/title>\n<meta name=\"robots\" content=\"index, follow, max-snippet:-1, max-image-preview:large, max-video-preview:-1\" \/>\n<link rel=\"canonical\" href=\"https:\/\/www.castillodecanena.com\/fr\/conditions-dachat\/\" \/>\n<meta property=\"og:locale\" content=\"fr_FR\" \/>\n<meta property=\"og:type\" content=\"article\" \/>\n<meta property=\"og:title\" content=\"Conditions d&#039;achat - Castillo de Canena\" \/>\n<meta property=\"og:description\" content=\"[vc_row][vc_column][vc_column_text]Les pr\u00e9sentes conditions g\u00e9n\u00e9rales d&rsquo;achat (ci-apr\u00e8s, CGC), s&rsquo;appliqueront \u00e0 la boutique en ligne www.castillodecanena.com, propri\u00e9t\u00e9 de la soci\u00e9t\u00e9 CASTILLO DE CANENA OLIVE JUICE, S.L., (ci-apr\u00e8s, \u00ab\u00a0LE VENDEUR\u00a0\u00bb), avec le num\u00e9ro [&hellip;]\" \/>\n<meta property=\"og:url\" content=\"https:\/\/www.castillodecanena.com\/fr\/conditions-dachat\/\" \/>\n<meta property=\"og:site_name\" content=\"Castillo de Canena\" \/>\n<meta property=\"article:publisher\" content=\"https:\/\/www.facebook.com\/Castillo.de.Canena\" \/>\n<meta property=\"article:modified_time\" content=\"2022-07-27T08:20:38+00:00\" \/>\n<meta name=\"twitter:card\" content=\"summary_large_image\" \/>\n<meta name=\"twitter:site\" content=\"@CastillodCanena\" \/>\n<script type=\"application\/ld+json\" class=\"yoast-schema-graph\">{\"@context\":\"https:\/\/schema.org\",\"@graph\":[{\"@type\":\"WebPage\",\"@id\":\"https:\/\/www.castillodecanena.com\/fr\/conditions-dachat\/\",\"url\":\"https:\/\/www.castillodecanena.com\/fr\/conditions-dachat\/\",\"name\":\"Conditions d'achat - Castillo de Canena\",\"isPartOf\":{\"@id\":\"https:\/\/www.castillodecanena.com\/fr\/#website\"},\"datePublished\":\"2022-04-06T13:00:32+00:00\",\"dateModified\":\"2022-07-27T08:20:38+00:00\",\"breadcrumb\":{\"@id\":\"https:\/\/www.castillodecanena.com\/fr\/conditions-dachat\/#breadcrumb\"},\"inLanguage\":\"fr-FR\",\"potentialAction\":[{\"@type\":\"ReadAction\",\"target\":[\"https:\/\/www.castillodecanena.com\/fr\/conditions-dachat\/\"]}]},{\"@type\":\"BreadcrumbList\",\"@id\":\"https:\/\/www.castillodecanena.com\/fr\/conditions-dachat\/#breadcrumb\",\"itemListElement\":[{\"@type\":\"ListItem\",\"position\":1,\"name\":\"Home\",\"item\":\"https:\/\/www.castillodecanena.com\/fr\/\"},{\"@type\":\"ListItem\",\"position\":2,\"name\":\"Conditions d&rsquo;achat\"}]},{\"@type\":\"WebSite\",\"@id\":\"https:\/\/www.castillodecanena.com\/fr\/#website\",\"url\":\"https:\/\/www.castillodecanena.com\/fr\/\",\"name\":\"Castillo de Canena\",\"description\":\"Aceites de Oliva virgen extra Premium\",\"publisher\":{\"@id\":\"https:\/\/www.castillodecanena.com\/fr\/#organization\"},\"potentialAction\":[{\"@type\":\"SearchAction\",\"target\":{\"@type\":\"EntryPoint\",\"urlTemplate\":\"https:\/\/www.castillodecanena.com\/fr\/?s={search_term_string}\"},\"query-input\":{\"@type\":\"PropertyValueSpecification\",\"valueRequired\":true,\"valueName\":\"search_term_string\"}}],\"inLanguage\":\"fr-FR\"},{\"@type\":\"Organization\",\"@id\":\"https:\/\/www.castillodecanena.com\/fr\/#organization\",\"name\":\"Castillo de Canena\",\"url\":\"https:\/\/www.castillodecanena.com\/fr\/\",\"logo\":{\"@type\":\"ImageObject\",\"inLanguage\":\"fr-FR\",\"@id\":\"https:\/\/www.castillodecanena.com\/fr\/#\/schema\/logo\/image\/\",\"url\":\"https:\/\/castillodecanena.com\/wp-content\/uploads\/2021\/08\/logo_castillo-de-canena_small.webp\",\"contentUrl\":\"https:\/\/castillodecanena.com\/wp-content\/uploads\/2021\/08\/logo_castillo-de-canena_small.webp\",\"width\":250,\"height\":174,\"caption\":\"Castillo de Canena\"},\"image\":{\"@id\":\"https:\/\/www.castillodecanena.com\/fr\/#\/schema\/logo\/image\/\"},\"sameAs\":[\"https:\/\/www.facebook.com\/Castillo.de.Canena\",\"https:\/\/x.com\/CastillodCanena\",\"https:\/\/www.instagram.com\/castillodecanena\/\",\"https:\/\/www.linkedin.com\/company\/castillo-de-canena-olive-juice\",\"https:\/\/www.pinterest.es\/castillodcanena\/\",\"https:\/\/www.youtube.com\/channel\/UCL64xPwm_9Atq2y1JxmwnxQ\",\"https:\/\/es.wikipedia.org\/wiki\/Castillo_de_Canena_(empresa)\"]}]}<\/script>\n<!-- \/ Yoast SEO plugin. -->","yoast_head_json":{"title":"Conditions d'achat - Castillo de Canena","robots":{"index":"index","follow":"follow","max-snippet":"max-snippet:-1","max-image-preview":"max-image-preview:large","max-video-preview":"max-video-preview:-1"},"canonical":"https:\/\/www.castillodecanena.com\/fr\/conditions-dachat\/","og_locale":"fr_FR","og_type":"article","og_title":"Conditions d'achat - Castillo de Canena","og_description":"[vc_row][vc_column][vc_column_text]Les pr\u00e9sentes conditions g\u00e9n\u00e9rales d&rsquo;achat (ci-apr\u00e8s, CGC), s&rsquo;appliqueront \u00e0 la boutique en ligne www.castillodecanena.com, propri\u00e9t\u00e9 de la soci\u00e9t\u00e9 CASTILLO DE CANENA OLIVE JUICE, S.L., (ci-apr\u00e8s, \u00ab\u00a0LE VENDEUR\u00a0\u00bb), avec le num\u00e9ro [&hellip;]","og_url":"https:\/\/www.castillodecanena.com\/fr\/conditions-dachat\/","og_site_name":"Castillo de Canena","article_publisher":"https:\/\/www.facebook.com\/Castillo.de.Canena","article_modified_time":"2022-07-27T08:20:38+00:00","twitter_card":"summary_large_image","twitter_site":"@CastillodCanena","schema":{"@context":"https:\/\/schema.org","@graph":[{"@type":"WebPage","@id":"https:\/\/www.castillodecanena.com\/fr\/conditions-dachat\/","url":"https:\/\/www.castillodecanena.com\/fr\/conditions-dachat\/","name":"Conditions d'achat - Castillo de Canena","isPartOf":{"@id":"https:\/\/www.castillodecanena.com\/fr\/#website"},"datePublished":"2022-04-06T13:00:32+00:00","dateModified":"2022-07-27T08:20:38+00:00","breadcrumb":{"@id":"https:\/\/www.castillodecanena.com\/fr\/conditions-dachat\/#breadcrumb"},"inLanguage":"fr-FR","potentialAction":[{"@type":"ReadAction","target":["https:\/\/www.castillodecanena.com\/fr\/conditions-dachat\/"]}]},{"@type":"BreadcrumbList","@id":"https:\/\/www.castillodecanena.com\/fr\/conditions-dachat\/#breadcrumb","itemListElement":[{"@type":"ListItem","position":1,"name":"Home","item":"https:\/\/www.castillodecanena.com\/fr\/"},{"@type":"ListItem","position":2,"name":"Conditions d&rsquo;achat"}]},{"@type":"WebSite","@id":"https:\/\/www.castillodecanena.com\/fr\/#website","url":"https:\/\/www.castillodecanena.com\/fr\/","name":"Castillo de Canena","description":"Aceites de Oliva virgen extra Premium","publisher":{"@id":"https:\/\/www.castillodecanena.com\/fr\/#organization"},"potentialAction":[{"@type":"SearchAction","target":{"@type":"EntryPoint","urlTemplate":"https:\/\/www.castillodecanena.com\/fr\/?s={search_term_string}"},"query-input":{"@type":"PropertyValueSpecification","valueRequired":true,"valueName":"search_term_string"}}],"inLanguage":"fr-FR"},{"@type":"Organization","@id":"https:\/\/www.castillodecanena.com\/fr\/#organization","name":"Castillo de Canena","url":"https:\/\/www.castillodecanena.com\/fr\/","logo":{"@type":"ImageObject","inLanguage":"fr-FR","@id":"https:\/\/www.castillodecanena.com\/fr\/#\/schema\/logo\/image\/","url":"https:\/\/castillodecanena.com\/wp-content\/uploads\/2021\/08\/logo_castillo-de-canena_small.webp","contentUrl":"https:\/\/castillodecanena.com\/wp-content\/uploads\/2021\/08\/logo_castillo-de-canena_small.webp","width":250,"height":174,"caption":"Castillo de Canena"},"image":{"@id":"https:\/\/www.castillodecanena.com\/fr\/#\/schema\/logo\/image\/"},"sameAs":["https:\/\/www.facebook.com\/Castillo.de.Canena","https:\/\/x.com\/CastillodCanena","https:\/\/www.instagram.com\/castillodecanena\/","https:\/\/www.linkedin.com\/company\/castillo-de-canena-olive-juice","https:\/\/www.pinterest.es\/castillodcanena\/","https:\/\/www.youtube.com\/channel\/UCL64xPwm_9Atq2y1JxmwnxQ","https:\/\/es.wikipedia.org\/wiki\/Castillo_de_Canena_(empresa)"]}]}},"_links":{"self":[{"href":"https:\/\/www.castillodecanena.com\/fr\/wp-json\/wp\/v2\/pages\/36586","targetHints":{"allow":["GET"]}}],"collection":[{"href":"https:\/\/www.castillodecanena.com\/fr\/wp-json\/wp\/v2\/pages"}],"about":[{"href":"https:\/\/www.castillodecanena.com\/fr\/wp-json\/wp\/v2\/types\/page"}],"author":[{"embeddable":true,"href":"https:\/\/www.castillodecanena.com\/fr\/wp-json\/wp\/v2\/users\/2"}],"replies":[{"embeddable":true,"href":"https:\/\/www.castillodecanena.com\/fr\/wp-json\/wp\/v2\/comments?post=36586"}],"version-history":[{"count":0,"href":"https:\/\/www.castillodecanena.com\/fr\/wp-json\/wp\/v2\/pages\/36586\/revisions"}],"wp:attachment":[{"href":"https:\/\/www.castillodecanena.com\/fr\/wp-json\/wp\/v2\/media?parent=36586"}],"curies":[{"name":"wp","href":"https:\/\/api.w.org\/{rel}","templated":true}]}}