{"id":36607,"date":"2019-08-22T09:03:02","date_gmt":"2019-08-22T09:03:02","guid":{"rendered":"https:\/\/dev-castillo-de-canena.pantheonsite.io\/politica-de-privacidad\/"},"modified":"2022-07-27T08:21:20","modified_gmt":"2022-07-27T08:21:20","slug":"politique-de-confidentialite","status":"publish","type":"page","link":"https:\/\/www.castillodecanena.com\/fr\/politique-de-confidentialite\/","title":{"rendered":"Politique de confidentialit\u00e9"},"content":{"rendered":"<p>[vc_row][vc_column][vc_column_text]<\/p>\n<p>LSSICE<\/p>\n<p>ADAPTATION \u00c0 LA LOI 34\/2002 SUR LES SERVICES DE LA SOCI\u00c9T\u00c9 DE L&rsquo;INFORMATION ET DU COMMERCE \u00c9LECTRONIQUE (LSSICE).<\/p>\n<p>AVIS JURIDIQUE:<\/p>\n<p>Conform\u00e9ment \u00e0 l&rsquo;article 10 de la loi 34\/2002 du 11 juillet sur les services de la soci\u00e9t\u00e9 de l&rsquo;information et du commerce \u00e9lectronique (LSSICE), les donn\u00e9es d&rsquo;identification de l&rsquo;entit\u00e9 sont d\u00e9taill\u00e9es ci-dessous\u00a0:<\/p>\n<p>CASTILLO DE CANENA JUS D&rsquo;OLIVE SL<\/p>\n<p>Raison sociale : CASTILLO DE CANENA JUS D&rsquo;OLIVE SL<\/p>\n<p>NIF : B23514623<\/p>\n<p>Adresse : C\/ REMEDIOS, 4 \u2013 23420 \u2013 CANENA \u2013 JAEN<\/p>\n<p>T\u00e9l\u00e9phone : 953770101<\/p>\n<p>Courriel : dpd@castillodecanena.com<\/p>\n<p>OBJET DE LA PAGE WEB.<\/p>\n<p>Le site www.castillodecanena.com a pour objet de pr\u00e9senter l&rsquo;entreprise, nos valeurs, ainsi que les diff\u00e9rents produits que nous vendons.<\/p>\n<p>Les pr\u00e9sentes mentions l\u00e9gales (ci-apr\u00e8s, les \u00ab\u00a0Mentions l\u00e9gales\u00a0\u00bb) r\u00e9gissent l&rsquo;utilisation du site Web\u00a0: www.castillodecanena.com<\/p>\n<p>L\u00c9GISLATION.<\/p>\n<p>En g\u00e9n\u00e9ral, les relations entre CASTILLO DE CANENA JUS D&rsquo;OLIVE SL CASTILLO DE CANENA JUS D&rsquo;OLIVE SL et les Utilisateurs de ses services t\u00e9l\u00e9matiques, pr\u00e9sents sur ce site, sont soumises \u00e0 la l\u00e9gislation et \u00e0 la juridiction espagnoles.<\/p>\n<p>UTILISATION ET ACC\u00c8S DES UTILISATEURS.<\/p>\n<p>L&rsquo;utilisateur est inform\u00e9 et accepte que l&rsquo;acc\u00e8s \u00e0 ce site n&rsquo;implique en aucune mani\u00e8re le d\u00e9but d&rsquo;une relation commerciale avec CASTILLO DE CANENA OLIVE JUICE SL ou l&rsquo;une de ses d\u00e9l\u00e9gations.<\/p>\n<p>PROPRI\u00c9T\u00c9 INTELLECTUELLE ET INDUSTRIELLE.<\/p>\n<p>Les droits de propri\u00e9t\u00e9 intellectuelle du contenu des pages Web, leur conception graphique et leurs codes sont la propri\u00e9t\u00e9 de CASTILLO DE CANENA JUS D&rsquo;OLIVE SL CASTILLO DE CANENA JUS D&rsquo;OLIVE SL et, par cons\u00e9quent, leur reproduction, distribution, communication publique, transformation ou toute autre activit\u00e9 qui peut \u00eatre r\u00e9alis\u00e9e avec le contenu de ses pages Web, sans m\u00eame citer les sources, sauf avec le consentement \u00e9crit de CASTILLO DE CANENA JUS D&rsquo;OLIVE SL CASTILLO DE CANENA JUS D&rsquo;OLIVE SL.<\/p>\n<p>CONTENU DU WEB ET DES LIENS (LINKS).<\/p>\n<p>CASTILLO DE CANENA OLIVE JUICE SL CASTILLO DE CANENA OLIVE JUICE SL se r\u00e9serve le droit de mettre \u00e0 jour, modifier ou supprimer les informations contenues dans ses pages Web et peut m\u00eame limiter ou refuser l&rsquo;acc\u00e8s \u00e0 ces informations \u00e0 certains utilisateurs.<\/p>\n<p>CASTILLO DE CANENA OLIVE JUICE SL CASTILLO DE CANENA OLIVE JUICE SL n&rsquo;assume aucune responsabilit\u00e9 pour les informations contenues dans les pages Web de tiers accessibles via des \u00abliens\u00bb ou des liens \u00e0 partir de toute page Web appartenant \u00e0 CASTILLO DE CANENA OLIVE JUICE SL CASTILLO DE CANENA JUS D&rsquo;OLIVE SL. La pr\u00e9sence de \u00ab\u00a0liens\u00a0\u00bb ou de liens sur les pages Web de CASTILLO DE CANENA OLIVE JUICE SL CASTILLO DE CANENA OLIVE JUICE SL est \u00e0 titre informatif uniquement et n&rsquo;implique en aucun cas une suggestion, une invitation ou une recommandation \u00e0 leur sujet.<\/p>\n<p>POLITIQUE EN MATI\u00c8RE DE COOKIES.<\/p>\n<p>CASTILLO DE CANENA JUS D&rsquo;OLIVE SL CASTILLO DE CANENA JUS D&rsquo;OLIVE SL, \u00e0 travers ce document, recueille sa politique de collecte et de traitement des cookies, conform\u00e9ment aux dispositions de l&rsquo;article 22.2 de la loi 34\/2002, du 11 juillet, des services du Soci\u00e9t\u00e9 de l&rsquo;information et commerce \u00e9lectronique (LSSICE).<\/p>\n<p>Les cookies sont stock\u00e9s dans l&rsquo;\u00e9quipement terminal de l&rsquo;utilisateur (ordinateur ou appareil mobile) et collectent des informations lors de la visite du site www.castillodecanena.com, dans le but d&rsquo;am\u00e9liorer leur convivialit\u00e9, de conna\u00eetre les habitudes de navigation ou les besoins des utilisateurs pour pouvoir s&rsquo;adapter \u00e0 eux, ainsi que d&rsquo;obtenir des informations \u00e0 des fins statistiques. Dans le cas des utilisateurs d\u00e9j\u00e0 clients de l&rsquo;entit\u00e9, les informations collect\u00e9es avec les cookies serviront \u00e9galement \u00e0 les identifier lors de l&rsquo;acc\u00e8s aux diff\u00e9rents outils que l&rsquo;entit\u00e9 met \u00e0 leur disposition pour la gestion des services.<\/p>\n<p>Cette politique de cookies s&rsquo;appliquera aux utilisateurs qui visitent volontairement les pages Web de l&rsquo;entit\u00e9, remplissent des formulaires de collecte de donn\u00e9es, acc\u00e8dent aux outils que l&rsquo;entit\u00e9 met \u00e0 la disposition de ses clients pour g\u00e9rer ses services ou utilisent tout autre service pr\u00e9sent sur le site Web qui implique la communication de donn\u00e9es \u00e0 l&rsquo;entit\u00e9, ou l&rsquo;acc\u00e8s aux donn\u00e9es par l&rsquo;entit\u00e9, pour la fourniture de ses services.<\/p>\n<p>L&rsquo;entit\u00e9 informe les utilisateurs de ses pages web de l&rsquo;existence de cookies et met \u00e0 leur disposition la pr\u00e9sente Politique afin de les informer de leur utilisation et de leur finalit\u00e9. Le fait de poursuivre la navigation sur ses pages implique la connaissance et l&rsquo;acceptation de cette Politique par lesdits utilisateurs.<\/p>\n<p>CASTILLO DE CANENA OLIVE JUICE SL CASTILLO DE CANENA OLIVE JUICE SL utilise les types de cookies suivants :<\/p>\n<p>Class\u00e9 par propri\u00e9taire :<\/p>\n<p>* Cookies propres : envoy\u00e9s et g\u00e9r\u00e9s directement par l&rsquo;entit\u00e9.<\/p>\n<p>* Cookies tiers : envoy\u00e9s et g\u00e9r\u00e9s par un tiers ext\u00e9rieur \u00e0 l&rsquo;entit\u00e9, de mani\u00e8re anonyme, afin de r\u00e9aliser des \u00e9tudes statistiques de navigation sur les pages web de l&rsquo;entreprise.<\/p>\n<p>entit\u00e9.<\/p>\n<p>Class\u00e9s selon leur destination :<\/p>\n<p>* Cookies techniques et\/ou de personnalisation : ils facilitent la navigation, en identifiant la session, permettant l&rsquo;acc\u00e8s aux outils \u00e0 acc\u00e8s restreint, ainsi que la personnalisation des options disponibles. Ils permettent la fourniture du service pr\u00e9alablement demand\u00e9 par l&rsquo;utilisateur.<\/p>\n<p>* Cookies d&rsquo;analyse et\/ou publicitaires\u00a0: ils permettent de conna\u00eetre le nombre de visites re\u00e7ues dans les diff\u00e9rentes sections des pages Web, les habitudes et les tendances de ses utilisateurs et, par cons\u00e9quent, de pouvoir am\u00e9liorer la navigation et le service offert par l&rsquo;entit\u00e9 (essentiellement, Google Analytics), ainsi que g\u00e9rer les espaces publicitaires inclus dans le site Web visit\u00e9 par l&rsquo;utilisateur. Il collecte des donn\u00e9es de mani\u00e8re anonyme afin d&rsquo;obtenir des profils de navigation des utilisateurs.<\/p>\n<p>Class\u00e9s par leur dur\u00e9e :<\/p>\n<p>* Cookies de session : collectent et stockent des donn\u00e9es pendant que l&rsquo;utilisateur acc\u00e8de au site Web.<\/p>\n<p>* Cookies persistants : ils collectent et stockent des donn\u00e9es dans le terminal de l&rsquo;utilisateur pendant une dur\u00e9e variable en fonction de la finalit\u00e9 pour laquelle ils ont \u00e9t\u00e9 utilis\u00e9s.<\/p>\n<p>La dur\u00e9e de conservation des cookies d\u00e9pendra du type en question et sera toujours le minimum n\u00e9cessaire pour remplir son objectif.<\/p>\n<p>Dans tous les cas, les utilisateurs peuvent configurer leur navigateur de mani\u00e8re \u00e0 ce que la r\u00e9ception de tout ou partie des cookies soit d\u00e9sactiv\u00e9e ou bloqu\u00e9e. Le fait de ne pas souhaiter recevoir ces cookies ne constitue pas un obstacle pour pouvoir acc\u00e9der aux informations sur les sites Internet de l&rsquo;entit\u00e9, bien que l&rsquo;utilisation de certains services puisse \u00eatre limit\u00e9e. Si une fois le consentement pour la r\u00e9ception de cookies accord\u00e9, il est souhait\u00e9 de le retirer, ceux stock\u00e9s dans l&rsquo;ordinateur de l&rsquo;utilisateur doivent \u00eatre \u00e9limin\u00e9s, \u00e0 travers les options des diff\u00e9rents navigateurs.<\/p>\n<p>La mani\u00e8re de configurer les diff\u00e9rents navigateurs pour exercer les actions indiqu\u00e9es dans les paragraphes pr\u00e9c\u00e9dents, peut \u00eatre consult\u00e9e sur :<\/p>\n<p>* Explorateur : http:\/\/windows.microsoft.com\/es-es\/windows7\/how-to-manage-cookies-in-internet-explorer-9<\/p>\n<p>*\u00a0Chrome\u00a0: https:\/\/support.google.com\/chrome\/answer\/95647?hl=es<\/p>\n<p>* Firefox\u00a0: http:\/\/support.mozilla.org\/es\/kb\/cookies-informacion-que-los-sitios-web-guardan-en-?redirectlocale=en-US&amp;redirectslug=Cookies<\/p>\n<p>[\/vc_column_text][\/vc_column][\/vc_row]<\/p>\n","protected":false},"excerpt":{"rendered":"<p>[vc_row][vc_column][vc_column_text] LSSICE ADAPTATION \u00c0 LA LOI 34\/2002 SUR LES SERVICES DE LA SOCI\u00c9T\u00c9 DE L&rsquo;INFORMATION ET DU COMMERCE \u00c9LECTRONIQUE (LSSICE). AVIS JURIDIQUE: Conform\u00e9ment \u00e0 l&rsquo;article 10 de la loi 34\/2002 [&hellip;]<\/p>\n","protected":false},"author":3,"featured_media":0,"parent":0,"menu_order":0,"comment_status":"closed","ping_status":"closed","template":"","meta":{"_acf_changed":false,"wprm-recipe-roundup-name":"","wprm-recipe-roundup-description":"","footnotes":""},"class_list":["post-36607","page","type-page","status-publish","hentry"],"acf":[],"yoast_head":"<!-- This site is optimized with the Yoast SEO plugin v25.6 - https:\/\/yoast.com\/wordpress\/plugins\/seo\/ -->\n<title>Politique de confidentialit\u00e9 - Castillo de Canena<\/title>\n<meta name=\"robots\" content=\"noindex, follow\" \/>\n<meta property=\"og:locale\" content=\"fr_FR\" \/>\n<meta property=\"og:type\" content=\"article\" \/>\n<meta property=\"og:title\" content=\"Politique de confidentialit\u00e9 - Castillo de Canena\" \/>\n<meta property=\"og:description\" content=\"[vc_row][vc_column][vc_column_text] LSSICE ADAPTATION \u00c0 LA LOI 34\/2002 SUR LES SERVICES DE LA SOCI\u00c9T\u00c9 DE L&rsquo;INFORMATION ET DU COMMERCE \u00c9LECTRONIQUE (LSSICE). AVIS JURIDIQUE: Conform\u00e9ment \u00e0 l&rsquo;article 10 de la loi 34\/2002 [&hellip;]\" \/>\n<meta property=\"og:url\" content=\"https:\/\/www.castillodecanena.com\/fr\/politique-de-confidentialite\/\" \/>\n<meta property=\"og:site_name\" content=\"Castillo de Canena\" \/>\n<meta property=\"article:publisher\" content=\"https:\/\/www.facebook.com\/Castillo.de.Canena\" \/>\n<meta property=\"article:modified_time\" content=\"2022-07-27T08:21:20+00:00\" \/>\n<meta name=\"twitter:card\" content=\"summary_large_image\" \/>\n<meta name=\"twitter:site\" content=\"@CastillodCanena\" \/>\n<script type=\"application\/ld+json\" class=\"yoast-schema-graph\">{\"@context\":\"https:\/\/schema.org\",\"@graph\":[{\"@type\":\"WebPage\",\"@id\":\"https:\/\/www.castillodecanena.com\/fr\/politique-de-confidentialite\/\",\"url\":\"https:\/\/www.castillodecanena.com\/fr\/politique-de-confidentialite\/\",\"name\":\"Politique de confidentialit\u00e9 - Castillo de Canena\",\"isPartOf\":{\"@id\":\"https:\/\/www.castillodecanena.com\/fr\/#website\"},\"datePublished\":\"2019-08-22T09:03:02+00:00\",\"dateModified\":\"2022-07-27T08:21:20+00:00\",\"breadcrumb\":{\"@id\":\"https:\/\/www.castillodecanena.com\/fr\/politique-de-confidentialite\/#breadcrumb\"},\"inLanguage\":\"fr-FR\",\"potentialAction\":[{\"@type\":\"ReadAction\",\"target\":[\"https:\/\/www.castillodecanena.com\/fr\/politique-de-confidentialite\/\"]}]},{\"@type\":\"BreadcrumbList\",\"@id\":\"https:\/\/www.castillodecanena.com\/fr\/politique-de-confidentialite\/#breadcrumb\",\"itemListElement\":[{\"@type\":\"ListItem\",\"position\":1,\"name\":\"Home\",\"item\":\"https:\/\/www.castillodecanena.com\/fr\/\"},{\"@type\":\"ListItem\",\"position\":2,\"name\":\"Politique de confidentialit\u00e9\"}]},{\"@type\":\"WebSite\",\"@id\":\"https:\/\/www.castillodecanena.com\/fr\/#website\",\"url\":\"https:\/\/www.castillodecanena.com\/fr\/\",\"name\":\"Castillo de Canena\",\"description\":\"Aceites de Oliva virgen extra Premium\",\"publisher\":{\"@id\":\"https:\/\/www.castillodecanena.com\/fr\/#organization\"},\"potentialAction\":[{\"@type\":\"SearchAction\",\"target\":{\"@type\":\"EntryPoint\",\"urlTemplate\":\"https:\/\/www.castillodecanena.com\/fr\/?s={search_term_string}\"},\"query-input\":{\"@type\":\"PropertyValueSpecification\",\"valueRequired\":true,\"valueName\":\"search_term_string\"}}],\"inLanguage\":\"fr-FR\"},{\"@type\":\"Organization\",\"@id\":\"https:\/\/www.castillodecanena.com\/fr\/#organization\",\"name\":\"Castillo de Canena\",\"url\":\"https:\/\/www.castillodecanena.com\/fr\/\",\"logo\":{\"@type\":\"ImageObject\",\"inLanguage\":\"fr-FR\",\"@id\":\"https:\/\/www.castillodecanena.com\/fr\/#\/schema\/logo\/image\/\",\"url\":\"https:\/\/castillodecanena.com\/wp-content\/uploads\/2021\/08\/logo_castillo-de-canena_small.webp\",\"contentUrl\":\"https:\/\/castillodecanena.com\/wp-content\/uploads\/2021\/08\/logo_castillo-de-canena_small.webp\",\"width\":250,\"height\":174,\"caption\":\"Castillo de Canena\"},\"image\":{\"@id\":\"https:\/\/www.castillodecanena.com\/fr\/#\/schema\/logo\/image\/\"},\"sameAs\":[\"https:\/\/www.facebook.com\/Castillo.de.Canena\",\"https:\/\/x.com\/CastillodCanena\",\"https:\/\/www.instagram.com\/castillodecanena\/\",\"https:\/\/www.linkedin.com\/company\/castillo-de-canena-olive-juice\",\"https:\/\/www.pinterest.es\/castillodcanena\/\",\"https:\/\/www.youtube.com\/channel\/UCL64xPwm_9Atq2y1JxmwnxQ\",\"https:\/\/es.wikipedia.org\/wiki\/Castillo_de_Canena_(empresa)\"]}]}<\/script>\n<!-- \/ Yoast SEO plugin. -->","yoast_head_json":{"title":"Politique de confidentialit\u00e9 - Castillo de Canena","robots":{"index":"noindex","follow":"follow"},"og_locale":"fr_FR","og_type":"article","og_title":"Politique de confidentialit\u00e9 - Castillo de Canena","og_description":"[vc_row][vc_column][vc_column_text] LSSICE ADAPTATION \u00c0 LA LOI 34\/2002 SUR LES SERVICES DE LA SOCI\u00c9T\u00c9 DE L&rsquo;INFORMATION ET DU COMMERCE \u00c9LECTRONIQUE (LSSICE). AVIS JURIDIQUE: Conform\u00e9ment \u00e0 l&rsquo;article 10 de la loi 34\/2002 [&hellip;]","og_url":"https:\/\/www.castillodecanena.com\/fr\/politique-de-confidentialite\/","og_site_name":"Castillo de Canena","article_publisher":"https:\/\/www.facebook.com\/Castillo.de.Canena","article_modified_time":"2022-07-27T08:21:20+00:00","twitter_card":"summary_large_image","twitter_site":"@CastillodCanena","schema":{"@context":"https:\/\/schema.org","@graph":[{"@type":"WebPage","@id":"https:\/\/www.castillodecanena.com\/fr\/politique-de-confidentialite\/","url":"https:\/\/www.castillodecanena.com\/fr\/politique-de-confidentialite\/","name":"Politique de confidentialit\u00e9 - Castillo de Canena","isPartOf":{"@id":"https:\/\/www.castillodecanena.com\/fr\/#website"},"datePublished":"2019-08-22T09:03:02+00:00","dateModified":"2022-07-27T08:21:20+00:00","breadcrumb":{"@id":"https:\/\/www.castillodecanena.com\/fr\/politique-de-confidentialite\/#breadcrumb"},"inLanguage":"fr-FR","potentialAction":[{"@type":"ReadAction","target":["https:\/\/www.castillodecanena.com\/fr\/politique-de-confidentialite\/"]}]},{"@type":"BreadcrumbList","@id":"https:\/\/www.castillodecanena.com\/fr\/politique-de-confidentialite\/#breadcrumb","itemListElement":[{"@type":"ListItem","position":1,"name":"Home","item":"https:\/\/www.castillodecanena.com\/fr\/"},{"@type":"ListItem","position":2,"name":"Politique de confidentialit\u00e9"}]},{"@type":"WebSite","@id":"https:\/\/www.castillodecanena.com\/fr\/#website","url":"https:\/\/www.castillodecanena.com\/fr\/","name":"Castillo de Canena","description":"Aceites de Oliva virgen extra Premium","publisher":{"@id":"https:\/\/www.castillodecanena.com\/fr\/#organization"},"potentialAction":[{"@type":"SearchAction","target":{"@type":"EntryPoint","urlTemplate":"https:\/\/www.castillodecanena.com\/fr\/?s={search_term_string}"},"query-input":{"@type":"PropertyValueSpecification","valueRequired":true,"valueName":"search_term_string"}}],"inLanguage":"fr-FR"},{"@type":"Organization","@id":"https:\/\/www.castillodecanena.com\/fr\/#organization","name":"Castillo de Canena","url":"https:\/\/www.castillodecanena.com\/fr\/","logo":{"@type":"ImageObject","inLanguage":"fr-FR","@id":"https:\/\/www.castillodecanena.com\/fr\/#\/schema\/logo\/image\/","url":"https:\/\/castillodecanena.com\/wp-content\/uploads\/2021\/08\/logo_castillo-de-canena_small.webp","contentUrl":"https:\/\/castillodecanena.com\/wp-content\/uploads\/2021\/08\/logo_castillo-de-canena_small.webp","width":250,"height":174,"caption":"Castillo de Canena"},"image":{"@id":"https:\/\/www.castillodecanena.com\/fr\/#\/schema\/logo\/image\/"},"sameAs":["https:\/\/www.facebook.com\/Castillo.de.Canena","https:\/\/x.com\/CastillodCanena","https:\/\/www.instagram.com\/castillodecanena\/","https:\/\/www.linkedin.com\/company\/castillo-de-canena-olive-juice","https:\/\/www.pinterest.es\/castillodcanena\/","https:\/\/www.youtube.com\/channel\/UCL64xPwm_9Atq2y1JxmwnxQ","https:\/\/es.wikipedia.org\/wiki\/Castillo_de_Canena_(empresa)"]}]}},"_links":{"self":[{"href":"https:\/\/www.castillodecanena.com\/fr\/wp-json\/wp\/v2\/pages\/36607","targetHints":{"allow":["GET"]}}],"collection":[{"href":"https:\/\/www.castillodecanena.com\/fr\/wp-json\/wp\/v2\/pages"}],"about":[{"href":"https:\/\/www.castillodecanena.com\/fr\/wp-json\/wp\/v2\/types\/page"}],"author":[{"embeddable":true,"href":"https:\/\/www.castillodecanena.com\/fr\/wp-json\/wp\/v2\/users\/3"}],"replies":[{"embeddable":true,"href":"https:\/\/www.castillodecanena.com\/fr\/wp-json\/wp\/v2\/comments?post=36607"}],"version-history":[{"count":0,"href":"https:\/\/www.castillodecanena.com\/fr\/wp-json\/wp\/v2\/pages\/36607\/revisions"}],"wp:attachment":[{"href":"https:\/\/www.castillodecanena.com\/fr\/wp-json\/wp\/v2\/media?parent=36607"}],"curies":[{"name":"wp","href":"https:\/\/api.w.org\/{rel}","templated":true}]}}