{"id":28411,"date":"2022-04-11T22:00:28","date_gmt":"2022-04-11T22:00:28","guid":{"rendered":"https:\/\/dev-castillo-de-canena.pantheonsite.io\/producto\/primer-dia-de-cosecha-picual\/"},"modified":"2023-11-27T00:00:09","modified_gmt":"2023-11-27T00:00:09","slug":"premier-jour-de-recolte-picual","status":"publish","type":"product","link":"https:\/\/www.castillodecanena.com\/fr\/producto\/premier-jour-de-recolte-picual\/","title":{"rendered":"Premier jour de r\u00e9colte Picual"},"content":{"rendered":"<p>L\u2019huile Primer d\u00eda de Cosecha Picual est une <strong>huile vierge extra exclusive <\/strong>issue des fruits cueillis le premier jour de r\u00e9colte.<\/p>\n<p>&nbsp;<\/p>\n<p>Parfaite pour ceux qui savent appr\u00e9cier l\u2019<strong>exclusivit\u00e9 des \u00e9ditions limit\u00e9es<\/strong>. En effet, chaque ann\u00e9e une personnalit\u00e9 des arts, de la science ou du sport collabore avec Castillo de Canena pour f\u00eater ce jour magique qui marque le d\u00e9part des r\u00e9coltes de nos olives, en cr\u00e9ant une \u00e9tiquette d\u00e9voilant sa vision particuli\u00e8re sur ce jour.<\/p>\n<p>&nbsp;<\/p>\n<p>DESCRIPTION<\/p>\n<p>Cette bouteille au design unique en verre opaque couleur cerise renferme une huile d\u2019olive vierge extra d\u2019une couleur vert intense \u00e0 hautes concentrations de chlorophylles et d\u2019une grande expressivit\u00e9.<\/p>\n<p>&nbsp;<\/p>\n<p>Au nez, cette huile pr\u00e9sente un fruit\u00e9 tr\u00e8s jeune d\u2019herbe verte, plante de tomate, pomme verte et peau de banane de m\u00eame tr\u00e8s verte. Son passage en bouche poss\u00e8de la m\u00eame force expressive que son bouquet et met en \u00e9vidence de semblables tonalit\u00e9s herbac\u00e9es, en particulier la fraicheur des vrilles et des mauves.<\/p>\n<p>&nbsp;<\/p>\n<p>Ces descripteurs pr\u00e9dominent sur un piquant agr\u00e9able, doucement per\u00e7u \u00e0 la gorge et en \u00e9volution au poivre frais, une l\u00e9g\u00e8re amertume et une astringence discr\u00e8te qui rappelle l\u2019ortie. Il s\u2019agit d\u2019un jus velout\u00e9, tr\u00e8s persistant en bouche et structurellement tr\u00e8s \u00e9quilibr\u00e9.<\/p>\n<p>&nbsp;<\/p>\n<p>INFORMATION ADDITIONNELLE<\/p>\n<p><u>Suggestion de consommation <\/u>: l\u2019huile d\u2019olive vierge extra Primer d\u00eda de Cosecha Picual est parfaite pour relever les salades, la soupe de tomate, le gazpacho, le jambon, les fromages et cuisiner des viandes grill\u00e9es.<\/p>\n<p>&nbsp;<\/p>\n<p>Conserver dans un endroit frais, \u00e0 l\u2019abri de la lumi\u00e8re et de la chaleur.<\/p>\n","protected":false},"excerpt":{"rendered":"<p>Premier jour de r\u00e9colte Picual et Arbequina est une \u00e9dition limit\u00e9e de l&rsquo;huile collect\u00e9e le premier jour de r\u00e9colte. Chaque ann\u00e9e, une personnalit\u00e9 des arts, des sciences, de la soci\u00e9t\u00e9&#8230; imprime sur l&rsquo;\u00e9tiquette sa vision singuli\u00e8re de ce jour magique.<\/p>\n","protected":false},"featured_media":52975,"template":"","meta":{"_acf_changed":false,"wprm-recipe-roundup-name":"","wprm-recipe-roundup-description":""},"product_cat":[3057,3064],"product_tag":[],"class_list":{"0":"post-28411","1":"product","2":"type-product","3":"status-publish","4":"has-post-thumbnail","6":"product_cat-huile-dolive-vierge-extra","7":"product_cat-premier-jour-de-recolte","9":"first","10":"instock","11":"purchasable","12":"product-type-simple"},"acf":[],"yoast_head":"<!-- This site is optimized with the Yoast SEO plugin v25.6 - https:\/\/yoast.com\/wordpress\/plugins\/seo\/ -->\n<title>Premier jour de r\u00e9colte Picual - Castillo de Canena<\/title>\n<meta name=\"description\" content=\"Tombez amoureux de cette huile d&#039;olive de premi\u00e8re r\u00e9colte, pr\u00e9sent\u00e9e dans une bouteille dont l&#039;\u00e9tiquette est dessin\u00e9e par une personnalit\u00e9.\" \/>\n<meta name=\"robots\" content=\"index, follow, max-snippet:-1, max-image-preview:large, max-video-preview:-1\" \/>\n<link rel=\"canonical\" href=\"https:\/\/www.castillodecanena.com\/fr\/producto\/premier-jour-de-recolte-picual\/\" \/>\n<meta property=\"og:locale\" content=\"fr_FR\" \/>\n<meta property=\"og:type\" content=\"article\" \/>\n<meta property=\"og:title\" content=\"Premier jour de r\u00e9colte Picual - Castillo de Canena\" \/>\n<meta property=\"og:description\" content=\"Tombez amoureux de cette huile d&#039;olive de premi\u00e8re r\u00e9colte, pr\u00e9sent\u00e9e dans une bouteille dont l&#039;\u00e9tiquette est dessin\u00e9e par une personnalit\u00e9.\" \/>\n<meta property=\"og:url\" content=\"https:\/\/www.castillodecanena.com\/fr\/producto\/premier-jour-de-recolte-picual\/\" \/>\n<meta property=\"og:site_name\" content=\"Castillo de Canena\" \/>\n<meta property=\"article:publisher\" content=\"https:\/\/www.facebook.com\/Castillo.de.Canena\" \/>\n<meta property=\"article:modified_time\" content=\"2023-11-27T00:00:09+00:00\" \/>\n<meta property=\"og:image\" content=\"https:\/\/www.castillodecanena.com\/wp-content\/uploads\/2022\/04\/primer-dia-cosecha-picual-500ml-transformed.png\" \/>\n\t<meta property=\"og:image:width\" content=\"1200\" \/>\n\t<meta property=\"og:image:height\" content=\"1200\" \/>\n\t<meta property=\"og:image:type\" content=\"image\/png\" \/>\n<meta name=\"twitter:card\" content=\"summary_large_image\" \/>\n<meta name=\"twitter:site\" content=\"@CastillodCanena\" \/>\n<script type=\"application\/ld+json\" class=\"yoast-schema-graph\">{\"@context\":\"https:\/\/schema.org\",\"@graph\":[{\"@type\":[\"WebPage\",\"ItemPage\"],\"@id\":\"https:\/\/www.castillodecanena.com\/fr\/producto\/premier-jour-de-recolte-picual\/\",\"url\":\"https:\/\/www.castillodecanena.com\/fr\/producto\/premier-jour-de-recolte-picual\/\",\"name\":\"Premier jour de r\u00e9colte Picual - Castillo de Canena\",\"isPartOf\":{\"@id\":\"https:\/\/www.castillodecanena.com\/fr\/#website\"},\"primaryImageOfPage\":{\"@id\":\"https:\/\/www.castillodecanena.com\/fr\/producto\/premier-jour-de-recolte-picual\/#primaryimage\"},\"image\":{\"@id\":\"https:\/\/www.castillodecanena.com\/fr\/producto\/premier-jour-de-recolte-picual\/#primaryimage\"},\"thumbnailUrl\":\"https:\/\/www.castillodecanena.com\/wp-content\/uploads\/2022\/04\/PD_Pic_500ml_MONEO_ESP-1-4-scaled.jpg\",\"datePublished\":\"2022-04-11T22:00:28+00:00\",\"dateModified\":\"2023-11-27T00:00:09+00:00\",\"description\":\"Tombez amoureux de cette huile d'olive de premi\u00e8re r\u00e9colte, pr\u00e9sent\u00e9e dans une bouteille dont l'\u00e9tiquette est dessin\u00e9e par une personnalit\u00e9.\",\"breadcrumb\":{\"@id\":\"https:\/\/www.castillodecanena.com\/fr\/producto\/premier-jour-de-recolte-picual\/#breadcrumb\"},\"inLanguage\":\"fr-FR\",\"potentialAction\":[{\"@type\":\"ReadAction\",\"target\":[\"https:\/\/www.castillodecanena.com\/fr\/producto\/premier-jour-de-recolte-picual\/\"]}]},{\"@type\":\"ImageObject\",\"inLanguage\":\"fr-FR\",\"@id\":\"https:\/\/www.castillodecanena.com\/fr\/producto\/premier-jour-de-recolte-picual\/#primaryimage\",\"url\":\"https:\/\/www.castillodecanena.com\/wp-content\/uploads\/2022\/04\/PD_Pic_500ml_MONEO_ESP-1-4-scaled.jpg\",\"contentUrl\":\"https:\/\/www.castillodecanena.com\/wp-content\/uploads\/2022\/04\/PD_Pic_500ml_MONEO_ESP-1-4-scaled.jpg\",\"width\":2334,\"height\":2560},{\"@type\":\"BreadcrumbList\",\"@id\":\"https:\/\/www.castillodecanena.com\/fr\/producto\/premier-jour-de-recolte-picual\/#breadcrumb\",\"itemListElement\":[{\"@type\":\"ListItem\",\"position\":1,\"name\":\"Home\",\"item\":\"https:\/\/www.castillodecanena.com\/fr\/\"},{\"@type\":\"ListItem\",\"position\":2,\"name\":\"Tienda\",\"item\":\"https:\/\/www.castillodecanena.com\/fr\/tienda\/\"},{\"@type\":\"ListItem\",\"position\":3,\"name\":\"Premier jour de r\u00e9colte Picual\"}]},{\"@type\":\"WebSite\",\"@id\":\"https:\/\/www.castillodecanena.com\/fr\/#website\",\"url\":\"https:\/\/www.castillodecanena.com\/fr\/\",\"name\":\"Castillo de Canena\",\"description\":\"Aceites de Oliva virgen extra Premium\",\"publisher\":{\"@id\":\"https:\/\/www.castillodecanena.com\/fr\/#organization\"},\"potentialAction\":[{\"@type\":\"SearchAction\",\"target\":{\"@type\":\"EntryPoint\",\"urlTemplate\":\"https:\/\/www.castillodecanena.com\/fr\/?s={search_term_string}\"},\"query-input\":{\"@type\":\"PropertyValueSpecification\",\"valueRequired\":true,\"valueName\":\"search_term_string\"}}],\"inLanguage\":\"fr-FR\"},{\"@type\":\"Organization\",\"@id\":\"https:\/\/www.castillodecanena.com\/fr\/#organization\",\"name\":\"Castillo de Canena\",\"url\":\"https:\/\/www.castillodecanena.com\/fr\/\",\"logo\":{\"@type\":\"ImageObject\",\"inLanguage\":\"fr-FR\",\"@id\":\"https:\/\/www.castillodecanena.com\/fr\/#\/schema\/logo\/image\/\",\"url\":\"https:\/\/castillodecanena.com\/wp-content\/uploads\/2021\/08\/logo_castillo-de-canena_small.webp\",\"contentUrl\":\"https:\/\/castillodecanena.com\/wp-content\/uploads\/2021\/08\/logo_castillo-de-canena_small.webp\",\"width\":250,\"height\":174,\"caption\":\"Castillo de Canena\"},\"image\":{\"@id\":\"https:\/\/www.castillodecanena.com\/fr\/#\/schema\/logo\/image\/\"},\"sameAs\":[\"https:\/\/www.facebook.com\/Castillo.de.Canena\",\"https:\/\/x.com\/CastillodCanena\",\"https:\/\/www.instagram.com\/castillodecanena\/\",\"https:\/\/www.linkedin.com\/company\/castillo-de-canena-olive-juice\",\"https:\/\/www.pinterest.es\/castillodcanena\/\",\"https:\/\/www.youtube.com\/channel\/UCL64xPwm_9Atq2y1JxmwnxQ\",\"https:\/\/es.wikipedia.org\/wiki\/Castillo_de_Canena_(empresa)\"]}]}<\/script>\n<!-- \/ Yoast SEO plugin. -->","yoast_head_json":{"title":"Premier jour de r\u00e9colte Picual - Castillo de Canena","description":"Tombez amoureux de cette huile d'olive de premi\u00e8re r\u00e9colte, pr\u00e9sent\u00e9e dans une bouteille dont l'\u00e9tiquette est dessin\u00e9e par une personnalit\u00e9.","robots":{"index":"index","follow":"follow","max-snippet":"max-snippet:-1","max-image-preview":"max-image-preview:large","max-video-preview":"max-video-preview:-1"},"canonical":"https:\/\/www.castillodecanena.com\/fr\/producto\/premier-jour-de-recolte-picual\/","og_locale":"fr_FR","og_type":"article","og_title":"Premier jour de r\u00e9colte Picual - Castillo de Canena","og_description":"Tombez amoureux de cette huile d'olive de premi\u00e8re r\u00e9colte, pr\u00e9sent\u00e9e dans une bouteille dont l'\u00e9tiquette est dessin\u00e9e par une personnalit\u00e9.","og_url":"https:\/\/www.castillodecanena.com\/fr\/producto\/premier-jour-de-recolte-picual\/","og_site_name":"Castillo de Canena","article_publisher":"https:\/\/www.facebook.com\/Castillo.de.Canena","article_modified_time":"2023-11-27T00:00:09+00:00","og_image":[{"width":1200,"height":1200,"url":"https:\/\/www.castillodecanena.com\/wp-content\/uploads\/2022\/04\/primer-dia-cosecha-picual-500ml-transformed.png","type":"image\/png"}],"twitter_card":"summary_large_image","twitter_site":"@CastillodCanena","schema":{"@context":"https:\/\/schema.org","@graph":[{"@type":["WebPage","ItemPage"],"@id":"https:\/\/www.castillodecanena.com\/fr\/producto\/premier-jour-de-recolte-picual\/","url":"https:\/\/www.castillodecanena.com\/fr\/producto\/premier-jour-de-recolte-picual\/","name":"Premier jour de r\u00e9colte Picual - Castillo de Canena","isPartOf":{"@id":"https:\/\/www.castillodecanena.com\/fr\/#website"},"primaryImageOfPage":{"@id":"https:\/\/www.castillodecanena.com\/fr\/producto\/premier-jour-de-recolte-picual\/#primaryimage"},"image":{"@id":"https:\/\/www.castillodecanena.com\/fr\/producto\/premier-jour-de-recolte-picual\/#primaryimage"},"thumbnailUrl":"https:\/\/www.castillodecanena.com\/wp-content\/uploads\/2022\/04\/PD_Pic_500ml_MONEO_ESP-1-4-scaled.jpg","datePublished":"2022-04-11T22:00:28+00:00","dateModified":"2023-11-27T00:00:09+00:00","description":"Tombez amoureux de cette huile d'olive de premi\u00e8re r\u00e9colte, pr\u00e9sent\u00e9e dans une bouteille dont l'\u00e9tiquette est dessin\u00e9e par une personnalit\u00e9.","breadcrumb":{"@id":"https:\/\/www.castillodecanena.com\/fr\/producto\/premier-jour-de-recolte-picual\/#breadcrumb"},"inLanguage":"fr-FR","potentialAction":[{"@type":"ReadAction","target":["https:\/\/www.castillodecanena.com\/fr\/producto\/premier-jour-de-recolte-picual\/"]}]},{"@type":"ImageObject","inLanguage":"fr-FR","@id":"https:\/\/www.castillodecanena.com\/fr\/producto\/premier-jour-de-recolte-picual\/#primaryimage","url":"https:\/\/www.castillodecanena.com\/wp-content\/uploads\/2022\/04\/PD_Pic_500ml_MONEO_ESP-1-4-scaled.jpg","contentUrl":"https:\/\/www.castillodecanena.com\/wp-content\/uploads\/2022\/04\/PD_Pic_500ml_MONEO_ESP-1-4-scaled.jpg","width":2334,"height":2560},{"@type":"BreadcrumbList","@id":"https:\/\/www.castillodecanena.com\/fr\/producto\/premier-jour-de-recolte-picual\/#breadcrumb","itemListElement":[{"@type":"ListItem","position":1,"name":"Home","item":"https:\/\/www.castillodecanena.com\/fr\/"},{"@type":"ListItem","position":2,"name":"Tienda","item":"https:\/\/www.castillodecanena.com\/fr\/tienda\/"},{"@type":"ListItem","position":3,"name":"Premier jour de r\u00e9colte Picual"}]},{"@type":"WebSite","@id":"https:\/\/www.castillodecanena.com\/fr\/#website","url":"https:\/\/www.castillodecanena.com\/fr\/","name":"Castillo de Canena","description":"Aceites de Oliva virgen extra Premium","publisher":{"@id":"https:\/\/www.castillodecanena.com\/fr\/#organization"},"potentialAction":[{"@type":"SearchAction","target":{"@type":"EntryPoint","urlTemplate":"https:\/\/www.castillodecanena.com\/fr\/?s={search_term_string}"},"query-input":{"@type":"PropertyValueSpecification","valueRequired":true,"valueName":"search_term_string"}}],"inLanguage":"fr-FR"},{"@type":"Organization","@id":"https:\/\/www.castillodecanena.com\/fr\/#organization","name":"Castillo de Canena","url":"https:\/\/www.castillodecanena.com\/fr\/","logo":{"@type":"ImageObject","inLanguage":"fr-FR","@id":"https:\/\/www.castillodecanena.com\/fr\/#\/schema\/logo\/image\/","url":"https:\/\/castillodecanena.com\/wp-content\/uploads\/2021\/08\/logo_castillo-de-canena_small.webp","contentUrl":"https:\/\/castillodecanena.com\/wp-content\/uploads\/2021\/08\/logo_castillo-de-canena_small.webp","width":250,"height":174,"caption":"Castillo de Canena"},"image":{"@id":"https:\/\/www.castillodecanena.com\/fr\/#\/schema\/logo\/image\/"},"sameAs":["https:\/\/www.facebook.com\/Castillo.de.Canena","https:\/\/x.com\/CastillodCanena","https:\/\/www.instagram.com\/castillodecanena\/","https:\/\/www.linkedin.com\/company\/castillo-de-canena-olive-juice","https:\/\/www.pinterest.es\/castillodcanena\/","https:\/\/www.youtube.com\/channel\/UCL64xPwm_9Atq2y1JxmwnxQ","https:\/\/es.wikipedia.org\/wiki\/Castillo_de_Canena_(empresa)"]}]}},"_links":{"self":[{"href":"https:\/\/www.castillodecanena.com\/fr\/wp-json\/wp\/v2\/product\/28411","targetHints":{"allow":["GET"]}}],"collection":[{"href":"https:\/\/www.castillodecanena.com\/fr\/wp-json\/wp\/v2\/product"}],"about":[{"href":"https:\/\/www.castillodecanena.com\/fr\/wp-json\/wp\/v2\/types\/product"}],"wp:featuredmedia":[{"embeddable":true,"href":"https:\/\/www.castillodecanena.com\/fr\/wp-json\/wp\/v2\/media\/52975"}],"wp:attachment":[{"href":"https:\/\/www.castillodecanena.com\/fr\/wp-json\/wp\/v2\/media?parent=28411"}],"wp:term":[{"taxonomy":"product_cat","embeddable":true,"href":"https:\/\/www.castillodecanena.com\/fr\/wp-json\/wp\/v2\/product_cat?post=28411"},{"taxonomy":"product_tag","embeddable":true,"href":"https:\/\/www.castillodecanena.com\/fr\/wp-json\/wp\/v2\/product_tag?post=28411"}],"curies":[{"name":"wp","href":"https:\/\/api.w.org\/{rel}","templated":true}]}}