{"id":28415,"date":"2022-04-11T22:00:28","date_gmt":"2022-04-11T22:00:28","guid":{"rendered":"https:\/\/dev-castillo-de-canena.pantheonsite.io\/producto\/biodinamico-picual\/"},"modified":"2023-11-27T00:00:12","modified_gmt":"2023-11-27T00:00:12","slug":"picual-biodynamique","status":"publish","type":"product","link":"https:\/\/www.castillodecanena.com\/fr\/producto\/picual-biodynamique\/","title":{"rendered":"Picual biodynamique"},"content":{"rendered":"<p>Fid\u00e8les \u00e0 notre <strong>engagement envers l\u2019environnement<\/strong> nous passons \u00e0 l\u2019\u00e9tape suivante vers la culture \u00e9cologique \u00e0 travers l\u2019<strong>agriculture biodynamique<\/strong>, retournant \u00e0 la terre plus que ce que nous prenons d\u2019elle. C\u2019est de cette d\u00e9marche qu\u2019est n\u00e9e l\u2019huile Biodin\u00e1mico Picual, une huile vierge extra \u00e9labor\u00e9e selon les plus s\u00e9v\u00e8res normes bio et qui offre un grand caract\u00e8re, une bonne persistance et de l\u2019harmonie, parfaite pour les consommateurs les plus exigeants.<\/p>\n<p>&nbsp;<\/p>\n<p>L\u2019agriculture biodynamique sur laquelle est fond\u00e9e la production de cette huile d\u2019olive balsamique vise l\u2019harmonie et l\u2019int\u00e9gration des diverses forces r\u00e9gissant la nature\u00a0: l\u2019\u00e9quilibre entre le sol, les arbres, les animaux et l\u2019homme dans le terrain. Nous cultivons selon les m\u00eames proc\u00e9d\u00e9s que les anciens romains, en respectant les rythmes cosmiques pour \u00e9tablir le calendrier des diff\u00e9rents travaux d\u2019\u00e9lagage, d\u2019irrigation, d\u2019application du compost et de la cueillette des fruits les jours les plus favorables. C\u2019est de cette int\u00e9gration holistique qu\u2019est n\u00e9e cette huile pour ceux qui sont en qu\u00eate d\u2019un <strong>style de vie plus salutaire<\/strong>, puisqu\u2019elle est beaucoup plus <strong>nutritive<\/strong>, contient <strong>plus d\u2019antioxydants<\/strong> et que sa production est enti\u00e8rement respectueuse de l\u2019environnement.<\/p>\n<p>&nbsp;<\/p>\n<h6>DESCRIPTION<\/h6>\n<p>Une conception soign\u00e9e, avec une couleur et une texture qui font voyager le consommateur vers nos origines, jusqu\u2019au terroir o\u00f9 nous prenons soin de nos arbres.<\/p>\n<p>&nbsp;<\/p>\n<p>Les notes de d\u00e9gustation de tomate, plant de tomate et d\u2019herbe fraichement coup\u00e9e d\u00e9clinent des tonalit\u00e9s vertes adoucies par les fruits dans la saveur, avec une amertume moyenne et un piquant progressif qui ach\u00e8ve son parcours au bout de la langue avec des souvenirs de poivre.<\/p>\n<p>&nbsp;<\/p>\n<h6>INFORMATION ADDITIONNELLE<\/h6>\n<p>Nous sommes certifi\u00e9s Demeter, un label international qui garantit le respect de toutes les d\u00e9marches li\u00e9es \u00e0 ce type d\u2019agriculture biodynamique.<\/p>\n<p>&nbsp;<\/p>\n<p><u>Suggestion de consommation <\/u>: cette huile combine parfaitement avec la sauce tartare, les fromages, les fruits de mer, la cr\u00e8me de l\u00e9gumes, le pain grill\u00e9 et les viandes.<\/p>\n<p>&nbsp;<\/p>\n<p>Conserver dans un endroit frais, \u00e0 l\u2019abri de la lumi\u00e8re et de la chaleur.<\/p>\n","protected":false},"excerpt":{"rendered":"<p>L&rsquo;agriculture biodynamique est un pas en avant par rapport \u00e0 la m\u00e9thode d&rsquo;agriculture ECOLOGIQUE. Elle repose sur l&rsquo;harmonisation entre les diff\u00e9rentes forces qui r\u00e9gissent la Nature : saisons, ph\u00e9nom\u00e8nes atmosph\u00e9riques, cycles lunaires, position des constellations dans le cosmos. L&rsquo;agriculture biodynamique recherche l&rsquo;\u00e9quilibre int\u00e9gral entre le sol, les arbres, les animaux et l&rsquo;Homme.<\/p>\n","protected":false},"featured_media":50586,"template":"","meta":{"_acf_changed":false,"wprm-recipe-roundup-name":"","wprm-recipe-roundup-description":""},"product_cat":[3059,3057],"product_tag":[],"class_list":{"0":"post-28415","1":"product","2":"type-product","3":"status-publish","4":"has-post-thumbnail","6":"product_cat-biodynamique","7":"product_cat-huile-dolive-vierge-extra","9":"first","10":"instock","11":"purchasable","12":"product-type-simple"},"acf":[],"yoast_head":"<!-- This site is optimized with the Yoast SEO plugin v25.6 - https:\/\/yoast.com\/wordpress\/plugins\/seo\/ -->\n<title>Picual biodynamique - Castillo de Canena<\/title>\n<meta name=\"description\" content=\"Une huile d&#039;olive balsamique biol \u00e9labor\u00e9e \u00e0 partir des fondements de l&#039;agricultre biodynamique, parfait pour ceux qui cherchent un style de vie salutaire.\" \/>\n<meta name=\"robots\" content=\"index, follow, max-snippet:-1, max-image-preview:large, max-video-preview:-1\" \/>\n<link rel=\"canonical\" href=\"https:\/\/www.castillodecanena.com\/fr\/producto\/picual-biodynamique\/\" \/>\n<meta property=\"og:locale\" content=\"fr_FR\" \/>\n<meta property=\"og:type\" content=\"article\" \/>\n<meta property=\"og:title\" content=\"Picual biodynamique - Castillo de Canena\" \/>\n<meta property=\"og:description\" content=\"Une huile d&#039;olive balsamique biol \u00e9labor\u00e9e \u00e0 partir des fondements de l&#039;agricultre biodynamique, parfait pour ceux qui cherchent un style de vie salutaire.\" \/>\n<meta property=\"og:url\" content=\"https:\/\/www.castillodecanena.com\/fr\/producto\/picual-biodynamique\/\" \/>\n<meta property=\"og:site_name\" content=\"Castillo de Canena\" \/>\n<meta property=\"article:publisher\" content=\"https:\/\/www.facebook.com\/Castillo.de.Canena\" \/>\n<meta property=\"article:modified_time\" content=\"2023-11-27T00:00:12+00:00\" \/>\n<meta property=\"og:image\" content=\"https:\/\/www.castillodecanena.com\/wp-content\/uploads\/2022\/04\/biodinamico-picual.jpg\" \/>\n\t<meta property=\"og:image:width\" content=\"500\" \/>\n\t<meta property=\"og:image:height\" content=\"500\" \/>\n\t<meta property=\"og:image:type\" content=\"image\/jpeg\" \/>\n<meta name=\"twitter:card\" content=\"summary_large_image\" \/>\n<meta name=\"twitter:site\" content=\"@CastillodCanena\" \/>\n<script type=\"application\/ld+json\" class=\"yoast-schema-graph\">{\"@context\":\"https:\/\/schema.org\",\"@graph\":[{\"@type\":[\"WebPage\",\"ItemPage\"],\"@id\":\"https:\/\/www.castillodecanena.com\/fr\/producto\/picual-biodynamique\/\",\"url\":\"https:\/\/www.castillodecanena.com\/fr\/producto\/picual-biodynamique\/\",\"name\":\"Picual biodynamique - Castillo de Canena\",\"isPartOf\":{\"@id\":\"https:\/\/www.castillodecanena.com\/fr\/#website\"},\"primaryImageOfPage\":{\"@id\":\"https:\/\/www.castillodecanena.com\/fr\/producto\/picual-biodynamique\/#primaryimage\"},\"image\":{\"@id\":\"https:\/\/www.castillodecanena.com\/fr\/producto\/picual-biodynamique\/#primaryimage\"},\"thumbnailUrl\":\"https:\/\/www.castillodecanena.com\/wp-content\/uploads\/2022\/04\/BIO.web_Mesa-de-trabajo-esp-1.jpg\",\"datePublished\":\"2022-04-11T22:00:28+00:00\",\"dateModified\":\"2023-11-27T00:00:12+00:00\",\"description\":\"Une huile d'olive balsamique biol \u00e9labor\u00e9e \u00e0 partir des fondements de l'agricultre biodynamique, parfait pour ceux qui cherchent un style de vie salutaire.\",\"breadcrumb\":{\"@id\":\"https:\/\/www.castillodecanena.com\/fr\/producto\/picual-biodynamique\/#breadcrumb\"},\"inLanguage\":\"fr-FR\",\"potentialAction\":[{\"@type\":\"ReadAction\",\"target\":[\"https:\/\/www.castillodecanena.com\/fr\/producto\/picual-biodynamique\/\"]}]},{\"@type\":\"ImageObject\",\"inLanguage\":\"fr-FR\",\"@id\":\"https:\/\/www.castillodecanena.com\/fr\/producto\/picual-biodynamique\/#primaryimage\",\"url\":\"https:\/\/www.castillodecanena.com\/wp-content\/uploads\/2022\/04\/BIO.web_Mesa-de-trabajo-esp-1.jpg\",\"contentUrl\":\"https:\/\/www.castillodecanena.com\/wp-content\/uploads\/2022\/04\/BIO.web_Mesa-de-trabajo-esp-1.jpg\",\"width\":1600,\"height\":1600},{\"@type\":\"BreadcrumbList\",\"@id\":\"https:\/\/www.castillodecanena.com\/fr\/producto\/picual-biodynamique\/#breadcrumb\",\"itemListElement\":[{\"@type\":\"ListItem\",\"position\":1,\"name\":\"Home\",\"item\":\"https:\/\/www.castillodecanena.com\/fr\/\"},{\"@type\":\"ListItem\",\"position\":2,\"name\":\"Tienda\",\"item\":\"https:\/\/www.castillodecanena.com\/fr\/tienda\/\"},{\"@type\":\"ListItem\",\"position\":3,\"name\":\"Picual biodynamique\"}]},{\"@type\":\"WebSite\",\"@id\":\"https:\/\/www.castillodecanena.com\/fr\/#website\",\"url\":\"https:\/\/www.castillodecanena.com\/fr\/\",\"name\":\"Castillo de Canena\",\"description\":\"Aceites de Oliva virgen extra Premium\",\"publisher\":{\"@id\":\"https:\/\/www.castillodecanena.com\/fr\/#organization\"},\"potentialAction\":[{\"@type\":\"SearchAction\",\"target\":{\"@type\":\"EntryPoint\",\"urlTemplate\":\"https:\/\/www.castillodecanena.com\/fr\/?s={search_term_string}\"},\"query-input\":{\"@type\":\"PropertyValueSpecification\",\"valueRequired\":true,\"valueName\":\"search_term_string\"}}],\"inLanguage\":\"fr-FR\"},{\"@type\":\"Organization\",\"@id\":\"https:\/\/www.castillodecanena.com\/fr\/#organization\",\"name\":\"Castillo de Canena\",\"url\":\"https:\/\/www.castillodecanena.com\/fr\/\",\"logo\":{\"@type\":\"ImageObject\",\"inLanguage\":\"fr-FR\",\"@id\":\"https:\/\/www.castillodecanena.com\/fr\/#\/schema\/logo\/image\/\",\"url\":\"https:\/\/castillodecanena.com\/wp-content\/uploads\/2021\/08\/logo_castillo-de-canena_small.webp\",\"contentUrl\":\"https:\/\/castillodecanena.com\/wp-content\/uploads\/2021\/08\/logo_castillo-de-canena_small.webp\",\"width\":250,\"height\":174,\"caption\":\"Castillo de Canena\"},\"image\":{\"@id\":\"https:\/\/www.castillodecanena.com\/fr\/#\/schema\/logo\/image\/\"},\"sameAs\":[\"https:\/\/www.facebook.com\/Castillo.de.Canena\",\"https:\/\/x.com\/CastillodCanena\",\"https:\/\/www.instagram.com\/castillodecanena\/\",\"https:\/\/www.linkedin.com\/company\/castillo-de-canena-olive-juice\",\"https:\/\/www.pinterest.es\/castillodcanena\/\",\"https:\/\/www.youtube.com\/channel\/UCL64xPwm_9Atq2y1JxmwnxQ\",\"https:\/\/es.wikipedia.org\/wiki\/Castillo_de_Canena_(empresa)\"]}]}<\/script>\n<!-- \/ Yoast SEO plugin. -->","yoast_head_json":{"title":"Picual biodynamique - Castillo de Canena","description":"Une huile d'olive balsamique biol \u00e9labor\u00e9e \u00e0 partir des fondements de l'agricultre biodynamique, parfait pour ceux qui cherchent un style de vie salutaire.","robots":{"index":"index","follow":"follow","max-snippet":"max-snippet:-1","max-image-preview":"max-image-preview:large","max-video-preview":"max-video-preview:-1"},"canonical":"https:\/\/www.castillodecanena.com\/fr\/producto\/picual-biodynamique\/","og_locale":"fr_FR","og_type":"article","og_title":"Picual biodynamique - Castillo de Canena","og_description":"Une huile d'olive balsamique biol \u00e9labor\u00e9e \u00e0 partir des fondements de l'agricultre biodynamique, parfait pour ceux qui cherchent un style de vie salutaire.","og_url":"https:\/\/www.castillodecanena.com\/fr\/producto\/picual-biodynamique\/","og_site_name":"Castillo de Canena","article_publisher":"https:\/\/www.facebook.com\/Castillo.de.Canena","article_modified_time":"2023-11-27T00:00:12+00:00","og_image":[{"width":500,"height":500,"url":"https:\/\/www.castillodecanena.com\/wp-content\/uploads\/2022\/04\/biodinamico-picual.jpg","type":"image\/jpeg"}],"twitter_card":"summary_large_image","twitter_site":"@CastillodCanena","schema":{"@context":"https:\/\/schema.org","@graph":[{"@type":["WebPage","ItemPage"],"@id":"https:\/\/www.castillodecanena.com\/fr\/producto\/picual-biodynamique\/","url":"https:\/\/www.castillodecanena.com\/fr\/producto\/picual-biodynamique\/","name":"Picual biodynamique - Castillo de Canena","isPartOf":{"@id":"https:\/\/www.castillodecanena.com\/fr\/#website"},"primaryImageOfPage":{"@id":"https:\/\/www.castillodecanena.com\/fr\/producto\/picual-biodynamique\/#primaryimage"},"image":{"@id":"https:\/\/www.castillodecanena.com\/fr\/producto\/picual-biodynamique\/#primaryimage"},"thumbnailUrl":"https:\/\/www.castillodecanena.com\/wp-content\/uploads\/2022\/04\/BIO.web_Mesa-de-trabajo-esp-1.jpg","datePublished":"2022-04-11T22:00:28+00:00","dateModified":"2023-11-27T00:00:12+00:00","description":"Une huile d'olive balsamique biol \u00e9labor\u00e9e \u00e0 partir des fondements de l'agricultre biodynamique, parfait pour ceux qui cherchent un style de vie salutaire.","breadcrumb":{"@id":"https:\/\/www.castillodecanena.com\/fr\/producto\/picual-biodynamique\/#breadcrumb"},"inLanguage":"fr-FR","potentialAction":[{"@type":"ReadAction","target":["https:\/\/www.castillodecanena.com\/fr\/producto\/picual-biodynamique\/"]}]},{"@type":"ImageObject","inLanguage":"fr-FR","@id":"https:\/\/www.castillodecanena.com\/fr\/producto\/picual-biodynamique\/#primaryimage","url":"https:\/\/www.castillodecanena.com\/wp-content\/uploads\/2022\/04\/BIO.web_Mesa-de-trabajo-esp-1.jpg","contentUrl":"https:\/\/www.castillodecanena.com\/wp-content\/uploads\/2022\/04\/BIO.web_Mesa-de-trabajo-esp-1.jpg","width":1600,"height":1600},{"@type":"BreadcrumbList","@id":"https:\/\/www.castillodecanena.com\/fr\/producto\/picual-biodynamique\/#breadcrumb","itemListElement":[{"@type":"ListItem","position":1,"name":"Home","item":"https:\/\/www.castillodecanena.com\/fr\/"},{"@type":"ListItem","position":2,"name":"Tienda","item":"https:\/\/www.castillodecanena.com\/fr\/tienda\/"},{"@type":"ListItem","position":3,"name":"Picual biodynamique"}]},{"@type":"WebSite","@id":"https:\/\/www.castillodecanena.com\/fr\/#website","url":"https:\/\/www.castillodecanena.com\/fr\/","name":"Castillo de Canena","description":"Aceites de Oliva virgen extra Premium","publisher":{"@id":"https:\/\/www.castillodecanena.com\/fr\/#organization"},"potentialAction":[{"@type":"SearchAction","target":{"@type":"EntryPoint","urlTemplate":"https:\/\/www.castillodecanena.com\/fr\/?s={search_term_string}"},"query-input":{"@type":"PropertyValueSpecification","valueRequired":true,"valueName":"search_term_string"}}],"inLanguage":"fr-FR"},{"@type":"Organization","@id":"https:\/\/www.castillodecanena.com\/fr\/#organization","name":"Castillo de Canena","url":"https:\/\/www.castillodecanena.com\/fr\/","logo":{"@type":"ImageObject","inLanguage":"fr-FR","@id":"https:\/\/www.castillodecanena.com\/fr\/#\/schema\/logo\/image\/","url":"https:\/\/castillodecanena.com\/wp-content\/uploads\/2021\/08\/logo_castillo-de-canena_small.webp","contentUrl":"https:\/\/castillodecanena.com\/wp-content\/uploads\/2021\/08\/logo_castillo-de-canena_small.webp","width":250,"height":174,"caption":"Castillo de Canena"},"image":{"@id":"https:\/\/www.castillodecanena.com\/fr\/#\/schema\/logo\/image\/"},"sameAs":["https:\/\/www.facebook.com\/Castillo.de.Canena","https:\/\/x.com\/CastillodCanena","https:\/\/www.instagram.com\/castillodecanena\/","https:\/\/www.linkedin.com\/company\/castillo-de-canena-olive-juice","https:\/\/www.pinterest.es\/castillodcanena\/","https:\/\/www.youtube.com\/channel\/UCL64xPwm_9Atq2y1JxmwnxQ","https:\/\/es.wikipedia.org\/wiki\/Castillo_de_Canena_(empresa)"]}]}},"_links":{"self":[{"href":"https:\/\/www.castillodecanena.com\/fr\/wp-json\/wp\/v2\/product\/28415","targetHints":{"allow":["GET"]}}],"collection":[{"href":"https:\/\/www.castillodecanena.com\/fr\/wp-json\/wp\/v2\/product"}],"about":[{"href":"https:\/\/www.castillodecanena.com\/fr\/wp-json\/wp\/v2\/types\/product"}],"wp:featuredmedia":[{"embeddable":true,"href":"https:\/\/www.castillodecanena.com\/fr\/wp-json\/wp\/v2\/media\/50586"}],"wp:attachment":[{"href":"https:\/\/www.castillodecanena.com\/fr\/wp-json\/wp\/v2\/media?parent=28415"}],"wp:term":[{"taxonomy":"product_cat","embeddable":true,"href":"https:\/\/www.castillodecanena.com\/fr\/wp-json\/wp\/v2\/product_cat?post=28415"},{"taxonomy":"product_tag","embeddable":true,"href":"https:\/\/www.castillodecanena.com\/fr\/wp-json\/wp\/v2\/product_tag?post=28415"}],"curies":[{"name":"wp","href":"https:\/\/api.w.org\/{rel}","templated":true}]}}