{"id":28419,"date":"2022-04-11T22:00:28","date_gmt":"2022-04-11T22:00:28","guid":{"rendered":"https:\/\/dev-castillo-de-canena.pantheonsite.io\/producto\/royal-temprano\/"},"modified":"2023-11-27T00:00:11","modified_gmt":"2023-11-27T00:00:11","slug":"debut-royal","status":"publish","type":"product","link":"https:\/\/www.castillodecanena.com\/fr\/producto\/debut-royal\/","title":{"rendered":"D\u00e9but Royal"},"content":{"rendered":"<p>C\u2019est la premi\u00e8re huile lanc\u00e9e au sein de la cat\u00e9gorie Huiles du XXI<sup>\u00e8me<\/sup> si\u00e8cle (des Huiles Vierges Extra qui n\u2019avaient jamais \u00e9t\u00e9 produits du fait de de leurs particularit\u00e9s), d\u2019o\u00f9 son nom\u00a0: <strong>Primero<\/strong> (le premier). La culture de la <strong>vari\u00e9t\u00e9 Royal<\/strong>, autochtone de la Sierra de Cazorla qui sert \u00e0 produire cette huile avait \u00e9t\u00e9 pratiquement abandonn\u00e9es \u00e0 cause des difficult\u00e9s pos\u00e9es par sa r\u00e9colte. Castillo de Canena a r\u00e9cup\u00e9r\u00e9 cette vari\u00e9t\u00e9 dans un pari en faveur de la biodiversit\u00e9 et des nouvelles exp\u00e9riences gastronomiques <strong>lan\u00e7ant pour la premi\u00e8re fois dans l\u2019histoire un Royal pr\u00e9coce, <\/strong>c\u2019est-\u00e0-dire une huile \u00e9labor\u00e9e avec des olives de la vari\u00e9t\u00e9 Royal cueillies au d\u00e9but de la r\u00e9colte.<\/p>\n<p>&nbsp;<\/p>\n<p>C\u2019est une huile harmonieuse, tr\u00e8s d\u00e9licate et \u00e9l\u00e9gante, avec une amertume presque imperceptible et un piquant l\u00e9g\u00e8rement plus intense vers la fin.<\/p>\n<p>&nbsp;<\/p>\n<h6>DESCRIPTION<\/h6>\n<p>Il s\u2019agit d\u2019un produit exclusif pr\u00e9sent\u00e9 dans une bouteille de verre noir s\u00e9rigraphi\u00e9e en blanc. Un design innovant et \u00e9l\u00e9gant pour une vari\u00e9t\u00e9 mill\u00e9naire avec des notes de d\u00e9gustation originales\u00a0: herbe fra\u00eeche, artichaut et banane verte et, en deuxi\u00e8me lieu, des fruits tropicaux tels que l\u2019ananas ou le kiwi. L\u2019amertume et le piquant sont doux et en parfaite harmonie. \u00c9quilibr\u00e9 et frais.<\/p>\n<p>&nbsp;<\/p>\n<h6>INFORMATION ADDITIONNELLE<\/h6>\n<p><u>Suggestion de consommation<\/u> : combine parfaitement avec les l\u00e9gumes grill\u00e9s, la sauce tomate, des poissons comme le saumon et le cabillaud, les carpaccios, les crudit\u00e9s, les salades de l\u00e9gume et les fromages.<\/p>\n<p>&nbsp;<\/p>\n<p>Conserver dans un endroit frais, \u00e0 l\u2019abri de la lumi\u00e8re et de la chaleur.<\/p>\n","protected":false},"excerpt":{"rendered":"<p>C&rsquo;est la premi\u00e8re huile lanc\u00e9e dans cette cat\u00e9gorie, c&rsquo;est pourquoi nous l&rsquo;avons appel\u00e9e \u00ab\u00a0FIRST\u00a0\u00bb. La vari\u00e9t\u00e9 Royal est le c\u00e9page indig\u00e8ne de la province de Ja\u00e9n dont la culture dans la r\u00e9gion remonte \u00e0 des si\u00e8cles. Sa culture a subi une r\u00e9cession drastique depuis la fin du XIXe si\u00e8cle et est au bord de l&rsquo;extinction. Castillo de Canena l&rsquo;a r\u00e9cup\u00e9r\u00e9 et plant\u00e9 sur le domaine familial. First Early Royal pr\u00e9sente pour la premi\u00e8re fois les Royales r\u00e9colt\u00e9es au d\u00e9but des vendanges.<\/p>\n","protected":false},"featured_media":51594,"template":"","meta":{"_acf_changed":false,"wprm-recipe-roundup-name":"","wprm-recipe-roundup-description":""},"product_cat":[3066,3057],"product_tag":[],"class_list":{"0":"post-28419","1":"product","2":"type-product","3":"status-publish","4":"has-post-thumbnail","6":"product_cat-debut-royal","7":"product_cat-huile-dolive-vierge-extra","9":"first","10":"instock","11":"purchasable","12":"product-type-simple"},"acf":[],"yoast_head":"<!-- This site is optimized with the Yoast SEO plugin v25.6 - https:\/\/yoast.com\/wordpress\/plugins\/seo\/ -->\n<title>D\u00e9but Royal - Castillo de Canena<\/title>\n<meta name=\"description\" content=\"Primero Royal temprano, c&#039;est une huile de r\u00e9colte pr\u00e9coce, dont les olives ont \u00e9t\u00e9 cueillies au d\u00e9but de la r\u00e9colte avec plus d&#039;arome et de saveur.\" \/>\n<meta name=\"robots\" content=\"index, follow, max-snippet:-1, max-image-preview:large, max-video-preview:-1\" \/>\n<link rel=\"canonical\" href=\"https:\/\/www.castillodecanena.com\/fr\/producto\/debut-royal\/\" \/>\n<meta property=\"og:locale\" content=\"fr_FR\" \/>\n<meta property=\"og:type\" content=\"article\" \/>\n<meta property=\"og:title\" content=\"D\u00e9but Royal - Castillo de Canena\" \/>\n<meta property=\"og:description\" content=\"Primero Royal temprano, c&#039;est une huile de r\u00e9colte pr\u00e9coce, dont les olives ont \u00e9t\u00e9 cueillies au d\u00e9but de la r\u00e9colte avec plus d&#039;arome et de saveur.\" \/>\n<meta property=\"og:url\" content=\"https:\/\/www.castillodecanena.com\/fr\/producto\/debut-royal\/\" \/>\n<meta property=\"og:site_name\" content=\"Castillo de Canena\" \/>\n<meta property=\"article:publisher\" content=\"https:\/\/www.facebook.com\/Castillo.de.Canena\" \/>\n<meta property=\"article:modified_time\" content=\"2023-11-27T00:00:11+00:00\" \/>\n<meta property=\"og:image\" content=\"https:\/\/www.castillodecanena.com\/wp-content\/uploads\/2022\/04\/royal-temprano.jpg\" \/>\n\t<meta property=\"og:image:width\" content=\"500\" \/>\n\t<meta property=\"og:image:height\" content=\"500\" \/>\n\t<meta property=\"og:image:type\" content=\"image\/jpeg\" \/>\n<meta name=\"twitter:card\" content=\"summary_large_image\" \/>\n<meta name=\"twitter:site\" content=\"@CastillodCanena\" \/>\n<script type=\"application\/ld+json\" class=\"yoast-schema-graph\">{\"@context\":\"https:\/\/schema.org\",\"@graph\":[{\"@type\":[\"WebPage\",\"ItemPage\"],\"@id\":\"https:\/\/www.castillodecanena.com\/fr\/producto\/debut-royal\/\",\"url\":\"https:\/\/www.castillodecanena.com\/fr\/producto\/debut-royal\/\",\"name\":\"D\u00e9but Royal - Castillo de Canena\",\"isPartOf\":{\"@id\":\"https:\/\/www.castillodecanena.com\/fr\/#website\"},\"primaryImageOfPage\":{\"@id\":\"https:\/\/www.castillodecanena.com\/fr\/producto\/debut-royal\/#primaryimage\"},\"image\":{\"@id\":\"https:\/\/www.castillodecanena.com\/fr\/producto\/debut-royal\/#primaryimage\"},\"thumbnailUrl\":\"https:\/\/www.castillodecanena.com\/wp-content\/uploads\/2022\/04\/ROYAL_PRIMERO_AOVE_CASTILLO_DE_CANENA_IGP-ok-2-1.jpg\",\"datePublished\":\"2022-04-11T22:00:28+00:00\",\"dateModified\":\"2023-11-27T00:00:11+00:00\",\"description\":\"Primero Royal temprano, c'est une huile de r\u00e9colte pr\u00e9coce, dont les olives ont \u00e9t\u00e9 cueillies au d\u00e9but de la r\u00e9colte avec plus d'arome et de saveur.\",\"breadcrumb\":{\"@id\":\"https:\/\/www.castillodecanena.com\/fr\/producto\/debut-royal\/#breadcrumb\"},\"inLanguage\":\"fr-FR\",\"potentialAction\":[{\"@type\":\"ReadAction\",\"target\":[\"https:\/\/www.castillodecanena.com\/fr\/producto\/debut-royal\/\"]}]},{\"@type\":\"ImageObject\",\"inLanguage\":\"fr-FR\",\"@id\":\"https:\/\/www.castillodecanena.com\/fr\/producto\/debut-royal\/#primaryimage\",\"url\":\"https:\/\/www.castillodecanena.com\/wp-content\/uploads\/2022\/04\/ROYAL_PRIMERO_AOVE_CASTILLO_DE_CANENA_IGP-ok-2-1.jpg\",\"contentUrl\":\"https:\/\/www.castillodecanena.com\/wp-content\/uploads\/2022\/04\/ROYAL_PRIMERO_AOVE_CASTILLO_DE_CANENA_IGP-ok-2-1.jpg\",\"width\":2496,\"height\":2512},{\"@type\":\"BreadcrumbList\",\"@id\":\"https:\/\/www.castillodecanena.com\/fr\/producto\/debut-royal\/#breadcrumb\",\"itemListElement\":[{\"@type\":\"ListItem\",\"position\":1,\"name\":\"Home\",\"item\":\"https:\/\/www.castillodecanena.com\/fr\/\"},{\"@type\":\"ListItem\",\"position\":2,\"name\":\"Tienda\",\"item\":\"https:\/\/www.castillodecanena.com\/fr\/tienda\/\"},{\"@type\":\"ListItem\",\"position\":3,\"name\":\"D\u00e9but Royal\"}]},{\"@type\":\"WebSite\",\"@id\":\"https:\/\/www.castillodecanena.com\/fr\/#website\",\"url\":\"https:\/\/www.castillodecanena.com\/fr\/\",\"name\":\"Castillo de Canena\",\"description\":\"Aceites de Oliva virgen extra Premium\",\"publisher\":{\"@id\":\"https:\/\/www.castillodecanena.com\/fr\/#organization\"},\"potentialAction\":[{\"@type\":\"SearchAction\",\"target\":{\"@type\":\"EntryPoint\",\"urlTemplate\":\"https:\/\/www.castillodecanena.com\/fr\/?s={search_term_string}\"},\"query-input\":{\"@type\":\"PropertyValueSpecification\",\"valueRequired\":true,\"valueName\":\"search_term_string\"}}],\"inLanguage\":\"fr-FR\"},{\"@type\":\"Organization\",\"@id\":\"https:\/\/www.castillodecanena.com\/fr\/#organization\",\"name\":\"Castillo de Canena\",\"url\":\"https:\/\/www.castillodecanena.com\/fr\/\",\"logo\":{\"@type\":\"ImageObject\",\"inLanguage\":\"fr-FR\",\"@id\":\"https:\/\/www.castillodecanena.com\/fr\/#\/schema\/logo\/image\/\",\"url\":\"https:\/\/castillodecanena.com\/wp-content\/uploads\/2021\/08\/logo_castillo-de-canena_small.webp\",\"contentUrl\":\"https:\/\/castillodecanena.com\/wp-content\/uploads\/2021\/08\/logo_castillo-de-canena_small.webp\",\"width\":250,\"height\":174,\"caption\":\"Castillo de Canena\"},\"image\":{\"@id\":\"https:\/\/www.castillodecanena.com\/fr\/#\/schema\/logo\/image\/\"},\"sameAs\":[\"https:\/\/www.facebook.com\/Castillo.de.Canena\",\"https:\/\/x.com\/CastillodCanena\",\"https:\/\/www.instagram.com\/castillodecanena\/\",\"https:\/\/www.linkedin.com\/company\/castillo-de-canena-olive-juice\",\"https:\/\/www.pinterest.es\/castillodcanena\/\",\"https:\/\/www.youtube.com\/channel\/UCL64xPwm_9Atq2y1JxmwnxQ\",\"https:\/\/es.wikipedia.org\/wiki\/Castillo_de_Canena_(empresa)\"]}]}<\/script>\n<!-- \/ Yoast SEO plugin. -->","yoast_head_json":{"title":"D\u00e9but Royal - Castillo de Canena","description":"Primero Royal temprano, c'est une huile de r\u00e9colte pr\u00e9coce, dont les olives ont \u00e9t\u00e9 cueillies au d\u00e9but de la r\u00e9colte avec plus d'arome et de saveur.","robots":{"index":"index","follow":"follow","max-snippet":"max-snippet:-1","max-image-preview":"max-image-preview:large","max-video-preview":"max-video-preview:-1"},"canonical":"https:\/\/www.castillodecanena.com\/fr\/producto\/debut-royal\/","og_locale":"fr_FR","og_type":"article","og_title":"D\u00e9but Royal - Castillo de Canena","og_description":"Primero Royal temprano, c'est une huile de r\u00e9colte pr\u00e9coce, dont les olives ont \u00e9t\u00e9 cueillies au d\u00e9but de la r\u00e9colte avec plus d'arome et de saveur.","og_url":"https:\/\/www.castillodecanena.com\/fr\/producto\/debut-royal\/","og_site_name":"Castillo de Canena","article_publisher":"https:\/\/www.facebook.com\/Castillo.de.Canena","article_modified_time":"2023-11-27T00:00:11+00:00","og_image":[{"width":500,"height":500,"url":"https:\/\/www.castillodecanena.com\/wp-content\/uploads\/2022\/04\/royal-temprano.jpg","type":"image\/jpeg"}],"twitter_card":"summary_large_image","twitter_site":"@CastillodCanena","schema":{"@context":"https:\/\/schema.org","@graph":[{"@type":["WebPage","ItemPage"],"@id":"https:\/\/www.castillodecanena.com\/fr\/producto\/debut-royal\/","url":"https:\/\/www.castillodecanena.com\/fr\/producto\/debut-royal\/","name":"D\u00e9but Royal - Castillo de Canena","isPartOf":{"@id":"https:\/\/www.castillodecanena.com\/fr\/#website"},"primaryImageOfPage":{"@id":"https:\/\/www.castillodecanena.com\/fr\/producto\/debut-royal\/#primaryimage"},"image":{"@id":"https:\/\/www.castillodecanena.com\/fr\/producto\/debut-royal\/#primaryimage"},"thumbnailUrl":"https:\/\/www.castillodecanena.com\/wp-content\/uploads\/2022\/04\/ROYAL_PRIMERO_AOVE_CASTILLO_DE_CANENA_IGP-ok-2-1.jpg","datePublished":"2022-04-11T22:00:28+00:00","dateModified":"2023-11-27T00:00:11+00:00","description":"Primero Royal temprano, c'est une huile de r\u00e9colte pr\u00e9coce, dont les olives ont \u00e9t\u00e9 cueillies au d\u00e9but de la r\u00e9colte avec plus d'arome et de saveur.","breadcrumb":{"@id":"https:\/\/www.castillodecanena.com\/fr\/producto\/debut-royal\/#breadcrumb"},"inLanguage":"fr-FR","potentialAction":[{"@type":"ReadAction","target":["https:\/\/www.castillodecanena.com\/fr\/producto\/debut-royal\/"]}]},{"@type":"ImageObject","inLanguage":"fr-FR","@id":"https:\/\/www.castillodecanena.com\/fr\/producto\/debut-royal\/#primaryimage","url":"https:\/\/www.castillodecanena.com\/wp-content\/uploads\/2022\/04\/ROYAL_PRIMERO_AOVE_CASTILLO_DE_CANENA_IGP-ok-2-1.jpg","contentUrl":"https:\/\/www.castillodecanena.com\/wp-content\/uploads\/2022\/04\/ROYAL_PRIMERO_AOVE_CASTILLO_DE_CANENA_IGP-ok-2-1.jpg","width":2496,"height":2512},{"@type":"BreadcrumbList","@id":"https:\/\/www.castillodecanena.com\/fr\/producto\/debut-royal\/#breadcrumb","itemListElement":[{"@type":"ListItem","position":1,"name":"Home","item":"https:\/\/www.castillodecanena.com\/fr\/"},{"@type":"ListItem","position":2,"name":"Tienda","item":"https:\/\/www.castillodecanena.com\/fr\/tienda\/"},{"@type":"ListItem","position":3,"name":"D\u00e9but Royal"}]},{"@type":"WebSite","@id":"https:\/\/www.castillodecanena.com\/fr\/#website","url":"https:\/\/www.castillodecanena.com\/fr\/","name":"Castillo de Canena","description":"Aceites de Oliva virgen extra Premium","publisher":{"@id":"https:\/\/www.castillodecanena.com\/fr\/#organization"},"potentialAction":[{"@type":"SearchAction","target":{"@type":"EntryPoint","urlTemplate":"https:\/\/www.castillodecanena.com\/fr\/?s={search_term_string}"},"query-input":{"@type":"PropertyValueSpecification","valueRequired":true,"valueName":"search_term_string"}}],"inLanguage":"fr-FR"},{"@type":"Organization","@id":"https:\/\/www.castillodecanena.com\/fr\/#organization","name":"Castillo de Canena","url":"https:\/\/www.castillodecanena.com\/fr\/","logo":{"@type":"ImageObject","inLanguage":"fr-FR","@id":"https:\/\/www.castillodecanena.com\/fr\/#\/schema\/logo\/image\/","url":"https:\/\/castillodecanena.com\/wp-content\/uploads\/2021\/08\/logo_castillo-de-canena_small.webp","contentUrl":"https:\/\/castillodecanena.com\/wp-content\/uploads\/2021\/08\/logo_castillo-de-canena_small.webp","width":250,"height":174,"caption":"Castillo de Canena"},"image":{"@id":"https:\/\/www.castillodecanena.com\/fr\/#\/schema\/logo\/image\/"},"sameAs":["https:\/\/www.facebook.com\/Castillo.de.Canena","https:\/\/x.com\/CastillodCanena","https:\/\/www.instagram.com\/castillodecanena\/","https:\/\/www.linkedin.com\/company\/castillo-de-canena-olive-juice","https:\/\/www.pinterest.es\/castillodcanena\/","https:\/\/www.youtube.com\/channel\/UCL64xPwm_9Atq2y1JxmwnxQ","https:\/\/es.wikipedia.org\/wiki\/Castillo_de_Canena_(empresa)"]}]}},"_links":{"self":[{"href":"https:\/\/www.castillodecanena.com\/fr\/wp-json\/wp\/v2\/product\/28419","targetHints":{"allow":["GET"]}}],"collection":[{"href":"https:\/\/www.castillodecanena.com\/fr\/wp-json\/wp\/v2\/product"}],"about":[{"href":"https:\/\/www.castillodecanena.com\/fr\/wp-json\/wp\/v2\/types\/product"}],"wp:featuredmedia":[{"embeddable":true,"href":"https:\/\/www.castillodecanena.com\/fr\/wp-json\/wp\/v2\/media\/51594"}],"wp:attachment":[{"href":"https:\/\/www.castillodecanena.com\/fr\/wp-json\/wp\/v2\/media?parent=28419"}],"wp:term":[{"taxonomy":"product_cat","embeddable":true,"href":"https:\/\/www.castillodecanena.com\/fr\/wp-json\/wp\/v2\/product_cat?post=28419"},{"taxonomy":"product_tag","embeddable":true,"href":"https:\/\/www.castillodecanena.com\/fr\/wp-json\/wp\/v2\/product_tag?post=28419"}],"curies":[{"name":"wp","href":"https:\/\/api.w.org\/{rel}","templated":true}]}}