{"id":28423,"date":"2022-04-11T22:00:28","date_gmt":"2022-04-11T22:00:28","guid":{"rendered":"https:\/\/dev-castillo-de-canena.pantheonsite.io\/producto\/aceite-arbequino-al-humo-de-roble\/"},"modified":"2023-11-27T00:00:11","modified_gmt":"2023-11-27T00:00:11","slug":"castillo-de-canena-a-la-fumee-de-chene","status":"publish","type":"product","link":"https:\/\/www.castillodecanena.com\/fr\/producto\/castillo-de-canena-a-la-fumee-de-chene\/","title":{"rendered":"Castillo de Canena \u00e0 la fum\u00e9e de ch\u00eane"},"content":{"rendered":"<p>Castillo de Canena al Humo de Roble (\u00e0 la fum\u00e9e de ch\u00eane) est un produit unique au monde. La fum\u00e9e de ch\u00eane est infus\u00e9e \u00e0 froid dans l\u2019Huile d\u2019Olive Vierge Extra Arbequine \u00e0 l\u2019aide d\u2019un syst\u00e8me de production artisanal strictement contr\u00f4l\u00e9 et selon de rigoureux protocoles de qualit\u00e9.<\/p>\n<p>&nbsp;<\/p>\n<p>Castillo de Canena mise sur l\u2019innovation et la qualit\u00e9 en cr\u00e9ant les <strong>nouvelles huiles du XXI<sup>\u00e8me<\/sup> si\u00e8cle<\/strong>. Avec le soin et l\u2019excellence dont nous sommes fiers et avec l\u2019aide de ma\u00eetres fumeurs, nous faisons une s\u00e9lection de plusieurs bois bio, entre autres le ch\u00eane qui transmet une saveur \u00e9l\u00e9gante et sp\u00e9ciale.<\/p>\n<p>&nbsp;<\/p>\n<h6>DESCRIPTION<\/h6>\n<p>Castillo de Canena al Humo de Roble est un produit <strong>100% naturel, sans produits chimiques ajout\u00e9s<\/strong>. Simplement de l\u2019Huile d\u2019Olive Vierge Extra Arbequine et de la fum\u00e9e froide de bois de ch\u00eane bio.<\/p>\n<p>&nbsp;<\/p>\n<p>Pr\u00e9sent\u00e9e dans une belle bouteille bleu turquoise, s\u00e9rigraphi\u00e9e en noir, la d\u00e9gustation \u00e9voque des ar\u00f4mes de pomme et d\u2019amande, avec une note chaude caram\u00e9lis\u00e9e, de vanille et de toffee.<\/p>\n<p>&nbsp;<\/p>\n<h6>INFORMATION ADDITIONNELLE<\/h6>\n<p><u>Suggestion de consommation<\/u> : son ar\u00f4me fum\u00e9 est parfait pour \u00eatre directement vers\u00e9 sur tout type de viandes et de poissons, des l\u00e9gumes grill\u00e9s, des pommes de terre au four ou saut\u00e9es, la p\u00e2te fra\u00eeche, les relev\u00e9s de salades et \u00e0 l\u2019\u00e9laboration de sauces.<\/p>\n<p>&nbsp;<\/p>\n<p>Conserver dans un endroit frais, \u00e0 l\u2019abri de la lumi\u00e8re et de la chaleur.<\/p>\n","protected":false},"excerpt":{"rendered":"<p>Produit unique au monde, notre Arbequino EVOO infus\u00e9 \u00e0 froid est fabriqu\u00e9 selon un syst\u00e8me de production traditionnel qui suit les contr\u00f4les et protocoles de qualit\u00e9 les plus stricts. Avec l&rsquo;aide de ma\u00eetres fumeurs, nous avons fait une s\u00e9lection de diff\u00e9rents bois \u00e9cologiques, dans lesquels le ch\u00eane pr\u00e9domine. Il se pr\u00e9sente dans un flacon de 250 ml, en bleu turquoise et s\u00e9rigraphi\u00e9 en noir. .<\/p>\n","protected":false},"featured_media":48548,"template":"","meta":{"_acf_changed":false,"wprm-recipe-roundup-name":"","wprm-recipe-roundup-description":""},"product_cat":[3062],"product_tag":[],"class_list":{"0":"post-28423","1":"product","2":"type-product","3":"status-publish","4":"has-post-thumbnail","6":"product_cat-innovateurs","8":"first","9":"instock","10":"purchasable","11":"product-type-simple"},"acf":[],"yoast_head":"<!-- This site is optimized with the Yoast SEO plugin v25.6 - https:\/\/yoast.com\/wordpress\/plugins\/seo\/ -->\n<title>Castillo de Canena \u00e0 la fum\u00e9e de ch\u00eane - Castillo de Canena<\/title>\n<meta name=\"description\" content=\"Unique au monde et 100% naturelle. Voici notre huile d&#039;olive fum\u00e9e infus\u00e9e \u00e0 froid avec de la fum\u00e9e de bois de ch\u00eane bio.\" \/>\n<meta name=\"robots\" content=\"index, follow, max-snippet:-1, max-image-preview:large, max-video-preview:-1\" \/>\n<link rel=\"canonical\" href=\"https:\/\/www.castillodecanena.com\/fr\/producto\/castillo-de-canena-a-la-fumee-de-chene\/\" \/>\n<meta property=\"og:locale\" content=\"fr_FR\" \/>\n<meta property=\"og:type\" content=\"article\" \/>\n<meta property=\"og:title\" content=\"Castillo de Canena \u00e0 la fum\u00e9e de ch\u00eane - Castillo de Canena\" \/>\n<meta property=\"og:description\" content=\"Unique au monde et 100% naturelle. Voici notre huile d&#039;olive fum\u00e9e infus\u00e9e \u00e0 froid avec de la fum\u00e9e de bois de ch\u00eane bio.\" \/>\n<meta property=\"og:url\" content=\"https:\/\/www.castillodecanena.com\/fr\/producto\/castillo-de-canena-a-la-fumee-de-chene\/\" \/>\n<meta property=\"og:site_name\" content=\"Castillo de Canena\" \/>\n<meta property=\"article:publisher\" content=\"https:\/\/www.facebook.com\/Castillo.de.Canena\" \/>\n<meta property=\"article:modified_time\" content=\"2023-11-27T00:00:11+00:00\" \/>\n<meta property=\"og:image\" content=\"https:\/\/www.castillodecanena.com\/wp-content\/uploads\/2022\/04\/aceite-castillo-de-canena-al-humo-de-roble-250ml.jpg\" \/>\n\t<meta property=\"og:image:width\" content=\"1600\" \/>\n\t<meta property=\"og:image:height\" content=\"1600\" \/>\n\t<meta property=\"og:image:type\" content=\"image\/jpeg\" \/>\n<meta name=\"twitter:card\" content=\"summary_large_image\" \/>\n<meta name=\"twitter:site\" content=\"@CastillodCanena\" \/>\n<script type=\"application\/ld+json\" class=\"yoast-schema-graph\">{\"@context\":\"https:\/\/schema.org\",\"@graph\":[{\"@type\":[\"WebPage\",\"ItemPage\"],\"@id\":\"https:\/\/www.castillodecanena.com\/fr\/producto\/castillo-de-canena-a-la-fumee-de-chene\/\",\"url\":\"https:\/\/www.castillodecanena.com\/fr\/producto\/castillo-de-canena-a-la-fumee-de-chene\/\",\"name\":\"Castillo de Canena \u00e0 la fum\u00e9e de ch\u00eane - Castillo de Canena\",\"isPartOf\":{\"@id\":\"https:\/\/www.castillodecanena.com\/fr\/#website\"},\"primaryImageOfPage\":{\"@id\":\"https:\/\/www.castillodecanena.com\/fr\/producto\/castillo-de-canena-a-la-fumee-de-chene\/#primaryimage\"},\"image\":{\"@id\":\"https:\/\/www.castillodecanena.com\/fr\/producto\/castillo-de-canena-a-la-fumee-de-chene\/#primaryimage\"},\"thumbnailUrl\":\"https:\/\/www.castillodecanena.com\/wp-content\/uploads\/2022\/04\/aceite-castillo-de-canena-al-humo-de-roble-250ml.jpg\",\"datePublished\":\"2022-04-11T22:00:28+00:00\",\"dateModified\":\"2023-11-27T00:00:11+00:00\",\"description\":\"Unique au monde et 100% naturelle. Voici notre huile d'olive fum\u00e9e infus\u00e9e \u00e0 froid avec de la fum\u00e9e de bois de ch\u00eane bio.\",\"breadcrumb\":{\"@id\":\"https:\/\/www.castillodecanena.com\/fr\/producto\/castillo-de-canena-a-la-fumee-de-chene\/#breadcrumb\"},\"inLanguage\":\"fr-FR\",\"potentialAction\":[{\"@type\":\"ReadAction\",\"target\":[\"https:\/\/www.castillodecanena.com\/fr\/producto\/castillo-de-canena-a-la-fumee-de-chene\/\"]}]},{\"@type\":\"ImageObject\",\"inLanguage\":\"fr-FR\",\"@id\":\"https:\/\/www.castillodecanena.com\/fr\/producto\/castillo-de-canena-a-la-fumee-de-chene\/#primaryimage\",\"url\":\"https:\/\/www.castillodecanena.com\/wp-content\/uploads\/2022\/04\/aceite-castillo-de-canena-al-humo-de-roble-250ml.jpg\",\"contentUrl\":\"https:\/\/www.castillodecanena.com\/wp-content\/uploads\/2022\/04\/aceite-castillo-de-canena-al-humo-de-roble-250ml.jpg\",\"width\":1600,\"height\":1600,\"caption\":\"Aceite al humo de roble 250ml\"},{\"@type\":\"BreadcrumbList\",\"@id\":\"https:\/\/www.castillodecanena.com\/fr\/producto\/castillo-de-canena-a-la-fumee-de-chene\/#breadcrumb\",\"itemListElement\":[{\"@type\":\"ListItem\",\"position\":1,\"name\":\"Home\",\"item\":\"https:\/\/www.castillodecanena.com\/fr\/\"},{\"@type\":\"ListItem\",\"position\":2,\"name\":\"Tienda\",\"item\":\"https:\/\/www.castillodecanena.com\/fr\/tienda\/\"},{\"@type\":\"ListItem\",\"position\":3,\"name\":\"Castillo de Canena \u00e0 la fum\u00e9e de ch\u00eane\"}]},{\"@type\":\"WebSite\",\"@id\":\"https:\/\/www.castillodecanena.com\/fr\/#website\",\"url\":\"https:\/\/www.castillodecanena.com\/fr\/\",\"name\":\"Castillo de Canena\",\"description\":\"Aceites de Oliva virgen extra Premium\",\"publisher\":{\"@id\":\"https:\/\/www.castillodecanena.com\/fr\/#organization\"},\"potentialAction\":[{\"@type\":\"SearchAction\",\"target\":{\"@type\":\"EntryPoint\",\"urlTemplate\":\"https:\/\/www.castillodecanena.com\/fr\/?s={search_term_string}\"},\"query-input\":{\"@type\":\"PropertyValueSpecification\",\"valueRequired\":true,\"valueName\":\"search_term_string\"}}],\"inLanguage\":\"fr-FR\"},{\"@type\":\"Organization\",\"@id\":\"https:\/\/www.castillodecanena.com\/fr\/#organization\",\"name\":\"Castillo de Canena\",\"url\":\"https:\/\/www.castillodecanena.com\/fr\/\",\"logo\":{\"@type\":\"ImageObject\",\"inLanguage\":\"fr-FR\",\"@id\":\"https:\/\/www.castillodecanena.com\/fr\/#\/schema\/logo\/image\/\",\"url\":\"https:\/\/castillodecanena.com\/wp-content\/uploads\/2021\/08\/logo_castillo-de-canena_small.webp\",\"contentUrl\":\"https:\/\/castillodecanena.com\/wp-content\/uploads\/2021\/08\/logo_castillo-de-canena_small.webp\",\"width\":250,\"height\":174,\"caption\":\"Castillo de Canena\"},\"image\":{\"@id\":\"https:\/\/www.castillodecanena.com\/fr\/#\/schema\/logo\/image\/\"},\"sameAs\":[\"https:\/\/www.facebook.com\/Castillo.de.Canena\",\"https:\/\/x.com\/CastillodCanena\",\"https:\/\/www.instagram.com\/castillodecanena\/\",\"https:\/\/www.linkedin.com\/company\/castillo-de-canena-olive-juice\",\"https:\/\/www.pinterest.es\/castillodcanena\/\",\"https:\/\/www.youtube.com\/channel\/UCL64xPwm_9Atq2y1JxmwnxQ\",\"https:\/\/es.wikipedia.org\/wiki\/Castillo_de_Canena_(empresa)\"]}]}<\/script>\n<!-- \/ Yoast SEO plugin. -->","yoast_head_json":{"title":"Castillo de Canena \u00e0 la fum\u00e9e de ch\u00eane - Castillo de Canena","description":"Unique au monde et 100% naturelle. Voici notre huile d'olive fum\u00e9e infus\u00e9e \u00e0 froid avec de la fum\u00e9e de bois de ch\u00eane bio.","robots":{"index":"index","follow":"follow","max-snippet":"max-snippet:-1","max-image-preview":"max-image-preview:large","max-video-preview":"max-video-preview:-1"},"canonical":"https:\/\/www.castillodecanena.com\/fr\/producto\/castillo-de-canena-a-la-fumee-de-chene\/","og_locale":"fr_FR","og_type":"article","og_title":"Castillo de Canena \u00e0 la fum\u00e9e de ch\u00eane - Castillo de Canena","og_description":"Unique au monde et 100% naturelle. Voici notre huile d'olive fum\u00e9e infus\u00e9e \u00e0 froid avec de la fum\u00e9e de bois de ch\u00eane bio.","og_url":"https:\/\/www.castillodecanena.com\/fr\/producto\/castillo-de-canena-a-la-fumee-de-chene\/","og_site_name":"Castillo de Canena","article_publisher":"https:\/\/www.facebook.com\/Castillo.de.Canena","article_modified_time":"2023-11-27T00:00:11+00:00","og_image":[{"width":1600,"height":1600,"url":"https:\/\/www.castillodecanena.com\/wp-content\/uploads\/2022\/04\/aceite-castillo-de-canena-al-humo-de-roble-250ml.jpg","type":"image\/jpeg"}],"twitter_card":"summary_large_image","twitter_site":"@CastillodCanena","schema":{"@context":"https:\/\/schema.org","@graph":[{"@type":["WebPage","ItemPage"],"@id":"https:\/\/www.castillodecanena.com\/fr\/producto\/castillo-de-canena-a-la-fumee-de-chene\/","url":"https:\/\/www.castillodecanena.com\/fr\/producto\/castillo-de-canena-a-la-fumee-de-chene\/","name":"Castillo de Canena \u00e0 la fum\u00e9e de ch\u00eane - Castillo de Canena","isPartOf":{"@id":"https:\/\/www.castillodecanena.com\/fr\/#website"},"primaryImageOfPage":{"@id":"https:\/\/www.castillodecanena.com\/fr\/producto\/castillo-de-canena-a-la-fumee-de-chene\/#primaryimage"},"image":{"@id":"https:\/\/www.castillodecanena.com\/fr\/producto\/castillo-de-canena-a-la-fumee-de-chene\/#primaryimage"},"thumbnailUrl":"https:\/\/www.castillodecanena.com\/wp-content\/uploads\/2022\/04\/aceite-castillo-de-canena-al-humo-de-roble-250ml.jpg","datePublished":"2022-04-11T22:00:28+00:00","dateModified":"2023-11-27T00:00:11+00:00","description":"Unique au monde et 100% naturelle. Voici notre huile d'olive fum\u00e9e infus\u00e9e \u00e0 froid avec de la fum\u00e9e de bois de ch\u00eane bio.","breadcrumb":{"@id":"https:\/\/www.castillodecanena.com\/fr\/producto\/castillo-de-canena-a-la-fumee-de-chene\/#breadcrumb"},"inLanguage":"fr-FR","potentialAction":[{"@type":"ReadAction","target":["https:\/\/www.castillodecanena.com\/fr\/producto\/castillo-de-canena-a-la-fumee-de-chene\/"]}]},{"@type":"ImageObject","inLanguage":"fr-FR","@id":"https:\/\/www.castillodecanena.com\/fr\/producto\/castillo-de-canena-a-la-fumee-de-chene\/#primaryimage","url":"https:\/\/www.castillodecanena.com\/wp-content\/uploads\/2022\/04\/aceite-castillo-de-canena-al-humo-de-roble-250ml.jpg","contentUrl":"https:\/\/www.castillodecanena.com\/wp-content\/uploads\/2022\/04\/aceite-castillo-de-canena-al-humo-de-roble-250ml.jpg","width":1600,"height":1600,"caption":"Aceite al humo de roble 250ml"},{"@type":"BreadcrumbList","@id":"https:\/\/www.castillodecanena.com\/fr\/producto\/castillo-de-canena-a-la-fumee-de-chene\/#breadcrumb","itemListElement":[{"@type":"ListItem","position":1,"name":"Home","item":"https:\/\/www.castillodecanena.com\/fr\/"},{"@type":"ListItem","position":2,"name":"Tienda","item":"https:\/\/www.castillodecanena.com\/fr\/tienda\/"},{"@type":"ListItem","position":3,"name":"Castillo de Canena \u00e0 la fum\u00e9e de ch\u00eane"}]},{"@type":"WebSite","@id":"https:\/\/www.castillodecanena.com\/fr\/#website","url":"https:\/\/www.castillodecanena.com\/fr\/","name":"Castillo de Canena","description":"Aceites de Oliva virgen extra Premium","publisher":{"@id":"https:\/\/www.castillodecanena.com\/fr\/#organization"},"potentialAction":[{"@type":"SearchAction","target":{"@type":"EntryPoint","urlTemplate":"https:\/\/www.castillodecanena.com\/fr\/?s={search_term_string}"},"query-input":{"@type":"PropertyValueSpecification","valueRequired":true,"valueName":"search_term_string"}}],"inLanguage":"fr-FR"},{"@type":"Organization","@id":"https:\/\/www.castillodecanena.com\/fr\/#organization","name":"Castillo de Canena","url":"https:\/\/www.castillodecanena.com\/fr\/","logo":{"@type":"ImageObject","inLanguage":"fr-FR","@id":"https:\/\/www.castillodecanena.com\/fr\/#\/schema\/logo\/image\/","url":"https:\/\/castillodecanena.com\/wp-content\/uploads\/2021\/08\/logo_castillo-de-canena_small.webp","contentUrl":"https:\/\/castillodecanena.com\/wp-content\/uploads\/2021\/08\/logo_castillo-de-canena_small.webp","width":250,"height":174,"caption":"Castillo de Canena"},"image":{"@id":"https:\/\/www.castillodecanena.com\/fr\/#\/schema\/logo\/image\/"},"sameAs":["https:\/\/www.facebook.com\/Castillo.de.Canena","https:\/\/x.com\/CastillodCanena","https:\/\/www.instagram.com\/castillodecanena\/","https:\/\/www.linkedin.com\/company\/castillo-de-canena-olive-juice","https:\/\/www.pinterest.es\/castillodcanena\/","https:\/\/www.youtube.com\/channel\/UCL64xPwm_9Atq2y1JxmwnxQ","https:\/\/es.wikipedia.org\/wiki\/Castillo_de_Canena_(empresa)"]}]}},"_links":{"self":[{"href":"https:\/\/www.castillodecanena.com\/fr\/wp-json\/wp\/v2\/product\/28423","targetHints":{"allow":["GET"]}}],"collection":[{"href":"https:\/\/www.castillodecanena.com\/fr\/wp-json\/wp\/v2\/product"}],"about":[{"href":"https:\/\/www.castillodecanena.com\/fr\/wp-json\/wp\/v2\/types\/product"}],"wp:featuredmedia":[{"embeddable":true,"href":"https:\/\/www.castillodecanena.com\/fr\/wp-json\/wp\/v2\/media\/48548"}],"wp:attachment":[{"href":"https:\/\/www.castillodecanena.com\/fr\/wp-json\/wp\/v2\/media?parent=28423"}],"wp:term":[{"taxonomy":"product_cat","embeddable":true,"href":"https:\/\/www.castillodecanena.com\/fr\/wp-json\/wp\/v2\/product_cat?post=28423"},{"taxonomy":"product_tag","embeddable":true,"href":"https:\/\/www.castillodecanena.com\/fr\/wp-json\/wp\/v2\/product_tag?post=28423"}],"curies":[{"name":"wp","href":"https:\/\/api.w.org\/{rel}","templated":true}]}}