{"id":28441,"date":"2022-04-11T22:00:28","date_gmt":"2022-04-11T22:00:28","guid":{"rendered":"https:\/\/dev-castillo-de-canena.pantheonsite.io\/producto\/aceite-de-oliva-arbequina-con-plancton-marino\/"},"modified":"2023-11-27T00:00:13","modified_gmt":"2023-11-27T00:00:13","slug":"castillo-de-canena-avec-plancton-marin","status":"publish","type":"product","link":"https:\/\/www.castillodecanena.com\/fr\/producto\/castillo-de-canena-avec-plancton-marin\/","title":{"rendered":"Castillo de Canena avec plancton marin"},"content":{"rendered":"<p>Une <strong>Huile d\u2019Olive Vierge Extra <\/strong><strong>Arbequine unique au monde.<\/strong> Infus\u00e9e avec du phytoplancton marin, son ar\u00f4me intense est une explosion de saveur marine \u00e0 laquelle s\u2019ajoutent une touche verte et le fruit\u00e9 du jus d\u2019olive fra\u00eeche.<\/p>\n<p>&nbsp;<\/p>\n<p>\u00c9labor\u00e9 avec la participation d\u2019Angel Le\u00f3n, le prestigieux chef de Cadix triplement \u00e9toil\u00e9 par le guide Michelin, il s\u2019agit d\u2019une huile 100% naturelle et v\u00e9gane, puisque l\u2019origine du plancton est <strong>v\u00e9g\u00e9tale et non animale<\/strong>.<\/p>\n<p>&nbsp;<\/p>\n<p>Castillo de Canena con Plancton Marino repr\u00e9sente toute une <strong>exp\u00e9rience sensorielle pour le palais,<\/strong> avec lequel se d\u00e9lecter et d\u00e9guster une saveur qui surprend de par son originalit\u00e9, sa diff\u00e9renciation et le respect des plus hautes normes de qualit\u00e9.<\/p>\n<p>&nbsp;<\/p>\n<p>Aux c\u00f4t\u00e9s de <a href=\"\/fr\/producto\/royal-temprano\/\">Royal Temprano<\/a>, <a href=\"\/fr\/producto\/la-cata-horizontal\/\">La Cata Horizontal<\/a>, <a href=\"\/fr\/producto\/aceite-arbequino-al-humo-de-roble\/\">Castillo de Canena al Humo de Roble<\/a>, <a href=\"\/fr\/producto\/biodinamico-picual\/\">Biodin\u00e1mico Picual<\/a>, <a href=\"\/fr\/producto\/biodinamico-arbequina\/\">Biodin\u00e1mico Arbequino<\/a> et <a href=\"\/fr\/producto\/harissa-olive-oil\/\">Castillo de Canena con Harissa<\/a>, Castillo de Canena con Plancton Marino int\u00e8gre notre s\u00e9lection <strong>Aceites del Siglo XXI<\/strong>, la ligne de produits plus innovante de notre marque.<\/p>\n<p>&nbsp;<\/p>\n<h6>DESCRIPTION<\/h6>\n<p>Castillo de Canena con Plancton Marino se distingue par son vert intense et brillant color\u00e9 par le plancton en suspension. Tr\u00e8s fra\u00eeche et \u00e9l\u00e9gante, doucement am\u00e8re avec un piquant \u00e9quilibr\u00e9, qui dispara\u00eet rapidement. En bouche, la sensation est tr\u00e8s douce, en \u00e9quilibre avec les souvenirs sal\u00e9s de la mer.<\/p>\n<p>&nbsp;<\/p>\n<h6>INFORMATION ADDITIONNELLE<\/h6>\n<p><u>Suggestion de consommation<\/u> : Castillo de Canena con Plancton est l\u2019huile id\u00e9ale pour accompagner des plats de riz et des fruits de mer, des poissons grill\u00e9s, des p\u00e2tes, le poulpe, les tartares de poisson et les ceviches. C\u2019est aussi une huile tr\u00e8s recommand\u00e9e pour faire une mayonnaise ou une vinaigrette.<\/p>\n<p>&nbsp;<\/p>\n<p>Elle est pr\u00e9sent\u00e9e dans une bouteille enti\u00e8rement envelopp\u00e9e dans son \u00e9tiquette, ou <em>sleeve<\/em>, \u00e9voquant les microorganismes composant le phytoplancton et sa couleur verte caract\u00e9ristique.<\/p>\n<p>&nbsp;<\/p>\n<p>Conserver dans un endroit frais, \u00e0 l\u2019abri de la lumi\u00e8re et de la chaleur.<\/p>\n","protected":false},"excerpt":{"rendered":"<p>Notre huile d&rsquo;olive extra vierge arbequino infus\u00e9e de phytoplancton marin. Un produit unique au monde, avec un ar\u00f4me intense et un go\u00fbt explosif de la mer, auquel se joint \u2013 \u00e9tonnamment \u2013 \u200b\u200bla saveur verte et fruit\u00e9e du jus d&rsquo;olive frais.<\/p>\n<p>100% naturel et v\u00e9g\u00e9talien -puisque le plancton est d&rsquo;origine v\u00e9g\u00e9tale et non animale-, il nous offre un monde diff\u00e9rent et illimit\u00e9 de possibilit\u00e9s gastronomiques et culinaires. Une exp\u00e9rience incroyable qui nous plonge dans une mer fra\u00eeche et intense.<\/p>\n","protected":false},"featured_media":48555,"template":"","meta":{"_acf_changed":false,"wprm-recipe-roundup-name":"","wprm-recipe-roundup-description":""},"product_cat":[3062],"product_tag":[],"class_list":{"0":"post-28441","1":"product","2":"type-product","3":"status-publish","4":"has-post-thumbnail","6":"product_cat-innovateurs","8":"first","9":"instock","10":"purchasable","11":"product-type-simple"},"acf":[],"yoast_head":"<!-- This site is optimized with the Yoast SEO plugin v25.6 - https:\/\/yoast.com\/wordpress\/plugins\/seo\/ -->\n<title>Castillo de Canena avec plancton marin - Castillo de Canena<\/title>\n<meta name=\"description\" content=\"Profitez d&#039;une exp\u00e9rience sensorielle avec cette huile d&#039;olive au plancton marin cr\u00e9\u00e9e par Castillo de Canena et le chef \u00c1ngel Le\u00f3n.\" \/>\n<meta name=\"robots\" content=\"index, follow, max-snippet:-1, max-image-preview:large, max-video-preview:-1\" \/>\n<link rel=\"canonical\" href=\"https:\/\/www.castillodecanena.com\/fr\/producto\/castillo-de-canena-avec-plancton-marin\/\" \/>\n<meta property=\"og:locale\" content=\"fr_FR\" \/>\n<meta property=\"og:type\" content=\"article\" \/>\n<meta property=\"og:title\" content=\"Castillo de Canena avec plancton marin - Castillo de Canena\" \/>\n<meta property=\"og:description\" content=\"Profitez d&#039;une exp\u00e9rience sensorielle avec cette huile d&#039;olive au plancton marin cr\u00e9\u00e9e par Castillo de Canena et le chef \u00c1ngel Le\u00f3n.\" \/>\n<meta property=\"og:url\" content=\"https:\/\/www.castillodecanena.com\/fr\/producto\/castillo-de-canena-avec-plancton-marin\/\" \/>\n<meta property=\"og:site_name\" content=\"Castillo de Canena\" \/>\n<meta property=\"article:publisher\" content=\"https:\/\/www.facebook.com\/Castillo.de.Canena\" \/>\n<meta property=\"article:modified_time\" content=\"2023-11-27T00:00:13+00:00\" \/>\n<meta property=\"og:image\" content=\"https:\/\/www.castillodecanena.com\/wp-content\/uploads\/2022\/04\/aceite-castillo-de-canena-con-plancton-marino-250ml.jpg\" \/>\n\t<meta property=\"og:image:width\" content=\"1600\" \/>\n\t<meta property=\"og:image:height\" content=\"1600\" \/>\n\t<meta property=\"og:image:type\" content=\"image\/jpeg\" \/>\n<meta name=\"twitter:card\" content=\"summary_large_image\" \/>\n<meta name=\"twitter:site\" content=\"@CastillodCanena\" \/>\n<script type=\"application\/ld+json\" class=\"yoast-schema-graph\">{\"@context\":\"https:\/\/schema.org\",\"@graph\":[{\"@type\":[\"WebPage\",\"ItemPage\"],\"@id\":\"https:\/\/www.castillodecanena.com\/fr\/producto\/castillo-de-canena-avec-plancton-marin\/\",\"url\":\"https:\/\/www.castillodecanena.com\/fr\/producto\/castillo-de-canena-avec-plancton-marin\/\",\"name\":\"Castillo de Canena avec plancton marin - Castillo de Canena\",\"isPartOf\":{\"@id\":\"https:\/\/www.castillodecanena.com\/fr\/#website\"},\"primaryImageOfPage\":{\"@id\":\"https:\/\/www.castillodecanena.com\/fr\/producto\/castillo-de-canena-avec-plancton-marin\/#primaryimage\"},\"image\":{\"@id\":\"https:\/\/www.castillodecanena.com\/fr\/producto\/castillo-de-canena-avec-plancton-marin\/#primaryimage\"},\"thumbnailUrl\":\"https:\/\/www.castillodecanena.com\/wp-content\/uploads\/2022\/04\/aceite-castillo-de-canena-con-plancton-marino-250ml.jpg\",\"datePublished\":\"2022-04-11T22:00:28+00:00\",\"dateModified\":\"2023-11-27T00:00:13+00:00\",\"description\":\"Profitez d'une exp\u00e9rience sensorielle avec cette huile d'olive au plancton marin cr\u00e9\u00e9e par Castillo de Canena et le chef \u00c1ngel Le\u00f3n.\",\"breadcrumb\":{\"@id\":\"https:\/\/www.castillodecanena.com\/fr\/producto\/castillo-de-canena-avec-plancton-marin\/#breadcrumb\"},\"inLanguage\":\"fr-FR\",\"potentialAction\":[{\"@type\":\"ReadAction\",\"target\":[\"https:\/\/www.castillodecanena.com\/fr\/producto\/castillo-de-canena-avec-plancton-marin\/\"]}]},{\"@type\":\"ImageObject\",\"inLanguage\":\"fr-FR\",\"@id\":\"https:\/\/www.castillodecanena.com\/fr\/producto\/castillo-de-canena-avec-plancton-marin\/#primaryimage\",\"url\":\"https:\/\/www.castillodecanena.com\/wp-content\/uploads\/2022\/04\/aceite-castillo-de-canena-con-plancton-marino-250ml.jpg\",\"contentUrl\":\"https:\/\/www.castillodecanena.com\/wp-content\/uploads\/2022\/04\/aceite-castillo-de-canena-con-plancton-marino-250ml.jpg\",\"width\":1600,\"height\":1600,\"caption\":\"Aceite con plancton marino 250ml\"},{\"@type\":\"BreadcrumbList\",\"@id\":\"https:\/\/www.castillodecanena.com\/fr\/producto\/castillo-de-canena-avec-plancton-marin\/#breadcrumb\",\"itemListElement\":[{\"@type\":\"ListItem\",\"position\":1,\"name\":\"Home\",\"item\":\"https:\/\/www.castillodecanena.com\/fr\/\"},{\"@type\":\"ListItem\",\"position\":2,\"name\":\"Tienda\",\"item\":\"https:\/\/www.castillodecanena.com\/fr\/tienda\/\"},{\"@type\":\"ListItem\",\"position\":3,\"name\":\"Castillo de Canena avec plancton marin\"}]},{\"@type\":\"WebSite\",\"@id\":\"https:\/\/www.castillodecanena.com\/fr\/#website\",\"url\":\"https:\/\/www.castillodecanena.com\/fr\/\",\"name\":\"Castillo de Canena\",\"description\":\"Aceites de Oliva virgen extra Premium\",\"publisher\":{\"@id\":\"https:\/\/www.castillodecanena.com\/fr\/#organization\"},\"potentialAction\":[{\"@type\":\"SearchAction\",\"target\":{\"@type\":\"EntryPoint\",\"urlTemplate\":\"https:\/\/www.castillodecanena.com\/fr\/?s={search_term_string}\"},\"query-input\":{\"@type\":\"PropertyValueSpecification\",\"valueRequired\":true,\"valueName\":\"search_term_string\"}}],\"inLanguage\":\"fr-FR\"},{\"@type\":\"Organization\",\"@id\":\"https:\/\/www.castillodecanena.com\/fr\/#organization\",\"name\":\"Castillo de Canena\",\"url\":\"https:\/\/www.castillodecanena.com\/fr\/\",\"logo\":{\"@type\":\"ImageObject\",\"inLanguage\":\"fr-FR\",\"@id\":\"https:\/\/www.castillodecanena.com\/fr\/#\/schema\/logo\/image\/\",\"url\":\"https:\/\/castillodecanena.com\/wp-content\/uploads\/2021\/08\/logo_castillo-de-canena_small.webp\",\"contentUrl\":\"https:\/\/castillodecanena.com\/wp-content\/uploads\/2021\/08\/logo_castillo-de-canena_small.webp\",\"width\":250,\"height\":174,\"caption\":\"Castillo de Canena\"},\"image\":{\"@id\":\"https:\/\/www.castillodecanena.com\/fr\/#\/schema\/logo\/image\/\"},\"sameAs\":[\"https:\/\/www.facebook.com\/Castillo.de.Canena\",\"https:\/\/x.com\/CastillodCanena\",\"https:\/\/www.instagram.com\/castillodecanena\/\",\"https:\/\/www.linkedin.com\/company\/castillo-de-canena-olive-juice\",\"https:\/\/www.pinterest.es\/castillodcanena\/\",\"https:\/\/www.youtube.com\/channel\/UCL64xPwm_9Atq2y1JxmwnxQ\",\"https:\/\/es.wikipedia.org\/wiki\/Castillo_de_Canena_(empresa)\"]}]}<\/script>\n<!-- \/ Yoast SEO plugin. -->","yoast_head_json":{"title":"Castillo de Canena avec plancton marin - Castillo de Canena","description":"Profitez d'une exp\u00e9rience sensorielle avec cette huile d'olive au plancton marin cr\u00e9\u00e9e par Castillo de Canena et le chef \u00c1ngel Le\u00f3n.","robots":{"index":"index","follow":"follow","max-snippet":"max-snippet:-1","max-image-preview":"max-image-preview:large","max-video-preview":"max-video-preview:-1"},"canonical":"https:\/\/www.castillodecanena.com\/fr\/producto\/castillo-de-canena-avec-plancton-marin\/","og_locale":"fr_FR","og_type":"article","og_title":"Castillo de Canena avec plancton marin - Castillo de Canena","og_description":"Profitez d'une exp\u00e9rience sensorielle avec cette huile d'olive au plancton marin cr\u00e9\u00e9e par Castillo de Canena et le chef \u00c1ngel Le\u00f3n.","og_url":"https:\/\/www.castillodecanena.com\/fr\/producto\/castillo-de-canena-avec-plancton-marin\/","og_site_name":"Castillo de Canena","article_publisher":"https:\/\/www.facebook.com\/Castillo.de.Canena","article_modified_time":"2023-11-27T00:00:13+00:00","og_image":[{"width":1600,"height":1600,"url":"https:\/\/www.castillodecanena.com\/wp-content\/uploads\/2022\/04\/aceite-castillo-de-canena-con-plancton-marino-250ml.jpg","type":"image\/jpeg"}],"twitter_card":"summary_large_image","twitter_site":"@CastillodCanena","schema":{"@context":"https:\/\/schema.org","@graph":[{"@type":["WebPage","ItemPage"],"@id":"https:\/\/www.castillodecanena.com\/fr\/producto\/castillo-de-canena-avec-plancton-marin\/","url":"https:\/\/www.castillodecanena.com\/fr\/producto\/castillo-de-canena-avec-plancton-marin\/","name":"Castillo de Canena avec plancton marin - Castillo de Canena","isPartOf":{"@id":"https:\/\/www.castillodecanena.com\/fr\/#website"},"primaryImageOfPage":{"@id":"https:\/\/www.castillodecanena.com\/fr\/producto\/castillo-de-canena-avec-plancton-marin\/#primaryimage"},"image":{"@id":"https:\/\/www.castillodecanena.com\/fr\/producto\/castillo-de-canena-avec-plancton-marin\/#primaryimage"},"thumbnailUrl":"https:\/\/www.castillodecanena.com\/wp-content\/uploads\/2022\/04\/aceite-castillo-de-canena-con-plancton-marino-250ml.jpg","datePublished":"2022-04-11T22:00:28+00:00","dateModified":"2023-11-27T00:00:13+00:00","description":"Profitez d'une exp\u00e9rience sensorielle avec cette huile d'olive au plancton marin cr\u00e9\u00e9e par Castillo de Canena et le chef \u00c1ngel Le\u00f3n.","breadcrumb":{"@id":"https:\/\/www.castillodecanena.com\/fr\/producto\/castillo-de-canena-avec-plancton-marin\/#breadcrumb"},"inLanguage":"fr-FR","potentialAction":[{"@type":"ReadAction","target":["https:\/\/www.castillodecanena.com\/fr\/producto\/castillo-de-canena-avec-plancton-marin\/"]}]},{"@type":"ImageObject","inLanguage":"fr-FR","@id":"https:\/\/www.castillodecanena.com\/fr\/producto\/castillo-de-canena-avec-plancton-marin\/#primaryimage","url":"https:\/\/www.castillodecanena.com\/wp-content\/uploads\/2022\/04\/aceite-castillo-de-canena-con-plancton-marino-250ml.jpg","contentUrl":"https:\/\/www.castillodecanena.com\/wp-content\/uploads\/2022\/04\/aceite-castillo-de-canena-con-plancton-marino-250ml.jpg","width":1600,"height":1600,"caption":"Aceite con plancton marino 250ml"},{"@type":"BreadcrumbList","@id":"https:\/\/www.castillodecanena.com\/fr\/producto\/castillo-de-canena-avec-plancton-marin\/#breadcrumb","itemListElement":[{"@type":"ListItem","position":1,"name":"Home","item":"https:\/\/www.castillodecanena.com\/fr\/"},{"@type":"ListItem","position":2,"name":"Tienda","item":"https:\/\/www.castillodecanena.com\/fr\/tienda\/"},{"@type":"ListItem","position":3,"name":"Castillo de Canena avec plancton marin"}]},{"@type":"WebSite","@id":"https:\/\/www.castillodecanena.com\/fr\/#website","url":"https:\/\/www.castillodecanena.com\/fr\/","name":"Castillo de Canena","description":"Aceites de Oliva virgen extra Premium","publisher":{"@id":"https:\/\/www.castillodecanena.com\/fr\/#organization"},"potentialAction":[{"@type":"SearchAction","target":{"@type":"EntryPoint","urlTemplate":"https:\/\/www.castillodecanena.com\/fr\/?s={search_term_string}"},"query-input":{"@type":"PropertyValueSpecification","valueRequired":true,"valueName":"search_term_string"}}],"inLanguage":"fr-FR"},{"@type":"Organization","@id":"https:\/\/www.castillodecanena.com\/fr\/#organization","name":"Castillo de Canena","url":"https:\/\/www.castillodecanena.com\/fr\/","logo":{"@type":"ImageObject","inLanguage":"fr-FR","@id":"https:\/\/www.castillodecanena.com\/fr\/#\/schema\/logo\/image\/","url":"https:\/\/castillodecanena.com\/wp-content\/uploads\/2021\/08\/logo_castillo-de-canena_small.webp","contentUrl":"https:\/\/castillodecanena.com\/wp-content\/uploads\/2021\/08\/logo_castillo-de-canena_small.webp","width":250,"height":174,"caption":"Castillo de Canena"},"image":{"@id":"https:\/\/www.castillodecanena.com\/fr\/#\/schema\/logo\/image\/"},"sameAs":["https:\/\/www.facebook.com\/Castillo.de.Canena","https:\/\/x.com\/CastillodCanena","https:\/\/www.instagram.com\/castillodecanena\/","https:\/\/www.linkedin.com\/company\/castillo-de-canena-olive-juice","https:\/\/www.pinterest.es\/castillodcanena\/","https:\/\/www.youtube.com\/channel\/UCL64xPwm_9Atq2y1JxmwnxQ","https:\/\/es.wikipedia.org\/wiki\/Castillo_de_Canena_(empresa)"]}]}},"_links":{"self":[{"href":"https:\/\/www.castillodecanena.com\/fr\/wp-json\/wp\/v2\/product\/28441","targetHints":{"allow":["GET"]}}],"collection":[{"href":"https:\/\/www.castillodecanena.com\/fr\/wp-json\/wp\/v2\/product"}],"about":[{"href":"https:\/\/www.castillodecanena.com\/fr\/wp-json\/wp\/v2\/types\/product"}],"wp:featuredmedia":[{"embeddable":true,"href":"https:\/\/www.castillodecanena.com\/fr\/wp-json\/wp\/v2\/media\/48555"}],"wp:attachment":[{"href":"https:\/\/www.castillodecanena.com\/fr\/wp-json\/wp\/v2\/media?parent=28441"}],"wp:term":[{"taxonomy":"product_cat","embeddable":true,"href":"https:\/\/www.castillodecanena.com\/fr\/wp-json\/wp\/v2\/product_cat?post=28441"},{"taxonomy":"product_tag","embeddable":true,"href":"https:\/\/www.castillodecanena.com\/fr\/wp-json\/wp\/v2\/product_tag?post=28441"}],"curies":[{"name":"wp","href":"https:\/\/api.w.org\/{rel}","templated":true}]}}