{"id":28442,"date":"2022-04-11T22:08:48","date_gmt":"2022-04-11T22:08:48","guid":{"rendered":"https:\/\/dev-castillo-de-canena.pantheonsite.io\/producto\/arbequino-amontillado\/"},"modified":"2023-11-27T00:00:13","modified_gmt":"2023-11-27T00:00:13","slug":"arbequino-amontillado","status":"publish","type":"product","link":"https:\/\/www.castillodecanena.com\/fr\/producto\/arbequino-amontillado\/","title":{"rendered":"Ch\u00e2teau de Canena Amontillado"},"content":{"rendered":"<p>Castillo de Canena Amontillado est n\u00e9e de la passion pour deux produits gastronomiques aussi extraordinaires que l\u2019Huile d\u2019Olive Vierge Extra et les vins de X\u00e9r\u00e8s. Pour la <strong>premi\u00e8re<\/strong> fois une <strong>HOVE<\/strong> <strong>Arbequine<\/strong> <strong>est affin\u00e9e dans des f\u00fbts de vin<\/strong>. Pour son \u00e9laboration, il a fallu choisir d\u2019abord un f\u00fbt de ch\u00eane am\u00e9ricain avec une lie de vin amontillado, provenant de Lustau, l\u2019une des caves les plus renomm\u00e9es d\u2019Espagne.<\/p>\n<p>&nbsp;<\/p>\n<p>\u00c0 l\u2019int\u00e9rieur de ces f\u00fbts de x\u00e9r\u00e8s, notre huile Arbequine va s\u2019impr\u00e9gner des ar\u00f4mes complexes de ce vieux vin amontillado, encore pr\u00e9sents dans les douelles \u00e0 l\u2019int\u00e9rieur du f\u00fbt. Le r\u00e9sultat\u00a0: une fusion parfaite des notes sensorielles du vin amontillado et celles de l\u2019HOVE Arbequine. Une exp\u00e9rience gastronomique unique\u00a0!<\/p>\n<p>&nbsp;<\/p>\n<h6>DESCRIPTION<\/h6>\n<p>Dans un design \u00e9l\u00e9gant et distingu\u00e9, cette huile combine la fra\u00eecheur de l\u2019HOVE arbequine au fascinant profil aromatique du vin amontillado, avec des souvenirs rappelant les fruits secs grill\u00e9s, les bois nobles, les fruits m\u00fbrs et les champignons.<\/p>\n<p>&nbsp;<\/p>\n<h6>INFORMATION ADDITIONNELLE<\/h6>\n<p><u>Suggestion de consommation<\/u>\u00a0: Parfaite pour combiner avec une grande quantit\u00e9 de plats et de recettes, depuis les plus classiques jusqu\u2019\u00e0 l\u2019avant-garde. Les poissons en cro\u00fbte de sel et au four, volailles et porc brais\u00e9 ou au four, champignons et c\u00e8pes, carpaccio et tartare d\u2019\u00e9crevisses ou de thon, foie plancha, p\u00e2t\u00e9s de perdrix, tourtes \u00e0 la viande, <em>mojama<\/em> (salaison de filet de thon), poutargue de lingue et de mulet ou palourdes, coques et huitres, qu\u2019elles soient crues, en conserve ou saut\u00e9es. Sans oublier l\u2019exp\u00e9rience sensorielle extraordinaire cons\u00e9quente \u00e0 la pulv\u00e9risation sur du chocolat noir ou des fruits secs.<\/p>\n","protected":false},"excerpt":{"rendered":"<p>Le premier aliment \u00e0 base d&rsquo;huile d&rsquo;olive extra vierge jeune Arbequino raffin\u00e9e dans des f\u00fbts de vin Sherry amontillado de plus d&rsquo;un demi-si\u00e8cle d&rsquo;\u00e2ge.<\/p>\n<p>Castillo de Canena Amontillado est le r\u00e9sultat d&rsquo;une passion pour deux produits gastronomiques aussi remarquables que l&rsquo;HOVE et les vins de x\u00e9r\u00e8s fortifi\u00e9s. La fra\u00eecheur de notre Reserva Familiar Arbequino acquiert le caract\u00e8re d&rsquo;un vin fortifi\u00e9 en l&rsquo;affinant dans la botte de sherry amontillado.<\/p>\n<p>Le profil aromatique fascinant de l&rsquo;amontillado, avec ses vagues in\u00e9puisables de noix et ses nuances salines, doucement guid\u00e9 par la d\u00e9licatesse de l&rsquo;huile qui les fixe sur notre palais.<\/p>\n<p>Une exp\u00e9rience gastronomique unique qui vous inspirera dans vos recettes classiques comme dans les plus innovantes !<\/p>\n","protected":false},"featured_media":50593,"template":"","meta":{"_acf_changed":false,"wprm-recipe-roundup-name":"","wprm-recipe-roundup-description":""},"product_cat":[3062],"product_tag":[],"class_list":{"0":"post-28442","1":"product","2":"type-product","3":"status-publish","4":"has-post-thumbnail","6":"product_cat-innovateurs","8":"first","9":"instock","10":"purchasable","11":"product-type-simple"},"acf":[],"yoast_head":"<!-- This site is optimized with the Yoast SEO plugin v25.6 - https:\/\/yoast.com\/wordpress\/plugins\/seo\/ -->\n<title>Ch\u00e2teau de Canena Amontillado - Castillo de Canena<\/title>\n<meta name=\"description\" content=\"D\u00e9couvrez la premi\u00e8re huile arbequine amontillado. Affin\u00e9e dans des f\u00fbts de vin . Une exp\u00e9rience unique mariant la meilleure huile aux ar\u00f4mes du vin.\" \/>\n<meta name=\"robots\" content=\"index, follow, max-snippet:-1, max-image-preview:large, max-video-preview:-1\" \/>\n<link rel=\"canonical\" href=\"https:\/\/www.castillodecanena.com\/fr\/producto\/arbequino-amontillado\/\" \/>\n<meta property=\"og:locale\" content=\"fr_FR\" \/>\n<meta property=\"og:type\" content=\"article\" \/>\n<meta property=\"og:title\" content=\"Ch\u00e2teau de Canena Amontillado - Castillo de Canena\" \/>\n<meta property=\"og:description\" content=\"D\u00e9couvrez la premi\u00e8re huile arbequine amontillado. Affin\u00e9e dans des f\u00fbts de vin . Une exp\u00e9rience unique mariant la meilleure huile aux ar\u00f4mes du vin.\" \/>\n<meta property=\"og:url\" content=\"https:\/\/www.castillodecanena.com\/fr\/producto\/arbequino-amontillado\/\" \/>\n<meta property=\"og:site_name\" content=\"Castillo de Canena\" \/>\n<meta property=\"article:publisher\" content=\"https:\/\/www.facebook.com\/Castillo.de.Canena\" \/>\n<meta property=\"article:modified_time\" content=\"2023-11-27T00:00:13+00:00\" \/>\n<meta property=\"og:image\" content=\"https:\/\/www.castillodecanena.com\/wp-content\/uploads\/2022\/04\/aceite-oliva-arbequino-amontillado.png\" \/>\n\t<meta property=\"og:image:width\" content=\"1000\" \/>\n\t<meta property=\"og:image:height\" content=\"1000\" \/>\n\t<meta property=\"og:image:type\" content=\"image\/png\" \/>\n<meta name=\"twitter:card\" content=\"summary_large_image\" \/>\n<meta name=\"twitter:site\" content=\"@CastillodCanena\" \/>\n<script type=\"application\/ld+json\" class=\"yoast-schema-graph\">{\"@context\":\"https:\/\/schema.org\",\"@graph\":[{\"@type\":[\"WebPage\",\"ItemPage\"],\"@id\":\"https:\/\/www.castillodecanena.com\/fr\/producto\/arbequino-amontillado\/\",\"url\":\"https:\/\/www.castillodecanena.com\/fr\/producto\/arbequino-amontillado\/\",\"name\":\"Ch\u00e2teau de Canena Amontillado - Castillo de Canena\",\"isPartOf\":{\"@id\":\"https:\/\/www.castillodecanena.com\/fr\/#website\"},\"primaryImageOfPage\":{\"@id\":\"https:\/\/www.castillodecanena.com\/fr\/producto\/arbequino-amontillado\/#primaryimage\"},\"image\":{\"@id\":\"https:\/\/www.castillodecanena.com\/fr\/producto\/arbequino-amontillado\/#primaryimage\"},\"thumbnailUrl\":\"https:\/\/www.castillodecanena.com\/wp-content\/uploads\/2022\/04\/AMONTILLADO_WEB_2024_Mesa-de-trabajo-1-esp-scaled.jpg\",\"datePublished\":\"2022-04-11T22:08:48+00:00\",\"dateModified\":\"2023-11-27T00:00:13+00:00\",\"description\":\"D\u00e9couvrez la premi\u00e8re huile arbequine amontillado. Affin\u00e9e dans des f\u00fbts de vin . Une exp\u00e9rience unique mariant la meilleure huile aux ar\u00f4mes du vin.\",\"breadcrumb\":{\"@id\":\"https:\/\/www.castillodecanena.com\/fr\/producto\/arbequino-amontillado\/#breadcrumb\"},\"inLanguage\":\"fr-FR\",\"potentialAction\":[{\"@type\":\"ReadAction\",\"target\":[\"https:\/\/www.castillodecanena.com\/fr\/producto\/arbequino-amontillado\/\"]}]},{\"@type\":\"ImageObject\",\"inLanguage\":\"fr-FR\",\"@id\":\"https:\/\/www.castillodecanena.com\/fr\/producto\/arbequino-amontillado\/#primaryimage\",\"url\":\"https:\/\/www.castillodecanena.com\/wp-content\/uploads\/2022\/04\/AMONTILLADO_WEB_2024_Mesa-de-trabajo-1-esp-scaled.jpg\",\"contentUrl\":\"https:\/\/www.castillodecanena.com\/wp-content\/uploads\/2022\/04\/AMONTILLADO_WEB_2024_Mesa-de-trabajo-1-esp-scaled.jpg\",\"width\":2560,\"height\":2560},{\"@type\":\"BreadcrumbList\",\"@id\":\"https:\/\/www.castillodecanena.com\/fr\/producto\/arbequino-amontillado\/#breadcrumb\",\"itemListElement\":[{\"@type\":\"ListItem\",\"position\":1,\"name\":\"Home\",\"item\":\"https:\/\/www.castillodecanena.com\/fr\/\"},{\"@type\":\"ListItem\",\"position\":2,\"name\":\"Tienda\",\"item\":\"https:\/\/www.castillodecanena.com\/fr\/tienda\/\"},{\"@type\":\"ListItem\",\"position\":3,\"name\":\"Ch\u00e2teau de Canena Amontillado\"}]},{\"@type\":\"WebSite\",\"@id\":\"https:\/\/www.castillodecanena.com\/fr\/#website\",\"url\":\"https:\/\/www.castillodecanena.com\/fr\/\",\"name\":\"Castillo de Canena\",\"description\":\"Aceites de Oliva virgen extra Premium\",\"publisher\":{\"@id\":\"https:\/\/www.castillodecanena.com\/fr\/#organization\"},\"potentialAction\":[{\"@type\":\"SearchAction\",\"target\":{\"@type\":\"EntryPoint\",\"urlTemplate\":\"https:\/\/www.castillodecanena.com\/fr\/?s={search_term_string}\"},\"query-input\":{\"@type\":\"PropertyValueSpecification\",\"valueRequired\":true,\"valueName\":\"search_term_string\"}}],\"inLanguage\":\"fr-FR\"},{\"@type\":\"Organization\",\"@id\":\"https:\/\/www.castillodecanena.com\/fr\/#organization\",\"name\":\"Castillo de Canena\",\"url\":\"https:\/\/www.castillodecanena.com\/fr\/\",\"logo\":{\"@type\":\"ImageObject\",\"inLanguage\":\"fr-FR\",\"@id\":\"https:\/\/www.castillodecanena.com\/fr\/#\/schema\/logo\/image\/\",\"url\":\"https:\/\/castillodecanena.com\/wp-content\/uploads\/2021\/08\/logo_castillo-de-canena_small.webp\",\"contentUrl\":\"https:\/\/castillodecanena.com\/wp-content\/uploads\/2021\/08\/logo_castillo-de-canena_small.webp\",\"width\":250,\"height\":174,\"caption\":\"Castillo de Canena\"},\"image\":{\"@id\":\"https:\/\/www.castillodecanena.com\/fr\/#\/schema\/logo\/image\/\"},\"sameAs\":[\"https:\/\/www.facebook.com\/Castillo.de.Canena\",\"https:\/\/x.com\/CastillodCanena\",\"https:\/\/www.instagram.com\/castillodecanena\/\",\"https:\/\/www.linkedin.com\/company\/castillo-de-canena-olive-juice\",\"https:\/\/www.pinterest.es\/castillodcanena\/\",\"https:\/\/www.youtube.com\/channel\/UCL64xPwm_9Atq2y1JxmwnxQ\",\"https:\/\/es.wikipedia.org\/wiki\/Castillo_de_Canena_(empresa)\"]}]}<\/script>\n<!-- \/ Yoast SEO plugin. -->","yoast_head_json":{"title":"Ch\u00e2teau de Canena Amontillado - Castillo de Canena","description":"D\u00e9couvrez la premi\u00e8re huile arbequine amontillado. Affin\u00e9e dans des f\u00fbts de vin . Une exp\u00e9rience unique mariant la meilleure huile aux ar\u00f4mes du vin.","robots":{"index":"index","follow":"follow","max-snippet":"max-snippet:-1","max-image-preview":"max-image-preview:large","max-video-preview":"max-video-preview:-1"},"canonical":"https:\/\/www.castillodecanena.com\/fr\/producto\/arbequino-amontillado\/","og_locale":"fr_FR","og_type":"article","og_title":"Ch\u00e2teau de Canena Amontillado - Castillo de Canena","og_description":"D\u00e9couvrez la premi\u00e8re huile arbequine amontillado. Affin\u00e9e dans des f\u00fbts de vin . Une exp\u00e9rience unique mariant la meilleure huile aux ar\u00f4mes du vin.","og_url":"https:\/\/www.castillodecanena.com\/fr\/producto\/arbequino-amontillado\/","og_site_name":"Castillo de Canena","article_publisher":"https:\/\/www.facebook.com\/Castillo.de.Canena","article_modified_time":"2023-11-27T00:00:13+00:00","og_image":[{"width":1000,"height":1000,"url":"https:\/\/www.castillodecanena.com\/wp-content\/uploads\/2022\/04\/aceite-oliva-arbequino-amontillado.png","type":"image\/png"}],"twitter_card":"summary_large_image","twitter_site":"@CastillodCanena","schema":{"@context":"https:\/\/schema.org","@graph":[{"@type":["WebPage","ItemPage"],"@id":"https:\/\/www.castillodecanena.com\/fr\/producto\/arbequino-amontillado\/","url":"https:\/\/www.castillodecanena.com\/fr\/producto\/arbequino-amontillado\/","name":"Ch\u00e2teau de Canena Amontillado - Castillo de Canena","isPartOf":{"@id":"https:\/\/www.castillodecanena.com\/fr\/#website"},"primaryImageOfPage":{"@id":"https:\/\/www.castillodecanena.com\/fr\/producto\/arbequino-amontillado\/#primaryimage"},"image":{"@id":"https:\/\/www.castillodecanena.com\/fr\/producto\/arbequino-amontillado\/#primaryimage"},"thumbnailUrl":"https:\/\/www.castillodecanena.com\/wp-content\/uploads\/2022\/04\/AMONTILLADO_WEB_2024_Mesa-de-trabajo-1-esp-scaled.jpg","datePublished":"2022-04-11T22:08:48+00:00","dateModified":"2023-11-27T00:00:13+00:00","description":"D\u00e9couvrez la premi\u00e8re huile arbequine amontillado. Affin\u00e9e dans des f\u00fbts de vin . Une exp\u00e9rience unique mariant la meilleure huile aux ar\u00f4mes du vin.","breadcrumb":{"@id":"https:\/\/www.castillodecanena.com\/fr\/producto\/arbequino-amontillado\/#breadcrumb"},"inLanguage":"fr-FR","potentialAction":[{"@type":"ReadAction","target":["https:\/\/www.castillodecanena.com\/fr\/producto\/arbequino-amontillado\/"]}]},{"@type":"ImageObject","inLanguage":"fr-FR","@id":"https:\/\/www.castillodecanena.com\/fr\/producto\/arbequino-amontillado\/#primaryimage","url":"https:\/\/www.castillodecanena.com\/wp-content\/uploads\/2022\/04\/AMONTILLADO_WEB_2024_Mesa-de-trabajo-1-esp-scaled.jpg","contentUrl":"https:\/\/www.castillodecanena.com\/wp-content\/uploads\/2022\/04\/AMONTILLADO_WEB_2024_Mesa-de-trabajo-1-esp-scaled.jpg","width":2560,"height":2560},{"@type":"BreadcrumbList","@id":"https:\/\/www.castillodecanena.com\/fr\/producto\/arbequino-amontillado\/#breadcrumb","itemListElement":[{"@type":"ListItem","position":1,"name":"Home","item":"https:\/\/www.castillodecanena.com\/fr\/"},{"@type":"ListItem","position":2,"name":"Tienda","item":"https:\/\/www.castillodecanena.com\/fr\/tienda\/"},{"@type":"ListItem","position":3,"name":"Ch\u00e2teau de Canena Amontillado"}]},{"@type":"WebSite","@id":"https:\/\/www.castillodecanena.com\/fr\/#website","url":"https:\/\/www.castillodecanena.com\/fr\/","name":"Castillo de Canena","description":"Aceites de Oliva virgen extra Premium","publisher":{"@id":"https:\/\/www.castillodecanena.com\/fr\/#organization"},"potentialAction":[{"@type":"SearchAction","target":{"@type":"EntryPoint","urlTemplate":"https:\/\/www.castillodecanena.com\/fr\/?s={search_term_string}"},"query-input":{"@type":"PropertyValueSpecification","valueRequired":true,"valueName":"search_term_string"}}],"inLanguage":"fr-FR"},{"@type":"Organization","@id":"https:\/\/www.castillodecanena.com\/fr\/#organization","name":"Castillo de Canena","url":"https:\/\/www.castillodecanena.com\/fr\/","logo":{"@type":"ImageObject","inLanguage":"fr-FR","@id":"https:\/\/www.castillodecanena.com\/fr\/#\/schema\/logo\/image\/","url":"https:\/\/castillodecanena.com\/wp-content\/uploads\/2021\/08\/logo_castillo-de-canena_small.webp","contentUrl":"https:\/\/castillodecanena.com\/wp-content\/uploads\/2021\/08\/logo_castillo-de-canena_small.webp","width":250,"height":174,"caption":"Castillo de Canena"},"image":{"@id":"https:\/\/www.castillodecanena.com\/fr\/#\/schema\/logo\/image\/"},"sameAs":["https:\/\/www.facebook.com\/Castillo.de.Canena","https:\/\/x.com\/CastillodCanena","https:\/\/www.instagram.com\/castillodecanena\/","https:\/\/www.linkedin.com\/company\/castillo-de-canena-olive-juice","https:\/\/www.pinterest.es\/castillodcanena\/","https:\/\/www.youtube.com\/channel\/UCL64xPwm_9Atq2y1JxmwnxQ","https:\/\/es.wikipedia.org\/wiki\/Castillo_de_Canena_(empresa)"]}]}},"_links":{"self":[{"href":"https:\/\/www.castillodecanena.com\/fr\/wp-json\/wp\/v2\/product\/28442","targetHints":{"allow":["GET"]}}],"collection":[{"href":"https:\/\/www.castillodecanena.com\/fr\/wp-json\/wp\/v2\/product"}],"about":[{"href":"https:\/\/www.castillodecanena.com\/fr\/wp-json\/wp\/v2\/types\/product"}],"wp:featuredmedia":[{"embeddable":true,"href":"https:\/\/www.castillodecanena.com\/fr\/wp-json\/wp\/v2\/media\/50593"}],"wp:attachment":[{"href":"https:\/\/www.castillodecanena.com\/fr\/wp-json\/wp\/v2\/media?parent=28442"}],"wp:term":[{"taxonomy":"product_cat","embeddable":true,"href":"https:\/\/www.castillodecanena.com\/fr\/wp-json\/wp\/v2\/product_cat?post=28442"},{"taxonomy":"product_tag","embeddable":true,"href":"https:\/\/www.castillodecanena.com\/fr\/wp-json\/wp\/v2\/product_tag?post=28442"}],"curies":[{"name":"wp","href":"https:\/\/api.w.org\/{rel}","templated":true}]}}