{"id":28579,"date":"2022-04-11T22:00:28","date_gmt":"2022-04-11T22:00:28","guid":{"rendered":"https:\/\/dev-castillo-de-canena.pantheonsite.io\/producto\/medinaceli-arbequino\/"},"modified":"2023-11-27T00:00:13","modified_gmt":"2023-11-27T00:00:13","slug":"duchesse-de-medinaceli-arbequina-coupage","status":"publish","type":"product","link":"https:\/\/www.castillodecanena.com\/fr\/producto\/duchesse-de-medinaceli-arbequina-coupage\/","title":{"rendered":"Duchesse de Medinaceli &#8211; Arbequina Coupage"},"content":{"rendered":"<p>L\u2019<strong>Huile d\u2019Olive Vierge Extra Duquesa de Medinaceli Coupage Arbequina<\/strong> est une huile tr\u00e8s sp\u00e9ciale pour Castillo de Canena. Avec une couleur vert dor\u00e9 douce, elle est \u00e9labor\u00e9e avec une affection particuli\u00e8re pour la Maison de Medinaceli avec des olives de la vari\u00e9t\u00e9 arbequina provenant de notre meilleure oliveraie et cueillies \u00e0 divers moments de la r\u00e9colte.<\/p>\n<p>&nbsp;<\/p>\n<p>Tandis que les huiles plus pr\u00e9coces fournissent des notes de fruits d\u2019oliviers frais et d\u2019amande verte aussi bien au nez qu\u2019en bouche, la pr\u00e9sence de jus d\u2019olives plus m\u00fbres fait que son passage en bouche soit plus doux et sucr\u00e9. Au go\u00fbt l\u00e9g\u00e8rement amer et un piquant harmonieux qui s\u2019ach\u00e8ve avec un arri\u00e8re-go\u00fbt d\u2019amande, de banane et de pomme. Tout cela est agr\u00e9ment\u00e9 d\u2019une touche \u00e9l\u00e9gante et \u00e9quilibr\u00e9e de compote de fruits.<\/p>\n<p>&nbsp;<\/p>\n<h6>DESCRIPTION<\/h6>\n<p>Pr\u00e9sent\u00e9 dans une belle bouteille de couleur verte et avec l\u2019embl\u00e8me de la Maison de Medinaceli, l\u2019Huile d\u2019Olive Vierge Extra Duquesa de Medinaceli Coupage Arbequina se distingue par ses notes fruit\u00e9es et florales qui se r\u00e9unissent dans une composition complexe et tr\u00e8s d\u00e9licate au palais.<\/p>\n<p>&nbsp;<\/p>\n<h6>INFORMATION ADDITIONNELLE<\/h6>\n<p><u>Suggestion de <\/u>consommation : L\u2019Huile d\u2019Olive Vierge Extra Duquesa de Medinaceli Coupage Arbequina est id\u00e9ale pour cuisiner des cr\u00e8mes de l\u00e9gumes et \u00e9laborer diverses recettes de p\u00e2tisserie. Elle se marie aussi tr\u00e8s bien \u00e0 des fromages frais, des fruits de mer et des fruits.<\/p>\n<p>&nbsp;<\/p>\n<p>Il est recommand\u00e9 de conserver l\u2019huile dans un endroit frais, \u00e0 l\u2019abri de la lumi\u00e8re et de la chaleur.<\/p>\n","protected":false},"excerpt":{"rendered":"<p>La Casa de Medinaceli pr\u00e9sente son nouveau AOVE Duquesa de Medinaceli, un coupage tr\u00e8s sp\u00e9cial que nous avons pr\u00e9par\u00e9 pour eux \u00e0 partir de Castillo de Canena avec les arbequinas de notre meilleur paiement, r\u00e9colt\u00e9es \u00e0 diff\u00e9rents moments de la r\u00e9colte. . Cette huile d&rsquo;olive extra vierge Arbequina que nous avons d\u00e9velopp\u00e9e sp\u00e9cialement et avec beaucoup d&rsquo;amour pour la famille Medinaceli, se distingue par ses notes fruit\u00e9es et florales qui se traduisent par une composition complexe et tr\u00e8s d\u00e9licate en bouche.<\/p>\n","protected":false},"featured_media":48562,"template":"","meta":{"_acf_changed":false,"wprm-recipe-roundup-name":"","wprm-recipe-roundup-description":""},"product_cat":[3057],"product_tag":[],"class_list":{"0":"post-28579","1":"product","2":"type-product","3":"status-publish","4":"has-post-thumbnail","6":"product_cat-huile-dolive-vierge-extra","8":"first","9":"instock","10":"purchasable","11":"product-type-simple"},"acf":[],"yoast_head":"<!-- This site is optimized with the Yoast SEO plugin v25.6 - https:\/\/yoast.com\/wordpress\/plugins\/seo\/ -->\n<title>Duchesse de Medinaceli - Arbequina Coupage - Castillo de Canena<\/title>\n<meta name=\"description\" content=\"\u00c9labor\u00e9 pour la maison de Medinaceli, cette HOVE est un coupage d&#039;Arbequines cueillies \u00e0 divers moments de la r\u00e9colte.\" \/>\n<meta name=\"robots\" content=\"index, follow, max-snippet:-1, max-image-preview:large, max-video-preview:-1\" \/>\n<link rel=\"canonical\" href=\"https:\/\/www.castillodecanena.com\/fr\/producto\/duchesse-de-medinaceli-arbequina-coupage\/\" \/>\n<meta property=\"og:locale\" content=\"fr_FR\" \/>\n<meta property=\"og:type\" content=\"article\" \/>\n<meta property=\"og:title\" content=\"Duchesse de Medinaceli - Arbequina Coupage - Castillo de Canena\" \/>\n<meta property=\"og:description\" content=\"\u00c9labor\u00e9 pour la maison de Medinaceli, cette HOVE est un coupage d&#039;Arbequines cueillies \u00e0 divers moments de la r\u00e9colte.\" \/>\n<meta property=\"og:url\" content=\"https:\/\/www.castillodecanena.com\/fr\/producto\/duchesse-de-medinaceli-arbequina-coupage\/\" \/>\n<meta property=\"og:site_name\" content=\"Castillo de Canena\" \/>\n<meta property=\"article:publisher\" content=\"https:\/\/www.facebook.com\/Castillo.de.Canena\" \/>\n<meta property=\"article:modified_time\" content=\"2023-11-27T00:00:13+00:00\" \/>\n<meta property=\"og:image\" content=\"https:\/\/www.castillodecanena.com\/wp-content\/uploads\/2022\/04\/medinaceli_arbequina.jpg\" \/>\n\t<meta property=\"og:image:width\" content=\"500\" \/>\n\t<meta property=\"og:image:height\" content=\"500\" \/>\n\t<meta property=\"og:image:type\" content=\"image\/jpeg\" \/>\n<meta name=\"twitter:card\" content=\"summary_large_image\" \/>\n<meta name=\"twitter:site\" content=\"@CastillodCanena\" \/>\n<script type=\"application\/ld+json\" class=\"yoast-schema-graph\">{\"@context\":\"https:\/\/schema.org\",\"@graph\":[{\"@type\":[\"WebPage\",\"ItemPage\"],\"@id\":\"https:\/\/www.castillodecanena.com\/fr\/producto\/duchesse-de-medinaceli-arbequina-coupage\/\",\"url\":\"https:\/\/www.castillodecanena.com\/fr\/producto\/duchesse-de-medinaceli-arbequina-coupage\/\",\"name\":\"Duchesse de Medinaceli - Arbequina Coupage - Castillo de Canena\",\"isPartOf\":{\"@id\":\"https:\/\/www.castillodecanena.com\/fr\/#website\"},\"primaryImageOfPage\":{\"@id\":\"https:\/\/www.castillodecanena.com\/fr\/producto\/duchesse-de-medinaceli-arbequina-coupage\/#primaryimage\"},\"image\":{\"@id\":\"https:\/\/www.castillodecanena.com\/fr\/producto\/duchesse-de-medinaceli-arbequina-coupage\/#primaryimage\"},\"thumbnailUrl\":\"https:\/\/www.castillodecanena.com\/wp-content\/uploads\/2022\/04\/aceite-duquesa-de-medinaceli-375ml.jpg\",\"datePublished\":\"2022-04-11T22:00:28+00:00\",\"dateModified\":\"2023-11-27T00:00:13+00:00\",\"description\":\"\u00c9labor\u00e9 pour la maison de Medinaceli, cette HOVE est un coupage d'Arbequines cueillies \u00e0 divers moments de la r\u00e9colte.\",\"breadcrumb\":{\"@id\":\"https:\/\/www.castillodecanena.com\/fr\/producto\/duchesse-de-medinaceli-arbequina-coupage\/#breadcrumb\"},\"inLanguage\":\"fr-FR\",\"potentialAction\":[{\"@type\":\"ReadAction\",\"target\":[\"https:\/\/www.castillodecanena.com\/fr\/producto\/duchesse-de-medinaceli-arbequina-coupage\/\"]}]},{\"@type\":\"ImageObject\",\"inLanguage\":\"fr-FR\",\"@id\":\"https:\/\/www.castillodecanena.com\/fr\/producto\/duchesse-de-medinaceli-arbequina-coupage\/#primaryimage\",\"url\":\"https:\/\/www.castillodecanena.com\/wp-content\/uploads\/2022\/04\/aceite-duquesa-de-medinaceli-375ml.jpg\",\"contentUrl\":\"https:\/\/www.castillodecanena.com\/wp-content\/uploads\/2022\/04\/aceite-duquesa-de-medinaceli-375ml.jpg\",\"width\":1600,\"height\":1600,\"caption\":\"Aceite duquesa medinaceli 375ml\"},{\"@type\":\"BreadcrumbList\",\"@id\":\"https:\/\/www.castillodecanena.com\/fr\/producto\/duchesse-de-medinaceli-arbequina-coupage\/#breadcrumb\",\"itemListElement\":[{\"@type\":\"ListItem\",\"position\":1,\"name\":\"Home\",\"item\":\"https:\/\/www.castillodecanena.com\/fr\/\"},{\"@type\":\"ListItem\",\"position\":2,\"name\":\"Tienda\",\"item\":\"https:\/\/www.castillodecanena.com\/fr\/tienda\/\"},{\"@type\":\"ListItem\",\"position\":3,\"name\":\"Duchesse de Medinaceli &#8211; Arbequina Coupage\"}]},{\"@type\":\"WebSite\",\"@id\":\"https:\/\/www.castillodecanena.com\/fr\/#website\",\"url\":\"https:\/\/www.castillodecanena.com\/fr\/\",\"name\":\"Castillo de Canena\",\"description\":\"Aceites de Oliva virgen extra Premium\",\"publisher\":{\"@id\":\"https:\/\/www.castillodecanena.com\/fr\/#organization\"},\"potentialAction\":[{\"@type\":\"SearchAction\",\"target\":{\"@type\":\"EntryPoint\",\"urlTemplate\":\"https:\/\/www.castillodecanena.com\/fr\/?s={search_term_string}\"},\"query-input\":{\"@type\":\"PropertyValueSpecification\",\"valueRequired\":true,\"valueName\":\"search_term_string\"}}],\"inLanguage\":\"fr-FR\"},{\"@type\":\"Organization\",\"@id\":\"https:\/\/www.castillodecanena.com\/fr\/#organization\",\"name\":\"Castillo de Canena\",\"url\":\"https:\/\/www.castillodecanena.com\/fr\/\",\"logo\":{\"@type\":\"ImageObject\",\"inLanguage\":\"fr-FR\",\"@id\":\"https:\/\/www.castillodecanena.com\/fr\/#\/schema\/logo\/image\/\",\"url\":\"https:\/\/castillodecanena.com\/wp-content\/uploads\/2021\/08\/logo_castillo-de-canena_small.webp\",\"contentUrl\":\"https:\/\/castillodecanena.com\/wp-content\/uploads\/2021\/08\/logo_castillo-de-canena_small.webp\",\"width\":250,\"height\":174,\"caption\":\"Castillo de Canena\"},\"image\":{\"@id\":\"https:\/\/www.castillodecanena.com\/fr\/#\/schema\/logo\/image\/\"},\"sameAs\":[\"https:\/\/www.facebook.com\/Castillo.de.Canena\",\"https:\/\/x.com\/CastillodCanena\",\"https:\/\/www.instagram.com\/castillodecanena\/\",\"https:\/\/www.linkedin.com\/company\/castillo-de-canena-olive-juice\",\"https:\/\/www.pinterest.es\/castillodcanena\/\",\"https:\/\/www.youtube.com\/channel\/UCL64xPwm_9Atq2y1JxmwnxQ\",\"https:\/\/es.wikipedia.org\/wiki\/Castillo_de_Canena_(empresa)\"]}]}<\/script>\n<!-- \/ Yoast SEO plugin. -->","yoast_head_json":{"title":"Duchesse de Medinaceli - Arbequina Coupage - Castillo de Canena","description":"\u00c9labor\u00e9 pour la maison de Medinaceli, cette HOVE est un coupage d'Arbequines cueillies \u00e0 divers moments de la r\u00e9colte.","robots":{"index":"index","follow":"follow","max-snippet":"max-snippet:-1","max-image-preview":"max-image-preview:large","max-video-preview":"max-video-preview:-1"},"canonical":"https:\/\/www.castillodecanena.com\/fr\/producto\/duchesse-de-medinaceli-arbequina-coupage\/","og_locale":"fr_FR","og_type":"article","og_title":"Duchesse de Medinaceli - Arbequina Coupage - Castillo de Canena","og_description":"\u00c9labor\u00e9 pour la maison de Medinaceli, cette HOVE est un coupage d'Arbequines cueillies \u00e0 divers moments de la r\u00e9colte.","og_url":"https:\/\/www.castillodecanena.com\/fr\/producto\/duchesse-de-medinaceli-arbequina-coupage\/","og_site_name":"Castillo de Canena","article_publisher":"https:\/\/www.facebook.com\/Castillo.de.Canena","article_modified_time":"2023-11-27T00:00:13+00:00","og_image":[{"width":500,"height":500,"url":"https:\/\/www.castillodecanena.com\/wp-content\/uploads\/2022\/04\/medinaceli_arbequina.jpg","type":"image\/jpeg"}],"twitter_card":"summary_large_image","twitter_site":"@CastillodCanena","schema":{"@context":"https:\/\/schema.org","@graph":[{"@type":["WebPage","ItemPage"],"@id":"https:\/\/www.castillodecanena.com\/fr\/producto\/duchesse-de-medinaceli-arbequina-coupage\/","url":"https:\/\/www.castillodecanena.com\/fr\/producto\/duchesse-de-medinaceli-arbequina-coupage\/","name":"Duchesse de Medinaceli - Arbequina Coupage - Castillo de Canena","isPartOf":{"@id":"https:\/\/www.castillodecanena.com\/fr\/#website"},"primaryImageOfPage":{"@id":"https:\/\/www.castillodecanena.com\/fr\/producto\/duchesse-de-medinaceli-arbequina-coupage\/#primaryimage"},"image":{"@id":"https:\/\/www.castillodecanena.com\/fr\/producto\/duchesse-de-medinaceli-arbequina-coupage\/#primaryimage"},"thumbnailUrl":"https:\/\/www.castillodecanena.com\/wp-content\/uploads\/2022\/04\/aceite-duquesa-de-medinaceli-375ml.jpg","datePublished":"2022-04-11T22:00:28+00:00","dateModified":"2023-11-27T00:00:13+00:00","description":"\u00c9labor\u00e9 pour la maison de Medinaceli, cette HOVE est un coupage d'Arbequines cueillies \u00e0 divers moments de la r\u00e9colte.","breadcrumb":{"@id":"https:\/\/www.castillodecanena.com\/fr\/producto\/duchesse-de-medinaceli-arbequina-coupage\/#breadcrumb"},"inLanguage":"fr-FR","potentialAction":[{"@type":"ReadAction","target":["https:\/\/www.castillodecanena.com\/fr\/producto\/duchesse-de-medinaceli-arbequina-coupage\/"]}]},{"@type":"ImageObject","inLanguage":"fr-FR","@id":"https:\/\/www.castillodecanena.com\/fr\/producto\/duchesse-de-medinaceli-arbequina-coupage\/#primaryimage","url":"https:\/\/www.castillodecanena.com\/wp-content\/uploads\/2022\/04\/aceite-duquesa-de-medinaceli-375ml.jpg","contentUrl":"https:\/\/www.castillodecanena.com\/wp-content\/uploads\/2022\/04\/aceite-duquesa-de-medinaceli-375ml.jpg","width":1600,"height":1600,"caption":"Aceite duquesa medinaceli 375ml"},{"@type":"BreadcrumbList","@id":"https:\/\/www.castillodecanena.com\/fr\/producto\/duchesse-de-medinaceli-arbequina-coupage\/#breadcrumb","itemListElement":[{"@type":"ListItem","position":1,"name":"Home","item":"https:\/\/www.castillodecanena.com\/fr\/"},{"@type":"ListItem","position":2,"name":"Tienda","item":"https:\/\/www.castillodecanena.com\/fr\/tienda\/"},{"@type":"ListItem","position":3,"name":"Duchesse de Medinaceli &#8211; Arbequina Coupage"}]},{"@type":"WebSite","@id":"https:\/\/www.castillodecanena.com\/fr\/#website","url":"https:\/\/www.castillodecanena.com\/fr\/","name":"Castillo de Canena","description":"Aceites de Oliva virgen extra Premium","publisher":{"@id":"https:\/\/www.castillodecanena.com\/fr\/#organization"},"potentialAction":[{"@type":"SearchAction","target":{"@type":"EntryPoint","urlTemplate":"https:\/\/www.castillodecanena.com\/fr\/?s={search_term_string}"},"query-input":{"@type":"PropertyValueSpecification","valueRequired":true,"valueName":"search_term_string"}}],"inLanguage":"fr-FR"},{"@type":"Organization","@id":"https:\/\/www.castillodecanena.com\/fr\/#organization","name":"Castillo de Canena","url":"https:\/\/www.castillodecanena.com\/fr\/","logo":{"@type":"ImageObject","inLanguage":"fr-FR","@id":"https:\/\/www.castillodecanena.com\/fr\/#\/schema\/logo\/image\/","url":"https:\/\/castillodecanena.com\/wp-content\/uploads\/2021\/08\/logo_castillo-de-canena_small.webp","contentUrl":"https:\/\/castillodecanena.com\/wp-content\/uploads\/2021\/08\/logo_castillo-de-canena_small.webp","width":250,"height":174,"caption":"Castillo de Canena"},"image":{"@id":"https:\/\/www.castillodecanena.com\/fr\/#\/schema\/logo\/image\/"},"sameAs":["https:\/\/www.facebook.com\/Castillo.de.Canena","https:\/\/x.com\/CastillodCanena","https:\/\/www.instagram.com\/castillodecanena\/","https:\/\/www.linkedin.com\/company\/castillo-de-canena-olive-juice","https:\/\/www.pinterest.es\/castillodcanena\/","https:\/\/www.youtube.com\/channel\/UCL64xPwm_9Atq2y1JxmwnxQ","https:\/\/es.wikipedia.org\/wiki\/Castillo_de_Canena_(empresa)"]}]}},"_links":{"self":[{"href":"https:\/\/www.castillodecanena.com\/fr\/wp-json\/wp\/v2\/product\/28579","targetHints":{"allow":["GET"]}}],"collection":[{"href":"https:\/\/www.castillodecanena.com\/fr\/wp-json\/wp\/v2\/product"}],"about":[{"href":"https:\/\/www.castillodecanena.com\/fr\/wp-json\/wp\/v2\/types\/product"}],"wp:featuredmedia":[{"embeddable":true,"href":"https:\/\/www.castillodecanena.com\/fr\/wp-json\/wp\/v2\/media\/48562"}],"wp:attachment":[{"href":"https:\/\/www.castillodecanena.com\/fr\/wp-json\/wp\/v2\/media?parent=28579"}],"wp:term":[{"taxonomy":"product_cat","embeddable":true,"href":"https:\/\/www.castillodecanena.com\/fr\/wp-json\/wp\/v2\/product_cat?post=28579"},{"taxonomy":"product_tag","embeddable":true,"href":"https:\/\/www.castillodecanena.com\/fr\/wp-json\/wp\/v2\/product_tag?post=28579"}],"curies":[{"name":"wp","href":"https:\/\/api.w.org\/{rel}","templated":true}]}}