{"id":28754,"date":"2022-04-11T22:00:28","date_gmt":"2022-04-11T22:00:28","guid":{"rendered":"https:\/\/dev-castillo-de-canena.pantheonsite.io\/producto\/epices-du-monde-4x100ml\/"},"modified":"2023-11-27T00:00:14","modified_gmt":"2023-11-27T00:00:14","slug":"epices-du-monde-4x100ml","status":"publish","type":"product","link":"https:\/\/www.castillodecanena.com\/fr\/producto\/epices-du-monde-4x100ml\/","title":{"rendered":"\u00c9PICES DU MONDE  (4x100ml)"},"content":{"rendered":"<p>Castillo de Canena souhaite vous inviter \u00e0 un voyage sensoriel tout autour du monde. C\u2019est un hommage singulier \u00e0 la Route des esp\u00e8ces o\u00f9 nous \u00e9voquons les \u00e9pices d\u2019Europe, Am\u00e9rique, Asie et Afrique \u00e0 travers quatre saveurs uniques. Pour \u00e9laborer ces huiles nous avons s\u00e9lectionn\u00e9, avec l\u2019aide d\u2019un ma\u00eetre-\u00e9picier, les \u00e9pices les plus caract\u00e9ristiques dans chaque continent que nous avons ensuite infus\u00e9 avec notre exquise Huile d\u2019Olive Vierge Extra Arbequine. Un m\u00e9tissage de saveurs qui donnera une touche unique \u00e0 vos plats, enrichissant leurs saveurs.<\/p>\n<p>&nbsp;<\/p>\n<p>Dans ce voyage gastronomique Taste of America \u00e9voque des saveurs fum\u00e9es, tandis que Taste of Asia est une explosion citrique. De son c\u00f4t\u00e9 Taste of Europe nous rappelle des saveurs et des ar\u00f4mes verts. Pour finir, Taste of Africa rem\u00e9more une profondeur aromatique et chaude.<\/p>\n<p>&nbsp;<\/p>\n<p>Especias del Mundo &amp; Co est une merveilleuse exp\u00e9rience gastronomique con\u00e7ue, avec <a href=\"\/fr\/producto\/la-cata-horizontal\/\">Cata Horizontal<\/a> et <a href=\"\/fr\/producto\/arbequina-co-4x100ml\/\">Esencias Naturales &amp; Co<\/a>, les autres huiles de la collection Huiles du XXI<sup>\u00e8me<\/sup> Si\u00e8cle, pour ceux qui souhaitent profiter des innovations gastronomiques de Castillo de Canena.<\/p>\n<p>&nbsp;<\/p>\n<h6>D\u00c9TAILS<\/h6>\n<p>La pr\u00e9sentation d\u2019Especias del Mundo se distingue par ses bouteilles en verre ambre dont l\u2019\u00e9tiquette s\u2019inspire d\u2019une carte g\u00e9ographique et inclut un petit dessin des \u00e9pices en rose, turquoise, mauve et marron, une couleur diff\u00e9rente pour chacun des continents concern\u00e9s.<\/p>\n<p>Chacun de ces quatre produits propose une combinaison exclusive d\u2019\u00e9pices choisies par le ma\u00eetre \u00e9picier Marcos Reguera :<\/p>\n<ul>\n<li><strong>Taste of Europa<\/strong><br \/>\n<u>Notes de d\u00e9gustation<\/u> : 99,5% Aceite de Oliva Virgen Extra Arbequina Castillo de Canena + Graine d\u2019aneth, carvi, noix de muscade et graine de coriandre.<\/li>\n<\/ul>\n<p>&nbsp;<\/p>\n<ul>\n<li><strong>Taste of Africa<\/strong><br \/>\n<u>Notes de d\u00e9gustation<\/u>\u00a0: 99,5% Aceite de Oliva Virgen Extra Arbequina Castillo de Canena + Graines de paradis, cumin, vanille et clou de girofle.<\/li>\n<li><strong>Taste of America<\/strong><br \/>\n<u>Notes de d\u00e9gustation<\/u>\u00a0:99,5% Aceite de Oliva Virgen Extra Arbequina Castillo de Canena + \u00c9pices Baies roses, poivre noir, poivre de Jama\u00efque et macis.<\/li>\n<li><strong>Taste of Asia<\/strong><br \/>\n<u>Notes de d\u00e9gustation<\/u>\u00a0:99,5% Aceite de Oliva Virgen Extra Arbequina Castillo de Canena + Cannelle, cardamome et poivre de Sichuan.<\/li>\n<\/ul>\n<p>&nbsp;<\/p>\n<h6>INFORMATION ADDITIONNELLE<\/h6>\n<p>Les \u00e9pices, 100% naturelles et soigneusement s\u00e9lectionn\u00e9es, sont directement moulues au moulin de Castillo de Canena et imm\u00e9diatement infus\u00e9es dans nos HOVE Arbequine pendant plusieurs jours, jusqu\u2019\u00e0 atteindre la touche optimale de saveur et d\u2019ar\u00f4mes.<\/p>\n<p>&nbsp;<\/p>\n<p><u>Suggestion de consommation<\/u>\u00a0:<\/p>\n<ul>\n<li><strong>Taste of Europe :<\/strong> elle est parfaite pour l\u2019\u00e9laboration d\u2019humus, de cr\u00e8mes de l\u00e9gumes, de marinades, de l\u00e9gumes vertes grill\u00e9es, de pommes de terre saut\u00e9es et de mayonnaises\u00a0; pour l\u2019accompagnement des fruits de mer, du saumon et d\u2019autres poissons gras\u00a0; dans les salades de fruits, les soupes et les salades de betterave, entre autres.<\/li>\n<li><strong>Taste of Africa :<\/strong> combine parfaitement avec les fromages piquants et forts &#8211; tels que les fromages bleus ou le manchego &#8211;\u00a0; avec le couscous, les l\u00e9gumes et les p\u00e2t\u00e9s\u00a0; le poulet grill\u00e9 et les barbecues\u00a0; et pour accompagner les biscuits, les glaces et la p\u00e2tisserie, entre autres.<\/li>\n<li><strong>Taste of America : <\/strong>parfaite pour l\u2019accompagnement des viandes grill\u00e9es et des carpaccios\u00a0; pour l\u2019\u00e9laboration de marinades et des salades vertes\u00a0; et avec les salades de fruits et les fruits rouges, les g\u00e2teaux au chocolat et les mousses, entre autres.<\/li>\n<li><strong>Taste of Asia : <\/strong>parfaite pour les ceviches, les tartares, les sashimis et le poulpe\u00a0; pour accompagner les riz et les p\u00e2tes\u00a0; pour \u00e9laborer des rago\u00fbts de viande, des viandes au four et des barbecues\u00a0; avec le fromage de ch\u00e8vre, le brie et d\u2019autres fromages doux.<\/li>\n<\/ul>\n<p>Le goutte-\u00e0-goutte incorpor\u00e9 \u00e0 chaque bouteille facilite une meilleure utilisation de ces produits, puisqu\u2019il permet de mesurer exactement les quantit\u00e9s n\u00e9cessaires pour chaque recette et chaque mariage.<\/p>\n<p>&nbsp;<\/p>\n<p>Il est recommand\u00e9 de conserver l\u2019huile dans un endroit frais, \u00e0 l\u2019abri de la lumi\u00e8re et de la chaleur.<\/p>\n","protected":false},"excerpt":{"rendered":"<p>Spices of the world est un hommage historique \u00e0 la relation intime entre l&rsquo;Espagne et la route des \u00e9pices qui, pendant 250 ans, a reli\u00e9 l&rsquo;Asie, l&rsquo;Am\u00e9rique et l&rsquo;Europe \u00e0 travers le galion de Manille, qui parcourait la route Manille-Acapulco une fois par an. Depuis les ports am\u00e9ricains, les navires espagnols transportaient dans leurs cales, vers la p\u00e9ninsule ib\u00e9rique, les pr\u00e9cieuses \u00e9pices d&rsquo;Asie et du Nouveau Monde, qui \u00e9taient ensuite distribu\u00e9es dans tous les pays europ\u00e9ens. Les \u00e9pices ont contribu\u00e9 \u00e0 enrichir et valoriser les rites culinaires traditionnels en fusionnant avec les saveurs locales. Ils servaient de vinaigrette et de condiment, s&rsquo;adaptant au fil du temps aux cuisines de chaque pays.<\/p>\n","protected":false},"featured_media":48407,"template":"","meta":{"_acf_changed":false,"wprm-recipe-roundup-name":"","wprm-recipe-roundup-description":""},"product_cat":[3061],"product_tag":[],"class_list":{"0":"post-28754","1":"product","2":"type-product","3":"status-publish","4":"has-post-thumbnail","6":"product_cat-cas","8":"first","9":"instock","10":"purchasable","11":"product-type-simple"},"acf":[],"yoast_head":"<!-- This site is optimized with the Yoast SEO plugin v25.6 - https:\/\/yoast.com\/wordpress\/plugins\/seo\/ -->\n<title>\u00c9PICES DU MONDE (4x100ml) - Castillo de Canena<\/title>\n<meta name=\"description\" content=\"Arbequina &amp; world. Un voyage gastronomique \u00e0 travers les diff\u00e9rents continents gr\u00e2ce \u00e0 notre gamme d&#039;huiles d&#039;olive contenant des \u00e9pices.\" \/>\n<meta name=\"robots\" content=\"index, follow, max-snippet:-1, max-image-preview:large, max-video-preview:-1\" \/>\n<link rel=\"canonical\" href=\"https:\/\/www.castillodecanena.com\/fr\/producto\/epices-du-monde-4x100ml\/\" \/>\n<meta property=\"og:locale\" content=\"fr_FR\" \/>\n<meta property=\"og:type\" content=\"article\" \/>\n<meta property=\"og:title\" content=\"\u00c9PICES DU MONDE (4x100ml) - Castillo de Canena\" \/>\n<meta property=\"og:description\" content=\"Arbequina &amp; world. Un voyage gastronomique \u00e0 travers les diff\u00e9rents continents gr\u00e2ce \u00e0 notre gamme d&#039;huiles d&#039;olive contenant des \u00e9pices.\" \/>\n<meta property=\"og:url\" content=\"https:\/\/www.castillodecanena.com\/fr\/producto\/epices-du-monde-4x100ml\/\" \/>\n<meta property=\"og:site_name\" content=\"Castillo de Canena\" \/>\n<meta property=\"article:publisher\" content=\"https:\/\/www.facebook.com\/Castillo.de.Canena\" \/>\n<meta property=\"article:modified_time\" content=\"2023-11-27T00:00:14+00:00\" \/>\n<meta property=\"og:image\" content=\"https:\/\/www.castillodecanena.com\/wp-content\/uploads\/2022\/04\/especias-del-mundo-ok.png\" \/>\n\t<meta property=\"og:image:width\" content=\"1000\" \/>\n\t<meta property=\"og:image:height\" content=\"1000\" \/>\n\t<meta property=\"og:image:type\" content=\"image\/png\" \/>\n<meta name=\"twitter:card\" content=\"summary_large_image\" \/>\n<meta name=\"twitter:site\" content=\"@CastillodCanena\" \/>\n<script type=\"application\/ld+json\" class=\"yoast-schema-graph\">{\"@context\":\"https:\/\/schema.org\",\"@graph\":[{\"@type\":[\"WebPage\",\"ItemPage\"],\"@id\":\"https:\/\/www.castillodecanena.com\/fr\/producto\/epices-du-monde-4x100ml\/\",\"url\":\"https:\/\/www.castillodecanena.com\/fr\/producto\/epices-du-monde-4x100ml\/\",\"name\":\"\u00c9PICES DU MONDE (4x100ml) - Castillo de Canena\",\"isPartOf\":{\"@id\":\"https:\/\/www.castillodecanena.com\/fr\/#website\"},\"primaryImageOfPage\":{\"@id\":\"https:\/\/www.castillodecanena.com\/fr\/producto\/epices-du-monde-4x100ml\/#primaryimage\"},\"image\":{\"@id\":\"https:\/\/www.castillodecanena.com\/fr\/producto\/epices-du-monde-4x100ml\/#primaryimage\"},\"thumbnailUrl\":\"https:\/\/www.castillodecanena.com\/wp-content\/uploads\/2022\/04\/especias-del-mundo-ok.png\",\"datePublished\":\"2022-04-11T22:00:28+00:00\",\"dateModified\":\"2023-11-27T00:00:14+00:00\",\"description\":\"Arbequina & world. Un voyage gastronomique \u00e0 travers les diff\u00e9rents continents gr\u00e2ce \u00e0 notre gamme d'huiles d'olive contenant des \u00e9pices.\",\"breadcrumb\":{\"@id\":\"https:\/\/www.castillodecanena.com\/fr\/producto\/epices-du-monde-4x100ml\/#breadcrumb\"},\"inLanguage\":\"fr-FR\",\"potentialAction\":[{\"@type\":\"ReadAction\",\"target\":[\"https:\/\/www.castillodecanena.com\/fr\/producto\/epices-du-monde-4x100ml\/\"]}]},{\"@type\":\"ImageObject\",\"inLanguage\":\"fr-FR\",\"@id\":\"https:\/\/www.castillodecanena.com\/fr\/producto\/epices-du-monde-4x100ml\/#primaryimage\",\"url\":\"https:\/\/www.castillodecanena.com\/wp-content\/uploads\/2022\/04\/especias-del-mundo-ok.png\",\"contentUrl\":\"https:\/\/www.castillodecanena.com\/wp-content\/uploads\/2022\/04\/especias-del-mundo-ok.png\",\"width\":1000,\"height\":1000},{\"@type\":\"BreadcrumbList\",\"@id\":\"https:\/\/www.castillodecanena.com\/fr\/producto\/epices-du-monde-4x100ml\/#breadcrumb\",\"itemListElement\":[{\"@type\":\"ListItem\",\"position\":1,\"name\":\"Home\",\"item\":\"https:\/\/www.castillodecanena.com\/fr\/\"},{\"@type\":\"ListItem\",\"position\":2,\"name\":\"Tienda\",\"item\":\"https:\/\/www.castillodecanena.com\/fr\/tienda\/\"},{\"@type\":\"ListItem\",\"position\":3,\"name\":\"\u00c9PICES DU MONDE (4x100ml)\"}]},{\"@type\":\"WebSite\",\"@id\":\"https:\/\/www.castillodecanena.com\/fr\/#website\",\"url\":\"https:\/\/www.castillodecanena.com\/fr\/\",\"name\":\"Castillo de Canena\",\"description\":\"Aceites de Oliva virgen extra Premium\",\"publisher\":{\"@id\":\"https:\/\/www.castillodecanena.com\/fr\/#organization\"},\"potentialAction\":[{\"@type\":\"SearchAction\",\"target\":{\"@type\":\"EntryPoint\",\"urlTemplate\":\"https:\/\/www.castillodecanena.com\/fr\/?s={search_term_string}\"},\"query-input\":{\"@type\":\"PropertyValueSpecification\",\"valueRequired\":true,\"valueName\":\"search_term_string\"}}],\"inLanguage\":\"fr-FR\"},{\"@type\":\"Organization\",\"@id\":\"https:\/\/www.castillodecanena.com\/fr\/#organization\",\"name\":\"Castillo de Canena\",\"url\":\"https:\/\/www.castillodecanena.com\/fr\/\",\"logo\":{\"@type\":\"ImageObject\",\"inLanguage\":\"fr-FR\",\"@id\":\"https:\/\/www.castillodecanena.com\/fr\/#\/schema\/logo\/image\/\",\"url\":\"https:\/\/castillodecanena.com\/wp-content\/uploads\/2021\/08\/logo_castillo-de-canena_small.webp\",\"contentUrl\":\"https:\/\/castillodecanena.com\/wp-content\/uploads\/2021\/08\/logo_castillo-de-canena_small.webp\",\"width\":250,\"height\":174,\"caption\":\"Castillo de Canena\"},\"image\":{\"@id\":\"https:\/\/www.castillodecanena.com\/fr\/#\/schema\/logo\/image\/\"},\"sameAs\":[\"https:\/\/www.facebook.com\/Castillo.de.Canena\",\"https:\/\/x.com\/CastillodCanena\",\"https:\/\/www.instagram.com\/castillodecanena\/\",\"https:\/\/www.linkedin.com\/company\/castillo-de-canena-olive-juice\",\"https:\/\/www.pinterest.es\/castillodcanena\/\",\"https:\/\/www.youtube.com\/channel\/UCL64xPwm_9Atq2y1JxmwnxQ\",\"https:\/\/es.wikipedia.org\/wiki\/Castillo_de_Canena_(empresa)\"]}]}<\/script>\n<!-- \/ Yoast SEO plugin. -->","yoast_head_json":{"title":"\u00c9PICES DU MONDE (4x100ml) - Castillo de Canena","description":"Arbequina & world. Un voyage gastronomique \u00e0 travers les diff\u00e9rents continents gr\u00e2ce \u00e0 notre gamme d'huiles d'olive contenant des \u00e9pices.","robots":{"index":"index","follow":"follow","max-snippet":"max-snippet:-1","max-image-preview":"max-image-preview:large","max-video-preview":"max-video-preview:-1"},"canonical":"https:\/\/www.castillodecanena.com\/fr\/producto\/epices-du-monde-4x100ml\/","og_locale":"fr_FR","og_type":"article","og_title":"\u00c9PICES DU MONDE (4x100ml) - Castillo de Canena","og_description":"Arbequina & world. Un voyage gastronomique \u00e0 travers les diff\u00e9rents continents gr\u00e2ce \u00e0 notre gamme d'huiles d'olive contenant des \u00e9pices.","og_url":"https:\/\/www.castillodecanena.com\/fr\/producto\/epices-du-monde-4x100ml\/","og_site_name":"Castillo de Canena","article_publisher":"https:\/\/www.facebook.com\/Castillo.de.Canena","article_modified_time":"2023-11-27T00:00:14+00:00","og_image":[{"width":1000,"height":1000,"url":"https:\/\/www.castillodecanena.com\/wp-content\/uploads\/2022\/04\/especias-del-mundo-ok.png","type":"image\/png"}],"twitter_card":"summary_large_image","twitter_site":"@CastillodCanena","schema":{"@context":"https:\/\/schema.org","@graph":[{"@type":["WebPage","ItemPage"],"@id":"https:\/\/www.castillodecanena.com\/fr\/producto\/epices-du-monde-4x100ml\/","url":"https:\/\/www.castillodecanena.com\/fr\/producto\/epices-du-monde-4x100ml\/","name":"\u00c9PICES DU MONDE (4x100ml) - Castillo de Canena","isPartOf":{"@id":"https:\/\/www.castillodecanena.com\/fr\/#website"},"primaryImageOfPage":{"@id":"https:\/\/www.castillodecanena.com\/fr\/producto\/epices-du-monde-4x100ml\/#primaryimage"},"image":{"@id":"https:\/\/www.castillodecanena.com\/fr\/producto\/epices-du-monde-4x100ml\/#primaryimage"},"thumbnailUrl":"https:\/\/www.castillodecanena.com\/wp-content\/uploads\/2022\/04\/especias-del-mundo-ok.png","datePublished":"2022-04-11T22:00:28+00:00","dateModified":"2023-11-27T00:00:14+00:00","description":"Arbequina & world. Un voyage gastronomique \u00e0 travers les diff\u00e9rents continents gr\u00e2ce \u00e0 notre gamme d'huiles d'olive contenant des \u00e9pices.","breadcrumb":{"@id":"https:\/\/www.castillodecanena.com\/fr\/producto\/epices-du-monde-4x100ml\/#breadcrumb"},"inLanguage":"fr-FR","potentialAction":[{"@type":"ReadAction","target":["https:\/\/www.castillodecanena.com\/fr\/producto\/epices-du-monde-4x100ml\/"]}]},{"@type":"ImageObject","inLanguage":"fr-FR","@id":"https:\/\/www.castillodecanena.com\/fr\/producto\/epices-du-monde-4x100ml\/#primaryimage","url":"https:\/\/www.castillodecanena.com\/wp-content\/uploads\/2022\/04\/especias-del-mundo-ok.png","contentUrl":"https:\/\/www.castillodecanena.com\/wp-content\/uploads\/2022\/04\/especias-del-mundo-ok.png","width":1000,"height":1000},{"@type":"BreadcrumbList","@id":"https:\/\/www.castillodecanena.com\/fr\/producto\/epices-du-monde-4x100ml\/#breadcrumb","itemListElement":[{"@type":"ListItem","position":1,"name":"Home","item":"https:\/\/www.castillodecanena.com\/fr\/"},{"@type":"ListItem","position":2,"name":"Tienda","item":"https:\/\/www.castillodecanena.com\/fr\/tienda\/"},{"@type":"ListItem","position":3,"name":"\u00c9PICES DU MONDE (4x100ml)"}]},{"@type":"WebSite","@id":"https:\/\/www.castillodecanena.com\/fr\/#website","url":"https:\/\/www.castillodecanena.com\/fr\/","name":"Castillo de Canena","description":"Aceites de Oliva virgen extra Premium","publisher":{"@id":"https:\/\/www.castillodecanena.com\/fr\/#organization"},"potentialAction":[{"@type":"SearchAction","target":{"@type":"EntryPoint","urlTemplate":"https:\/\/www.castillodecanena.com\/fr\/?s={search_term_string}"},"query-input":{"@type":"PropertyValueSpecification","valueRequired":true,"valueName":"search_term_string"}}],"inLanguage":"fr-FR"},{"@type":"Organization","@id":"https:\/\/www.castillodecanena.com\/fr\/#organization","name":"Castillo de Canena","url":"https:\/\/www.castillodecanena.com\/fr\/","logo":{"@type":"ImageObject","inLanguage":"fr-FR","@id":"https:\/\/www.castillodecanena.com\/fr\/#\/schema\/logo\/image\/","url":"https:\/\/castillodecanena.com\/wp-content\/uploads\/2021\/08\/logo_castillo-de-canena_small.webp","contentUrl":"https:\/\/castillodecanena.com\/wp-content\/uploads\/2021\/08\/logo_castillo-de-canena_small.webp","width":250,"height":174,"caption":"Castillo de Canena"},"image":{"@id":"https:\/\/www.castillodecanena.com\/fr\/#\/schema\/logo\/image\/"},"sameAs":["https:\/\/www.facebook.com\/Castillo.de.Canena","https:\/\/x.com\/CastillodCanena","https:\/\/www.instagram.com\/castillodecanena\/","https:\/\/www.linkedin.com\/company\/castillo-de-canena-olive-juice","https:\/\/www.pinterest.es\/castillodcanena\/","https:\/\/www.youtube.com\/channel\/UCL64xPwm_9Atq2y1JxmwnxQ","https:\/\/es.wikipedia.org\/wiki\/Castillo_de_Canena_(empresa)"]}]}},"_links":{"self":[{"href":"https:\/\/www.castillodecanena.com\/fr\/wp-json\/wp\/v2\/product\/28754","targetHints":{"allow":["GET"]}}],"collection":[{"href":"https:\/\/www.castillodecanena.com\/fr\/wp-json\/wp\/v2\/product"}],"about":[{"href":"https:\/\/www.castillodecanena.com\/fr\/wp-json\/wp\/v2\/types\/product"}],"wp:featuredmedia":[{"embeddable":true,"href":"https:\/\/www.castillodecanena.com\/fr\/wp-json\/wp\/v2\/media\/48407"}],"wp:attachment":[{"href":"https:\/\/www.castillodecanena.com\/fr\/wp-json\/wp\/v2\/media?parent=28754"}],"wp:term":[{"taxonomy":"product_cat","embeddable":true,"href":"https:\/\/www.castillodecanena.com\/fr\/wp-json\/wp\/v2\/product_cat?post=28754"},{"taxonomy":"product_tag","embeddable":true,"href":"https:\/\/www.castillodecanena.com\/fr\/wp-json\/wp\/v2\/product_tag?post=28754"}],"curies":[{"name":"wp","href":"https:\/\/api.w.org\/{rel}","templated":true}]}}