{"id":28755,"date":"2022-04-11T22:09:17","date_gmt":"2022-04-11T22:09:17","guid":{"rendered":"https:\/\/dev-castillo-de-canena.pantheonsite.io\/producto\/hove-de-la-tierra-que-amo-picual-lata-25l\/"},"modified":"2023-11-27T00:00:09","modified_gmt":"2023-11-27T00:00:09","slug":"hove-from-the-land-i-love-picual-bidon-de-25-l","status":"publish","type":"product","link":"https:\/\/www.castillodecanena.com\/fr\/producto\/hove-from-the-land-i-love-picual-bidon-de-25-l\/","title":{"rendered":"HOVE FROM THE LAND I LOVE PICUAL &#8211; Bidon de 2,5 L"},"content":{"rendered":"<p>De la tierra que amo (De la terre que j\u2019aime), est un hommage \u00e0 tous les agriculteurs amoureux de leur terre, comme nous-m\u00eames, \u00e0 tous ceux qui partagent un engagement clair, celui de laisser \u00e0 nos enfants une terre saine. Nous vivons de nos champs et nous voulons continuer \u00e0 le faire, en misant sur les plus strictes mesures de durabilit\u00e9, en utilisant les pratiques agronomiques les plus modernes, avec l\u2019optimisation et la mise en valeur des ressources disponibles et en rejetant toute utilisation d\u2019herbicides afin de r\u00e9cup\u00e9rer l\u2019\u00e9cosyst\u00e8me naturel propre \u00e0 notre environnement.<\/p>\n<p>&nbsp;<\/p>\n<p>De la Tierra que Amo est l\u2019Huile d\u2019Olive Vierge Extra obtenue de nos olives de la vari\u00e9t\u00e9 picual cultiv\u00e9es dans notre domaine d\u00e9nomm\u00e9 Cortijo Guadiana, dans la r\u00e9gion de Ja\u00e9n. Ses oliviers nous offrent une HOVE de la plus haute qualit\u00e9 et parfaite pour toutes les utilisations dans la cuisine.<\/p>\n<p>&nbsp;<\/p>\n<h6>DESCRIPTION<\/h6>\n<p>De la Tierra que Amo est une Huile d\u2019Olive Vierge Extra pr\u00e9sent\u00e9 dans un beau bidon m\u00e9tal dont le design rappelle notre paysage plus authentique\u00a0: les branches et la fleur des oliviers de Ja\u00e9n. Sa saveur en bouche nous rappelle les tomates m\u00fbres, les plants de tomate et l\u2019herbe fraichement coup\u00e9e.<\/p>\n<p>&nbsp;<\/p>\n<h6>INFORMATION ADDITIONNELLE<\/h6>\n<p><u>Suggestion de consommation<\/u> : De la Tierra que Amo est une huile d\u2019olive vierge extra id\u00e9ale pour toutes les utilisations dans votre cuisine. Particuli\u00e8rement recommand\u00e9e pour frire.<\/p>\n<p>&nbsp;<\/p>\n<p>Il est recommand\u00e9 de conserver l\u2019huile dans un endroit frais, \u00e0 l\u2019abri de la lumi\u00e8re et de la chaleur.<\/p>\n","protected":false},"excerpt":{"rendered":"<p>Huile d&rsquo;olive extra vierge de la plus haute qualit\u00e9 provenant d&rsquo;olives de la vari\u00e9t\u00e9 picual cultiv\u00e9es sur la propri\u00e9t\u00e9 appel\u00e9e Cortijo Guadiana, dans la province de Ja\u00e9n. \u00ab\u00a0De la terre que j&rsquo;aime\u00a0\u00bb est le r\u00e9sultat d&rsquo;un travail bien fait et est id\u00e9al pour toutes les utilisations dans votre cuisine.<br \/>\nNous prenons soin de la terre pour prendre soin de vous.<\/p>\n","protected":false},"featured_media":49597,"template":"","meta":{"_acf_changed":false,"wprm-recipe-roundup-name":"","wprm-recipe-roundup-description":""},"product_cat":[3057],"product_tag":[],"class_list":{"0":"post-28755","1":"product","2":"type-product","3":"status-publish","4":"has-post-thumbnail","6":"product_cat-huile-dolive-vierge-extra","8":"first","9":"instock","10":"purchasable","11":"product-type-simple"},"acf":[],"yoast_head":"<!-- This site is optimized with the Yoast SEO plugin v25.6 - https:\/\/yoast.com\/wordpress\/plugins\/seo\/ -->\n<title>HOVE FROM THE LAND I LOVE PICUAL - Bidon de 2,5 L - Castillo de Canena<\/title>\n<meta name=\"description\" content=\"De La Tierra Que Amo Picual, est une excellente HOVE. Parfaite pour toutes les utilisations dans la cuisine et pr\u00e9sent\u00e9e dans un beau bidon m\u00e9tal.\" \/>\n<meta name=\"robots\" content=\"index, follow, max-snippet:-1, max-image-preview:large, max-video-preview:-1\" \/>\n<link rel=\"canonical\" href=\"https:\/\/www.castillodecanena.com\/fr\/producto\/hove-from-the-land-i-love-picual-bidon-de-25-l\/\" \/>\n<meta property=\"og:locale\" content=\"fr_FR\" \/>\n<meta property=\"og:type\" content=\"article\" \/>\n<meta property=\"og:title\" content=\"HOVE FROM THE LAND I LOVE PICUAL - Bidon de 2,5 L - Castillo de Canena\" \/>\n<meta property=\"og:description\" content=\"De La Tierra Que Amo Picual, est une excellente HOVE. Parfaite pour toutes les utilisations dans la cuisine et pr\u00e9sent\u00e9e dans un beau bidon m\u00e9tal.\" \/>\n<meta property=\"og:url\" content=\"https:\/\/www.castillodecanena.com\/fr\/producto\/hove-from-the-land-i-love-picual-bidon-de-25-l\/\" \/>\n<meta property=\"og:site_name\" content=\"Castillo de Canena\" \/>\n<meta property=\"article:publisher\" content=\"https:\/\/www.facebook.com\/Castillo.de.Canena\" \/>\n<meta property=\"article:modified_time\" content=\"2023-11-27T00:00:09+00:00\" \/>\n<meta property=\"og:image\" content=\"https:\/\/www.castillodecanena.com\/wp-content\/uploads\/2022\/04\/lata_aove_picual-1-1.jpg\" \/>\n\t<meta property=\"og:image:width\" content=\"1600\" \/>\n\t<meta property=\"og:image:height\" content=\"1600\" \/>\n\t<meta property=\"og:image:type\" content=\"image\/jpeg\" \/>\n<meta name=\"twitter:card\" content=\"summary_large_image\" \/>\n<meta name=\"twitter:site\" content=\"@CastillodCanena\" \/>\n<script type=\"application\/ld+json\" class=\"yoast-schema-graph\">{\"@context\":\"https:\/\/schema.org\",\"@graph\":[{\"@type\":[\"WebPage\",\"ItemPage\"],\"@id\":\"https:\/\/www.castillodecanena.com\/fr\/producto\/hove-from-the-land-i-love-picual-bidon-de-25-l\/\",\"url\":\"https:\/\/www.castillodecanena.com\/fr\/producto\/hove-from-the-land-i-love-picual-bidon-de-25-l\/\",\"name\":\"HOVE FROM THE LAND I LOVE PICUAL - Bidon de 2,5 L - Castillo de Canena\",\"isPartOf\":{\"@id\":\"https:\/\/www.castillodecanena.com\/fr\/#website\"},\"primaryImageOfPage\":{\"@id\":\"https:\/\/www.castillodecanena.com\/fr\/producto\/hove-from-the-land-i-love-picual-bidon-de-25-l\/#primaryimage\"},\"image\":{\"@id\":\"https:\/\/www.castillodecanena.com\/fr\/producto\/hove-from-the-land-i-love-picual-bidon-de-25-l\/#primaryimage\"},\"thumbnailUrl\":\"https:\/\/www.castillodecanena.com\/wp-content\/uploads\/2022\/04\/lata_aove_picual-1-1.jpg\",\"datePublished\":\"2022-04-11T22:09:17+00:00\",\"dateModified\":\"2023-11-27T00:00:09+00:00\",\"description\":\"De La Tierra Que Amo Picual, est une excellente HOVE. Parfaite pour toutes les utilisations dans la cuisine et pr\u00e9sent\u00e9e dans un beau bidon m\u00e9tal.\",\"breadcrumb\":{\"@id\":\"https:\/\/www.castillodecanena.com\/fr\/producto\/hove-from-the-land-i-love-picual-bidon-de-25-l\/#breadcrumb\"},\"inLanguage\":\"fr-FR\",\"potentialAction\":[{\"@type\":\"ReadAction\",\"target\":[\"https:\/\/www.castillodecanena.com\/fr\/producto\/hove-from-the-land-i-love-picual-bidon-de-25-l\/\"]}]},{\"@type\":\"ImageObject\",\"inLanguage\":\"fr-FR\",\"@id\":\"https:\/\/www.castillodecanena.com\/fr\/producto\/hove-from-the-land-i-love-picual-bidon-de-25-l\/#primaryimage\",\"url\":\"https:\/\/www.castillodecanena.com\/wp-content\/uploads\/2022\/04\/lata_aove_picual-1-1.jpg\",\"contentUrl\":\"https:\/\/www.castillodecanena.com\/wp-content\/uploads\/2022\/04\/lata_aove_picual-1-1.jpg\",\"width\":1600,\"height\":1600},{\"@type\":\"BreadcrumbList\",\"@id\":\"https:\/\/www.castillodecanena.com\/fr\/producto\/hove-from-the-land-i-love-picual-bidon-de-25-l\/#breadcrumb\",\"itemListElement\":[{\"@type\":\"ListItem\",\"position\":1,\"name\":\"Home\",\"item\":\"https:\/\/www.castillodecanena.com\/fr\/\"},{\"@type\":\"ListItem\",\"position\":2,\"name\":\"Tienda\",\"item\":\"https:\/\/www.castillodecanena.com\/fr\/tienda\/\"},{\"@type\":\"ListItem\",\"position\":3,\"name\":\"HOVE FROM THE LAND I LOVE PICUAL &#8211; Bidon de 2,5 L\"}]},{\"@type\":\"WebSite\",\"@id\":\"https:\/\/www.castillodecanena.com\/fr\/#website\",\"url\":\"https:\/\/www.castillodecanena.com\/fr\/\",\"name\":\"Castillo de Canena\",\"description\":\"Aceites de Oliva virgen extra Premium\",\"publisher\":{\"@id\":\"https:\/\/www.castillodecanena.com\/fr\/#organization\"},\"potentialAction\":[{\"@type\":\"SearchAction\",\"target\":{\"@type\":\"EntryPoint\",\"urlTemplate\":\"https:\/\/www.castillodecanena.com\/fr\/?s={search_term_string}\"},\"query-input\":{\"@type\":\"PropertyValueSpecification\",\"valueRequired\":true,\"valueName\":\"search_term_string\"}}],\"inLanguage\":\"fr-FR\"},{\"@type\":\"Organization\",\"@id\":\"https:\/\/www.castillodecanena.com\/fr\/#organization\",\"name\":\"Castillo de Canena\",\"url\":\"https:\/\/www.castillodecanena.com\/fr\/\",\"logo\":{\"@type\":\"ImageObject\",\"inLanguage\":\"fr-FR\",\"@id\":\"https:\/\/www.castillodecanena.com\/fr\/#\/schema\/logo\/image\/\",\"url\":\"https:\/\/castillodecanena.com\/wp-content\/uploads\/2021\/08\/logo_castillo-de-canena_small.webp\",\"contentUrl\":\"https:\/\/castillodecanena.com\/wp-content\/uploads\/2021\/08\/logo_castillo-de-canena_small.webp\",\"width\":250,\"height\":174,\"caption\":\"Castillo de Canena\"},\"image\":{\"@id\":\"https:\/\/www.castillodecanena.com\/fr\/#\/schema\/logo\/image\/\"},\"sameAs\":[\"https:\/\/www.facebook.com\/Castillo.de.Canena\",\"https:\/\/x.com\/CastillodCanena\",\"https:\/\/www.instagram.com\/castillodecanena\/\",\"https:\/\/www.linkedin.com\/company\/castillo-de-canena-olive-juice\",\"https:\/\/www.pinterest.es\/castillodcanena\/\",\"https:\/\/www.youtube.com\/channel\/UCL64xPwm_9Atq2y1JxmwnxQ\",\"https:\/\/es.wikipedia.org\/wiki\/Castillo_de_Canena_(empresa)\"]}]}<\/script>\n<!-- \/ Yoast SEO plugin. -->","yoast_head_json":{"title":"HOVE FROM THE LAND I LOVE PICUAL - Bidon de 2,5 L - Castillo de Canena","description":"De La Tierra Que Amo Picual, est une excellente HOVE. Parfaite pour toutes les utilisations dans la cuisine et pr\u00e9sent\u00e9e dans un beau bidon m\u00e9tal.","robots":{"index":"index","follow":"follow","max-snippet":"max-snippet:-1","max-image-preview":"max-image-preview:large","max-video-preview":"max-video-preview:-1"},"canonical":"https:\/\/www.castillodecanena.com\/fr\/producto\/hove-from-the-land-i-love-picual-bidon-de-25-l\/","og_locale":"fr_FR","og_type":"article","og_title":"HOVE FROM THE LAND I LOVE PICUAL - Bidon de 2,5 L - Castillo de Canena","og_description":"De La Tierra Que Amo Picual, est une excellente HOVE. Parfaite pour toutes les utilisations dans la cuisine et pr\u00e9sent\u00e9e dans un beau bidon m\u00e9tal.","og_url":"https:\/\/www.castillodecanena.com\/fr\/producto\/hove-from-the-land-i-love-picual-bidon-de-25-l\/","og_site_name":"Castillo de Canena","article_publisher":"https:\/\/www.facebook.com\/Castillo.de.Canena","article_modified_time":"2023-11-27T00:00:09+00:00","og_image":[{"width":1600,"height":1600,"url":"https:\/\/www.castillodecanena.com\/wp-content\/uploads\/2022\/04\/lata_aove_picual-1-1.jpg","type":"image\/jpeg"}],"twitter_card":"summary_large_image","twitter_site":"@CastillodCanena","schema":{"@context":"https:\/\/schema.org","@graph":[{"@type":["WebPage","ItemPage"],"@id":"https:\/\/www.castillodecanena.com\/fr\/producto\/hove-from-the-land-i-love-picual-bidon-de-25-l\/","url":"https:\/\/www.castillodecanena.com\/fr\/producto\/hove-from-the-land-i-love-picual-bidon-de-25-l\/","name":"HOVE FROM THE LAND I LOVE PICUAL - Bidon de 2,5 L - Castillo de Canena","isPartOf":{"@id":"https:\/\/www.castillodecanena.com\/fr\/#website"},"primaryImageOfPage":{"@id":"https:\/\/www.castillodecanena.com\/fr\/producto\/hove-from-the-land-i-love-picual-bidon-de-25-l\/#primaryimage"},"image":{"@id":"https:\/\/www.castillodecanena.com\/fr\/producto\/hove-from-the-land-i-love-picual-bidon-de-25-l\/#primaryimage"},"thumbnailUrl":"https:\/\/www.castillodecanena.com\/wp-content\/uploads\/2022\/04\/lata_aove_picual-1-1.jpg","datePublished":"2022-04-11T22:09:17+00:00","dateModified":"2023-11-27T00:00:09+00:00","description":"De La Tierra Que Amo Picual, est une excellente HOVE. Parfaite pour toutes les utilisations dans la cuisine et pr\u00e9sent\u00e9e dans un beau bidon m\u00e9tal.","breadcrumb":{"@id":"https:\/\/www.castillodecanena.com\/fr\/producto\/hove-from-the-land-i-love-picual-bidon-de-25-l\/#breadcrumb"},"inLanguage":"fr-FR","potentialAction":[{"@type":"ReadAction","target":["https:\/\/www.castillodecanena.com\/fr\/producto\/hove-from-the-land-i-love-picual-bidon-de-25-l\/"]}]},{"@type":"ImageObject","inLanguage":"fr-FR","@id":"https:\/\/www.castillodecanena.com\/fr\/producto\/hove-from-the-land-i-love-picual-bidon-de-25-l\/#primaryimage","url":"https:\/\/www.castillodecanena.com\/wp-content\/uploads\/2022\/04\/lata_aove_picual-1-1.jpg","contentUrl":"https:\/\/www.castillodecanena.com\/wp-content\/uploads\/2022\/04\/lata_aove_picual-1-1.jpg","width":1600,"height":1600},{"@type":"BreadcrumbList","@id":"https:\/\/www.castillodecanena.com\/fr\/producto\/hove-from-the-land-i-love-picual-bidon-de-25-l\/#breadcrumb","itemListElement":[{"@type":"ListItem","position":1,"name":"Home","item":"https:\/\/www.castillodecanena.com\/fr\/"},{"@type":"ListItem","position":2,"name":"Tienda","item":"https:\/\/www.castillodecanena.com\/fr\/tienda\/"},{"@type":"ListItem","position":3,"name":"HOVE FROM THE LAND I LOVE PICUAL &#8211; Bidon de 2,5 L"}]},{"@type":"WebSite","@id":"https:\/\/www.castillodecanena.com\/fr\/#website","url":"https:\/\/www.castillodecanena.com\/fr\/","name":"Castillo de Canena","description":"Aceites de Oliva virgen extra Premium","publisher":{"@id":"https:\/\/www.castillodecanena.com\/fr\/#organization"},"potentialAction":[{"@type":"SearchAction","target":{"@type":"EntryPoint","urlTemplate":"https:\/\/www.castillodecanena.com\/fr\/?s={search_term_string}"},"query-input":{"@type":"PropertyValueSpecification","valueRequired":true,"valueName":"search_term_string"}}],"inLanguage":"fr-FR"},{"@type":"Organization","@id":"https:\/\/www.castillodecanena.com\/fr\/#organization","name":"Castillo de Canena","url":"https:\/\/www.castillodecanena.com\/fr\/","logo":{"@type":"ImageObject","inLanguage":"fr-FR","@id":"https:\/\/www.castillodecanena.com\/fr\/#\/schema\/logo\/image\/","url":"https:\/\/castillodecanena.com\/wp-content\/uploads\/2021\/08\/logo_castillo-de-canena_small.webp","contentUrl":"https:\/\/castillodecanena.com\/wp-content\/uploads\/2021\/08\/logo_castillo-de-canena_small.webp","width":250,"height":174,"caption":"Castillo de Canena"},"image":{"@id":"https:\/\/www.castillodecanena.com\/fr\/#\/schema\/logo\/image\/"},"sameAs":["https:\/\/www.facebook.com\/Castillo.de.Canena","https:\/\/x.com\/CastillodCanena","https:\/\/www.instagram.com\/castillodecanena\/","https:\/\/www.linkedin.com\/company\/castillo-de-canena-olive-juice","https:\/\/www.pinterest.es\/castillodcanena\/","https:\/\/www.youtube.com\/channel\/UCL64xPwm_9Atq2y1JxmwnxQ","https:\/\/es.wikipedia.org\/wiki\/Castillo_de_Canena_(empresa)"]}]}},"_links":{"self":[{"href":"https:\/\/www.castillodecanena.com\/fr\/wp-json\/wp\/v2\/product\/28755","targetHints":{"allow":["GET"]}}],"collection":[{"href":"https:\/\/www.castillodecanena.com\/fr\/wp-json\/wp\/v2\/product"}],"about":[{"href":"https:\/\/www.castillodecanena.com\/fr\/wp-json\/wp\/v2\/types\/product"}],"wp:featuredmedia":[{"embeddable":true,"href":"https:\/\/www.castillodecanena.com\/fr\/wp-json\/wp\/v2\/media\/49597"}],"wp:attachment":[{"href":"https:\/\/www.castillodecanena.com\/fr\/wp-json\/wp\/v2\/media?parent=28755"}],"wp:term":[{"taxonomy":"product_cat","embeddable":true,"href":"https:\/\/www.castillodecanena.com\/fr\/wp-json\/wp\/v2\/product_cat?post=28755"},{"taxonomy":"product_tag","embeddable":true,"href":"https:\/\/www.castillodecanena.com\/fr\/wp-json\/wp\/v2\/product_tag?post=28755"}],"curies":[{"name":"wp","href":"https:\/\/api.w.org\/{rel}","templated":true}]}}