{"id":28756,"date":"2022-04-11T22:09:00","date_gmt":"2022-04-11T22:09:00","guid":{"rendered":"https:\/\/dev-castillo-de-canena.pantheonsite.io\/producto\/hove-de-la-tierra-que-amo-arbequina-lata-25l\/"},"modified":"2023-11-27T00:00:11","modified_gmt":"2023-11-27T00:00:11","slug":"hove-de-la-tierra-que-amo-arbequina-lata-25l","status":"publish","type":"product","link":"https:\/\/www.castillodecanena.com\/fr\/producto\/hove-de-la-tierra-que-amo-arbequina-lata-25l\/","title":{"rendered":"HOVE DE LA TIERRA QUE AMO ARBEQUINA- Lata 2,5L"},"content":{"rendered":"<p>De la tierra que amo (De la terre que j\u2019aime), est un hommage \u00e0 tous les agriculteurs amoureux de leur terre, comme nous-m\u00eames, \u00e0 tous ceux qui partagent un engagement clair, celui de laisser \u00e0 nos enfants une terre saine. Nous vivons de nos champs et nous voulons continuer \u00e0 le faire, en misant sur les plus strictes mesures de durabilit\u00e9, en utilisant les pratiques agronomiques les plus modernes, avec l\u2019optimisation et la mise en valeur des ressources disponibles et en rejetant toute utilisation d\u2019herbicides afin de r\u00e9cup\u00e9rer l\u2019\u00e9cosyst\u00e8me naturel propre \u00e0 notre environnement.<\/p>\n<p>&nbsp;<\/p>\n<p>Present\u00e9 dans un beau bidon, \u00ab\u00a0De la tierra que amo\u00a0\u00bb est une huile d\u2019olive vierge extra issu des olives de la vari\u00e9t\u00e9 arbequina cultiv\u00e9es dans notre domaine d\u00e9nomm\u00e9 Cortijo Guadiana\u00a0: la terre que nous aimons et celle \u00e0 laquelle notre famille est li\u00e9e depuis plus de deux si\u00e8cles. Une huile arbequine de la plus haute qualit\u00e9, parfaite pour toutes les utilisations dans la cuisine.<\/p>\n<p>&nbsp;<\/p>\n<h6>DESCRIPTION<\/h6>\n<p>Cette huile arbequine \u00e9labor\u00e9e avec des olives douces aux tonalit\u00e9s m\u00fbres rappelant l\u2019amande et la banane est pr\u00e9sent\u00e9 dans un nouveau contenant : un bidon au design soign\u00e9 et d\u00e9licat repr\u00e9sentant des branches d\u2019olivier en fleur, qui \u00e9voque la beaut\u00e9 de nos oliveraies.<\/p>\n<p>&nbsp;<\/p>\n<h6>INFORMATION ADDITIONNELLE<\/h6>\n<p><u>Suggestion de consommation<\/u> : cette HOVE est l\u2019ingr\u00e9dient de base parfait pour tout type de cuissons et d\u2019\u00e9laborations de cuisine. Elle est particuli\u00e8rement recommand\u00e9e pour frire.<\/p>\n<p>&nbsp;<\/p>\n<p>Il est recommand\u00e9 de conserver l\u2019huile dans un endroit frais, \u00e0 l\u2019abri de la lumi\u00e8re et de la chaleur.<\/p>\n","protected":false},"excerpt":{"rendered":"<p>Huile d&rsquo;olive extra vierge de la plus haute qualit\u00e9 provenant d&rsquo;olives de la vari\u00e9t\u00e9 Arbequina cultiv\u00e9es sur la propri\u00e9t\u00e9 appel\u00e9e Cortijo Guadiana, dans la province de Ja\u00e9n. \u00ab\u00a0De la terre que j&rsquo;aime\u00a0\u00bb est le r\u00e9sultat d&rsquo;un travail bien fait et est id\u00e9al pour toutes les utilisations dans votre cuisine.<br \/>\nNous prenons soin de la terre pour prendre soin de vous.<\/p>\n","protected":false},"featured_media":49604,"template":"","meta":{"_acf_changed":false,"wprm-recipe-roundup-name":"","wprm-recipe-roundup-description":""},"product_cat":[3057],"product_tag":[],"class_list":{"0":"post-28756","1":"product","2":"type-product","3":"status-publish","4":"has-post-thumbnail","6":"product_cat-huile-dolive-vierge-extra","8":"first","9":"instock","10":"purchasable","11":"product-type-simple"},"acf":[],"yoast_head":"<!-- This site is optimized with the Yoast SEO plugin v25.6 - https:\/\/yoast.com\/wordpress\/plugins\/seo\/ -->\n<title>HOVE DE LA TIERRA QUE AMO ARBEQUINA- Lata 2,5L - Castillo de Canena<\/title>\n<meta name=\"description\" content=\"De La Tierra Que Amo Arbequina, met \u00e0 votre disposition la meilleure saveur avec cette HOVE \u00e9labor\u00e9e avec les meilleures olives de notre terre.\" \/>\n<meta name=\"robots\" content=\"index, follow, max-snippet:-1, max-image-preview:large, max-video-preview:-1\" \/>\n<link rel=\"canonical\" href=\"https:\/\/www.castillodecanena.com\/fr\/producto\/hove-de-la-tierra-que-amo-arbequina-lata-25l\/\" \/>\n<meta property=\"og:locale\" content=\"fr_FR\" \/>\n<meta property=\"og:type\" content=\"article\" \/>\n<meta property=\"og:title\" content=\"HOVE DE LA TIERRA QUE AMO ARBEQUINA- Lata 2,5L - Castillo de Canena\" \/>\n<meta property=\"og:description\" content=\"De La Tierra Que Amo Arbequina, met \u00e0 votre disposition la meilleure saveur avec cette HOVE \u00e9labor\u00e9e avec les meilleures olives de notre terre.\" \/>\n<meta property=\"og:url\" content=\"https:\/\/www.castillodecanena.com\/fr\/producto\/hove-de-la-tierra-que-amo-arbequina-lata-25l\/\" \/>\n<meta property=\"og:site_name\" content=\"Castillo de Canena\" \/>\n<meta property=\"article:publisher\" content=\"https:\/\/www.facebook.com\/Castillo.de.Canena\" \/>\n<meta property=\"article:modified_time\" content=\"2023-11-27T00:00:11+00:00\" \/>\n<meta property=\"og:image\" content=\"https:\/\/www.castillodecanena.com\/wp-content\/uploads\/2022\/04\/lata_aove_arbequina-3.jpg\" \/>\n\t<meta property=\"og:image:width\" content=\"1600\" \/>\n\t<meta property=\"og:image:height\" content=\"1600\" \/>\n\t<meta property=\"og:image:type\" content=\"image\/jpeg\" \/>\n<meta name=\"twitter:card\" content=\"summary_large_image\" \/>\n<meta name=\"twitter:site\" content=\"@CastillodCanena\" \/>\n<script type=\"application\/ld+json\" class=\"yoast-schema-graph\">{\"@context\":\"https:\/\/schema.org\",\"@graph\":[{\"@type\":[\"WebPage\",\"ItemPage\"],\"@id\":\"https:\/\/www.castillodecanena.com\/fr\/producto\/hove-de-la-tierra-que-amo-arbequina-lata-25l\/\",\"url\":\"https:\/\/www.castillodecanena.com\/fr\/producto\/hove-de-la-tierra-que-amo-arbequina-lata-25l\/\",\"name\":\"HOVE DE LA TIERRA QUE AMO ARBEQUINA- Lata 2,5L - Castillo de Canena\",\"isPartOf\":{\"@id\":\"https:\/\/www.castillodecanena.com\/fr\/#website\"},\"primaryImageOfPage\":{\"@id\":\"https:\/\/www.castillodecanena.com\/fr\/producto\/hove-de-la-tierra-que-amo-arbequina-lata-25l\/#primaryimage\"},\"image\":{\"@id\":\"https:\/\/www.castillodecanena.com\/fr\/producto\/hove-de-la-tierra-que-amo-arbequina-lata-25l\/#primaryimage\"},\"thumbnailUrl\":\"https:\/\/www.castillodecanena.com\/wp-content\/uploads\/2022\/04\/lata_aove_arbequina-3.jpg\",\"datePublished\":\"2022-04-11T22:09:00+00:00\",\"dateModified\":\"2023-11-27T00:00:11+00:00\",\"description\":\"De La Tierra Que Amo Arbequina, met \u00e0 votre disposition la meilleure saveur avec cette HOVE \u00e9labor\u00e9e avec les meilleures olives de notre terre.\",\"breadcrumb\":{\"@id\":\"https:\/\/www.castillodecanena.com\/fr\/producto\/hove-de-la-tierra-que-amo-arbequina-lata-25l\/#breadcrumb\"},\"inLanguage\":\"fr-FR\",\"potentialAction\":[{\"@type\":\"ReadAction\",\"target\":[\"https:\/\/www.castillodecanena.com\/fr\/producto\/hove-de-la-tierra-que-amo-arbequina-lata-25l\/\"]}]},{\"@type\":\"ImageObject\",\"inLanguage\":\"fr-FR\",\"@id\":\"https:\/\/www.castillodecanena.com\/fr\/producto\/hove-de-la-tierra-que-amo-arbequina-lata-25l\/#primaryimage\",\"url\":\"https:\/\/www.castillodecanena.com\/wp-content\/uploads\/2022\/04\/lata_aove_arbequina-3.jpg\",\"contentUrl\":\"https:\/\/www.castillodecanena.com\/wp-content\/uploads\/2022\/04\/lata_aove_arbequina-3.jpg\",\"width\":1600,\"height\":1600},{\"@type\":\"BreadcrumbList\",\"@id\":\"https:\/\/www.castillodecanena.com\/fr\/producto\/hove-de-la-tierra-que-amo-arbequina-lata-25l\/#breadcrumb\",\"itemListElement\":[{\"@type\":\"ListItem\",\"position\":1,\"name\":\"Home\",\"item\":\"https:\/\/www.castillodecanena.com\/fr\/\"},{\"@type\":\"ListItem\",\"position\":2,\"name\":\"Tienda\",\"item\":\"https:\/\/www.castillodecanena.com\/fr\/tienda\/\"},{\"@type\":\"ListItem\",\"position\":3,\"name\":\"HOVE DE LA TIERRA QUE AMO ARBEQUINA- Lata 2,5L\"}]},{\"@type\":\"WebSite\",\"@id\":\"https:\/\/www.castillodecanena.com\/fr\/#website\",\"url\":\"https:\/\/www.castillodecanena.com\/fr\/\",\"name\":\"Castillo de Canena\",\"description\":\"Aceites de Oliva virgen extra Premium\",\"publisher\":{\"@id\":\"https:\/\/www.castillodecanena.com\/fr\/#organization\"},\"potentialAction\":[{\"@type\":\"SearchAction\",\"target\":{\"@type\":\"EntryPoint\",\"urlTemplate\":\"https:\/\/www.castillodecanena.com\/fr\/?s={search_term_string}\"},\"query-input\":{\"@type\":\"PropertyValueSpecification\",\"valueRequired\":true,\"valueName\":\"search_term_string\"}}],\"inLanguage\":\"fr-FR\"},{\"@type\":\"Organization\",\"@id\":\"https:\/\/www.castillodecanena.com\/fr\/#organization\",\"name\":\"Castillo de Canena\",\"url\":\"https:\/\/www.castillodecanena.com\/fr\/\",\"logo\":{\"@type\":\"ImageObject\",\"inLanguage\":\"fr-FR\",\"@id\":\"https:\/\/www.castillodecanena.com\/fr\/#\/schema\/logo\/image\/\",\"url\":\"https:\/\/castillodecanena.com\/wp-content\/uploads\/2021\/08\/logo_castillo-de-canena_small.webp\",\"contentUrl\":\"https:\/\/castillodecanena.com\/wp-content\/uploads\/2021\/08\/logo_castillo-de-canena_small.webp\",\"width\":250,\"height\":174,\"caption\":\"Castillo de Canena\"},\"image\":{\"@id\":\"https:\/\/www.castillodecanena.com\/fr\/#\/schema\/logo\/image\/\"},\"sameAs\":[\"https:\/\/www.facebook.com\/Castillo.de.Canena\",\"https:\/\/x.com\/CastillodCanena\",\"https:\/\/www.instagram.com\/castillodecanena\/\",\"https:\/\/www.linkedin.com\/company\/castillo-de-canena-olive-juice\",\"https:\/\/www.pinterest.es\/castillodcanena\/\",\"https:\/\/www.youtube.com\/channel\/UCL64xPwm_9Atq2y1JxmwnxQ\",\"https:\/\/es.wikipedia.org\/wiki\/Castillo_de_Canena_(empresa)\"]}]}<\/script>\n<!-- \/ Yoast SEO plugin. -->","yoast_head_json":{"title":"HOVE DE LA TIERRA QUE AMO ARBEQUINA- Lata 2,5L - Castillo de Canena","description":"De La Tierra Que Amo Arbequina, met \u00e0 votre disposition la meilleure saveur avec cette HOVE \u00e9labor\u00e9e avec les meilleures olives de notre terre.","robots":{"index":"index","follow":"follow","max-snippet":"max-snippet:-1","max-image-preview":"max-image-preview:large","max-video-preview":"max-video-preview:-1"},"canonical":"https:\/\/www.castillodecanena.com\/fr\/producto\/hove-de-la-tierra-que-amo-arbequina-lata-25l\/","og_locale":"fr_FR","og_type":"article","og_title":"HOVE DE LA TIERRA QUE AMO ARBEQUINA- Lata 2,5L - Castillo de Canena","og_description":"De La Tierra Que Amo Arbequina, met \u00e0 votre disposition la meilleure saveur avec cette HOVE \u00e9labor\u00e9e avec les meilleures olives de notre terre.","og_url":"https:\/\/www.castillodecanena.com\/fr\/producto\/hove-de-la-tierra-que-amo-arbequina-lata-25l\/","og_site_name":"Castillo de Canena","article_publisher":"https:\/\/www.facebook.com\/Castillo.de.Canena","article_modified_time":"2023-11-27T00:00:11+00:00","og_image":[{"width":1600,"height":1600,"url":"https:\/\/www.castillodecanena.com\/wp-content\/uploads\/2022\/04\/lata_aove_arbequina-3.jpg","type":"image\/jpeg"}],"twitter_card":"summary_large_image","twitter_site":"@CastillodCanena","schema":{"@context":"https:\/\/schema.org","@graph":[{"@type":["WebPage","ItemPage"],"@id":"https:\/\/www.castillodecanena.com\/fr\/producto\/hove-de-la-tierra-que-amo-arbequina-lata-25l\/","url":"https:\/\/www.castillodecanena.com\/fr\/producto\/hove-de-la-tierra-que-amo-arbequina-lata-25l\/","name":"HOVE DE LA TIERRA QUE AMO ARBEQUINA- Lata 2,5L - Castillo de Canena","isPartOf":{"@id":"https:\/\/www.castillodecanena.com\/fr\/#website"},"primaryImageOfPage":{"@id":"https:\/\/www.castillodecanena.com\/fr\/producto\/hove-de-la-tierra-que-amo-arbequina-lata-25l\/#primaryimage"},"image":{"@id":"https:\/\/www.castillodecanena.com\/fr\/producto\/hove-de-la-tierra-que-amo-arbequina-lata-25l\/#primaryimage"},"thumbnailUrl":"https:\/\/www.castillodecanena.com\/wp-content\/uploads\/2022\/04\/lata_aove_arbequina-3.jpg","datePublished":"2022-04-11T22:09:00+00:00","dateModified":"2023-11-27T00:00:11+00:00","description":"De La Tierra Que Amo Arbequina, met \u00e0 votre disposition la meilleure saveur avec cette HOVE \u00e9labor\u00e9e avec les meilleures olives de notre terre.","breadcrumb":{"@id":"https:\/\/www.castillodecanena.com\/fr\/producto\/hove-de-la-tierra-que-amo-arbequina-lata-25l\/#breadcrumb"},"inLanguage":"fr-FR","potentialAction":[{"@type":"ReadAction","target":["https:\/\/www.castillodecanena.com\/fr\/producto\/hove-de-la-tierra-que-amo-arbequina-lata-25l\/"]}]},{"@type":"ImageObject","inLanguage":"fr-FR","@id":"https:\/\/www.castillodecanena.com\/fr\/producto\/hove-de-la-tierra-que-amo-arbequina-lata-25l\/#primaryimage","url":"https:\/\/www.castillodecanena.com\/wp-content\/uploads\/2022\/04\/lata_aove_arbequina-3.jpg","contentUrl":"https:\/\/www.castillodecanena.com\/wp-content\/uploads\/2022\/04\/lata_aove_arbequina-3.jpg","width":1600,"height":1600},{"@type":"BreadcrumbList","@id":"https:\/\/www.castillodecanena.com\/fr\/producto\/hove-de-la-tierra-que-amo-arbequina-lata-25l\/#breadcrumb","itemListElement":[{"@type":"ListItem","position":1,"name":"Home","item":"https:\/\/www.castillodecanena.com\/fr\/"},{"@type":"ListItem","position":2,"name":"Tienda","item":"https:\/\/www.castillodecanena.com\/fr\/tienda\/"},{"@type":"ListItem","position":3,"name":"HOVE DE LA TIERRA QUE AMO ARBEQUINA- Lata 2,5L"}]},{"@type":"WebSite","@id":"https:\/\/www.castillodecanena.com\/fr\/#website","url":"https:\/\/www.castillodecanena.com\/fr\/","name":"Castillo de Canena","description":"Aceites de Oliva virgen extra Premium","publisher":{"@id":"https:\/\/www.castillodecanena.com\/fr\/#organization"},"potentialAction":[{"@type":"SearchAction","target":{"@type":"EntryPoint","urlTemplate":"https:\/\/www.castillodecanena.com\/fr\/?s={search_term_string}"},"query-input":{"@type":"PropertyValueSpecification","valueRequired":true,"valueName":"search_term_string"}}],"inLanguage":"fr-FR"},{"@type":"Organization","@id":"https:\/\/www.castillodecanena.com\/fr\/#organization","name":"Castillo de Canena","url":"https:\/\/www.castillodecanena.com\/fr\/","logo":{"@type":"ImageObject","inLanguage":"fr-FR","@id":"https:\/\/www.castillodecanena.com\/fr\/#\/schema\/logo\/image\/","url":"https:\/\/castillodecanena.com\/wp-content\/uploads\/2021\/08\/logo_castillo-de-canena_small.webp","contentUrl":"https:\/\/castillodecanena.com\/wp-content\/uploads\/2021\/08\/logo_castillo-de-canena_small.webp","width":250,"height":174,"caption":"Castillo de Canena"},"image":{"@id":"https:\/\/www.castillodecanena.com\/fr\/#\/schema\/logo\/image\/"},"sameAs":["https:\/\/www.facebook.com\/Castillo.de.Canena","https:\/\/x.com\/CastillodCanena","https:\/\/www.instagram.com\/castillodecanena\/","https:\/\/www.linkedin.com\/company\/castillo-de-canena-olive-juice","https:\/\/www.pinterest.es\/castillodcanena\/","https:\/\/www.youtube.com\/channel\/UCL64xPwm_9Atq2y1JxmwnxQ","https:\/\/es.wikipedia.org\/wiki\/Castillo_de_Canena_(empresa)"]}]}},"_links":{"self":[{"href":"https:\/\/www.castillodecanena.com\/fr\/wp-json\/wp\/v2\/product\/28756","targetHints":{"allow":["GET"]}}],"collection":[{"href":"https:\/\/www.castillodecanena.com\/fr\/wp-json\/wp\/v2\/product"}],"about":[{"href":"https:\/\/www.castillodecanena.com\/fr\/wp-json\/wp\/v2\/types\/product"}],"wp:featuredmedia":[{"embeddable":true,"href":"https:\/\/www.castillodecanena.com\/fr\/wp-json\/wp\/v2\/media\/49604"}],"wp:attachment":[{"href":"https:\/\/www.castillodecanena.com\/fr\/wp-json\/wp\/v2\/media?parent=28756"}],"wp:term":[{"taxonomy":"product_cat","embeddable":true,"href":"https:\/\/www.castillodecanena.com\/fr\/wp-json\/wp\/v2\/product_cat?post=28756"},{"taxonomy":"product_tag","embeddable":true,"href":"https:\/\/www.castillodecanena.com\/fr\/wp-json\/wp\/v2\/product_tag?post=28756"}],"curies":[{"name":"wp","href":"https:\/\/api.w.org\/{rel}","templated":true}]}}