{"id":36389,"date":"2021-10-27T15:59:49","date_gmt":"2021-10-27T15:59:49","guid":{"rendered":"https:\/\/dev-castillo-de-canena.pantheonsite.io\/rsc\/"},"modified":"2022-12-15T15:13:07","modified_gmt":"2022-12-15T15:13:07","slug":"spoleczna-odpowiedzialnosc-biznesu","status":"publish","type":"page","link":"https:\/\/www.castillodecanena.com\/pl\/spoleczna-odpowiedzialnosc-biznesu\/","title":{"rendered":"Spo\u0142eczna odpowiedzialno\u015b\u0107 biznesu"},"content":{"rendered":"","protected":false},"excerpt":{"rendered":"","protected":false},"author":2,"featured_media":45861,"parent":0,"menu_order":0,"comment_status":"closed","ping_status":"closed","template":"page-rsc.php","meta":{"_acf_changed":false,"wprm-recipe-roundup-name":"","wprm-recipe-roundup-description":"","footnotes":""},"class_list":["post-36389","page","type-page","status-publish","has-post-thumbnail","hentry"],"acf":[],"yoast_head":"<!-- This site is optimized with the Yoast SEO plugin v25.6 - https:\/\/yoast.com\/wordpress\/plugins\/seo\/ -->\n<title>Responsabilidad Social Corporativa - Castillo de Canena<\/title>\n<meta name=\"description\" content=\"Korporacyjna odpowiedzialno\u015b\u0107 spo\u0142eczna w Castillo de Canena skupia si\u0119 na 4 filarach: doskona\u0142o\u015b\u0107, jako\u015b\u0107, innowacja i zr\u00f3wnowa\u017cony rozw\u00f3j.\" \/>\n<meta name=\"robots\" content=\"index, follow, max-snippet:-1, max-image-preview:large, max-video-preview:-1\" \/>\n<link rel=\"canonical\" href=\"https:\/\/www.castillodecanena.com\/pl\/spoleczna-odpowiedzialnosc-biznesu\/\" \/>\n<meta property=\"og:locale\" content=\"pl_PL\" \/>\n<meta property=\"og:type\" content=\"article\" \/>\n<meta property=\"og:title\" content=\"Responsabilidad Social Corporativa - Castillo de Canena\" \/>\n<meta property=\"og:description\" content=\"Korporacyjna odpowiedzialno\u015b\u0107 spo\u0142eczna w Castillo de Canena skupia si\u0119 na 4 filarach: doskona\u0142o\u015b\u0107, jako\u015b\u0107, innowacja i zr\u00f3wnowa\u017cony rozw\u00f3j.\" \/>\n<meta property=\"og:url\" content=\"https:\/\/www.castillodecanena.com\/pl\/spoleczna-odpowiedzialnosc-biznesu\/\" \/>\n<meta property=\"og:site_name\" content=\"Castillo de Canena\" \/>\n<meta property=\"article:publisher\" content=\"https:\/\/www.facebook.com\/Castillo.de.Canena\" \/>\n<meta property=\"article:modified_time\" content=\"2022-12-15T15:13:07+00:00\" \/>\n<meta property=\"og:image\" content=\"https:\/\/www.castillodecanena.com\/wp-content\/uploads\/2022\/12\/responsabilidad-social-corporativa.jpg\" \/>\n\t<meta property=\"og:image:width\" content=\"1000\" \/>\n\t<meta property=\"og:image:height\" content=\"667\" \/>\n\t<meta property=\"og:image:type\" content=\"image\/jpeg\" \/>\n<meta name=\"twitter:card\" content=\"summary_large_image\" \/>\n<meta name=\"twitter:site\" content=\"@CastillodCanena\" \/>\n<script type=\"application\/ld+json\" class=\"yoast-schema-graph\">{\"@context\":\"https:\/\/schema.org\",\"@graph\":[{\"@type\":\"WebPage\",\"@id\":\"https:\/\/www.castillodecanena.com\/pl\/spoleczna-odpowiedzialnosc-biznesu\/\",\"url\":\"https:\/\/www.castillodecanena.com\/pl\/spoleczna-odpowiedzialnosc-biznesu\/\",\"name\":\"Responsabilidad Social Corporativa - Castillo de Canena\",\"isPartOf\":{\"@id\":\"https:\/\/www.castillodecanena.com\/pl\/#website\"},\"primaryImageOfPage\":{\"@id\":\"https:\/\/www.castillodecanena.com\/pl\/spoleczna-odpowiedzialnosc-biznesu\/#primaryimage\"},\"image\":{\"@id\":\"https:\/\/www.castillodecanena.com\/pl\/spoleczna-odpowiedzialnosc-biznesu\/#primaryimage\"},\"thumbnailUrl\":\"https:\/\/www.castillodecanena.com\/wp-content\/uploads\/2022\/12\/responsabilidad-social-corporativa.jpg\",\"datePublished\":\"2021-10-27T15:59:49+00:00\",\"dateModified\":\"2022-12-15T15:13:07+00:00\",\"description\":\"Korporacyjna odpowiedzialno\u015b\u0107 spo\u0142eczna w Castillo de Canena skupia si\u0119 na 4 filarach: doskona\u0142o\u015b\u0107, jako\u015b\u0107, innowacja i zr\u00f3wnowa\u017cony rozw\u00f3j.\",\"breadcrumb\":{\"@id\":\"https:\/\/www.castillodecanena.com\/pl\/spoleczna-odpowiedzialnosc-biznesu\/#breadcrumb\"},\"inLanguage\":\"pl-PL\",\"potentialAction\":[{\"@type\":\"ReadAction\",\"target\":[\"https:\/\/www.castillodecanena.com\/pl\/spoleczna-odpowiedzialnosc-biznesu\/\"]}]},{\"@type\":\"ImageObject\",\"inLanguage\":\"pl-PL\",\"@id\":\"https:\/\/www.castillodecanena.com\/pl\/spoleczna-odpowiedzialnosc-biznesu\/#primaryimage\",\"url\":\"https:\/\/www.castillodecanena.com\/wp-content\/uploads\/2022\/12\/responsabilidad-social-corporativa.jpg\",\"contentUrl\":\"https:\/\/www.castillodecanena.com\/wp-content\/uploads\/2022\/12\/responsabilidad-social-corporativa.jpg\",\"width\":1000,\"height\":667,\"caption\":\"Campo al aire libre\"},{\"@type\":\"BreadcrumbList\",\"@id\":\"https:\/\/www.castillodecanena.com\/pl\/spoleczna-odpowiedzialnosc-biznesu\/#breadcrumb\",\"itemListElement\":[{\"@type\":\"ListItem\",\"position\":1,\"name\":\"Home\",\"item\":\"https:\/\/www.castillodecanena.com\/pl\/\"},{\"@type\":\"ListItem\",\"position\":2,\"name\":\"Spo\u0142eczna odpowiedzialno\u015b\u0107 biznesu\"}]},{\"@type\":\"WebSite\",\"@id\":\"https:\/\/www.castillodecanena.com\/pl\/#website\",\"url\":\"https:\/\/www.castillodecanena.com\/pl\/\",\"name\":\"Castillo de Canena\",\"description\":\"Aceites de Oliva virgen extra Premium\",\"publisher\":{\"@id\":\"https:\/\/www.castillodecanena.com\/pl\/#organization\"},\"potentialAction\":[{\"@type\":\"SearchAction\",\"target\":{\"@type\":\"EntryPoint\",\"urlTemplate\":\"https:\/\/www.castillodecanena.com\/pl\/?s={search_term_string}\"},\"query-input\":{\"@type\":\"PropertyValueSpecification\",\"valueRequired\":true,\"valueName\":\"search_term_string\"}}],\"inLanguage\":\"pl-PL\"},{\"@type\":\"Organization\",\"@id\":\"https:\/\/www.castillodecanena.com\/pl\/#organization\",\"name\":\"Castillo de Canena\",\"url\":\"https:\/\/www.castillodecanena.com\/pl\/\",\"logo\":{\"@type\":\"ImageObject\",\"inLanguage\":\"pl-PL\",\"@id\":\"https:\/\/www.castillodecanena.com\/pl\/#\/schema\/logo\/image\/\",\"url\":\"https:\/\/castillodecanena.com\/wp-content\/uploads\/2021\/08\/logo_castillo-de-canena_small.webp\",\"contentUrl\":\"https:\/\/castillodecanena.com\/wp-content\/uploads\/2021\/08\/logo_castillo-de-canena_small.webp\",\"width\":250,\"height\":174,\"caption\":\"Castillo de Canena\"},\"image\":{\"@id\":\"https:\/\/www.castillodecanena.com\/pl\/#\/schema\/logo\/image\/\"},\"sameAs\":[\"https:\/\/www.facebook.com\/Castillo.de.Canena\",\"https:\/\/x.com\/CastillodCanena\",\"https:\/\/www.instagram.com\/castillodecanena\/\",\"https:\/\/www.linkedin.com\/company\/castillo-de-canena-olive-juice\",\"https:\/\/www.pinterest.es\/castillodcanena\/\",\"https:\/\/www.youtube.com\/channel\/UCL64xPwm_9Atq2y1JxmwnxQ\",\"https:\/\/es.wikipedia.org\/wiki\/Castillo_de_Canena_(empresa)\"]}]}<\/script>\n<!-- \/ Yoast SEO plugin. -->","yoast_head_json":{"title":"Responsabilidad Social Corporativa - Castillo de Canena","description":"Korporacyjna odpowiedzialno\u015b\u0107 spo\u0142eczna w Castillo de Canena skupia si\u0119 na 4 filarach: doskona\u0142o\u015b\u0107, jako\u015b\u0107, innowacja i zr\u00f3wnowa\u017cony rozw\u00f3j.","robots":{"index":"index","follow":"follow","max-snippet":"max-snippet:-1","max-image-preview":"max-image-preview:large","max-video-preview":"max-video-preview:-1"},"canonical":"https:\/\/www.castillodecanena.com\/pl\/spoleczna-odpowiedzialnosc-biznesu\/","og_locale":"pl_PL","og_type":"article","og_title":"Responsabilidad Social Corporativa - Castillo de Canena","og_description":"Korporacyjna odpowiedzialno\u015b\u0107 spo\u0142eczna w Castillo de Canena skupia si\u0119 na 4 filarach: doskona\u0142o\u015b\u0107, jako\u015b\u0107, innowacja i zr\u00f3wnowa\u017cony rozw\u00f3j.","og_url":"https:\/\/www.castillodecanena.com\/pl\/spoleczna-odpowiedzialnosc-biznesu\/","og_site_name":"Castillo de Canena","article_publisher":"https:\/\/www.facebook.com\/Castillo.de.Canena","article_modified_time":"2022-12-15T15:13:07+00:00","og_image":[{"width":1000,"height":667,"url":"https:\/\/www.castillodecanena.com\/wp-content\/uploads\/2022\/12\/responsabilidad-social-corporativa.jpg","type":"image\/jpeg"}],"twitter_card":"summary_large_image","twitter_site":"@CastillodCanena","schema":{"@context":"https:\/\/schema.org","@graph":[{"@type":"WebPage","@id":"https:\/\/www.castillodecanena.com\/pl\/spoleczna-odpowiedzialnosc-biznesu\/","url":"https:\/\/www.castillodecanena.com\/pl\/spoleczna-odpowiedzialnosc-biznesu\/","name":"Responsabilidad Social Corporativa - Castillo de Canena","isPartOf":{"@id":"https:\/\/www.castillodecanena.com\/pl\/#website"},"primaryImageOfPage":{"@id":"https:\/\/www.castillodecanena.com\/pl\/spoleczna-odpowiedzialnosc-biznesu\/#primaryimage"},"image":{"@id":"https:\/\/www.castillodecanena.com\/pl\/spoleczna-odpowiedzialnosc-biznesu\/#primaryimage"},"thumbnailUrl":"https:\/\/www.castillodecanena.com\/wp-content\/uploads\/2022\/12\/responsabilidad-social-corporativa.jpg","datePublished":"2021-10-27T15:59:49+00:00","dateModified":"2022-12-15T15:13:07+00:00","description":"Korporacyjna odpowiedzialno\u015b\u0107 spo\u0142eczna w Castillo de Canena skupia si\u0119 na 4 filarach: doskona\u0142o\u015b\u0107, jako\u015b\u0107, innowacja i zr\u00f3wnowa\u017cony rozw\u00f3j.","breadcrumb":{"@id":"https:\/\/www.castillodecanena.com\/pl\/spoleczna-odpowiedzialnosc-biznesu\/#breadcrumb"},"inLanguage":"pl-PL","potentialAction":[{"@type":"ReadAction","target":["https:\/\/www.castillodecanena.com\/pl\/spoleczna-odpowiedzialnosc-biznesu\/"]}]},{"@type":"ImageObject","inLanguage":"pl-PL","@id":"https:\/\/www.castillodecanena.com\/pl\/spoleczna-odpowiedzialnosc-biznesu\/#primaryimage","url":"https:\/\/www.castillodecanena.com\/wp-content\/uploads\/2022\/12\/responsabilidad-social-corporativa.jpg","contentUrl":"https:\/\/www.castillodecanena.com\/wp-content\/uploads\/2022\/12\/responsabilidad-social-corporativa.jpg","width":1000,"height":667,"caption":"Campo al aire libre"},{"@type":"BreadcrumbList","@id":"https:\/\/www.castillodecanena.com\/pl\/spoleczna-odpowiedzialnosc-biznesu\/#breadcrumb","itemListElement":[{"@type":"ListItem","position":1,"name":"Home","item":"https:\/\/www.castillodecanena.com\/pl\/"},{"@type":"ListItem","position":2,"name":"Spo\u0142eczna odpowiedzialno\u015b\u0107 biznesu"}]},{"@type":"WebSite","@id":"https:\/\/www.castillodecanena.com\/pl\/#website","url":"https:\/\/www.castillodecanena.com\/pl\/","name":"Castillo de Canena","description":"Aceites de Oliva virgen extra Premium","publisher":{"@id":"https:\/\/www.castillodecanena.com\/pl\/#organization"},"potentialAction":[{"@type":"SearchAction","target":{"@type":"EntryPoint","urlTemplate":"https:\/\/www.castillodecanena.com\/pl\/?s={search_term_string}"},"query-input":{"@type":"PropertyValueSpecification","valueRequired":true,"valueName":"search_term_string"}}],"inLanguage":"pl-PL"},{"@type":"Organization","@id":"https:\/\/www.castillodecanena.com\/pl\/#organization","name":"Castillo de Canena","url":"https:\/\/www.castillodecanena.com\/pl\/","logo":{"@type":"ImageObject","inLanguage":"pl-PL","@id":"https:\/\/www.castillodecanena.com\/pl\/#\/schema\/logo\/image\/","url":"https:\/\/castillodecanena.com\/wp-content\/uploads\/2021\/08\/logo_castillo-de-canena_small.webp","contentUrl":"https:\/\/castillodecanena.com\/wp-content\/uploads\/2021\/08\/logo_castillo-de-canena_small.webp","width":250,"height":174,"caption":"Castillo de Canena"},"image":{"@id":"https:\/\/www.castillodecanena.com\/pl\/#\/schema\/logo\/image\/"},"sameAs":["https:\/\/www.facebook.com\/Castillo.de.Canena","https:\/\/x.com\/CastillodCanena","https:\/\/www.instagram.com\/castillodecanena\/","https:\/\/www.linkedin.com\/company\/castillo-de-canena-olive-juice","https:\/\/www.pinterest.es\/castillodcanena\/","https:\/\/www.youtube.com\/channel\/UCL64xPwm_9Atq2y1JxmwnxQ","https:\/\/es.wikipedia.org\/wiki\/Castillo_de_Canena_(empresa)"]}]}},"_links":{"self":[{"href":"https:\/\/www.castillodecanena.com\/pl\/wp-json\/wp\/v2\/pages\/36389","targetHints":{"allow":["GET"]}}],"collection":[{"href":"https:\/\/www.castillodecanena.com\/pl\/wp-json\/wp\/v2\/pages"}],"about":[{"href":"https:\/\/www.castillodecanena.com\/pl\/wp-json\/wp\/v2\/types\/page"}],"author":[{"embeddable":true,"href":"https:\/\/www.castillodecanena.com\/pl\/wp-json\/wp\/v2\/users\/2"}],"replies":[{"embeddable":true,"href":"https:\/\/www.castillodecanena.com\/pl\/wp-json\/wp\/v2\/comments?post=36389"}],"version-history":[{"count":0,"href":"https:\/\/www.castillodecanena.com\/pl\/wp-json\/wp\/v2\/pages\/36389\/revisions"}],"wp:featuredmedia":[{"embeddable":true,"href":"https:\/\/www.castillodecanena.com\/pl\/wp-json\/wp\/v2\/media\/45861"}],"wp:attachment":[{"href":"https:\/\/www.castillodecanena.com\/pl\/wp-json\/wp\/v2\/media?parent=36389"}],"curies":[{"name":"wp","href":"https:\/\/api.w.org\/{rel}","templated":true}]}}