{"id":36392,"date":"2021-10-27T16:10:52","date_gmt":"2021-10-27T16:10:52","guid":{"rendered":"https:\/\/dev-castillo-de-canena.pantheonsite.io\/i-d-i\/"},"modified":"2022-12-15T15:16:08","modified_gmt":"2022-12-15T15:16:08","slug":"bri","status":"publish","type":"page","link":"https:\/\/www.castillodecanena.com\/pl\/bri\/","title":{"rendered":"B+R+I"},"content":{"rendered":"","protected":false},"excerpt":{"rendered":"","protected":false},"author":2,"featured_media":45651,"parent":0,"menu_order":0,"comment_status":"closed","ping_status":"closed","template":"page-idi.php","meta":{"_acf_changed":false,"wprm-recipe-roundup-name":"","wprm-recipe-roundup-description":"","footnotes":""},"class_list":["post-36392","page","type-page","status-publish","has-post-thumbnail","hentry"],"acf":[],"yoast_head":"<!-- This site is optimized with the Yoast SEO plugin v25.6 - https:\/\/yoast.com\/wordpress\/plugins\/seo\/ -->\n<title>R+D+i - Castillo de Canena<\/title>\n<meta name=\"description\" content=\"Innowacja jest narz\u0119dziem wyr\u00f3\u017cniaj\u0105cym nas w\u015br\u00f3d innych i kt\u00f3re pozwala nam osi\u0105gn\u0105\u0107 doskona\u0142o\u015b\u0107. Poznaj nasze projekty B+R+I dotycz\u0105ce oliwy z oliwek.\" \/>\n<meta name=\"robots\" content=\"index, follow, max-snippet:-1, max-image-preview:large, max-video-preview:-1\" \/>\n<link rel=\"canonical\" href=\"https:\/\/www.castillodecanena.com\/pl\/bri\/\" \/>\n<meta property=\"og:locale\" content=\"pl_PL\" \/>\n<meta property=\"og:type\" content=\"article\" \/>\n<meta property=\"og:title\" content=\"R+D+i - Castillo de Canena\" \/>\n<meta property=\"og:description\" content=\"Innowacja jest narz\u0119dziem wyr\u00f3\u017cniaj\u0105cym nas w\u015br\u00f3d innych i kt\u00f3re pozwala nam osi\u0105gn\u0105\u0107 doskona\u0142o\u015b\u0107. Poznaj nasze projekty B+R+I dotycz\u0105ce oliwy z oliwek.\" \/>\n<meta property=\"og:url\" content=\"https:\/\/www.castillodecanena.com\/pl\/bri\/\" \/>\n<meta property=\"og:site_name\" content=\"Castillo de Canena\" \/>\n<meta property=\"article:publisher\" content=\"https:\/\/www.facebook.com\/Castillo.de.Canena\" \/>\n<meta property=\"article:modified_time\" content=\"2022-12-15T15:16:08+00:00\" \/>\n<meta property=\"og:image\" content=\"https:\/\/www.castillodecanena.com\/wp-content\/uploads\/2022\/12\/idi.jpg\" \/>\n\t<meta property=\"og:image:width\" content=\"1000\" \/>\n\t<meta property=\"og:image:height\" content=\"676\" \/>\n\t<meta property=\"og:image:type\" content=\"image\/jpeg\" \/>\n<meta name=\"twitter:card\" content=\"summary_large_image\" \/>\n<meta name=\"twitter:site\" content=\"@CastillodCanena\" \/>\n<script type=\"application\/ld+json\" class=\"yoast-schema-graph\">{\"@context\":\"https:\/\/schema.org\",\"@graph\":[{\"@type\":\"WebPage\",\"@id\":\"https:\/\/www.castillodecanena.com\/pl\/bri\/\",\"url\":\"https:\/\/www.castillodecanena.com\/pl\/bri\/\",\"name\":\"R+D+i - Castillo de Canena\",\"isPartOf\":{\"@id\":\"https:\/\/www.castillodecanena.com\/pl\/#website\"},\"primaryImageOfPage\":{\"@id\":\"https:\/\/www.castillodecanena.com\/pl\/bri\/#primaryimage\"},\"image\":{\"@id\":\"https:\/\/www.castillodecanena.com\/pl\/bri\/#primaryimage\"},\"thumbnailUrl\":\"https:\/\/www.castillodecanena.com\/wp-content\/uploads\/2022\/12\/idi.jpg\",\"datePublished\":\"2021-10-27T16:10:52+00:00\",\"dateModified\":\"2022-12-15T15:16:08+00:00\",\"description\":\"Innowacja jest narz\u0119dziem wyr\u00f3\u017cniaj\u0105cym nas w\u015br\u00f3d innych i kt\u00f3re pozwala nam osi\u0105gn\u0105\u0107 doskona\u0142o\u015b\u0107. Poznaj nasze projekty B+R+I dotycz\u0105ce oliwy z oliwek.\",\"breadcrumb\":{\"@id\":\"https:\/\/www.castillodecanena.com\/pl\/bri\/#breadcrumb\"},\"inLanguage\":\"pl-PL\",\"potentialAction\":[{\"@type\":\"ReadAction\",\"target\":[\"https:\/\/www.castillodecanena.com\/pl\/bri\/\"]}]},{\"@type\":\"ImageObject\",\"inLanguage\":\"pl-PL\",\"@id\":\"https:\/\/www.castillodecanena.com\/pl\/bri\/#primaryimage\",\"url\":\"https:\/\/www.castillodecanena.com\/wp-content\/uploads\/2022\/12\/idi.jpg\",\"contentUrl\":\"https:\/\/www.castillodecanena.com\/wp-content\/uploads\/2022\/12\/idi.jpg\",\"width\":1000,\"height\":676,\"caption\":\"Castillo de Canena\"},{\"@type\":\"BreadcrumbList\",\"@id\":\"https:\/\/www.castillodecanena.com\/pl\/bri\/#breadcrumb\",\"itemListElement\":[{\"@type\":\"ListItem\",\"position\":1,\"name\":\"Home\",\"item\":\"https:\/\/www.castillodecanena.com\/pl\/\"},{\"@type\":\"ListItem\",\"position\":2,\"name\":\"B+R+I\"}]},{\"@type\":\"WebSite\",\"@id\":\"https:\/\/www.castillodecanena.com\/pl\/#website\",\"url\":\"https:\/\/www.castillodecanena.com\/pl\/\",\"name\":\"Castillo de Canena\",\"description\":\"Aceites de Oliva virgen extra Premium\",\"publisher\":{\"@id\":\"https:\/\/www.castillodecanena.com\/pl\/#organization\"},\"potentialAction\":[{\"@type\":\"SearchAction\",\"target\":{\"@type\":\"EntryPoint\",\"urlTemplate\":\"https:\/\/www.castillodecanena.com\/pl\/?s={search_term_string}\"},\"query-input\":{\"@type\":\"PropertyValueSpecification\",\"valueRequired\":true,\"valueName\":\"search_term_string\"}}],\"inLanguage\":\"pl-PL\"},{\"@type\":\"Organization\",\"@id\":\"https:\/\/www.castillodecanena.com\/pl\/#organization\",\"name\":\"Castillo de Canena\",\"url\":\"https:\/\/www.castillodecanena.com\/pl\/\",\"logo\":{\"@type\":\"ImageObject\",\"inLanguage\":\"pl-PL\",\"@id\":\"https:\/\/www.castillodecanena.com\/pl\/#\/schema\/logo\/image\/\",\"url\":\"https:\/\/castillodecanena.com\/wp-content\/uploads\/2021\/08\/logo_castillo-de-canena_small.webp\",\"contentUrl\":\"https:\/\/castillodecanena.com\/wp-content\/uploads\/2021\/08\/logo_castillo-de-canena_small.webp\",\"width\":250,\"height\":174,\"caption\":\"Castillo de Canena\"},\"image\":{\"@id\":\"https:\/\/www.castillodecanena.com\/pl\/#\/schema\/logo\/image\/\"},\"sameAs\":[\"https:\/\/www.facebook.com\/Castillo.de.Canena\",\"https:\/\/x.com\/CastillodCanena\",\"https:\/\/www.instagram.com\/castillodecanena\/\",\"https:\/\/www.linkedin.com\/company\/castillo-de-canena-olive-juice\",\"https:\/\/www.pinterest.es\/castillodcanena\/\",\"https:\/\/www.youtube.com\/channel\/UCL64xPwm_9Atq2y1JxmwnxQ\",\"https:\/\/es.wikipedia.org\/wiki\/Castillo_de_Canena_(empresa)\"]}]}<\/script>\n<!-- \/ Yoast SEO plugin. -->","yoast_head_json":{"title":"R+D+i - Castillo de Canena","description":"Innowacja jest narz\u0119dziem wyr\u00f3\u017cniaj\u0105cym nas w\u015br\u00f3d innych i kt\u00f3re pozwala nam osi\u0105gn\u0105\u0107 doskona\u0142o\u015b\u0107. Poznaj nasze projekty B+R+I dotycz\u0105ce oliwy z oliwek.","robots":{"index":"index","follow":"follow","max-snippet":"max-snippet:-1","max-image-preview":"max-image-preview:large","max-video-preview":"max-video-preview:-1"},"canonical":"https:\/\/www.castillodecanena.com\/pl\/bri\/","og_locale":"pl_PL","og_type":"article","og_title":"R+D+i - Castillo de Canena","og_description":"Innowacja jest narz\u0119dziem wyr\u00f3\u017cniaj\u0105cym nas w\u015br\u00f3d innych i kt\u00f3re pozwala nam osi\u0105gn\u0105\u0107 doskona\u0142o\u015b\u0107. Poznaj nasze projekty B+R+I dotycz\u0105ce oliwy z oliwek.","og_url":"https:\/\/www.castillodecanena.com\/pl\/bri\/","og_site_name":"Castillo de Canena","article_publisher":"https:\/\/www.facebook.com\/Castillo.de.Canena","article_modified_time":"2022-12-15T15:16:08+00:00","og_image":[{"width":1000,"height":676,"url":"https:\/\/www.castillodecanena.com\/wp-content\/uploads\/2022\/12\/idi.jpg","type":"image\/jpeg"}],"twitter_card":"summary_large_image","twitter_site":"@CastillodCanena","schema":{"@context":"https:\/\/schema.org","@graph":[{"@type":"WebPage","@id":"https:\/\/www.castillodecanena.com\/pl\/bri\/","url":"https:\/\/www.castillodecanena.com\/pl\/bri\/","name":"R+D+i - Castillo de Canena","isPartOf":{"@id":"https:\/\/www.castillodecanena.com\/pl\/#website"},"primaryImageOfPage":{"@id":"https:\/\/www.castillodecanena.com\/pl\/bri\/#primaryimage"},"image":{"@id":"https:\/\/www.castillodecanena.com\/pl\/bri\/#primaryimage"},"thumbnailUrl":"https:\/\/www.castillodecanena.com\/wp-content\/uploads\/2022\/12\/idi.jpg","datePublished":"2021-10-27T16:10:52+00:00","dateModified":"2022-12-15T15:16:08+00:00","description":"Innowacja jest narz\u0119dziem wyr\u00f3\u017cniaj\u0105cym nas w\u015br\u00f3d innych i kt\u00f3re pozwala nam osi\u0105gn\u0105\u0107 doskona\u0142o\u015b\u0107. Poznaj nasze projekty B+R+I dotycz\u0105ce oliwy z oliwek.","breadcrumb":{"@id":"https:\/\/www.castillodecanena.com\/pl\/bri\/#breadcrumb"},"inLanguage":"pl-PL","potentialAction":[{"@type":"ReadAction","target":["https:\/\/www.castillodecanena.com\/pl\/bri\/"]}]},{"@type":"ImageObject","inLanguage":"pl-PL","@id":"https:\/\/www.castillodecanena.com\/pl\/bri\/#primaryimage","url":"https:\/\/www.castillodecanena.com\/wp-content\/uploads\/2022\/12\/idi.jpg","contentUrl":"https:\/\/www.castillodecanena.com\/wp-content\/uploads\/2022\/12\/idi.jpg","width":1000,"height":676,"caption":"Castillo de Canena"},{"@type":"BreadcrumbList","@id":"https:\/\/www.castillodecanena.com\/pl\/bri\/#breadcrumb","itemListElement":[{"@type":"ListItem","position":1,"name":"Home","item":"https:\/\/www.castillodecanena.com\/pl\/"},{"@type":"ListItem","position":2,"name":"B+R+I"}]},{"@type":"WebSite","@id":"https:\/\/www.castillodecanena.com\/pl\/#website","url":"https:\/\/www.castillodecanena.com\/pl\/","name":"Castillo de Canena","description":"Aceites de Oliva virgen extra Premium","publisher":{"@id":"https:\/\/www.castillodecanena.com\/pl\/#organization"},"potentialAction":[{"@type":"SearchAction","target":{"@type":"EntryPoint","urlTemplate":"https:\/\/www.castillodecanena.com\/pl\/?s={search_term_string}"},"query-input":{"@type":"PropertyValueSpecification","valueRequired":true,"valueName":"search_term_string"}}],"inLanguage":"pl-PL"},{"@type":"Organization","@id":"https:\/\/www.castillodecanena.com\/pl\/#organization","name":"Castillo de Canena","url":"https:\/\/www.castillodecanena.com\/pl\/","logo":{"@type":"ImageObject","inLanguage":"pl-PL","@id":"https:\/\/www.castillodecanena.com\/pl\/#\/schema\/logo\/image\/","url":"https:\/\/castillodecanena.com\/wp-content\/uploads\/2021\/08\/logo_castillo-de-canena_small.webp","contentUrl":"https:\/\/castillodecanena.com\/wp-content\/uploads\/2021\/08\/logo_castillo-de-canena_small.webp","width":250,"height":174,"caption":"Castillo de Canena"},"image":{"@id":"https:\/\/www.castillodecanena.com\/pl\/#\/schema\/logo\/image\/"},"sameAs":["https:\/\/www.facebook.com\/Castillo.de.Canena","https:\/\/x.com\/CastillodCanena","https:\/\/www.instagram.com\/castillodecanena\/","https:\/\/www.linkedin.com\/company\/castillo-de-canena-olive-juice","https:\/\/www.pinterest.es\/castillodcanena\/","https:\/\/www.youtube.com\/channel\/UCL64xPwm_9Atq2y1JxmwnxQ","https:\/\/es.wikipedia.org\/wiki\/Castillo_de_Canena_(empresa)"]}]}},"_links":{"self":[{"href":"https:\/\/www.castillodecanena.com\/pl\/wp-json\/wp\/v2\/pages\/36392","targetHints":{"allow":["GET"]}}],"collection":[{"href":"https:\/\/www.castillodecanena.com\/pl\/wp-json\/wp\/v2\/pages"}],"about":[{"href":"https:\/\/www.castillodecanena.com\/pl\/wp-json\/wp\/v2\/types\/page"}],"author":[{"embeddable":true,"href":"https:\/\/www.castillodecanena.com\/pl\/wp-json\/wp\/v2\/users\/2"}],"replies":[{"embeddable":true,"href":"https:\/\/www.castillodecanena.com\/pl\/wp-json\/wp\/v2\/comments?post=36392"}],"version-history":[{"count":0,"href":"https:\/\/www.castillodecanena.com\/pl\/wp-json\/wp\/v2\/pages\/36392\/revisions"}],"wp:featuredmedia":[{"embeddable":true,"href":"https:\/\/www.castillodecanena.com\/pl\/wp-json\/wp\/v2\/media\/45651"}],"wp:attachment":[{"href":"https:\/\/www.castillodecanena.com\/pl\/wp-json\/wp\/v2\/media?parent=36392"}],"curies":[{"name":"wp","href":"https:\/\/api.w.org\/{rel}","templated":true}]}}