{"id":36627,"date":"2021-11-04T08:59:58","date_gmt":"2021-11-04T08:59:58","guid":{"rendered":"https:\/\/dev-castillo-de-canena.pantheonsite.io\/aviso-legal\/"},"modified":"2022-07-27T08:25:31","modified_gmt":"2022-07-27T08:25:31","slug":"ostrzezenie-prawne","status":"publish","type":"page","link":"https:\/\/www.castillodecanena.com\/pl\/ostrzezenie-prawne\/","title":{"rendered":"Ostrze\u017cenie prawne"},"content":{"rendered":"<p>[vc_row][vc_column][vc_column_text]Zgodnie z przepisami Og\u00f3lnego Rozporz\u0105dzenia o Ochronie Danych 2016\/679 (RGPD) oraz Ustawy Organicznej 3\/2018 z dnia 5 grudnia o ochronie danych osobowych i gwarancji praw cyfrowych informujemy, \u017ce b\u0119dziemy traktowa\u0107 Twoje dane osobowe w celu:<\/p>\n<p>Wysy\u0142anie mailing\u00f3w (newsletter informacyjny), a tak\u017ce utrzymywanie kontaktu z u\u017cytkownikami. W\u0142a\u015bciciel mo\u017ce wykorzysta\u0107 podane dane do przesy\u0142ania informacji handlowych, kt\u00f3re uzna za interesuj\u0105ce dla w\u0142a\u015bcicieli danych, w zwi\u0105zku ze \u015bwiadczonymi us\u0142ugami. W\u0142a\u015bciciel zobowi\u0105zuje si\u0119 do przestrzegania obowi\u0105zku zachowania tajemnicy wynikaj\u0105cego z obowi\u0105zuj\u0105cych przepis\u00f3w dotycz\u0105cych zawartych danych.<\/p>\n<p>Podane dane osobowe b\u0119d\u0105 przechowywane tak d\u0142ugo, jak utrzymywany jest stosunek handlowy, ich usuni\u0119cie nie jest wymagane przez zainteresowan\u0105 stron\u0119 lub przez rok od ostatniego potwierdzenia zainteresowania lub przez czas niezb\u0119dny do wype\u0142nienia obowi\u0105zk\u00f3w prawnych. Firma NIE podejmie automatycznych decyzji. Dane nie b\u0119d\u0105 przekazywane podmiotom trzecim za wyj\u0105tkiem przypadk\u00f3w, w kt\u00f3rych istnieje obowi\u0105zek prawny i b\u0119dziemy je traktowa\u0107 na podstawie Twojej zgody lub realizacji umowy.<\/p>\n<p>Informujemy r\u00f3wnie\u017c o mo\u017cliwo\u015bci skorzystania z nast\u0119puj\u0105cych praw w odniesieniu do Twoich danych osobowych: prawo dost\u0119pu, sprostowania, usuni\u0119cia lub zapomnienia, ograniczenia, sprzeciwu, przenoszenia oraz wycofania udzielonej zgody, w tym celu mo\u017cesz wys\u0142a\u0107 e-mail na adres: dpd @kastillodecanena.com<\/p>\n<p>Ponadto zainteresowana strona mo\u017ce skontaktowa\u0107 si\u0119 z w\u0142a\u015bciwym Organem Kontroli Ochrony Danych w celu uzyskania dodatkowych informacji lub wniesienia roszczenia.<\/p>\n<p>Dane identyfikacyjne osoby odpowiedzialnej:<\/p>\n<p>SOK Z OLIWEK CASTILLO DE CANENA SL, B23514623, C\/ REMEDIOS, 4 \u2013 23420 \u2013 CANENA \u2013 JAEN, 953770101<\/p>\n<p>Inspektor ochrony danych: M\u00aa Eugenia Rasc\u00f3n Mart\u00ednez, C\/ Cipriano Alhambra, 18, biuro 15, 23440 Baeza (Ja\u00e9n).[\/vc_column_text][\/vc_column][\/vc_row]<\/p>\n","protected":false},"excerpt":{"rendered":"<p>[vc_row][vc_column][vc_column_text]Zgodnie z przepisami Og\u00f3lnego Rozporz\u0105dzenia o Ochronie Danych 2016\/679 (RGPD) oraz Ustawy Organicznej 3\/2018 z dnia 5 grudnia o ochronie danych osobowych i gwarancji praw cyfrowych informujemy, \u017ce b\u0119dziemy traktowa\u0107 [&hellip;]<\/p>\n","protected":false},"author":2,"featured_media":0,"parent":0,"menu_order":0,"comment_status":"closed","ping_status":"closed","template":"","meta":{"_acf_changed":false,"wprm-recipe-roundup-name":"","wprm-recipe-roundup-description":"","footnotes":""},"class_list":["post-36627","page","type-page","status-publish","hentry"],"acf":[],"yoast_head":"<!-- This site is optimized with the Yoast SEO plugin v25.6 - https:\/\/yoast.com\/wordpress\/plugins\/seo\/ -->\n<title>Ostrze\u017cenie prawne - Castillo de Canena<\/title>\n<meta name=\"robots\" content=\"index, follow, max-snippet:-1, max-image-preview:large, max-video-preview:-1\" \/>\n<link rel=\"canonical\" href=\"https:\/\/www.castillodecanena.com\/pl\/ostrzezenie-prawne\/\" \/>\n<meta property=\"og:locale\" content=\"pl_PL\" \/>\n<meta property=\"og:type\" content=\"article\" \/>\n<meta property=\"og:title\" content=\"Ostrze\u017cenie prawne - Castillo de Canena\" \/>\n<meta property=\"og:description\" content=\"[vc_row][vc_column][vc_column_text]Zgodnie z przepisami Og\u00f3lnego Rozporz\u0105dzenia o Ochronie Danych 2016\/679 (RGPD) oraz Ustawy Organicznej 3\/2018 z dnia 5 grudnia o ochronie danych osobowych i gwarancji praw cyfrowych informujemy, \u017ce b\u0119dziemy traktowa\u0107 [&hellip;]\" \/>\n<meta property=\"og:url\" content=\"https:\/\/www.castillodecanena.com\/pl\/ostrzezenie-prawne\/\" \/>\n<meta property=\"og:site_name\" content=\"Castillo de Canena\" \/>\n<meta property=\"article:publisher\" content=\"https:\/\/www.facebook.com\/Castillo.de.Canena\" \/>\n<meta property=\"article:modified_time\" content=\"2022-07-27T08:25:31+00:00\" \/>\n<meta name=\"twitter:card\" content=\"summary_large_image\" \/>\n<meta name=\"twitter:site\" content=\"@CastillodCanena\" \/>\n<script type=\"application\/ld+json\" class=\"yoast-schema-graph\">{\"@context\":\"https:\/\/schema.org\",\"@graph\":[{\"@type\":\"WebPage\",\"@id\":\"https:\/\/www.castillodecanena.com\/pl\/ostrzezenie-prawne\/\",\"url\":\"https:\/\/www.castillodecanena.com\/pl\/ostrzezenie-prawne\/\",\"name\":\"Ostrze\u017cenie prawne - Castillo de Canena\",\"isPartOf\":{\"@id\":\"https:\/\/www.castillodecanena.com\/pl\/#website\"},\"datePublished\":\"2021-11-04T08:59:58+00:00\",\"dateModified\":\"2022-07-27T08:25:31+00:00\",\"breadcrumb\":{\"@id\":\"https:\/\/www.castillodecanena.com\/pl\/ostrzezenie-prawne\/#breadcrumb\"},\"inLanguage\":\"pl-PL\",\"potentialAction\":[{\"@type\":\"ReadAction\",\"target\":[\"https:\/\/www.castillodecanena.com\/pl\/ostrzezenie-prawne\/\"]}]},{\"@type\":\"BreadcrumbList\",\"@id\":\"https:\/\/www.castillodecanena.com\/pl\/ostrzezenie-prawne\/#breadcrumb\",\"itemListElement\":[{\"@type\":\"ListItem\",\"position\":1,\"name\":\"Home\",\"item\":\"https:\/\/www.castillodecanena.com\/pl\/\"},{\"@type\":\"ListItem\",\"position\":2,\"name\":\"Ostrze\u017cenie prawne\"}]},{\"@type\":\"WebSite\",\"@id\":\"https:\/\/www.castillodecanena.com\/pl\/#website\",\"url\":\"https:\/\/www.castillodecanena.com\/pl\/\",\"name\":\"Castillo de Canena\",\"description\":\"Aceites de Oliva virgen extra Premium\",\"publisher\":{\"@id\":\"https:\/\/www.castillodecanena.com\/pl\/#organization\"},\"potentialAction\":[{\"@type\":\"SearchAction\",\"target\":{\"@type\":\"EntryPoint\",\"urlTemplate\":\"https:\/\/www.castillodecanena.com\/pl\/?s={search_term_string}\"},\"query-input\":{\"@type\":\"PropertyValueSpecification\",\"valueRequired\":true,\"valueName\":\"search_term_string\"}}],\"inLanguage\":\"pl-PL\"},{\"@type\":\"Organization\",\"@id\":\"https:\/\/www.castillodecanena.com\/pl\/#organization\",\"name\":\"Castillo de Canena\",\"url\":\"https:\/\/www.castillodecanena.com\/pl\/\",\"logo\":{\"@type\":\"ImageObject\",\"inLanguage\":\"pl-PL\",\"@id\":\"https:\/\/www.castillodecanena.com\/pl\/#\/schema\/logo\/image\/\",\"url\":\"https:\/\/castillodecanena.com\/wp-content\/uploads\/2021\/08\/logo_castillo-de-canena_small.webp\",\"contentUrl\":\"https:\/\/castillodecanena.com\/wp-content\/uploads\/2021\/08\/logo_castillo-de-canena_small.webp\",\"width\":250,\"height\":174,\"caption\":\"Castillo de Canena\"},\"image\":{\"@id\":\"https:\/\/www.castillodecanena.com\/pl\/#\/schema\/logo\/image\/\"},\"sameAs\":[\"https:\/\/www.facebook.com\/Castillo.de.Canena\",\"https:\/\/x.com\/CastillodCanena\",\"https:\/\/www.instagram.com\/castillodecanena\/\",\"https:\/\/www.linkedin.com\/company\/castillo-de-canena-olive-juice\",\"https:\/\/www.pinterest.es\/castillodcanena\/\",\"https:\/\/www.youtube.com\/channel\/UCL64xPwm_9Atq2y1JxmwnxQ\",\"https:\/\/es.wikipedia.org\/wiki\/Castillo_de_Canena_(empresa)\"]}]}<\/script>\n<!-- \/ Yoast SEO plugin. -->","yoast_head_json":{"title":"Ostrze\u017cenie prawne - Castillo de Canena","robots":{"index":"index","follow":"follow","max-snippet":"max-snippet:-1","max-image-preview":"max-image-preview:large","max-video-preview":"max-video-preview:-1"},"canonical":"https:\/\/www.castillodecanena.com\/pl\/ostrzezenie-prawne\/","og_locale":"pl_PL","og_type":"article","og_title":"Ostrze\u017cenie prawne - Castillo de Canena","og_description":"[vc_row][vc_column][vc_column_text]Zgodnie z przepisami Og\u00f3lnego Rozporz\u0105dzenia o Ochronie Danych 2016\/679 (RGPD) oraz Ustawy Organicznej 3\/2018 z dnia 5 grudnia o ochronie danych osobowych i gwarancji praw cyfrowych informujemy, \u017ce b\u0119dziemy traktowa\u0107 [&hellip;]","og_url":"https:\/\/www.castillodecanena.com\/pl\/ostrzezenie-prawne\/","og_site_name":"Castillo de Canena","article_publisher":"https:\/\/www.facebook.com\/Castillo.de.Canena","article_modified_time":"2022-07-27T08:25:31+00:00","twitter_card":"summary_large_image","twitter_site":"@CastillodCanena","schema":{"@context":"https:\/\/schema.org","@graph":[{"@type":"WebPage","@id":"https:\/\/www.castillodecanena.com\/pl\/ostrzezenie-prawne\/","url":"https:\/\/www.castillodecanena.com\/pl\/ostrzezenie-prawne\/","name":"Ostrze\u017cenie prawne - Castillo de Canena","isPartOf":{"@id":"https:\/\/www.castillodecanena.com\/pl\/#website"},"datePublished":"2021-11-04T08:59:58+00:00","dateModified":"2022-07-27T08:25:31+00:00","breadcrumb":{"@id":"https:\/\/www.castillodecanena.com\/pl\/ostrzezenie-prawne\/#breadcrumb"},"inLanguage":"pl-PL","potentialAction":[{"@type":"ReadAction","target":["https:\/\/www.castillodecanena.com\/pl\/ostrzezenie-prawne\/"]}]},{"@type":"BreadcrumbList","@id":"https:\/\/www.castillodecanena.com\/pl\/ostrzezenie-prawne\/#breadcrumb","itemListElement":[{"@type":"ListItem","position":1,"name":"Home","item":"https:\/\/www.castillodecanena.com\/pl\/"},{"@type":"ListItem","position":2,"name":"Ostrze\u017cenie prawne"}]},{"@type":"WebSite","@id":"https:\/\/www.castillodecanena.com\/pl\/#website","url":"https:\/\/www.castillodecanena.com\/pl\/","name":"Castillo de Canena","description":"Aceites de Oliva virgen extra Premium","publisher":{"@id":"https:\/\/www.castillodecanena.com\/pl\/#organization"},"potentialAction":[{"@type":"SearchAction","target":{"@type":"EntryPoint","urlTemplate":"https:\/\/www.castillodecanena.com\/pl\/?s={search_term_string}"},"query-input":{"@type":"PropertyValueSpecification","valueRequired":true,"valueName":"search_term_string"}}],"inLanguage":"pl-PL"},{"@type":"Organization","@id":"https:\/\/www.castillodecanena.com\/pl\/#organization","name":"Castillo de Canena","url":"https:\/\/www.castillodecanena.com\/pl\/","logo":{"@type":"ImageObject","inLanguage":"pl-PL","@id":"https:\/\/www.castillodecanena.com\/pl\/#\/schema\/logo\/image\/","url":"https:\/\/castillodecanena.com\/wp-content\/uploads\/2021\/08\/logo_castillo-de-canena_small.webp","contentUrl":"https:\/\/castillodecanena.com\/wp-content\/uploads\/2021\/08\/logo_castillo-de-canena_small.webp","width":250,"height":174,"caption":"Castillo de Canena"},"image":{"@id":"https:\/\/www.castillodecanena.com\/pl\/#\/schema\/logo\/image\/"},"sameAs":["https:\/\/www.facebook.com\/Castillo.de.Canena","https:\/\/x.com\/CastillodCanena","https:\/\/www.instagram.com\/castillodecanena\/","https:\/\/www.linkedin.com\/company\/castillo-de-canena-olive-juice","https:\/\/www.pinterest.es\/castillodcanena\/","https:\/\/www.youtube.com\/channel\/UCL64xPwm_9Atq2y1JxmwnxQ","https:\/\/es.wikipedia.org\/wiki\/Castillo_de_Canena_(empresa)"]}]}},"_links":{"self":[{"href":"https:\/\/www.castillodecanena.com\/pl\/wp-json\/wp\/v2\/pages\/36627","targetHints":{"allow":["GET"]}}],"collection":[{"href":"https:\/\/www.castillodecanena.com\/pl\/wp-json\/wp\/v2\/pages"}],"about":[{"href":"https:\/\/www.castillodecanena.com\/pl\/wp-json\/wp\/v2\/types\/page"}],"author":[{"embeddable":true,"href":"https:\/\/www.castillodecanena.com\/pl\/wp-json\/wp\/v2\/users\/2"}],"replies":[{"embeddable":true,"href":"https:\/\/www.castillodecanena.com\/pl\/wp-json\/wp\/v2\/comments?post=36627"}],"version-history":[{"count":0,"href":"https:\/\/www.castillodecanena.com\/pl\/wp-json\/wp\/v2\/pages\/36627\/revisions"}],"wp:attachment":[{"href":"https:\/\/www.castillodecanena.com\/pl\/wp-json\/wp\/v2\/media?parent=36627"}],"curies":[{"name":"wp","href":"https:\/\/api.w.org\/{rel}","templated":true}]}}