{"id":28766,"date":"2022-04-11T22:00:28","date_gmt":"2022-04-11T22:00:28","guid":{"rendered":"https:\/\/dev-castillo-de-canena.pantheonsite.io\/producto\/oliwa-z-oliwek-z-rezerwy-rodzinnej-odmiany-arbequina\/"},"modified":"2023-11-27T00:00:10","modified_gmt":"2023-11-27T00:00:10","slug":"oliwa-z-oliwek-z-rezerwy-rodzinnej-odmiany-arbequina","status":"publish","type":"product","link":"https:\/\/www.castillodecanena.com\/pl\/producto\/oliwa-z-oliwek-z-rezerwy-rodzinnej-odmiany-arbequina\/","title":{"rendered":"Oliwa z oliwek z rezerwy rodzinnej odmiany Arbequina"},"content":{"rendered":"<p>Oliwa z oliwek z pierwszego t\u0142oczenia Reserva Familiar Arbequina jest, obok oliwy Reserva Familiar Picual, symbolem marki Castillo de Canena.<\/p>\n<p>Jej zielony kolor o z\u0142ocistych tonach jest wynikiem <strong>wczesnego zbioru owoc\u00f3w, gdy oliwka jest jeszcze zielona, w celu uzyskania oliwy o bardzo wysokiej jako\u015bci.<\/strong><\/p>\n<p>Przez pokolenia to, co najlepsze ze zbior\u00f3w ka\u017cdej z odmian (Picual i Arbequina) zarezerwowane by\u0142o wy\u0142\u0105cznie dla naszej rodziny. Dzi\u015b pragniemy si\u0119 podzieli\u0107 naszymi najlepszymi oliwkami <strong>odmiany Arbequina<\/strong>, oferuj\u0105c oliw\u0119 z oliwek z pierwszego t\u0142oczenia o niewiarygodnie zr\u00f3wnowa\u017conym i harmonijnym smaku.<\/p>\n","protected":false},"excerpt":{"rendered":"<p>Od pokole\u0144 jest zwyczajem, \u017ce najlepsze zbiory ka\u017cdej odmiany (arbequino i picual) pozostaj\u0105 dla domu w renomowanym Rezerwacie Rodzinnym.<\/p>\n","protected":false},"featured_media":49274,"template":"","meta":{"_acf_changed":false,"wprm-recipe-roundup-name":"","wprm-recipe-roundup-description":""},"product_cat":[3079,3087],"product_tag":[],"class_list":{"0":"post-28766","1":"product","2":"type-product","3":"status-publish","4":"has-post-thumbnail","6":"product_cat-oliwa-z-oliwek-z-pierwszego-tloczenia","7":"product_cat-rezerwa-rodzinna","9":"first","10":"instock","11":"purchasable","12":"product-type-simple"},"acf":[],"yoast_head":"<!-- This site is optimized with the Yoast SEO plugin v25.6 - https:\/\/yoast.com\/wordpress\/plugins\/seo\/ -->\n<title>Oliwa z oliwek z rezerwy rodzinnej odmiany Arbequina - Castillo de Canena<\/title>\n<meta name=\"description\" content=\"Reserva Familiar Arbequina (Oliwa z oliwek z rezerwy rodzinnej odmiany Arbequina). Oliwa z oliwek odmiany Arbequina, z zielonych oliwek, zr\u00f3wnowa\u017cona, harmonijna o migda\u0142owym posmaku.\" \/>\n<meta name=\"robots\" content=\"index, follow, max-snippet:-1, max-image-preview:large, max-video-preview:-1\" \/>\n<link rel=\"canonical\" href=\"https:\/\/www.castillodecanena.com\/pl\/producto\/oliwa-z-oliwek-z-rezerwy-rodzinnej-odmiany-arbequina\/\" \/>\n<meta property=\"og:locale\" content=\"pl_PL\" \/>\n<meta property=\"og:type\" content=\"article\" \/>\n<meta property=\"og:title\" content=\"Oliwa z oliwek z rezerwy rodzinnej odmiany Arbequina - Castillo de Canena\" \/>\n<meta property=\"og:description\" content=\"Reserva Familiar Arbequina (Oliwa z oliwek z rezerwy rodzinnej odmiany Arbequina). Oliwa z oliwek odmiany Arbequina, z zielonych oliwek, zr\u00f3wnowa\u017cona, harmonijna o migda\u0142owym posmaku.\" \/>\n<meta property=\"og:url\" content=\"https:\/\/www.castillodecanena.com\/pl\/producto\/oliwa-z-oliwek-z-rezerwy-rodzinnej-odmiany-arbequina\/\" \/>\n<meta property=\"og:site_name\" content=\"Castillo de Canena\" \/>\n<meta property=\"article:publisher\" content=\"https:\/\/www.facebook.com\/Castillo.de.Canena\" \/>\n<meta property=\"article:modified_time\" content=\"2023-11-27T00:00:10+00:00\" \/>\n<meta property=\"og:image\" content=\"https:\/\/www.castillodecanena.com\/wp-content\/uploads\/2022\/04\/reserva-familiar-arbequina-500ml.png\" \/>\n\t<meta property=\"og:image:width\" content=\"400\" \/>\n\t<meta property=\"og:image:height\" content=\"400\" \/>\n\t<meta property=\"og:image:type\" content=\"image\/png\" \/>\n<meta name=\"twitter:card\" content=\"summary_large_image\" \/>\n<meta name=\"twitter:site\" content=\"@CastillodCanena\" \/>\n<script type=\"application\/ld+json\" class=\"yoast-schema-graph\">{\"@context\":\"https:\/\/schema.org\",\"@graph\":[{\"@type\":[\"WebPage\",\"ItemPage\"],\"@id\":\"https:\/\/www.castillodecanena.com\/pl\/producto\/oliwa-z-oliwek-z-rezerwy-rodzinnej-odmiany-arbequina\/\",\"url\":\"https:\/\/www.castillodecanena.com\/pl\/producto\/oliwa-z-oliwek-z-rezerwy-rodzinnej-odmiany-arbequina\/\",\"name\":\"Oliwa z oliwek z rezerwy rodzinnej odmiany Arbequina - Castillo de Canena\",\"isPartOf\":{\"@id\":\"https:\/\/www.castillodecanena.com\/pl\/#website\"},\"primaryImageOfPage\":{\"@id\":\"https:\/\/www.castillodecanena.com\/pl\/producto\/oliwa-z-oliwek-z-rezerwy-rodzinnej-odmiany-arbequina\/#primaryimage\"},\"image\":{\"@id\":\"https:\/\/www.castillodecanena.com\/pl\/producto\/oliwa-z-oliwek-z-rezerwy-rodzinnej-odmiany-arbequina\/#primaryimage\"},\"thumbnailUrl\":\"https:\/\/www.castillodecanena.com\/wp-content\/uploads\/2023\/10\/rf-arb-500-esp-modif.jpg\",\"datePublished\":\"2022-04-11T22:00:28+00:00\",\"dateModified\":\"2023-11-27T00:00:10+00:00\",\"description\":\"Reserva Familiar Arbequina (Oliwa z oliwek z rezerwy rodzinnej odmiany Arbequina). Oliwa z oliwek odmiany Arbequina, z zielonych oliwek, zr\u00f3wnowa\u017cona, harmonijna o migda\u0142owym posmaku.\",\"breadcrumb\":{\"@id\":\"https:\/\/www.castillodecanena.com\/pl\/producto\/oliwa-z-oliwek-z-rezerwy-rodzinnej-odmiany-arbequina\/#breadcrumb\"},\"inLanguage\":\"pl-PL\",\"potentialAction\":[{\"@type\":\"ReadAction\",\"target\":[\"https:\/\/www.castillodecanena.com\/pl\/producto\/oliwa-z-oliwek-z-rezerwy-rodzinnej-odmiany-arbequina\/\"]}]},{\"@type\":\"ImageObject\",\"inLanguage\":\"pl-PL\",\"@id\":\"https:\/\/www.castillodecanena.com\/pl\/producto\/oliwa-z-oliwek-z-rezerwy-rodzinnej-odmiany-arbequina\/#primaryimage\",\"url\":\"https:\/\/www.castillodecanena.com\/wp-content\/uploads\/2023\/10\/rf-arb-500-esp-modif.jpg\",\"contentUrl\":\"https:\/\/www.castillodecanena.com\/wp-content\/uploads\/2023\/10\/rf-arb-500-esp-modif.jpg\",\"width\":1600,\"height\":1600},{\"@type\":\"BreadcrumbList\",\"@id\":\"https:\/\/www.castillodecanena.com\/pl\/producto\/oliwa-z-oliwek-z-rezerwy-rodzinnej-odmiany-arbequina\/#breadcrumb\",\"itemListElement\":[{\"@type\":\"ListItem\",\"position\":1,\"name\":\"Home\",\"item\":\"https:\/\/www.castillodecanena.com\/pl\/\"},{\"@type\":\"ListItem\",\"position\":2,\"name\":\"Tienda\",\"item\":\"https:\/\/www.castillodecanena.com\/pl\/tienda\/\"},{\"@type\":\"ListItem\",\"position\":3,\"name\":\"Oliwa z oliwek z rezerwy rodzinnej odmiany Arbequina\"}]},{\"@type\":\"WebSite\",\"@id\":\"https:\/\/www.castillodecanena.com\/pl\/#website\",\"url\":\"https:\/\/www.castillodecanena.com\/pl\/\",\"name\":\"Castillo de Canena\",\"description\":\"Aceites de Oliva virgen extra Premium\",\"publisher\":{\"@id\":\"https:\/\/www.castillodecanena.com\/pl\/#organization\"},\"potentialAction\":[{\"@type\":\"SearchAction\",\"target\":{\"@type\":\"EntryPoint\",\"urlTemplate\":\"https:\/\/www.castillodecanena.com\/pl\/?s={search_term_string}\"},\"query-input\":{\"@type\":\"PropertyValueSpecification\",\"valueRequired\":true,\"valueName\":\"search_term_string\"}}],\"inLanguage\":\"pl-PL\"},{\"@type\":\"Organization\",\"@id\":\"https:\/\/www.castillodecanena.com\/pl\/#organization\",\"name\":\"Castillo de Canena\",\"url\":\"https:\/\/www.castillodecanena.com\/pl\/\",\"logo\":{\"@type\":\"ImageObject\",\"inLanguage\":\"pl-PL\",\"@id\":\"https:\/\/www.castillodecanena.com\/pl\/#\/schema\/logo\/image\/\",\"url\":\"https:\/\/castillodecanena.com\/wp-content\/uploads\/2021\/08\/logo_castillo-de-canena_small.webp\",\"contentUrl\":\"https:\/\/castillodecanena.com\/wp-content\/uploads\/2021\/08\/logo_castillo-de-canena_small.webp\",\"width\":250,\"height\":174,\"caption\":\"Castillo de Canena\"},\"image\":{\"@id\":\"https:\/\/www.castillodecanena.com\/pl\/#\/schema\/logo\/image\/\"},\"sameAs\":[\"https:\/\/www.facebook.com\/Castillo.de.Canena\",\"https:\/\/x.com\/CastillodCanena\",\"https:\/\/www.instagram.com\/castillodecanena\/\",\"https:\/\/www.linkedin.com\/company\/castillo-de-canena-olive-juice\",\"https:\/\/www.pinterest.es\/castillodcanena\/\",\"https:\/\/www.youtube.com\/channel\/UCL64xPwm_9Atq2y1JxmwnxQ\",\"https:\/\/es.wikipedia.org\/wiki\/Castillo_de_Canena_(empresa)\"]}]}<\/script>\n<!-- \/ Yoast SEO plugin. -->","yoast_head_json":{"title":"Oliwa z oliwek z rezerwy rodzinnej odmiany Arbequina - Castillo de Canena","description":"Reserva Familiar Arbequina (Oliwa z oliwek z rezerwy rodzinnej odmiany Arbequina). Oliwa z oliwek odmiany Arbequina, z zielonych oliwek, zr\u00f3wnowa\u017cona, harmonijna o migda\u0142owym posmaku.","robots":{"index":"index","follow":"follow","max-snippet":"max-snippet:-1","max-image-preview":"max-image-preview:large","max-video-preview":"max-video-preview:-1"},"canonical":"https:\/\/www.castillodecanena.com\/pl\/producto\/oliwa-z-oliwek-z-rezerwy-rodzinnej-odmiany-arbequina\/","og_locale":"pl_PL","og_type":"article","og_title":"Oliwa z oliwek z rezerwy rodzinnej odmiany Arbequina - Castillo de Canena","og_description":"Reserva Familiar Arbequina (Oliwa z oliwek z rezerwy rodzinnej odmiany Arbequina). Oliwa z oliwek odmiany Arbequina, z zielonych oliwek, zr\u00f3wnowa\u017cona, harmonijna o migda\u0142owym posmaku.","og_url":"https:\/\/www.castillodecanena.com\/pl\/producto\/oliwa-z-oliwek-z-rezerwy-rodzinnej-odmiany-arbequina\/","og_site_name":"Castillo de Canena","article_publisher":"https:\/\/www.facebook.com\/Castillo.de.Canena","article_modified_time":"2023-11-27T00:00:10+00:00","og_image":[{"width":400,"height":400,"url":"https:\/\/www.castillodecanena.com\/wp-content\/uploads\/2022\/04\/reserva-familiar-arbequina-500ml.png","type":"image\/png"}],"twitter_card":"summary_large_image","twitter_site":"@CastillodCanena","schema":{"@context":"https:\/\/schema.org","@graph":[{"@type":["WebPage","ItemPage"],"@id":"https:\/\/www.castillodecanena.com\/pl\/producto\/oliwa-z-oliwek-z-rezerwy-rodzinnej-odmiany-arbequina\/","url":"https:\/\/www.castillodecanena.com\/pl\/producto\/oliwa-z-oliwek-z-rezerwy-rodzinnej-odmiany-arbequina\/","name":"Oliwa z oliwek z rezerwy rodzinnej odmiany Arbequina - Castillo de Canena","isPartOf":{"@id":"https:\/\/www.castillodecanena.com\/pl\/#website"},"primaryImageOfPage":{"@id":"https:\/\/www.castillodecanena.com\/pl\/producto\/oliwa-z-oliwek-z-rezerwy-rodzinnej-odmiany-arbequina\/#primaryimage"},"image":{"@id":"https:\/\/www.castillodecanena.com\/pl\/producto\/oliwa-z-oliwek-z-rezerwy-rodzinnej-odmiany-arbequina\/#primaryimage"},"thumbnailUrl":"https:\/\/www.castillodecanena.com\/wp-content\/uploads\/2023\/10\/rf-arb-500-esp-modif.jpg","datePublished":"2022-04-11T22:00:28+00:00","dateModified":"2023-11-27T00:00:10+00:00","description":"Reserva Familiar Arbequina (Oliwa z oliwek z rezerwy rodzinnej odmiany Arbequina). Oliwa z oliwek odmiany Arbequina, z zielonych oliwek, zr\u00f3wnowa\u017cona, harmonijna o migda\u0142owym posmaku.","breadcrumb":{"@id":"https:\/\/www.castillodecanena.com\/pl\/producto\/oliwa-z-oliwek-z-rezerwy-rodzinnej-odmiany-arbequina\/#breadcrumb"},"inLanguage":"pl-PL","potentialAction":[{"@type":"ReadAction","target":["https:\/\/www.castillodecanena.com\/pl\/producto\/oliwa-z-oliwek-z-rezerwy-rodzinnej-odmiany-arbequina\/"]}]},{"@type":"ImageObject","inLanguage":"pl-PL","@id":"https:\/\/www.castillodecanena.com\/pl\/producto\/oliwa-z-oliwek-z-rezerwy-rodzinnej-odmiany-arbequina\/#primaryimage","url":"https:\/\/www.castillodecanena.com\/wp-content\/uploads\/2023\/10\/rf-arb-500-esp-modif.jpg","contentUrl":"https:\/\/www.castillodecanena.com\/wp-content\/uploads\/2023\/10\/rf-arb-500-esp-modif.jpg","width":1600,"height":1600},{"@type":"BreadcrumbList","@id":"https:\/\/www.castillodecanena.com\/pl\/producto\/oliwa-z-oliwek-z-rezerwy-rodzinnej-odmiany-arbequina\/#breadcrumb","itemListElement":[{"@type":"ListItem","position":1,"name":"Home","item":"https:\/\/www.castillodecanena.com\/pl\/"},{"@type":"ListItem","position":2,"name":"Tienda","item":"https:\/\/www.castillodecanena.com\/pl\/tienda\/"},{"@type":"ListItem","position":3,"name":"Oliwa z oliwek z rezerwy rodzinnej odmiany Arbequina"}]},{"@type":"WebSite","@id":"https:\/\/www.castillodecanena.com\/pl\/#website","url":"https:\/\/www.castillodecanena.com\/pl\/","name":"Castillo de Canena","description":"Aceites de Oliva virgen extra Premium","publisher":{"@id":"https:\/\/www.castillodecanena.com\/pl\/#organization"},"potentialAction":[{"@type":"SearchAction","target":{"@type":"EntryPoint","urlTemplate":"https:\/\/www.castillodecanena.com\/pl\/?s={search_term_string}"},"query-input":{"@type":"PropertyValueSpecification","valueRequired":true,"valueName":"search_term_string"}}],"inLanguage":"pl-PL"},{"@type":"Organization","@id":"https:\/\/www.castillodecanena.com\/pl\/#organization","name":"Castillo de Canena","url":"https:\/\/www.castillodecanena.com\/pl\/","logo":{"@type":"ImageObject","inLanguage":"pl-PL","@id":"https:\/\/www.castillodecanena.com\/pl\/#\/schema\/logo\/image\/","url":"https:\/\/castillodecanena.com\/wp-content\/uploads\/2021\/08\/logo_castillo-de-canena_small.webp","contentUrl":"https:\/\/castillodecanena.com\/wp-content\/uploads\/2021\/08\/logo_castillo-de-canena_small.webp","width":250,"height":174,"caption":"Castillo de Canena"},"image":{"@id":"https:\/\/www.castillodecanena.com\/pl\/#\/schema\/logo\/image\/"},"sameAs":["https:\/\/www.facebook.com\/Castillo.de.Canena","https:\/\/x.com\/CastillodCanena","https:\/\/www.instagram.com\/castillodecanena\/","https:\/\/www.linkedin.com\/company\/castillo-de-canena-olive-juice","https:\/\/www.pinterest.es\/castillodcanena\/","https:\/\/www.youtube.com\/channel\/UCL64xPwm_9Atq2y1JxmwnxQ","https:\/\/es.wikipedia.org\/wiki\/Castillo_de_Canena_(empresa)"]}]}},"_links":{"self":[{"href":"https:\/\/www.castillodecanena.com\/pl\/wp-json\/wp\/v2\/product\/28766","targetHints":{"allow":["GET"]}}],"collection":[{"href":"https:\/\/www.castillodecanena.com\/pl\/wp-json\/wp\/v2\/product"}],"about":[{"href":"https:\/\/www.castillodecanena.com\/pl\/wp-json\/wp\/v2\/types\/product"}],"wp:featuredmedia":[{"embeddable":true,"href":"https:\/\/www.castillodecanena.com\/pl\/wp-json\/wp\/v2\/media\/49274"}],"wp:attachment":[{"href":"https:\/\/www.castillodecanena.com\/pl\/wp-json\/wp\/v2\/media?parent=28766"}],"wp:term":[{"taxonomy":"product_cat","embeddable":true,"href":"https:\/\/www.castillodecanena.com\/pl\/wp-json\/wp\/v2\/product_cat?post=28766"},{"taxonomy":"product_tag","embeddable":true,"href":"https:\/\/www.castillodecanena.com\/pl\/wp-json\/wp\/v2\/product_tag?post=28766"}],"curies":[{"name":"wp","href":"https:\/\/api.w.org\/{rel}","templated":true}]}}