{"id":28768,"date":"2022-04-11T22:00:28","date_gmt":"2022-04-11T22:00:28","guid":{"rendered":"https:\/\/dev-castillo-de-canena.pantheonsite.io\/producto\/oliwa-z-oliwek-z-pierwszego-dnia-zbiorow-odmiany-arbequina\/"},"modified":"2023-11-27T00:00:10","modified_gmt":"2023-11-27T00:00:10","slug":"oliwa-z-oliwek-z-pierwszego-dnia-zbiorow-odmiany-arbequina","status":"publish","type":"product","link":"https:\/\/www.castillodecanena.com\/pl\/producto\/oliwa-z-oliwek-z-pierwszego-dnia-zbiorow-odmiany-arbequina\/","title":{"rendered":"Oliwa z oliwek z pierwszego dnia zbior\u00f3w odmiany Arbequina"},"content":{"rendered":"<p>Oliwa Primer D\u00eda de Cosecha Arbequina to <strong>ekskluzywna oliwa z oliwek z pierwszego t\u0142oczenia <\/strong>otrzymywana w ci\u0105gu pierwszych 24 godzin od rozpocz\u0119cia zbior\u00f3w.<\/p>\n<p>Idealna dla mi\u0142o\u015bnik\u00f3w intensywnych smak\u00f3w, ta <strong>oliwa z oliwek z pierwszego t\u0142oczenia jest prawdziw\u0105 eksplozj\u0105 smaku i \u015bwie\u017co\u015bci.<\/strong><\/p>\n<p>W Castillo de Canena uwielbiamy \u015bwi\u0119towa\u0107 magi\u0119 pierwszego dnia zbior\u00f3w i w nagrod\u0119 za nasze ca\u0142oroczne wysi\u0142ki, osobowo\u015b\u0107 ze \u015bwiata kultury, sportu lub sztuki \u015bwi\u0119tuje z nami pocz\u0105tek zbior\u00f3w, tworz\u0105c na t\u0119 okazj\u0119 specjaln\u0105 etykiet\u0119.<\/p>\n","protected":false},"excerpt":{"rendered":"<p>First Day of Harvest Picual and Arbequina to limitowana edycja olejku zbieranego pierwszego dnia zbior\u00f3w. Ka\u017cdego roku osoba ze \u015bwiata sztuki, nauki, spo\u0142ecze\u0144stwa&#8230; na etykiecie odciska swoj\u0105 osobliw\u0105 wizj\u0119 w tym magicznym dniu.<\/p>\n","protected":false},"featured_media":52991,"template":"","meta":{"_acf_changed":false,"wprm-recipe-roundup-name":"","wprm-recipe-roundup-description":""},"product_cat":[3079,3086],"product_tag":[],"class_list":{"0":"post-28768","1":"product","2":"type-product","3":"status-publish","4":"has-post-thumbnail","6":"product_cat-oliwa-z-oliwek-z-pierwszego-tloczenia","7":"product_cat-pierwszy-dzien-zniw","9":"first","10":"instock","11":"purchasable","12":"product-type-simple"},"acf":[],"yoast_head":"<!-- This site is optimized with the Yoast SEO plugin v25.6 - https:\/\/yoast.com\/wordpress\/plugins\/seo\/ -->\n<title>Oliwa z oliwek z pierwszego dnia zbior\u00f3w odmiany Arbequina - Castillo de Canena<\/title>\n<meta name=\"description\" content=\"Ekskluzywna oliwa AOVE otrzymana w ci\u0105gu pierwszych 24 godzin od rozpocz\u0119cia zbior\u00f3w. Idealna dla mi\u0142o\u015bnik\u00f3w intensywnej oliwy z oliwek.\" \/>\n<meta name=\"robots\" content=\"index, follow, max-snippet:-1, max-image-preview:large, max-video-preview:-1\" \/>\n<link rel=\"canonical\" href=\"https:\/\/www.castillodecanena.com\/pl\/producto\/oliwa-z-oliwek-z-pierwszego-dnia-zbiorow-odmiany-arbequina\/\" \/>\n<meta property=\"og:locale\" content=\"pl_PL\" \/>\n<meta property=\"og:type\" content=\"article\" \/>\n<meta property=\"og:title\" content=\"Oliwa z oliwek z pierwszego dnia zbior\u00f3w odmiany Arbequina - Castillo de Canena\" \/>\n<meta property=\"og:description\" content=\"Ekskluzywna oliwa AOVE otrzymana w ci\u0105gu pierwszych 24 godzin od rozpocz\u0119cia zbior\u00f3w. Idealna dla mi\u0142o\u015bnik\u00f3w intensywnej oliwy z oliwek.\" \/>\n<meta property=\"og:url\" content=\"https:\/\/www.castillodecanena.com\/pl\/producto\/oliwa-z-oliwek-z-pierwszego-dnia-zbiorow-odmiany-arbequina\/\" \/>\n<meta property=\"og:site_name\" content=\"Castillo de Canena\" \/>\n<meta property=\"article:publisher\" content=\"https:\/\/www.facebook.com\/Castillo.de.Canena\" \/>\n<meta property=\"article:modified_time\" content=\"2023-11-27T00:00:10+00:00\" \/>\n<meta property=\"og:image\" content=\"https:\/\/www.castillodecanena.com\/wp-content\/uploads\/2022\/04\/PDC_ARBEQUINA_2022_Mesa-de-trabajo-1.jpg\" \/>\n\t<meta property=\"og:image:width\" content=\"2084\" \/>\n\t<meta property=\"og:image:height\" content=\"2084\" \/>\n\t<meta property=\"og:image:type\" content=\"image\/jpeg\" \/>\n<meta name=\"twitter:card\" content=\"summary_large_image\" \/>\n<meta name=\"twitter:site\" content=\"@CastillodCanena\" \/>\n<script type=\"application\/ld+json\" class=\"yoast-schema-graph\">{\"@context\":\"https:\/\/schema.org\",\"@graph\":[{\"@type\":[\"WebPage\",\"ItemPage\"],\"@id\":\"https:\/\/www.castillodecanena.com\/pl\/producto\/oliwa-z-oliwek-z-pierwszego-dnia-zbiorow-odmiany-arbequina\/\",\"url\":\"https:\/\/www.castillodecanena.com\/pl\/producto\/oliwa-z-oliwek-z-pierwszego-dnia-zbiorow-odmiany-arbequina\/\",\"name\":\"Oliwa z oliwek z pierwszego dnia zbior\u00f3w odmiany Arbequina - Castillo de Canena\",\"isPartOf\":{\"@id\":\"https:\/\/www.castillodecanena.com\/pl\/#website\"},\"primaryImageOfPage\":{\"@id\":\"https:\/\/www.castillodecanena.com\/pl\/producto\/oliwa-z-oliwek-z-pierwszego-dnia-zbiorow-odmiany-arbequina\/#primaryimage\"},\"image\":{\"@id\":\"https:\/\/www.castillodecanena.com\/pl\/producto\/oliwa-z-oliwek-z-pierwszego-dnia-zbiorow-odmiany-arbequina\/#primaryimage\"},\"thumbnailUrl\":\"https:\/\/www.castillodecanena.com\/wp-content\/uploads\/2022\/04\/PD_Arb_500ml_MONEO_ESP-1-1-2.jpg\",\"datePublished\":\"2022-04-11T22:00:28+00:00\",\"dateModified\":\"2023-11-27T00:00:10+00:00\",\"description\":\"Ekskluzywna oliwa AOVE otrzymana w ci\u0105gu pierwszych 24 godzin od rozpocz\u0119cia zbior\u00f3w. Idealna dla mi\u0142o\u015bnik\u00f3w intensywnej oliwy z oliwek.\",\"breadcrumb\":{\"@id\":\"https:\/\/www.castillodecanena.com\/pl\/producto\/oliwa-z-oliwek-z-pierwszego-dnia-zbiorow-odmiany-arbequina\/#breadcrumb\"},\"inLanguage\":\"pl-PL\",\"potentialAction\":[{\"@type\":\"ReadAction\",\"target\":[\"https:\/\/www.castillodecanena.com\/pl\/producto\/oliwa-z-oliwek-z-pierwszego-dnia-zbiorow-odmiany-arbequina\/\"]}]},{\"@type\":\"ImageObject\",\"inLanguage\":\"pl-PL\",\"@id\":\"https:\/\/www.castillodecanena.com\/pl\/producto\/oliwa-z-oliwek-z-pierwszego-dnia-zbiorow-odmiany-arbequina\/#primaryimage\",\"url\":\"https:\/\/www.castillodecanena.com\/wp-content\/uploads\/2022\/04\/PD_Arb_500ml_MONEO_ESP-1-1-2.jpg\",\"contentUrl\":\"https:\/\/www.castillodecanena.com\/wp-content\/uploads\/2022\/04\/PD_Arb_500ml_MONEO_ESP-1-1-2.jpg\",\"width\":2384,\"height\":2544},{\"@type\":\"BreadcrumbList\",\"@id\":\"https:\/\/www.castillodecanena.com\/pl\/producto\/oliwa-z-oliwek-z-pierwszego-dnia-zbiorow-odmiany-arbequina\/#breadcrumb\",\"itemListElement\":[{\"@type\":\"ListItem\",\"position\":1,\"name\":\"Home\",\"item\":\"https:\/\/www.castillodecanena.com\/pl\/\"},{\"@type\":\"ListItem\",\"position\":2,\"name\":\"Tienda\",\"item\":\"https:\/\/www.castillodecanena.com\/pl\/tienda\/\"},{\"@type\":\"ListItem\",\"position\":3,\"name\":\"Oliwa z oliwek z pierwszego dnia zbior\u00f3w odmiany Arbequina\"}]},{\"@type\":\"WebSite\",\"@id\":\"https:\/\/www.castillodecanena.com\/pl\/#website\",\"url\":\"https:\/\/www.castillodecanena.com\/pl\/\",\"name\":\"Castillo de Canena\",\"description\":\"Aceites de Oliva virgen extra Premium\",\"publisher\":{\"@id\":\"https:\/\/www.castillodecanena.com\/pl\/#organization\"},\"potentialAction\":[{\"@type\":\"SearchAction\",\"target\":{\"@type\":\"EntryPoint\",\"urlTemplate\":\"https:\/\/www.castillodecanena.com\/pl\/?s={search_term_string}\"},\"query-input\":{\"@type\":\"PropertyValueSpecification\",\"valueRequired\":true,\"valueName\":\"search_term_string\"}}],\"inLanguage\":\"pl-PL\"},{\"@type\":\"Organization\",\"@id\":\"https:\/\/www.castillodecanena.com\/pl\/#organization\",\"name\":\"Castillo de Canena\",\"url\":\"https:\/\/www.castillodecanena.com\/pl\/\",\"logo\":{\"@type\":\"ImageObject\",\"inLanguage\":\"pl-PL\",\"@id\":\"https:\/\/www.castillodecanena.com\/pl\/#\/schema\/logo\/image\/\",\"url\":\"https:\/\/castillodecanena.com\/wp-content\/uploads\/2021\/08\/logo_castillo-de-canena_small.webp\",\"contentUrl\":\"https:\/\/castillodecanena.com\/wp-content\/uploads\/2021\/08\/logo_castillo-de-canena_small.webp\",\"width\":250,\"height\":174,\"caption\":\"Castillo de Canena\"},\"image\":{\"@id\":\"https:\/\/www.castillodecanena.com\/pl\/#\/schema\/logo\/image\/\"},\"sameAs\":[\"https:\/\/www.facebook.com\/Castillo.de.Canena\",\"https:\/\/x.com\/CastillodCanena\",\"https:\/\/www.instagram.com\/castillodecanena\/\",\"https:\/\/www.linkedin.com\/company\/castillo-de-canena-olive-juice\",\"https:\/\/www.pinterest.es\/castillodcanena\/\",\"https:\/\/www.youtube.com\/channel\/UCL64xPwm_9Atq2y1JxmwnxQ\",\"https:\/\/es.wikipedia.org\/wiki\/Castillo_de_Canena_(empresa)\"]}]}<\/script>\n<!-- \/ Yoast SEO plugin. -->","yoast_head_json":{"title":"Oliwa z oliwek z pierwszego dnia zbior\u00f3w odmiany Arbequina - Castillo de Canena","description":"Ekskluzywna oliwa AOVE otrzymana w ci\u0105gu pierwszych 24 godzin od rozpocz\u0119cia zbior\u00f3w. Idealna dla mi\u0142o\u015bnik\u00f3w intensywnej oliwy z oliwek.","robots":{"index":"index","follow":"follow","max-snippet":"max-snippet:-1","max-image-preview":"max-image-preview:large","max-video-preview":"max-video-preview:-1"},"canonical":"https:\/\/www.castillodecanena.com\/pl\/producto\/oliwa-z-oliwek-z-pierwszego-dnia-zbiorow-odmiany-arbequina\/","og_locale":"pl_PL","og_type":"article","og_title":"Oliwa z oliwek z pierwszego dnia zbior\u00f3w odmiany Arbequina - Castillo de Canena","og_description":"Ekskluzywna oliwa AOVE otrzymana w ci\u0105gu pierwszych 24 godzin od rozpocz\u0119cia zbior\u00f3w. Idealna dla mi\u0142o\u015bnik\u00f3w intensywnej oliwy z oliwek.","og_url":"https:\/\/www.castillodecanena.com\/pl\/producto\/oliwa-z-oliwek-z-pierwszego-dnia-zbiorow-odmiany-arbequina\/","og_site_name":"Castillo de Canena","article_publisher":"https:\/\/www.facebook.com\/Castillo.de.Canena","article_modified_time":"2023-11-27T00:00:10+00:00","og_image":[{"width":2084,"height":2084,"url":"https:\/\/www.castillodecanena.com\/wp-content\/uploads\/2022\/04\/PDC_ARBEQUINA_2022_Mesa-de-trabajo-1.jpg","type":"image\/jpeg"}],"twitter_card":"summary_large_image","twitter_site":"@CastillodCanena","schema":{"@context":"https:\/\/schema.org","@graph":[{"@type":["WebPage","ItemPage"],"@id":"https:\/\/www.castillodecanena.com\/pl\/producto\/oliwa-z-oliwek-z-pierwszego-dnia-zbiorow-odmiany-arbequina\/","url":"https:\/\/www.castillodecanena.com\/pl\/producto\/oliwa-z-oliwek-z-pierwszego-dnia-zbiorow-odmiany-arbequina\/","name":"Oliwa z oliwek z pierwszego dnia zbior\u00f3w odmiany Arbequina - Castillo de Canena","isPartOf":{"@id":"https:\/\/www.castillodecanena.com\/pl\/#website"},"primaryImageOfPage":{"@id":"https:\/\/www.castillodecanena.com\/pl\/producto\/oliwa-z-oliwek-z-pierwszego-dnia-zbiorow-odmiany-arbequina\/#primaryimage"},"image":{"@id":"https:\/\/www.castillodecanena.com\/pl\/producto\/oliwa-z-oliwek-z-pierwszego-dnia-zbiorow-odmiany-arbequina\/#primaryimage"},"thumbnailUrl":"https:\/\/www.castillodecanena.com\/wp-content\/uploads\/2022\/04\/PD_Arb_500ml_MONEO_ESP-1-1-2.jpg","datePublished":"2022-04-11T22:00:28+00:00","dateModified":"2023-11-27T00:00:10+00:00","description":"Ekskluzywna oliwa AOVE otrzymana w ci\u0105gu pierwszych 24 godzin od rozpocz\u0119cia zbior\u00f3w. Idealna dla mi\u0142o\u015bnik\u00f3w intensywnej oliwy z oliwek.","breadcrumb":{"@id":"https:\/\/www.castillodecanena.com\/pl\/producto\/oliwa-z-oliwek-z-pierwszego-dnia-zbiorow-odmiany-arbequina\/#breadcrumb"},"inLanguage":"pl-PL","potentialAction":[{"@type":"ReadAction","target":["https:\/\/www.castillodecanena.com\/pl\/producto\/oliwa-z-oliwek-z-pierwszego-dnia-zbiorow-odmiany-arbequina\/"]}]},{"@type":"ImageObject","inLanguage":"pl-PL","@id":"https:\/\/www.castillodecanena.com\/pl\/producto\/oliwa-z-oliwek-z-pierwszego-dnia-zbiorow-odmiany-arbequina\/#primaryimage","url":"https:\/\/www.castillodecanena.com\/wp-content\/uploads\/2022\/04\/PD_Arb_500ml_MONEO_ESP-1-1-2.jpg","contentUrl":"https:\/\/www.castillodecanena.com\/wp-content\/uploads\/2022\/04\/PD_Arb_500ml_MONEO_ESP-1-1-2.jpg","width":2384,"height":2544},{"@type":"BreadcrumbList","@id":"https:\/\/www.castillodecanena.com\/pl\/producto\/oliwa-z-oliwek-z-pierwszego-dnia-zbiorow-odmiany-arbequina\/#breadcrumb","itemListElement":[{"@type":"ListItem","position":1,"name":"Home","item":"https:\/\/www.castillodecanena.com\/pl\/"},{"@type":"ListItem","position":2,"name":"Tienda","item":"https:\/\/www.castillodecanena.com\/pl\/tienda\/"},{"@type":"ListItem","position":3,"name":"Oliwa z oliwek z pierwszego dnia zbior\u00f3w odmiany Arbequina"}]},{"@type":"WebSite","@id":"https:\/\/www.castillodecanena.com\/pl\/#website","url":"https:\/\/www.castillodecanena.com\/pl\/","name":"Castillo de Canena","description":"Aceites de Oliva virgen extra Premium","publisher":{"@id":"https:\/\/www.castillodecanena.com\/pl\/#organization"},"potentialAction":[{"@type":"SearchAction","target":{"@type":"EntryPoint","urlTemplate":"https:\/\/www.castillodecanena.com\/pl\/?s={search_term_string}"},"query-input":{"@type":"PropertyValueSpecification","valueRequired":true,"valueName":"search_term_string"}}],"inLanguage":"pl-PL"},{"@type":"Organization","@id":"https:\/\/www.castillodecanena.com\/pl\/#organization","name":"Castillo de Canena","url":"https:\/\/www.castillodecanena.com\/pl\/","logo":{"@type":"ImageObject","inLanguage":"pl-PL","@id":"https:\/\/www.castillodecanena.com\/pl\/#\/schema\/logo\/image\/","url":"https:\/\/castillodecanena.com\/wp-content\/uploads\/2021\/08\/logo_castillo-de-canena_small.webp","contentUrl":"https:\/\/castillodecanena.com\/wp-content\/uploads\/2021\/08\/logo_castillo-de-canena_small.webp","width":250,"height":174,"caption":"Castillo de Canena"},"image":{"@id":"https:\/\/www.castillodecanena.com\/pl\/#\/schema\/logo\/image\/"},"sameAs":["https:\/\/www.facebook.com\/Castillo.de.Canena","https:\/\/x.com\/CastillodCanena","https:\/\/www.instagram.com\/castillodecanena\/","https:\/\/www.linkedin.com\/company\/castillo-de-canena-olive-juice","https:\/\/www.pinterest.es\/castillodcanena\/","https:\/\/www.youtube.com\/channel\/UCL64xPwm_9Atq2y1JxmwnxQ","https:\/\/es.wikipedia.org\/wiki\/Castillo_de_Canena_(empresa)"]}]}},"_links":{"self":[{"href":"https:\/\/www.castillodecanena.com\/pl\/wp-json\/wp\/v2\/product\/28768","targetHints":{"allow":["GET"]}}],"collection":[{"href":"https:\/\/www.castillodecanena.com\/pl\/wp-json\/wp\/v2\/product"}],"about":[{"href":"https:\/\/www.castillodecanena.com\/pl\/wp-json\/wp\/v2\/types\/product"}],"wp:featuredmedia":[{"embeddable":true,"href":"https:\/\/www.castillodecanena.com\/pl\/wp-json\/wp\/v2\/media\/52991"}],"wp:attachment":[{"href":"https:\/\/www.castillodecanena.com\/pl\/wp-json\/wp\/v2\/media?parent=28768"}],"wp:term":[{"taxonomy":"product_cat","embeddable":true,"href":"https:\/\/www.castillodecanena.com\/pl\/wp-json\/wp\/v2\/product_cat?post=28768"},{"taxonomy":"product_tag","embeddable":true,"href":"https:\/\/www.castillodecanena.com\/pl\/wp-json\/wp\/v2\/product_tag?post=28768"}],"curies":[{"name":"wp","href":"https:\/\/api.w.org\/{rel}","templated":true}]}}