{"id":28769,"date":"2022-04-11T22:00:28","date_gmt":"2022-04-11T22:00:28","guid":{"rendered":"https:\/\/dev-castillo-de-canena.pantheonsite.io\/producto\/ekologiczna-i-biodynamiczna-oliwa-z-oliwek-odmiany-picual\/"},"modified":"2023-11-27T00:00:12","modified_gmt":"2023-11-27T00:00:12","slug":"ekologiczna-i-biodynamiczna-oliwa-z-oliwek-odmiany-picual","status":"publish","type":"product","link":"https:\/\/www.castillodecanena.com\/pl\/producto\/ekologiczna-i-biodynamiczna-oliwa-z-oliwek-odmiany-picual\/","title":{"rendered":"Ekologiczna i biodynamiczna oliwa z oliwek odmiany Picual"},"content":{"rendered":"<p>Wierni naszemu <strong>zaanga\u017cowaniu w ochron\u0119 \u015brodowiska<\/strong> pragniemy p\u00f3j\u015b\u0107 o krok dalej w kierunku rolnictwa ekologicznego. Dlatego stawiamy na <strong>rolnictwo biodynamiczne<\/strong>, polegaj\u0105ce na oddawaniu ziemi wi\u0119cej, ni\u017c z niej czerpiemy. W oparciu o t\u0119 ide\u0119 powsta\u0142a Biodin\u00e1mico Picual, oliwa z oliwek z pierwszego t\u0142oczenia wyprodukowana z zachowaniem najwy\u017cszych standard\u00f3w ekologicznych, oferuj\u0105ca wspania\u0142y charakter, dobr\u0105 trwa\u0142o\u015b\u0107 i harmoni\u0119 oraz idealnie spe\u0142niaj\u0105ca oczekiwania najbardziej wymagaj\u0105cych konsument\u00f3w.<\/p>\n<p>&nbsp;<\/p>\n<p>Rolnictwo biodynamiczne, na kt\u00f3rym opiera si\u0119 produkcja tej balsamicznej oliwy z oliwek, d\u0105\u017cy do osi\u0105gni\u0119cia harmonii i integracji poszczeg\u00f3lnych si\u0142 rz\u0105dz\u0105cych przyrod\u0105: r\u00f3wnowagi mi\u0119dzy gleb\u0105, drzewami, zwierz\u0119tami i cz\u0142owiekiem na ziemi. Uprawiamy ziemi\u0119 stosuj\u0105c te same procedury, co staro\u017cytni Rzymianie, szanuj\u0105c cykle panuj\u0105ce we wszech\u015bwiecie, potrzebne do ustalenia kalendarza poszczeg\u00f3lnych prac, takich jak przycinanie, nawadnianie, stosowanie kompostu i zbieranie owoc\u00f3w w najbardziej sprzyjaj\u0105ce dni. Z takiej holistycznej integracji powstaje ta oto oliwa, przeznaczona dla os\u00f3b kultywuj\u0105cych <strong>zdrowy styl \u017cycia<\/strong>, dzi\u0119ki jej wi\u0119kszej <strong>warto\u015bci od\u017cywczej<\/strong>, wi\u0119kszej zawarto\u015bci <strong>przeciwutleniaczy<\/strong>, jak r\u00f3wnie\u017c z uwagi na fakt, \u017ce jej produkcja odbywa si\u0119 z poszanowaniem \u015brodowiska naturalnego.<\/p>\n<p>&nbsp;<\/p>\n<h6>OPIS<\/h6>\n<p>Starannie dobrana formu\u0142a, kt\u00f3rej kolor i konsystencja maj\u0105 za zadanie przenie\u015b\u0107 konsumenta do naszych \u017ar\u00f3de\u0142, to znaczy do ziemi, gdzie rosn\u0105 nasze drzewa.<\/p>\n<p>&nbsp;<\/p>\n<p>Nuty smakowe pomidora, krzewu pomidora i \u015bwie\u017co skoszonej trawy przyczyniaj\u0105 si\u0119 do zielonego odcienia z\u0142agodzonego smakiem drzew owocowych, o \u015bredniej goryczce i progresywnej pikantno\u015bci, kt\u00f3ra osi\u0105ga punkt kulminacyjny na czubku j\u0119zyka w podobny spos\u00f3b, jak pieprz.<\/p>\n<p>&nbsp;<\/p>\n<h6>DODATKOWE INFORMACJE<\/h6>\n<p>Posiadamy certyfikat Demeter. Mi\u0119dzynarodowy certyfikat gwarantuj\u0105cy przestrzeganie wszystkich wymaga\u0144 dla rolnictwa biodynamicznego.<\/p>\n<p>&nbsp;<\/p>\n<p><u>Zalecenia dotycz\u0105ce spo\u017cycia<\/u>: ten rodzaj oliwy doskonale pasuje do tatar\u00f3w, ser\u00f3w, owoc\u00f3w morza, krem\u00f3w warzywnych, tost\u00f3w i mi\u0119s.<\/p>\n<p>&nbsp;<\/p>\n<p>Zaleca si\u0119 przechowywa\u0107 oliw\u0119 w ch\u0142odnym miejscu, z dala od \u017ar\u00f3de\u0142 \u015bwiat\u0142a i ciep\u0142a.<\/p>\n","protected":false},"excerpt":{"rendered":"<p>Rolnictwo Biodynamiczne to krok naprz\u00f3d w stosunku do metody uprawy EKOLOGICZNEJ. Opiera si\u0119 na harmonizacji r\u00f3\u017cnych si\u0142 rz\u0105dz\u0105cych natur\u0105: p\u00f3r roku, zjawisk atmosferycznych, cykli ksi\u0119\u017cycowych, pozycji konstelacji w kosmosie. Rolnictwo biodynamiczne poszukuje integralnej r\u00f3wnowagi mi\u0119dzy gleb\u0105, drzewami, zwierz\u0119tami i cz\u0142owiekiem.<\/p>\n","protected":false},"featured_media":50588,"template":"","meta":{"_acf_changed":false,"wprm-recipe-roundup-name":"","wprm-recipe-roundup-description":""},"product_cat":[3081,3079],"product_tag":[],"class_list":{"0":"post-28769","1":"product","2":"type-product","3":"status-publish","4":"has-post-thumbnail","6":"product_cat-biodynamiczny","7":"product_cat-oliwa-z-oliwek-z-pierwszego-tloczenia","9":"first","10":"instock","11":"purchasable","12":"product-type-simple"},"acf":[],"yoast_head":"<!-- This site is optimized with the Yoast SEO plugin v25.6 - https:\/\/yoast.com\/wordpress\/plugins\/seo\/ -->\n<title>Ekologiczna i biodynamiczna oliwa z oliwek odmiany Picual - Castillo de Canena<\/title>\n<meta name=\"description\" content=\"Balsamiczna i ekologiczna oliwa z oliwek sporz\u0105dzona w ramach rolnictwa biodynamicznego, idealna dla os\u00f3b ceni\u0105cych zdrowy styl \u017cycia.\" \/>\n<meta name=\"robots\" content=\"index, follow, max-snippet:-1, max-image-preview:large, max-video-preview:-1\" \/>\n<link rel=\"canonical\" href=\"https:\/\/www.castillodecanena.com\/pl\/producto\/ekologiczna-i-biodynamiczna-oliwa-z-oliwek-odmiany-picual\/\" \/>\n<meta property=\"og:locale\" content=\"pl_PL\" \/>\n<meta property=\"og:type\" content=\"article\" \/>\n<meta property=\"og:title\" content=\"Ekologiczna i biodynamiczna oliwa z oliwek odmiany Picual - Castillo de Canena\" \/>\n<meta property=\"og:description\" content=\"Balsamiczna i ekologiczna oliwa z oliwek sporz\u0105dzona w ramach rolnictwa biodynamicznego, idealna dla os\u00f3b ceni\u0105cych zdrowy styl \u017cycia.\" \/>\n<meta property=\"og:url\" content=\"https:\/\/www.castillodecanena.com\/pl\/producto\/ekologiczna-i-biodynamiczna-oliwa-z-oliwek-odmiany-picual\/\" \/>\n<meta property=\"og:site_name\" content=\"Castillo de Canena\" \/>\n<meta property=\"article:publisher\" content=\"https:\/\/www.facebook.com\/Castillo.de.Canena\" \/>\n<meta property=\"article:modified_time\" content=\"2023-11-27T00:00:12+00:00\" \/>\n<meta property=\"og:image\" content=\"https:\/\/www.castillodecanena.com\/wp-content\/uploads\/2022\/04\/biodinamico-picual.jpg\" \/>\n\t<meta property=\"og:image:width\" content=\"500\" \/>\n\t<meta property=\"og:image:height\" content=\"500\" \/>\n\t<meta property=\"og:image:type\" content=\"image\/jpeg\" \/>\n<meta name=\"twitter:card\" content=\"summary_large_image\" \/>\n<meta name=\"twitter:site\" content=\"@CastillodCanena\" \/>\n<script type=\"application\/ld+json\" class=\"yoast-schema-graph\">{\"@context\":\"https:\/\/schema.org\",\"@graph\":[{\"@type\":[\"WebPage\",\"ItemPage\"],\"@id\":\"https:\/\/www.castillodecanena.com\/pl\/producto\/ekologiczna-i-biodynamiczna-oliwa-z-oliwek-odmiany-picual\/\",\"url\":\"https:\/\/www.castillodecanena.com\/pl\/producto\/ekologiczna-i-biodynamiczna-oliwa-z-oliwek-odmiany-picual\/\",\"name\":\"Ekologiczna i biodynamiczna oliwa z oliwek odmiany Picual - Castillo de Canena\",\"isPartOf\":{\"@id\":\"https:\/\/www.castillodecanena.com\/pl\/#website\"},\"primaryImageOfPage\":{\"@id\":\"https:\/\/www.castillodecanena.com\/pl\/producto\/ekologiczna-i-biodynamiczna-oliwa-z-oliwek-odmiany-picual\/#primaryimage\"},\"image\":{\"@id\":\"https:\/\/www.castillodecanena.com\/pl\/producto\/ekologiczna-i-biodynamiczna-oliwa-z-oliwek-odmiany-picual\/#primaryimage\"},\"thumbnailUrl\":\"https:\/\/www.castillodecanena.com\/wp-content\/uploads\/2022\/04\/BIO.web_Mesa-de-trabajo-esp-1.jpg\",\"datePublished\":\"2022-04-11T22:00:28+00:00\",\"dateModified\":\"2023-11-27T00:00:12+00:00\",\"description\":\"Balsamiczna i ekologiczna oliwa z oliwek sporz\u0105dzona w ramach rolnictwa biodynamicznego, idealna dla os\u00f3b ceni\u0105cych zdrowy styl \u017cycia.\",\"breadcrumb\":{\"@id\":\"https:\/\/www.castillodecanena.com\/pl\/producto\/ekologiczna-i-biodynamiczna-oliwa-z-oliwek-odmiany-picual\/#breadcrumb\"},\"inLanguage\":\"pl-PL\",\"potentialAction\":[{\"@type\":\"ReadAction\",\"target\":[\"https:\/\/www.castillodecanena.com\/pl\/producto\/ekologiczna-i-biodynamiczna-oliwa-z-oliwek-odmiany-picual\/\"]}]},{\"@type\":\"ImageObject\",\"inLanguage\":\"pl-PL\",\"@id\":\"https:\/\/www.castillodecanena.com\/pl\/producto\/ekologiczna-i-biodynamiczna-oliwa-z-oliwek-odmiany-picual\/#primaryimage\",\"url\":\"https:\/\/www.castillodecanena.com\/wp-content\/uploads\/2022\/04\/BIO.web_Mesa-de-trabajo-esp-1.jpg\",\"contentUrl\":\"https:\/\/www.castillodecanena.com\/wp-content\/uploads\/2022\/04\/BIO.web_Mesa-de-trabajo-esp-1.jpg\",\"width\":1600,\"height\":1600},{\"@type\":\"BreadcrumbList\",\"@id\":\"https:\/\/www.castillodecanena.com\/pl\/producto\/ekologiczna-i-biodynamiczna-oliwa-z-oliwek-odmiany-picual\/#breadcrumb\",\"itemListElement\":[{\"@type\":\"ListItem\",\"position\":1,\"name\":\"Home\",\"item\":\"https:\/\/www.castillodecanena.com\/pl\/\"},{\"@type\":\"ListItem\",\"position\":2,\"name\":\"Tienda\",\"item\":\"https:\/\/www.castillodecanena.com\/pl\/tienda\/\"},{\"@type\":\"ListItem\",\"position\":3,\"name\":\"Ekologiczna i biodynamiczna oliwa z oliwek odmiany Picual\"}]},{\"@type\":\"WebSite\",\"@id\":\"https:\/\/www.castillodecanena.com\/pl\/#website\",\"url\":\"https:\/\/www.castillodecanena.com\/pl\/\",\"name\":\"Castillo de Canena\",\"description\":\"Aceites de Oliva virgen extra Premium\",\"publisher\":{\"@id\":\"https:\/\/www.castillodecanena.com\/pl\/#organization\"},\"potentialAction\":[{\"@type\":\"SearchAction\",\"target\":{\"@type\":\"EntryPoint\",\"urlTemplate\":\"https:\/\/www.castillodecanena.com\/pl\/?s={search_term_string}\"},\"query-input\":{\"@type\":\"PropertyValueSpecification\",\"valueRequired\":true,\"valueName\":\"search_term_string\"}}],\"inLanguage\":\"pl-PL\"},{\"@type\":\"Organization\",\"@id\":\"https:\/\/www.castillodecanena.com\/pl\/#organization\",\"name\":\"Castillo de Canena\",\"url\":\"https:\/\/www.castillodecanena.com\/pl\/\",\"logo\":{\"@type\":\"ImageObject\",\"inLanguage\":\"pl-PL\",\"@id\":\"https:\/\/www.castillodecanena.com\/pl\/#\/schema\/logo\/image\/\",\"url\":\"https:\/\/castillodecanena.com\/wp-content\/uploads\/2021\/08\/logo_castillo-de-canena_small.webp\",\"contentUrl\":\"https:\/\/castillodecanena.com\/wp-content\/uploads\/2021\/08\/logo_castillo-de-canena_small.webp\",\"width\":250,\"height\":174,\"caption\":\"Castillo de Canena\"},\"image\":{\"@id\":\"https:\/\/www.castillodecanena.com\/pl\/#\/schema\/logo\/image\/\"},\"sameAs\":[\"https:\/\/www.facebook.com\/Castillo.de.Canena\",\"https:\/\/x.com\/CastillodCanena\",\"https:\/\/www.instagram.com\/castillodecanena\/\",\"https:\/\/www.linkedin.com\/company\/castillo-de-canena-olive-juice\",\"https:\/\/www.pinterest.es\/castillodcanena\/\",\"https:\/\/www.youtube.com\/channel\/UCL64xPwm_9Atq2y1JxmwnxQ\",\"https:\/\/es.wikipedia.org\/wiki\/Castillo_de_Canena_(empresa)\"]}]}<\/script>\n<!-- \/ Yoast SEO plugin. -->","yoast_head_json":{"title":"Ekologiczna i biodynamiczna oliwa z oliwek odmiany Picual - Castillo de Canena","description":"Balsamiczna i ekologiczna oliwa z oliwek sporz\u0105dzona w ramach rolnictwa biodynamicznego, idealna dla os\u00f3b ceni\u0105cych zdrowy styl \u017cycia.","robots":{"index":"index","follow":"follow","max-snippet":"max-snippet:-1","max-image-preview":"max-image-preview:large","max-video-preview":"max-video-preview:-1"},"canonical":"https:\/\/www.castillodecanena.com\/pl\/producto\/ekologiczna-i-biodynamiczna-oliwa-z-oliwek-odmiany-picual\/","og_locale":"pl_PL","og_type":"article","og_title":"Ekologiczna i biodynamiczna oliwa z oliwek odmiany Picual - Castillo de Canena","og_description":"Balsamiczna i ekologiczna oliwa z oliwek sporz\u0105dzona w ramach rolnictwa biodynamicznego, idealna dla os\u00f3b ceni\u0105cych zdrowy styl \u017cycia.","og_url":"https:\/\/www.castillodecanena.com\/pl\/producto\/ekologiczna-i-biodynamiczna-oliwa-z-oliwek-odmiany-picual\/","og_site_name":"Castillo de Canena","article_publisher":"https:\/\/www.facebook.com\/Castillo.de.Canena","article_modified_time":"2023-11-27T00:00:12+00:00","og_image":[{"width":500,"height":500,"url":"https:\/\/www.castillodecanena.com\/wp-content\/uploads\/2022\/04\/biodinamico-picual.jpg","type":"image\/jpeg"}],"twitter_card":"summary_large_image","twitter_site":"@CastillodCanena","schema":{"@context":"https:\/\/schema.org","@graph":[{"@type":["WebPage","ItemPage"],"@id":"https:\/\/www.castillodecanena.com\/pl\/producto\/ekologiczna-i-biodynamiczna-oliwa-z-oliwek-odmiany-picual\/","url":"https:\/\/www.castillodecanena.com\/pl\/producto\/ekologiczna-i-biodynamiczna-oliwa-z-oliwek-odmiany-picual\/","name":"Ekologiczna i biodynamiczna oliwa z oliwek odmiany Picual - Castillo de Canena","isPartOf":{"@id":"https:\/\/www.castillodecanena.com\/pl\/#website"},"primaryImageOfPage":{"@id":"https:\/\/www.castillodecanena.com\/pl\/producto\/ekologiczna-i-biodynamiczna-oliwa-z-oliwek-odmiany-picual\/#primaryimage"},"image":{"@id":"https:\/\/www.castillodecanena.com\/pl\/producto\/ekologiczna-i-biodynamiczna-oliwa-z-oliwek-odmiany-picual\/#primaryimage"},"thumbnailUrl":"https:\/\/www.castillodecanena.com\/wp-content\/uploads\/2022\/04\/BIO.web_Mesa-de-trabajo-esp-1.jpg","datePublished":"2022-04-11T22:00:28+00:00","dateModified":"2023-11-27T00:00:12+00:00","description":"Balsamiczna i ekologiczna oliwa z oliwek sporz\u0105dzona w ramach rolnictwa biodynamicznego, idealna dla os\u00f3b ceni\u0105cych zdrowy styl \u017cycia.","breadcrumb":{"@id":"https:\/\/www.castillodecanena.com\/pl\/producto\/ekologiczna-i-biodynamiczna-oliwa-z-oliwek-odmiany-picual\/#breadcrumb"},"inLanguage":"pl-PL","potentialAction":[{"@type":"ReadAction","target":["https:\/\/www.castillodecanena.com\/pl\/producto\/ekologiczna-i-biodynamiczna-oliwa-z-oliwek-odmiany-picual\/"]}]},{"@type":"ImageObject","inLanguage":"pl-PL","@id":"https:\/\/www.castillodecanena.com\/pl\/producto\/ekologiczna-i-biodynamiczna-oliwa-z-oliwek-odmiany-picual\/#primaryimage","url":"https:\/\/www.castillodecanena.com\/wp-content\/uploads\/2022\/04\/BIO.web_Mesa-de-trabajo-esp-1.jpg","contentUrl":"https:\/\/www.castillodecanena.com\/wp-content\/uploads\/2022\/04\/BIO.web_Mesa-de-trabajo-esp-1.jpg","width":1600,"height":1600},{"@type":"BreadcrumbList","@id":"https:\/\/www.castillodecanena.com\/pl\/producto\/ekologiczna-i-biodynamiczna-oliwa-z-oliwek-odmiany-picual\/#breadcrumb","itemListElement":[{"@type":"ListItem","position":1,"name":"Home","item":"https:\/\/www.castillodecanena.com\/pl\/"},{"@type":"ListItem","position":2,"name":"Tienda","item":"https:\/\/www.castillodecanena.com\/pl\/tienda\/"},{"@type":"ListItem","position":3,"name":"Ekologiczna i biodynamiczna oliwa z oliwek odmiany Picual"}]},{"@type":"WebSite","@id":"https:\/\/www.castillodecanena.com\/pl\/#website","url":"https:\/\/www.castillodecanena.com\/pl\/","name":"Castillo de Canena","description":"Aceites de Oliva virgen extra Premium","publisher":{"@id":"https:\/\/www.castillodecanena.com\/pl\/#organization"},"potentialAction":[{"@type":"SearchAction","target":{"@type":"EntryPoint","urlTemplate":"https:\/\/www.castillodecanena.com\/pl\/?s={search_term_string}"},"query-input":{"@type":"PropertyValueSpecification","valueRequired":true,"valueName":"search_term_string"}}],"inLanguage":"pl-PL"},{"@type":"Organization","@id":"https:\/\/www.castillodecanena.com\/pl\/#organization","name":"Castillo de Canena","url":"https:\/\/www.castillodecanena.com\/pl\/","logo":{"@type":"ImageObject","inLanguage":"pl-PL","@id":"https:\/\/www.castillodecanena.com\/pl\/#\/schema\/logo\/image\/","url":"https:\/\/castillodecanena.com\/wp-content\/uploads\/2021\/08\/logo_castillo-de-canena_small.webp","contentUrl":"https:\/\/castillodecanena.com\/wp-content\/uploads\/2021\/08\/logo_castillo-de-canena_small.webp","width":250,"height":174,"caption":"Castillo de Canena"},"image":{"@id":"https:\/\/www.castillodecanena.com\/pl\/#\/schema\/logo\/image\/"},"sameAs":["https:\/\/www.facebook.com\/Castillo.de.Canena","https:\/\/x.com\/CastillodCanena","https:\/\/www.instagram.com\/castillodecanena\/","https:\/\/www.linkedin.com\/company\/castillo-de-canena-olive-juice","https:\/\/www.pinterest.es\/castillodcanena\/","https:\/\/www.youtube.com\/channel\/UCL64xPwm_9Atq2y1JxmwnxQ","https:\/\/es.wikipedia.org\/wiki\/Castillo_de_Canena_(empresa)"]}]}},"_links":{"self":[{"href":"https:\/\/www.castillodecanena.com\/pl\/wp-json\/wp\/v2\/product\/28769","targetHints":{"allow":["GET"]}}],"collection":[{"href":"https:\/\/www.castillodecanena.com\/pl\/wp-json\/wp\/v2\/product"}],"about":[{"href":"https:\/\/www.castillodecanena.com\/pl\/wp-json\/wp\/v2\/types\/product"}],"wp:featuredmedia":[{"embeddable":true,"href":"https:\/\/www.castillodecanena.com\/pl\/wp-json\/wp\/v2\/media\/50588"}],"wp:attachment":[{"href":"https:\/\/www.castillodecanena.com\/pl\/wp-json\/wp\/v2\/media?parent=28769"}],"wp:term":[{"taxonomy":"product_cat","embeddable":true,"href":"https:\/\/www.castillodecanena.com\/pl\/wp-json\/wp\/v2\/product_cat?post=28769"},{"taxonomy":"product_tag","embeddable":true,"href":"https:\/\/www.castillodecanena.com\/pl\/wp-json\/wp\/v2\/product_tag?post=28769"}],"curies":[{"name":"wp","href":"https:\/\/api.w.org\/{rel}","templated":true}]}}