{"id":28776,"date":"2022-04-11T22:00:28","date_gmt":"2022-04-11T22:00:28","guid":{"rendered":"https:\/\/dev-castillo-de-canena.pantheonsite.io\/producto\/oliwa-z-oliwek-castillo-de-canena-wedzona-dymem-debowym\/"},"modified":"2023-11-27T00:00:11","modified_gmt":"2023-11-27T00:00:11","slug":"oliwa-z-oliwek-castillo-de-canena-wedzona-dymem-debowym","status":"publish","type":"product","link":"https:\/\/www.castillodecanena.com\/pl\/producto\/oliwa-z-oliwek-castillo-de-canena-wedzona-dymem-debowym\/","title":{"rendered":"Oliwa z oliwek Castillo de Canena w\u0119dzona dymem d\u0119bowym"},"content":{"rendered":"<p>Castillo de Canena al Humo de Roble to jedyny taki produkt na \u015bwiecie. Dym d\u0119bowy jest wprowadzany na zimno do Oliwy z Oliwek z Pierwszego T\u0142oczenia Arbequino w tradycyjnym systemie produkcji, przestrzegaj\u0105cym najbardziej restrykcyjnych kontroli i protoko\u0142\u00f3w dotycz\u0105cych jako\u015bci.<\/p>\n<p>W Castillo de Canena stawiamy na innowacj\u0119 i jako\u015b\u0107 opracowuj\u0105c <strong>nowe oliwy XXI wieku. <\/strong>Z charakterystyczn\u0105 dla nas dba\u0142o\u015bci\u0105 i doskona\u0142o\u015bci\u0105, z pomoc\u0105 mistrz\u00f3w palaczy, dokonujemy selekcji r\u00f3\u017cnych ekologicznych gatunk\u00f3w drewna, w tym d\u0119bu, kt\u00f3ry dostarcza eleganckiego i wyj\u0105tkowego smaku.<\/p>\n","protected":false},"excerpt":{"rendered":"<p>Unikalny na \u015bwiecie produkt Arbequino EVOO na zimno jest wytwarzany w tradycyjnym systemie produkcyjnym, kt\u00f3ry przestrzega najsurowszych kontroli jako\u015bci i protoko\u0142\u00f3w. Z pomoc\u0105 mistrz\u00f3w palaczy dokonali\u015bmy selekcji r\u00f3\u017cnych ekologicznych gatunk\u00f3w drewna, w kt\u00f3rych dominuje d\u0105b. Jest dost\u0119pny w butelce o pojemno\u015bci 250 ml, w kolorze turkusowo-niebieskim i czarnym nadrukiem sitodrukowym. .<\/p>\n","protected":false},"featured_media":48550,"template":"","meta":{"_acf_changed":false,"wprm-recipe-roundup-name":"","wprm-recipe-roundup-description":""},"product_cat":[3084],"product_tag":[],"class_list":{"0":"post-28776","1":"product","2":"type-product","3":"status-publish","4":"has-post-thumbnail","6":"product_cat-innowatorzy","8":"first","9":"instock","10":"purchasable","11":"product-type-simple"},"acf":[],"yoast_head":"<!-- This site is optimized with the Yoast SEO plugin v25.6 - https:\/\/yoast.com\/wordpress\/plugins\/seo\/ -->\n<title>Oliwa z oliwek Castillo de Canena w\u0119dzona dymem d\u0119bowym - Castillo de Canena<\/title>\n<meta name=\"description\" content=\"Jedyna taka na \u015bwiecie i w 100% naturalna. Taka jest nasza oliwa w\u0119dzona na zimno dymem z ekologicznego drewna d\u0119bowego.\" \/>\n<meta name=\"robots\" content=\"index, follow, max-snippet:-1, max-image-preview:large, max-video-preview:-1\" \/>\n<link rel=\"canonical\" href=\"https:\/\/www.castillodecanena.com\/pl\/producto\/oliwa-z-oliwek-castillo-de-canena-wedzona-dymem-debowym\/\" \/>\n<meta property=\"og:locale\" content=\"pl_PL\" \/>\n<meta property=\"og:type\" content=\"article\" \/>\n<meta property=\"og:title\" content=\"Oliwa z oliwek Castillo de Canena w\u0119dzona dymem d\u0119bowym - Castillo de Canena\" \/>\n<meta property=\"og:description\" content=\"Jedyna taka na \u015bwiecie i w 100% naturalna. Taka jest nasza oliwa w\u0119dzona na zimno dymem z ekologicznego drewna d\u0119bowego.\" \/>\n<meta property=\"og:url\" content=\"https:\/\/www.castillodecanena.com\/pl\/producto\/oliwa-z-oliwek-castillo-de-canena-wedzona-dymem-debowym\/\" \/>\n<meta property=\"og:site_name\" content=\"Castillo de Canena\" \/>\n<meta property=\"article:publisher\" content=\"https:\/\/www.facebook.com\/Castillo.de.Canena\" \/>\n<meta property=\"article:modified_time\" content=\"2023-11-27T00:00:11+00:00\" \/>\n<meta property=\"og:image\" content=\"https:\/\/www.castillodecanena.com\/wp-content\/uploads\/2022\/04\/aceite-castillo-de-canena-al-humo-de-roble-250ml.jpg\" \/>\n\t<meta property=\"og:image:width\" content=\"1600\" \/>\n\t<meta property=\"og:image:height\" content=\"1600\" \/>\n\t<meta property=\"og:image:type\" content=\"image\/jpeg\" \/>\n<meta name=\"twitter:card\" content=\"summary_large_image\" \/>\n<meta name=\"twitter:site\" content=\"@CastillodCanena\" \/>\n<script type=\"application\/ld+json\" class=\"yoast-schema-graph\">{\"@context\":\"https:\/\/schema.org\",\"@graph\":[{\"@type\":[\"WebPage\",\"ItemPage\"],\"@id\":\"https:\/\/www.castillodecanena.com\/pl\/producto\/oliwa-z-oliwek-castillo-de-canena-wedzona-dymem-debowym\/\",\"url\":\"https:\/\/www.castillodecanena.com\/pl\/producto\/oliwa-z-oliwek-castillo-de-canena-wedzona-dymem-debowym\/\",\"name\":\"Oliwa z oliwek Castillo de Canena w\u0119dzona dymem d\u0119bowym - Castillo de Canena\",\"isPartOf\":{\"@id\":\"https:\/\/www.castillodecanena.com\/pl\/#website\"},\"primaryImageOfPage\":{\"@id\":\"https:\/\/www.castillodecanena.com\/pl\/producto\/oliwa-z-oliwek-castillo-de-canena-wedzona-dymem-debowym\/#primaryimage\"},\"image\":{\"@id\":\"https:\/\/www.castillodecanena.com\/pl\/producto\/oliwa-z-oliwek-castillo-de-canena-wedzona-dymem-debowym\/#primaryimage\"},\"thumbnailUrl\":\"https:\/\/www.castillodecanena.com\/wp-content\/uploads\/2022\/04\/aceite-castillo-de-canena-al-humo-de-roble-250ml.jpg\",\"datePublished\":\"2022-04-11T22:00:28+00:00\",\"dateModified\":\"2023-11-27T00:00:11+00:00\",\"description\":\"Jedyna taka na \u015bwiecie i w 100% naturalna. Taka jest nasza oliwa w\u0119dzona na zimno dymem z ekologicznego drewna d\u0119bowego.\",\"breadcrumb\":{\"@id\":\"https:\/\/www.castillodecanena.com\/pl\/producto\/oliwa-z-oliwek-castillo-de-canena-wedzona-dymem-debowym\/#breadcrumb\"},\"inLanguage\":\"pl-PL\",\"potentialAction\":[{\"@type\":\"ReadAction\",\"target\":[\"https:\/\/www.castillodecanena.com\/pl\/producto\/oliwa-z-oliwek-castillo-de-canena-wedzona-dymem-debowym\/\"]}]},{\"@type\":\"ImageObject\",\"inLanguage\":\"pl-PL\",\"@id\":\"https:\/\/www.castillodecanena.com\/pl\/producto\/oliwa-z-oliwek-castillo-de-canena-wedzona-dymem-debowym\/#primaryimage\",\"url\":\"https:\/\/www.castillodecanena.com\/wp-content\/uploads\/2022\/04\/aceite-castillo-de-canena-al-humo-de-roble-250ml.jpg\",\"contentUrl\":\"https:\/\/www.castillodecanena.com\/wp-content\/uploads\/2022\/04\/aceite-castillo-de-canena-al-humo-de-roble-250ml.jpg\",\"width\":1600,\"height\":1600,\"caption\":\"Aceite al humo de roble 250ml\"},{\"@type\":\"BreadcrumbList\",\"@id\":\"https:\/\/www.castillodecanena.com\/pl\/producto\/oliwa-z-oliwek-castillo-de-canena-wedzona-dymem-debowym\/#breadcrumb\",\"itemListElement\":[{\"@type\":\"ListItem\",\"position\":1,\"name\":\"Home\",\"item\":\"https:\/\/www.castillodecanena.com\/pl\/\"},{\"@type\":\"ListItem\",\"position\":2,\"name\":\"Tienda\",\"item\":\"https:\/\/www.castillodecanena.com\/pl\/tienda\/\"},{\"@type\":\"ListItem\",\"position\":3,\"name\":\"Oliwa z oliwek Castillo de Canena w\u0119dzona dymem d\u0119bowym\"}]},{\"@type\":\"WebSite\",\"@id\":\"https:\/\/www.castillodecanena.com\/pl\/#website\",\"url\":\"https:\/\/www.castillodecanena.com\/pl\/\",\"name\":\"Castillo de Canena\",\"description\":\"Aceites de Oliva virgen extra Premium\",\"publisher\":{\"@id\":\"https:\/\/www.castillodecanena.com\/pl\/#organization\"},\"potentialAction\":[{\"@type\":\"SearchAction\",\"target\":{\"@type\":\"EntryPoint\",\"urlTemplate\":\"https:\/\/www.castillodecanena.com\/pl\/?s={search_term_string}\"},\"query-input\":{\"@type\":\"PropertyValueSpecification\",\"valueRequired\":true,\"valueName\":\"search_term_string\"}}],\"inLanguage\":\"pl-PL\"},{\"@type\":\"Organization\",\"@id\":\"https:\/\/www.castillodecanena.com\/pl\/#organization\",\"name\":\"Castillo de Canena\",\"url\":\"https:\/\/www.castillodecanena.com\/pl\/\",\"logo\":{\"@type\":\"ImageObject\",\"inLanguage\":\"pl-PL\",\"@id\":\"https:\/\/www.castillodecanena.com\/pl\/#\/schema\/logo\/image\/\",\"url\":\"https:\/\/castillodecanena.com\/wp-content\/uploads\/2021\/08\/logo_castillo-de-canena_small.webp\",\"contentUrl\":\"https:\/\/castillodecanena.com\/wp-content\/uploads\/2021\/08\/logo_castillo-de-canena_small.webp\",\"width\":250,\"height\":174,\"caption\":\"Castillo de Canena\"},\"image\":{\"@id\":\"https:\/\/www.castillodecanena.com\/pl\/#\/schema\/logo\/image\/\"},\"sameAs\":[\"https:\/\/www.facebook.com\/Castillo.de.Canena\",\"https:\/\/x.com\/CastillodCanena\",\"https:\/\/www.instagram.com\/castillodecanena\/\",\"https:\/\/www.linkedin.com\/company\/castillo-de-canena-olive-juice\",\"https:\/\/www.pinterest.es\/castillodcanena\/\",\"https:\/\/www.youtube.com\/channel\/UCL64xPwm_9Atq2y1JxmwnxQ\",\"https:\/\/es.wikipedia.org\/wiki\/Castillo_de_Canena_(empresa)\"]}]}<\/script>\n<!-- \/ Yoast SEO plugin. -->","yoast_head_json":{"title":"Oliwa z oliwek Castillo de Canena w\u0119dzona dymem d\u0119bowym - Castillo de Canena","description":"Jedyna taka na \u015bwiecie i w 100% naturalna. Taka jest nasza oliwa w\u0119dzona na zimno dymem z ekologicznego drewna d\u0119bowego.","robots":{"index":"index","follow":"follow","max-snippet":"max-snippet:-1","max-image-preview":"max-image-preview:large","max-video-preview":"max-video-preview:-1"},"canonical":"https:\/\/www.castillodecanena.com\/pl\/producto\/oliwa-z-oliwek-castillo-de-canena-wedzona-dymem-debowym\/","og_locale":"pl_PL","og_type":"article","og_title":"Oliwa z oliwek Castillo de Canena w\u0119dzona dymem d\u0119bowym - Castillo de Canena","og_description":"Jedyna taka na \u015bwiecie i w 100% naturalna. Taka jest nasza oliwa w\u0119dzona na zimno dymem z ekologicznego drewna d\u0119bowego.","og_url":"https:\/\/www.castillodecanena.com\/pl\/producto\/oliwa-z-oliwek-castillo-de-canena-wedzona-dymem-debowym\/","og_site_name":"Castillo de Canena","article_publisher":"https:\/\/www.facebook.com\/Castillo.de.Canena","article_modified_time":"2023-11-27T00:00:11+00:00","og_image":[{"width":1600,"height":1600,"url":"https:\/\/www.castillodecanena.com\/wp-content\/uploads\/2022\/04\/aceite-castillo-de-canena-al-humo-de-roble-250ml.jpg","type":"image\/jpeg"}],"twitter_card":"summary_large_image","twitter_site":"@CastillodCanena","schema":{"@context":"https:\/\/schema.org","@graph":[{"@type":["WebPage","ItemPage"],"@id":"https:\/\/www.castillodecanena.com\/pl\/producto\/oliwa-z-oliwek-castillo-de-canena-wedzona-dymem-debowym\/","url":"https:\/\/www.castillodecanena.com\/pl\/producto\/oliwa-z-oliwek-castillo-de-canena-wedzona-dymem-debowym\/","name":"Oliwa z oliwek Castillo de Canena w\u0119dzona dymem d\u0119bowym - Castillo de Canena","isPartOf":{"@id":"https:\/\/www.castillodecanena.com\/pl\/#website"},"primaryImageOfPage":{"@id":"https:\/\/www.castillodecanena.com\/pl\/producto\/oliwa-z-oliwek-castillo-de-canena-wedzona-dymem-debowym\/#primaryimage"},"image":{"@id":"https:\/\/www.castillodecanena.com\/pl\/producto\/oliwa-z-oliwek-castillo-de-canena-wedzona-dymem-debowym\/#primaryimage"},"thumbnailUrl":"https:\/\/www.castillodecanena.com\/wp-content\/uploads\/2022\/04\/aceite-castillo-de-canena-al-humo-de-roble-250ml.jpg","datePublished":"2022-04-11T22:00:28+00:00","dateModified":"2023-11-27T00:00:11+00:00","description":"Jedyna taka na \u015bwiecie i w 100% naturalna. Taka jest nasza oliwa w\u0119dzona na zimno dymem z ekologicznego drewna d\u0119bowego.","breadcrumb":{"@id":"https:\/\/www.castillodecanena.com\/pl\/producto\/oliwa-z-oliwek-castillo-de-canena-wedzona-dymem-debowym\/#breadcrumb"},"inLanguage":"pl-PL","potentialAction":[{"@type":"ReadAction","target":["https:\/\/www.castillodecanena.com\/pl\/producto\/oliwa-z-oliwek-castillo-de-canena-wedzona-dymem-debowym\/"]}]},{"@type":"ImageObject","inLanguage":"pl-PL","@id":"https:\/\/www.castillodecanena.com\/pl\/producto\/oliwa-z-oliwek-castillo-de-canena-wedzona-dymem-debowym\/#primaryimage","url":"https:\/\/www.castillodecanena.com\/wp-content\/uploads\/2022\/04\/aceite-castillo-de-canena-al-humo-de-roble-250ml.jpg","contentUrl":"https:\/\/www.castillodecanena.com\/wp-content\/uploads\/2022\/04\/aceite-castillo-de-canena-al-humo-de-roble-250ml.jpg","width":1600,"height":1600,"caption":"Aceite al humo de roble 250ml"},{"@type":"BreadcrumbList","@id":"https:\/\/www.castillodecanena.com\/pl\/producto\/oliwa-z-oliwek-castillo-de-canena-wedzona-dymem-debowym\/#breadcrumb","itemListElement":[{"@type":"ListItem","position":1,"name":"Home","item":"https:\/\/www.castillodecanena.com\/pl\/"},{"@type":"ListItem","position":2,"name":"Tienda","item":"https:\/\/www.castillodecanena.com\/pl\/tienda\/"},{"@type":"ListItem","position":3,"name":"Oliwa z oliwek Castillo de Canena w\u0119dzona dymem d\u0119bowym"}]},{"@type":"WebSite","@id":"https:\/\/www.castillodecanena.com\/pl\/#website","url":"https:\/\/www.castillodecanena.com\/pl\/","name":"Castillo de Canena","description":"Aceites de Oliva virgen extra Premium","publisher":{"@id":"https:\/\/www.castillodecanena.com\/pl\/#organization"},"potentialAction":[{"@type":"SearchAction","target":{"@type":"EntryPoint","urlTemplate":"https:\/\/www.castillodecanena.com\/pl\/?s={search_term_string}"},"query-input":{"@type":"PropertyValueSpecification","valueRequired":true,"valueName":"search_term_string"}}],"inLanguage":"pl-PL"},{"@type":"Organization","@id":"https:\/\/www.castillodecanena.com\/pl\/#organization","name":"Castillo de Canena","url":"https:\/\/www.castillodecanena.com\/pl\/","logo":{"@type":"ImageObject","inLanguage":"pl-PL","@id":"https:\/\/www.castillodecanena.com\/pl\/#\/schema\/logo\/image\/","url":"https:\/\/castillodecanena.com\/wp-content\/uploads\/2021\/08\/logo_castillo-de-canena_small.webp","contentUrl":"https:\/\/castillodecanena.com\/wp-content\/uploads\/2021\/08\/logo_castillo-de-canena_small.webp","width":250,"height":174,"caption":"Castillo de Canena"},"image":{"@id":"https:\/\/www.castillodecanena.com\/pl\/#\/schema\/logo\/image\/"},"sameAs":["https:\/\/www.facebook.com\/Castillo.de.Canena","https:\/\/x.com\/CastillodCanena","https:\/\/www.instagram.com\/castillodecanena\/","https:\/\/www.linkedin.com\/company\/castillo-de-canena-olive-juice","https:\/\/www.pinterest.es\/castillodcanena\/","https:\/\/www.youtube.com\/channel\/UCL64xPwm_9Atq2y1JxmwnxQ","https:\/\/es.wikipedia.org\/wiki\/Castillo_de_Canena_(empresa)"]}]}},"_links":{"self":[{"href":"https:\/\/www.castillodecanena.com\/pl\/wp-json\/wp\/v2\/product\/28776","targetHints":{"allow":["GET"]}}],"collection":[{"href":"https:\/\/www.castillodecanena.com\/pl\/wp-json\/wp\/v2\/product"}],"about":[{"href":"https:\/\/www.castillodecanena.com\/pl\/wp-json\/wp\/v2\/types\/product"}],"wp:featuredmedia":[{"embeddable":true,"href":"https:\/\/www.castillodecanena.com\/pl\/wp-json\/wp\/v2\/media\/48550"}],"wp:attachment":[{"href":"https:\/\/www.castillodecanena.com\/pl\/wp-json\/wp\/v2\/media?parent=28776"}],"wp:term":[{"taxonomy":"product_cat","embeddable":true,"href":"https:\/\/www.castillodecanena.com\/pl\/wp-json\/wp\/v2\/product_cat?post=28776"},{"taxonomy":"product_tag","embeddable":true,"href":"https:\/\/www.castillodecanena.com\/pl\/wp-json\/wp\/v2\/product_tag?post=28776"}],"curies":[{"name":"wp","href":"https:\/\/api.w.org\/{rel}","templated":true}]}}