{"id":28790,"date":"2022-04-11T22:08:48","date_gmt":"2022-04-11T22:08:48","guid":{"rendered":"https:\/\/dev-castillo-de-canena.pantheonsite.io\/producto\/oliwa-z-oliwek-castillo-de-canena-z-amontillado\/"},"modified":"2023-11-27T00:00:13","modified_gmt":"2023-11-27T00:00:13","slug":"oliwa-z-oliwek-castillo-de-canena-z-amontillado","status":"publish","type":"product","link":"https:\/\/www.castillodecanena.com\/pl\/producto\/oliwa-z-oliwek-castillo-de-canena-z-amontillado\/","title":{"rendered":"Oliwa z oliwek Castillo de Canena z Amontillado"},"content":{"rendered":"<p>Z pasji do dw\u00f3ch wybitnych produkt\u00f3w gastronomicznych, jakimi s\u0105 Oliwa z Oliwek z Pierwszego T\u0142oczenia i wino sherry, zrodzi\u0142a si\u0119 oliwa z oliwek Castillo de Canena Amontillado. To <strong>pierwsza<\/strong> oliwa <strong>AOVE Arbequino <\/strong>dojrzewaj\u0105ca w beczkach po winie. Do jej sporz\u0105dzenia wybrano beczk\u0119 z ameryka\u0144skiego d\u0119bu z Amontillado de Solera, pochodz\u0105cej z jednej z najs\u0142ynniejszych winnic w Hiszpanii, Lustau.<\/p>\n<p>Wewn\u0105trz beczek nas\u0105czonych sherry nasza oliwa Arbequino nabiera z\u0142o\u017conych aromat\u00f3w starego wina Amontillado, wci\u0105\u017c utrzymuj\u0105cych si\u0119 w \u015brodku beczki. Rezultatem jest idealne po\u0142\u0105czenie zmys\u0142owych nut Amontillado z nutami oliwy AOVE Arbequino. Wyj\u0105tkowe doznania kulinarne!<\/p>\n<p>&nbsp;<\/p>\n<h6>OPIS<\/h6>\n<p>Oliwa o eleganckiej i wytwornej formule, \u0142\u0105cz\u0105cej \u015bwie\u017co\u015b\u0107 oliwy AOVE Arbequina z fascynuj\u0105cym profilem aromatycznym wina Amontillado, przywo\u0142uj\u0105cym na my\u015bl pra\u017cone orzechy, szlachetne drewno oraz dojrza\u0142e owoce i grzyby.<\/p>\n<p>&nbsp;<\/p>\n<h6>DODATKOWE INFORMACJE<\/h6>\n<p><u>Zalecenia dotycz\u0105ce spo\u017cycia<\/u>: Idealnie pasuje do wielu potraw i przepis\u00f3w, od tych najbardziej klasycznych po te najbardziej awangardowe. Ryby w soli, dr\u00f3b i wieprzowina z rusztu lub pieczone, grzyby, carpaccio i tatar z krewetek lub tu\u0144czyka, foie z patelni, pasztety z kuropatwy, mi\u0119sa w cie\u015bcie, mojama, ikra z molwy lub cefala, ma\u0142\u017ce, serc\u00f3wki i ostrygi, zar\u00f3wno surowe, jak i konserwowe lub z patelni. Nie mo\u017cna tak\u017ce zapomnie\u0107 o niesamowitym i zmys\u0142owym do\u015bwiadczeniu, jakim jest po\u0142\u0105czenie jej z gorzk\u0105 czekolad\u0105 lub bakaliami.<\/p>\n","protected":false},"excerpt":{"rendered":"<p>Pierwsza \u017cywno\u015b\u0107 oparta na oliwie z oliwek Extra Virgin Young Arbequino, rafinowana w beczkach po winie Sherry amontillado, maj\u0105ca ponad p\u00f3\u0142 wieku.<\/p>\n<p>Castillo de Canena Amontillado jest wynikiem pasji do dw\u00f3ch produkt\u00f3w gastronomicznych tak znakomitych jak EVOO i wzmocnione wina sherry. \u015awie\u017co\u015b\u0107 naszego Reserva Familiar Arbequino nabiera charakteru wzmocnionego wina poprzez uszlachetnianie go w buciku sherry amontillado.<\/p>\n<p>Fascynuj\u0105cy aromatyczny profil amontillado, z jego niewyczerpanymi falami orzech\u00f3w i solankowych niuans\u00f3w, delikatnie prowadzony przez delikatno\u015b\u0107 oleju, kt\u00f3ry utrwala je na naszym podniebieniu.<\/p>\n<p>Wyj\u0105tkowe doznania kulinarne, kt\u00f3re zainspiruj\u0105 Ci\u0119 do Twoich klasycznych przepis\u00f3w, a tak\u017ce tych najbardziej prze\u0142omowych!<\/p>\n","protected":false},"featured_media":50595,"template":"","meta":{"_acf_changed":false,"wprm-recipe-roundup-name":"","wprm-recipe-roundup-description":""},"product_cat":[3084],"product_tag":[],"class_list":{"0":"post-28790","1":"product","2":"type-product","3":"status-publish","4":"has-post-thumbnail","6":"product_cat-innowatorzy","8":"first","9":"instock","10":"purchasable","11":"product-type-simple"},"acf":[],"yoast_head":"<!-- This site is optimized with the Yoast SEO plugin v25.6 - https:\/\/yoast.com\/wordpress\/plugins\/seo\/ -->\n<title>Oliwa z oliwek Castillo de Canena z Amontillado - Castillo de Canena<\/title>\n<meta name=\"description\" content=\"Poznaj pierwsz\u0105 oliw\u0119 z oliwek z Amontillado. Dojrzewa z beczkach po winie. Wyj\u0105tkowe do\u015bwiadczenie, w kt\u00f3rym najlepsza oliwa \u0142\u0105czy si\u0119 z aromatem wina.\" \/>\n<meta name=\"robots\" content=\"index, follow, max-snippet:-1, max-image-preview:large, max-video-preview:-1\" \/>\n<link rel=\"canonical\" href=\"https:\/\/www.castillodecanena.com\/pl\/producto\/oliwa-z-oliwek-castillo-de-canena-z-amontillado\/\" \/>\n<meta property=\"og:locale\" content=\"pl_PL\" \/>\n<meta property=\"og:type\" content=\"article\" \/>\n<meta property=\"og:title\" content=\"Oliwa z oliwek Castillo de Canena z Amontillado - Castillo de Canena\" \/>\n<meta property=\"og:description\" content=\"Poznaj pierwsz\u0105 oliw\u0119 z oliwek z Amontillado. Dojrzewa z beczkach po winie. Wyj\u0105tkowe do\u015bwiadczenie, w kt\u00f3rym najlepsza oliwa \u0142\u0105czy si\u0119 z aromatem wina.\" \/>\n<meta property=\"og:url\" content=\"https:\/\/www.castillodecanena.com\/pl\/producto\/oliwa-z-oliwek-castillo-de-canena-z-amontillado\/\" \/>\n<meta property=\"og:site_name\" content=\"Castillo de Canena\" \/>\n<meta property=\"article:publisher\" content=\"https:\/\/www.facebook.com\/Castillo.de.Canena\" \/>\n<meta property=\"article:modified_time\" content=\"2023-11-27T00:00:13+00:00\" \/>\n<meta property=\"og:image\" content=\"https:\/\/www.castillodecanena.com\/wp-content\/uploads\/2022\/04\/aceite-oliva-arbequino-amontillado.png\" \/>\n\t<meta property=\"og:image:width\" content=\"1000\" \/>\n\t<meta property=\"og:image:height\" content=\"1000\" \/>\n\t<meta property=\"og:image:type\" content=\"image\/png\" \/>\n<meta name=\"twitter:card\" content=\"summary_large_image\" \/>\n<meta name=\"twitter:site\" content=\"@CastillodCanena\" \/>\n<script type=\"application\/ld+json\" class=\"yoast-schema-graph\">{\"@context\":\"https:\/\/schema.org\",\"@graph\":[{\"@type\":[\"WebPage\",\"ItemPage\"],\"@id\":\"https:\/\/www.castillodecanena.com\/pl\/producto\/oliwa-z-oliwek-castillo-de-canena-z-amontillado\/\",\"url\":\"https:\/\/www.castillodecanena.com\/pl\/producto\/oliwa-z-oliwek-castillo-de-canena-z-amontillado\/\",\"name\":\"Oliwa z oliwek Castillo de Canena z Amontillado - Castillo de Canena\",\"isPartOf\":{\"@id\":\"https:\/\/www.castillodecanena.com\/pl\/#website\"},\"primaryImageOfPage\":{\"@id\":\"https:\/\/www.castillodecanena.com\/pl\/producto\/oliwa-z-oliwek-castillo-de-canena-z-amontillado\/#primaryimage\"},\"image\":{\"@id\":\"https:\/\/www.castillodecanena.com\/pl\/producto\/oliwa-z-oliwek-castillo-de-canena-z-amontillado\/#primaryimage\"},\"thumbnailUrl\":\"https:\/\/www.castillodecanena.com\/wp-content\/uploads\/2022\/04\/AMONTILLADO_WEB_2024_Mesa-de-trabajo-1-esp-scaled.jpg\",\"datePublished\":\"2022-04-11T22:08:48+00:00\",\"dateModified\":\"2023-11-27T00:00:13+00:00\",\"description\":\"Poznaj pierwsz\u0105 oliw\u0119 z oliwek z Amontillado. Dojrzewa z beczkach po winie. Wyj\u0105tkowe do\u015bwiadczenie, w kt\u00f3rym najlepsza oliwa \u0142\u0105czy si\u0119 z aromatem wina.\",\"breadcrumb\":{\"@id\":\"https:\/\/www.castillodecanena.com\/pl\/producto\/oliwa-z-oliwek-castillo-de-canena-z-amontillado\/#breadcrumb\"},\"inLanguage\":\"pl-PL\",\"potentialAction\":[{\"@type\":\"ReadAction\",\"target\":[\"https:\/\/www.castillodecanena.com\/pl\/producto\/oliwa-z-oliwek-castillo-de-canena-z-amontillado\/\"]}]},{\"@type\":\"ImageObject\",\"inLanguage\":\"pl-PL\",\"@id\":\"https:\/\/www.castillodecanena.com\/pl\/producto\/oliwa-z-oliwek-castillo-de-canena-z-amontillado\/#primaryimage\",\"url\":\"https:\/\/www.castillodecanena.com\/wp-content\/uploads\/2022\/04\/AMONTILLADO_WEB_2024_Mesa-de-trabajo-1-esp-scaled.jpg\",\"contentUrl\":\"https:\/\/www.castillodecanena.com\/wp-content\/uploads\/2022\/04\/AMONTILLADO_WEB_2024_Mesa-de-trabajo-1-esp-scaled.jpg\",\"width\":2560,\"height\":2560},{\"@type\":\"BreadcrumbList\",\"@id\":\"https:\/\/www.castillodecanena.com\/pl\/producto\/oliwa-z-oliwek-castillo-de-canena-z-amontillado\/#breadcrumb\",\"itemListElement\":[{\"@type\":\"ListItem\",\"position\":1,\"name\":\"Home\",\"item\":\"https:\/\/www.castillodecanena.com\/pl\/\"},{\"@type\":\"ListItem\",\"position\":2,\"name\":\"Tienda\",\"item\":\"https:\/\/www.castillodecanena.com\/pl\/tienda\/\"},{\"@type\":\"ListItem\",\"position\":3,\"name\":\"Oliwa z oliwek Castillo de Canena z Amontillado\"}]},{\"@type\":\"WebSite\",\"@id\":\"https:\/\/www.castillodecanena.com\/pl\/#website\",\"url\":\"https:\/\/www.castillodecanena.com\/pl\/\",\"name\":\"Castillo de Canena\",\"description\":\"Aceites de Oliva virgen extra Premium\",\"publisher\":{\"@id\":\"https:\/\/www.castillodecanena.com\/pl\/#organization\"},\"potentialAction\":[{\"@type\":\"SearchAction\",\"target\":{\"@type\":\"EntryPoint\",\"urlTemplate\":\"https:\/\/www.castillodecanena.com\/pl\/?s={search_term_string}\"},\"query-input\":{\"@type\":\"PropertyValueSpecification\",\"valueRequired\":true,\"valueName\":\"search_term_string\"}}],\"inLanguage\":\"pl-PL\"},{\"@type\":\"Organization\",\"@id\":\"https:\/\/www.castillodecanena.com\/pl\/#organization\",\"name\":\"Castillo de Canena\",\"url\":\"https:\/\/www.castillodecanena.com\/pl\/\",\"logo\":{\"@type\":\"ImageObject\",\"inLanguage\":\"pl-PL\",\"@id\":\"https:\/\/www.castillodecanena.com\/pl\/#\/schema\/logo\/image\/\",\"url\":\"https:\/\/castillodecanena.com\/wp-content\/uploads\/2021\/08\/logo_castillo-de-canena_small.webp\",\"contentUrl\":\"https:\/\/castillodecanena.com\/wp-content\/uploads\/2021\/08\/logo_castillo-de-canena_small.webp\",\"width\":250,\"height\":174,\"caption\":\"Castillo de Canena\"},\"image\":{\"@id\":\"https:\/\/www.castillodecanena.com\/pl\/#\/schema\/logo\/image\/\"},\"sameAs\":[\"https:\/\/www.facebook.com\/Castillo.de.Canena\",\"https:\/\/x.com\/CastillodCanena\",\"https:\/\/www.instagram.com\/castillodecanena\/\",\"https:\/\/www.linkedin.com\/company\/castillo-de-canena-olive-juice\",\"https:\/\/www.pinterest.es\/castillodcanena\/\",\"https:\/\/www.youtube.com\/channel\/UCL64xPwm_9Atq2y1JxmwnxQ\",\"https:\/\/es.wikipedia.org\/wiki\/Castillo_de_Canena_(empresa)\"]}]}<\/script>\n<!-- \/ Yoast SEO plugin. -->","yoast_head_json":{"title":"Oliwa z oliwek Castillo de Canena z Amontillado - Castillo de Canena","description":"Poznaj pierwsz\u0105 oliw\u0119 z oliwek z Amontillado. Dojrzewa z beczkach po winie. Wyj\u0105tkowe do\u015bwiadczenie, w kt\u00f3rym najlepsza oliwa \u0142\u0105czy si\u0119 z aromatem wina.","robots":{"index":"index","follow":"follow","max-snippet":"max-snippet:-1","max-image-preview":"max-image-preview:large","max-video-preview":"max-video-preview:-1"},"canonical":"https:\/\/www.castillodecanena.com\/pl\/producto\/oliwa-z-oliwek-castillo-de-canena-z-amontillado\/","og_locale":"pl_PL","og_type":"article","og_title":"Oliwa z oliwek Castillo de Canena z Amontillado - Castillo de Canena","og_description":"Poznaj pierwsz\u0105 oliw\u0119 z oliwek z Amontillado. Dojrzewa z beczkach po winie. Wyj\u0105tkowe do\u015bwiadczenie, w kt\u00f3rym najlepsza oliwa \u0142\u0105czy si\u0119 z aromatem wina.","og_url":"https:\/\/www.castillodecanena.com\/pl\/producto\/oliwa-z-oliwek-castillo-de-canena-z-amontillado\/","og_site_name":"Castillo de Canena","article_publisher":"https:\/\/www.facebook.com\/Castillo.de.Canena","article_modified_time":"2023-11-27T00:00:13+00:00","og_image":[{"width":1000,"height":1000,"url":"https:\/\/www.castillodecanena.com\/wp-content\/uploads\/2022\/04\/aceite-oliva-arbequino-amontillado.png","type":"image\/png"}],"twitter_card":"summary_large_image","twitter_site":"@CastillodCanena","schema":{"@context":"https:\/\/schema.org","@graph":[{"@type":["WebPage","ItemPage"],"@id":"https:\/\/www.castillodecanena.com\/pl\/producto\/oliwa-z-oliwek-castillo-de-canena-z-amontillado\/","url":"https:\/\/www.castillodecanena.com\/pl\/producto\/oliwa-z-oliwek-castillo-de-canena-z-amontillado\/","name":"Oliwa z oliwek Castillo de Canena z Amontillado - Castillo de Canena","isPartOf":{"@id":"https:\/\/www.castillodecanena.com\/pl\/#website"},"primaryImageOfPage":{"@id":"https:\/\/www.castillodecanena.com\/pl\/producto\/oliwa-z-oliwek-castillo-de-canena-z-amontillado\/#primaryimage"},"image":{"@id":"https:\/\/www.castillodecanena.com\/pl\/producto\/oliwa-z-oliwek-castillo-de-canena-z-amontillado\/#primaryimage"},"thumbnailUrl":"https:\/\/www.castillodecanena.com\/wp-content\/uploads\/2022\/04\/AMONTILLADO_WEB_2024_Mesa-de-trabajo-1-esp-scaled.jpg","datePublished":"2022-04-11T22:08:48+00:00","dateModified":"2023-11-27T00:00:13+00:00","description":"Poznaj pierwsz\u0105 oliw\u0119 z oliwek z Amontillado. Dojrzewa z beczkach po winie. Wyj\u0105tkowe do\u015bwiadczenie, w kt\u00f3rym najlepsza oliwa \u0142\u0105czy si\u0119 z aromatem wina.","breadcrumb":{"@id":"https:\/\/www.castillodecanena.com\/pl\/producto\/oliwa-z-oliwek-castillo-de-canena-z-amontillado\/#breadcrumb"},"inLanguage":"pl-PL","potentialAction":[{"@type":"ReadAction","target":["https:\/\/www.castillodecanena.com\/pl\/producto\/oliwa-z-oliwek-castillo-de-canena-z-amontillado\/"]}]},{"@type":"ImageObject","inLanguage":"pl-PL","@id":"https:\/\/www.castillodecanena.com\/pl\/producto\/oliwa-z-oliwek-castillo-de-canena-z-amontillado\/#primaryimage","url":"https:\/\/www.castillodecanena.com\/wp-content\/uploads\/2022\/04\/AMONTILLADO_WEB_2024_Mesa-de-trabajo-1-esp-scaled.jpg","contentUrl":"https:\/\/www.castillodecanena.com\/wp-content\/uploads\/2022\/04\/AMONTILLADO_WEB_2024_Mesa-de-trabajo-1-esp-scaled.jpg","width":2560,"height":2560},{"@type":"BreadcrumbList","@id":"https:\/\/www.castillodecanena.com\/pl\/producto\/oliwa-z-oliwek-castillo-de-canena-z-amontillado\/#breadcrumb","itemListElement":[{"@type":"ListItem","position":1,"name":"Home","item":"https:\/\/www.castillodecanena.com\/pl\/"},{"@type":"ListItem","position":2,"name":"Tienda","item":"https:\/\/www.castillodecanena.com\/pl\/tienda\/"},{"@type":"ListItem","position":3,"name":"Oliwa z oliwek Castillo de Canena z Amontillado"}]},{"@type":"WebSite","@id":"https:\/\/www.castillodecanena.com\/pl\/#website","url":"https:\/\/www.castillodecanena.com\/pl\/","name":"Castillo de Canena","description":"Aceites de Oliva virgen extra Premium","publisher":{"@id":"https:\/\/www.castillodecanena.com\/pl\/#organization"},"potentialAction":[{"@type":"SearchAction","target":{"@type":"EntryPoint","urlTemplate":"https:\/\/www.castillodecanena.com\/pl\/?s={search_term_string}"},"query-input":{"@type":"PropertyValueSpecification","valueRequired":true,"valueName":"search_term_string"}}],"inLanguage":"pl-PL"},{"@type":"Organization","@id":"https:\/\/www.castillodecanena.com\/pl\/#organization","name":"Castillo de Canena","url":"https:\/\/www.castillodecanena.com\/pl\/","logo":{"@type":"ImageObject","inLanguage":"pl-PL","@id":"https:\/\/www.castillodecanena.com\/pl\/#\/schema\/logo\/image\/","url":"https:\/\/castillodecanena.com\/wp-content\/uploads\/2021\/08\/logo_castillo-de-canena_small.webp","contentUrl":"https:\/\/castillodecanena.com\/wp-content\/uploads\/2021\/08\/logo_castillo-de-canena_small.webp","width":250,"height":174,"caption":"Castillo de Canena"},"image":{"@id":"https:\/\/www.castillodecanena.com\/pl\/#\/schema\/logo\/image\/"},"sameAs":["https:\/\/www.facebook.com\/Castillo.de.Canena","https:\/\/x.com\/CastillodCanena","https:\/\/www.instagram.com\/castillodecanena\/","https:\/\/www.linkedin.com\/company\/castillo-de-canena-olive-juice","https:\/\/www.pinterest.es\/castillodcanena\/","https:\/\/www.youtube.com\/channel\/UCL64xPwm_9Atq2y1JxmwnxQ","https:\/\/es.wikipedia.org\/wiki\/Castillo_de_Canena_(empresa)"]}]}},"_links":{"self":[{"href":"https:\/\/www.castillodecanena.com\/pl\/wp-json\/wp\/v2\/product\/28790","targetHints":{"allow":["GET"]}}],"collection":[{"href":"https:\/\/www.castillodecanena.com\/pl\/wp-json\/wp\/v2\/product"}],"about":[{"href":"https:\/\/www.castillodecanena.com\/pl\/wp-json\/wp\/v2\/types\/product"}],"wp:featuredmedia":[{"embeddable":true,"href":"https:\/\/www.castillodecanena.com\/pl\/wp-json\/wp\/v2\/media\/50595"}],"wp:attachment":[{"href":"https:\/\/www.castillodecanena.com\/pl\/wp-json\/wp\/v2\/media?parent=28790"}],"wp:term":[{"taxonomy":"product_cat","embeddable":true,"href":"https:\/\/www.castillodecanena.com\/pl\/wp-json\/wp\/v2\/product_cat?post=28790"},{"taxonomy":"product_tag","embeddable":true,"href":"https:\/\/www.castillodecanena.com\/pl\/wp-json\/wp\/v2\/product_tag?post=28790"}],"curies":[{"name":"wp","href":"https:\/\/api.w.org\/{rel}","templated":true}]}}