{"id":29079,"date":"2022-04-11T22:00:28","date_gmt":"2022-04-11T22:00:28","guid":{"rendered":"https:\/\/dev-castillo-de-canena.pantheonsite.io\/producto\/oliwy-z-oliwek-z-naturalnymi-olejkami\/"},"modified":"2023-11-27T00:00:14","modified_gmt":"2023-11-27T00:00:14","slug":"oliwy-z-oliwek-z-naturalnymi-olejkami","status":"publish","type":"product","link":"https:\/\/www.castillodecanena.com\/pl\/producto\/oliwy-z-oliwek-z-naturalnymi-olejkami\/","title":{"rendered":"Oliwy z oliwek z naturalnymi olejkami"},"content":{"rendered":"<p>Castillo de Canena stworzy\u0142 unikaln\u0105 kolekcj\u0119 <strong>Esencias Naturales &amp; Co, <\/strong>otrzyman\u0105 w wyniku <strong>zmieszania<\/strong> 99,5% Oliwy z Oliwek z Pierwszego T\u0142oczenia <strong>Arbequino z olejkami eterycznymi pochodzenia kwiatowego, ro\u015blinnego i owocowego.<\/strong><\/p>\n<p>&nbsp;<\/p>\n<p>Pomara\u0144cza gorzka, tymianek i kwiat pomara\u0144czy; cytryna, koper w\u0142oski i mi\u0119ta; kardamon, mandarynka i jab\u0142ko; oraz cynamon, orzech i pomara\u0144cza bergamota. W <strong>100% naturalne sk\u0142adniki<\/strong>, kt\u00f3re towarzysz\u0105 Oliwie z Oliwek z Pierwszego T\u0142oczenia odmiany Arbequino.<\/p>\n<p>&nbsp;<\/p>\n<p>W celu uzyskania tak ekskluzywnych i innowacyjnych produkt\u00f3w przeprowadzany jest staranny proces po\u0142\u0105czenia obu element\u00f3w, w ramach kt\u00f3rego zachowana zostaje ca\u0142a esencja i jako\u015b\u0107 Oliwy z Oliwek z Pierwszego T\u0142oczenia i w kt\u00f3rym uniemo\u017cliwia si\u0119<strong> zmian\u0119 w\u0142a\u015bciwo\u015bci i utrat\u0119 koloru.<\/strong><\/p>\n<p>&nbsp;<\/p>\n<p>Oliwy z oliwek Esencias Naturales &amp; Co stanowi\u0105 wspania\u0142e do\u015bwiadczenie kulinarne, kt\u00f3re obok <u><a href=\"\/pl\/producto\/degustacja-pozioma\/\">Cata Horizontal<\/a><\/u> i <a href=\"\/pl\/producto\/oliwy-z-przyprawami-swiata\/\">Especias del Mundo<\/a>, czyli innych \u201eOliw XXI wieku\u201d, zosta\u0142y pomy\u015blane specjalnie dla os\u00f3b pragn\u0105cych skorzysta\u0107 z innowacji kulinarnych oferowanych przez Castillo de Canena.<\/p>\n<p>&nbsp;<\/p>\n<h6>OPIS<\/h6>\n<p>Oliwa z oliwek Esencias Naturales &amp; Co. zawiera w 100% naturalne sk\u0142adniki. Wyr\u00f3\u017cnia si\u0119<strong> szklanymi butelkami w bursztynowym kolorze z kroplomierzem, opatrzonymi sitodrukiem w jaskrawych kolorach: pomara\u0144czowym, zielonym, niebieskim i r\u00f3\u017cowym.<\/strong> W ka\u017cdej butelce mie\u015bci si\u0119 mieszanka <strong>naszych najlepszych oliw z oliwek odmiany Arbequina,<\/strong> po\u0142\u0105czonych z owocowymi, ro\u015blinnymi i kwiatowymi olejkami eterycznymi. Idealnie nadaj\u0105 si\u0119 do przygotowywania koktajli, jak r\u00f3wnie\u017c wzbogacaj\u0105 smak ser\u00f3w, da\u0144 i deser\u00f3w.<\/p>\n<p>&nbsp;<\/p>\n<p>W oliwach z oliwek Esencias Naturales &amp; Co w zaskakuj\u0105cy i harmonijny spos\u00f3b \u0142\u0105cz\u0105 si\u0119 smaki zielonej oliwki, karczocha, migda\u0142\u00f3w i \u015bwie\u017cych zi\u00f3\u0142, charakterystycznych dla Oliwy z Oliwek z Pierwszego T\u0142oczenia Arbequino, z naturalnymi aromatami owoc\u00f3w, ro\u015blin i kwiat\u00f3w.<\/p>\n<p>&nbsp;<\/p>\n<h6>DODATKOWE INFORMACJE<\/h6>\n<p><u>Zalecenia dotycz\u0105ce spo\u017cycia:<\/u><\/p>\n<p>Ka\u017cda z oliw z oliwek Esencias Naturales &amp; Co nadaje si\u0119 do innego zastosowania.<\/p>\n<ul>\n<li>Oliwa z <strong>gorzk\u0105 pomara\u0144cz\u0105, tymiankiem i kwiatem pomara\u0144czy <\/strong>idealnie nadaje si\u0119 do koktajli typu Bloody Mary czy Manhattan, ser\u00f3w takich jak cheddar czy brie, przyrz\u0105dzania cytrynowych biszkopt\u00f3w i plack\u00f3w owocowych oraz jako dodatek do warzyw z patelni, pieczonych ziemniak\u00f3w, itp.<\/li>\n<li>Oliwa z<strong> cytryn\u0105, koprem w\u0142oskim i mi\u0119t\u0105<\/strong> idealnie pasuje do koktajli typu Margarita czy Daiquiri oraz do ser\u00f3w, takich jak mozzarella czy ementaler. Doskonale nadaje si\u0119 r\u00f3wnie\u017c do krem\u00f3w warzywnych i tapenady oraz jako dodatek do ceviche, ostryg, itp.<\/li>\n<li>W wyniku zmieszania naszej oliwy AOVE Arbequino z <strong>olejkami z kardamonu, mandarynki i jab\u0142ka <\/strong>powstaje idealna oliwa do koktajli typu Dry Martini czy Gin Tonic, nadaj\u0105ca si\u0119 jako dodatek do ser\u00f3w ple\u015bniowych i sera z Ocosingo, do przygotowywania da\u0144 z makaronem i ry\u017cem, do przyrz\u0105dzania majonezu, jak r\u00f3wnie\u017c jako dodatek do grillowanego kurczaka i pieczonej wieprzowiny.<\/li>\n<li>Natomiast oliwa z oliwek <strong>Esencias Naturales &amp; Co z cynamonem, orzechem i pomara\u0144cz\u0105 bergamota<\/strong> jest idealna do koktajli typu Iced Tea czy Pi\u00f1a Colada. Doskonale pasuje r\u00f3wnie\u017c do sera queso manchego i twarogowego, do pieczenia herbatnik\u00f3w i ciast czekoladowych oraz jako dodatek do sa\u0142atek owocowych i sa\u0142atek z pomara\u0144czy.<\/li>\n<\/ul>\n<p>&nbsp;<\/p>\n<p>Ka\u017cda butelka wyposa\u017cona jest w kroplomierz, kt\u00f3ry umo\u017cliwia odpowiednie dozowanie oliwy z oliwek Esencias Naturales &amp; Co, gdy\u017c pozwala dok\u0142adnie odmierzy\u0107 ilo\u015b\u0107 oliwy potrzebn\u0105 do przyrz\u0105dzenia danego dania lub stworzenia okre\u015blonego po\u0142\u0105czenia.<\/p>\n<p>&nbsp;<\/p>\n<p>Zaleca si\u0119 przechowywa\u0107 oliwy w ch\u0142odnym miejscu, z dala od \u017ar\u00f3de\u0142 \u015bwiat\u0142a i ciep\u0142a.<\/p>\n","protected":false},"excerpt":{"rendered":"<p>Esencias Naturales &amp; Co to nowe doznania kulinarne wywodz\u0105ce si\u0119 z r\u0119ki Castillo de Canena, w kt\u00f3rym po\u0142\u0105czono tradycj\u0119 i uznanie: 99,5% naszej oliwy z oliwek Arbequina Extra Virgin z nowym \u015bwiatem dozna\u0144 generowanym przez bogat\u0105 gam\u0119 olejk\u00f3w eterycznych z kwiat\u00f3w, ro\u015blin i owoc\u00f3w.<\/p>\n<p>Rezultatem jest eksplozja czterech smak\u00f3w (01, 02, 03, 04), w kt\u00f3rych do naszej najwy\u017cszej jako\u015bci Arbequina EVOO dodaje si\u0119 kilka kropel trzech r\u00f3\u017cnych naturalnych olejk\u00f3w eterycznych, specjalnie przebadanych, aby idealnie \u0142\u0105czy\u0107 pomi\u0119dzy Tak.<\/p>\n","protected":false},"featured_media":48402,"template":"","meta":{"_acf_changed":false,"wprm-recipe-roundup-name":"","wprm-recipe-roundup-description":""},"product_cat":[3083],"product_tag":[],"class_list":{"0":"post-29079","1":"product","2":"type-product","3":"status-publish","4":"has-post-thumbnail","6":"product_cat-sprawy","8":"first","9":"instock","10":"purchasable","11":"product-type-simple"},"acf":[],"yoast_head":"<!-- This site is optimized with the Yoast SEO plugin v25.6 - https:\/\/yoast.com\/wordpress\/plugins\/seo\/ -->\n<title>Oliwy z oliwek z naturalnymi olejkami - Castillo de Canena<\/title>\n<meta name=\"description\" content=\"Arbequina &amp; Co - odkryj i ciesz si\u0119 smakiem kolekcji oliw z oliwek z dodatkiem kwiatowych, ro\u015blinnych i owocowych olejk\u00f3w naturalnych.\" \/>\n<meta name=\"robots\" content=\"index, follow, max-snippet:-1, max-image-preview:large, max-video-preview:-1\" \/>\n<link rel=\"canonical\" href=\"https:\/\/www.castillodecanena.com\/pl\/producto\/oliwy-z-oliwek-z-naturalnymi-olejkami\/\" \/>\n<meta property=\"og:locale\" content=\"pl_PL\" \/>\n<meta property=\"og:type\" content=\"article\" \/>\n<meta property=\"og:title\" content=\"Oliwy z oliwek z naturalnymi olejkami - Castillo de Canena\" \/>\n<meta property=\"og:description\" content=\"Arbequina &amp; Co - odkryj i ciesz si\u0119 smakiem kolekcji oliw z oliwek z dodatkiem kwiatowych, ro\u015blinnych i owocowych olejk\u00f3w naturalnych.\" \/>\n<meta property=\"og:url\" content=\"https:\/\/www.castillodecanena.com\/pl\/producto\/oliwy-z-oliwek-z-naturalnymi-olejkami\/\" \/>\n<meta property=\"og:site_name\" content=\"Castillo de Canena\" \/>\n<meta property=\"article:publisher\" content=\"https:\/\/www.facebook.com\/Castillo.de.Canena\" \/>\n<meta property=\"article:modified_time\" content=\"2023-11-27T00:00:14+00:00\" \/>\n<meta property=\"og:image\" content=\"https:\/\/www.castillodecanena.com\/wp-content\/uploads\/2022\/04\/esencias-naturales-co-ok.png\" \/>\n\t<meta property=\"og:image:width\" content=\"1000\" \/>\n\t<meta property=\"og:image:height\" content=\"1000\" \/>\n\t<meta property=\"og:image:type\" content=\"image\/png\" \/>\n<meta name=\"twitter:card\" content=\"summary_large_image\" \/>\n<meta name=\"twitter:site\" content=\"@CastillodCanena\" \/>\n<script type=\"application\/ld+json\" class=\"yoast-schema-graph\">{\"@context\":\"https:\/\/schema.org\",\"@graph\":[{\"@type\":[\"WebPage\",\"ItemPage\"],\"@id\":\"https:\/\/www.castillodecanena.com\/pl\/producto\/oliwy-z-oliwek-z-naturalnymi-olejkami\/\",\"url\":\"https:\/\/www.castillodecanena.com\/pl\/producto\/oliwy-z-oliwek-z-naturalnymi-olejkami\/\",\"name\":\"Oliwy z oliwek z naturalnymi olejkami - Castillo de Canena\",\"isPartOf\":{\"@id\":\"https:\/\/www.castillodecanena.com\/pl\/#website\"},\"primaryImageOfPage\":{\"@id\":\"https:\/\/www.castillodecanena.com\/pl\/producto\/oliwy-z-oliwek-z-naturalnymi-olejkami\/#primaryimage\"},\"image\":{\"@id\":\"https:\/\/www.castillodecanena.com\/pl\/producto\/oliwy-z-oliwek-z-naturalnymi-olejkami\/#primaryimage\"},\"thumbnailUrl\":\"https:\/\/www.castillodecanena.com\/wp-content\/uploads\/2022\/04\/esencias-naturales-co-ok.png\",\"datePublished\":\"2022-04-11T22:00:28+00:00\",\"dateModified\":\"2023-11-27T00:00:14+00:00\",\"description\":\"Arbequina & Co - odkryj i ciesz si\u0119 smakiem kolekcji oliw z oliwek z dodatkiem kwiatowych, ro\u015blinnych i owocowych olejk\u00f3w naturalnych.\",\"breadcrumb\":{\"@id\":\"https:\/\/www.castillodecanena.com\/pl\/producto\/oliwy-z-oliwek-z-naturalnymi-olejkami\/#breadcrumb\"},\"inLanguage\":\"pl-PL\",\"potentialAction\":[{\"@type\":\"ReadAction\",\"target\":[\"https:\/\/www.castillodecanena.com\/pl\/producto\/oliwy-z-oliwek-z-naturalnymi-olejkami\/\"]}]},{\"@type\":\"ImageObject\",\"inLanguage\":\"pl-PL\",\"@id\":\"https:\/\/www.castillodecanena.com\/pl\/producto\/oliwy-z-oliwek-z-naturalnymi-olejkami\/#primaryimage\",\"url\":\"https:\/\/www.castillodecanena.com\/wp-content\/uploads\/2022\/04\/esencias-naturales-co-ok.png\",\"contentUrl\":\"https:\/\/www.castillodecanena.com\/wp-content\/uploads\/2022\/04\/esencias-naturales-co-ok.png\",\"width\":1000,\"height\":1000},{\"@type\":\"BreadcrumbList\",\"@id\":\"https:\/\/www.castillodecanena.com\/pl\/producto\/oliwy-z-oliwek-z-naturalnymi-olejkami\/#breadcrumb\",\"itemListElement\":[{\"@type\":\"ListItem\",\"position\":1,\"name\":\"Home\",\"item\":\"https:\/\/www.castillodecanena.com\/pl\/\"},{\"@type\":\"ListItem\",\"position\":2,\"name\":\"Tienda\",\"item\":\"https:\/\/www.castillodecanena.com\/pl\/tienda\/\"},{\"@type\":\"ListItem\",\"position\":3,\"name\":\"Oliwy z oliwek z naturalnymi olejkami\"}]},{\"@type\":\"WebSite\",\"@id\":\"https:\/\/www.castillodecanena.com\/pl\/#website\",\"url\":\"https:\/\/www.castillodecanena.com\/pl\/\",\"name\":\"Castillo de Canena\",\"description\":\"Aceites de Oliva virgen extra Premium\",\"publisher\":{\"@id\":\"https:\/\/www.castillodecanena.com\/pl\/#organization\"},\"potentialAction\":[{\"@type\":\"SearchAction\",\"target\":{\"@type\":\"EntryPoint\",\"urlTemplate\":\"https:\/\/www.castillodecanena.com\/pl\/?s={search_term_string}\"},\"query-input\":{\"@type\":\"PropertyValueSpecification\",\"valueRequired\":true,\"valueName\":\"search_term_string\"}}],\"inLanguage\":\"pl-PL\"},{\"@type\":\"Organization\",\"@id\":\"https:\/\/www.castillodecanena.com\/pl\/#organization\",\"name\":\"Castillo de Canena\",\"url\":\"https:\/\/www.castillodecanena.com\/pl\/\",\"logo\":{\"@type\":\"ImageObject\",\"inLanguage\":\"pl-PL\",\"@id\":\"https:\/\/www.castillodecanena.com\/pl\/#\/schema\/logo\/image\/\",\"url\":\"https:\/\/castillodecanena.com\/wp-content\/uploads\/2021\/08\/logo_castillo-de-canena_small.webp\",\"contentUrl\":\"https:\/\/castillodecanena.com\/wp-content\/uploads\/2021\/08\/logo_castillo-de-canena_small.webp\",\"width\":250,\"height\":174,\"caption\":\"Castillo de Canena\"},\"image\":{\"@id\":\"https:\/\/www.castillodecanena.com\/pl\/#\/schema\/logo\/image\/\"},\"sameAs\":[\"https:\/\/www.facebook.com\/Castillo.de.Canena\",\"https:\/\/x.com\/CastillodCanena\",\"https:\/\/www.instagram.com\/castillodecanena\/\",\"https:\/\/www.linkedin.com\/company\/castillo-de-canena-olive-juice\",\"https:\/\/www.pinterest.es\/castillodcanena\/\",\"https:\/\/www.youtube.com\/channel\/UCL64xPwm_9Atq2y1JxmwnxQ\",\"https:\/\/es.wikipedia.org\/wiki\/Castillo_de_Canena_(empresa)\"]}]}<\/script>\n<!-- \/ Yoast SEO plugin. -->","yoast_head_json":{"title":"Oliwy z oliwek z naturalnymi olejkami - Castillo de Canena","description":"Arbequina & Co - odkryj i ciesz si\u0119 smakiem kolekcji oliw z oliwek z dodatkiem kwiatowych, ro\u015blinnych i owocowych olejk\u00f3w naturalnych.","robots":{"index":"index","follow":"follow","max-snippet":"max-snippet:-1","max-image-preview":"max-image-preview:large","max-video-preview":"max-video-preview:-1"},"canonical":"https:\/\/www.castillodecanena.com\/pl\/producto\/oliwy-z-oliwek-z-naturalnymi-olejkami\/","og_locale":"pl_PL","og_type":"article","og_title":"Oliwy z oliwek z naturalnymi olejkami - Castillo de Canena","og_description":"Arbequina & Co - odkryj i ciesz si\u0119 smakiem kolekcji oliw z oliwek z dodatkiem kwiatowych, ro\u015blinnych i owocowych olejk\u00f3w naturalnych.","og_url":"https:\/\/www.castillodecanena.com\/pl\/producto\/oliwy-z-oliwek-z-naturalnymi-olejkami\/","og_site_name":"Castillo de Canena","article_publisher":"https:\/\/www.facebook.com\/Castillo.de.Canena","article_modified_time":"2023-11-27T00:00:14+00:00","og_image":[{"width":1000,"height":1000,"url":"https:\/\/www.castillodecanena.com\/wp-content\/uploads\/2022\/04\/esencias-naturales-co-ok.png","type":"image\/png"}],"twitter_card":"summary_large_image","twitter_site":"@CastillodCanena","schema":{"@context":"https:\/\/schema.org","@graph":[{"@type":["WebPage","ItemPage"],"@id":"https:\/\/www.castillodecanena.com\/pl\/producto\/oliwy-z-oliwek-z-naturalnymi-olejkami\/","url":"https:\/\/www.castillodecanena.com\/pl\/producto\/oliwy-z-oliwek-z-naturalnymi-olejkami\/","name":"Oliwy z oliwek z naturalnymi olejkami - Castillo de Canena","isPartOf":{"@id":"https:\/\/www.castillodecanena.com\/pl\/#website"},"primaryImageOfPage":{"@id":"https:\/\/www.castillodecanena.com\/pl\/producto\/oliwy-z-oliwek-z-naturalnymi-olejkami\/#primaryimage"},"image":{"@id":"https:\/\/www.castillodecanena.com\/pl\/producto\/oliwy-z-oliwek-z-naturalnymi-olejkami\/#primaryimage"},"thumbnailUrl":"https:\/\/www.castillodecanena.com\/wp-content\/uploads\/2022\/04\/esencias-naturales-co-ok.png","datePublished":"2022-04-11T22:00:28+00:00","dateModified":"2023-11-27T00:00:14+00:00","description":"Arbequina & Co - odkryj i ciesz si\u0119 smakiem kolekcji oliw z oliwek z dodatkiem kwiatowych, ro\u015blinnych i owocowych olejk\u00f3w naturalnych.","breadcrumb":{"@id":"https:\/\/www.castillodecanena.com\/pl\/producto\/oliwy-z-oliwek-z-naturalnymi-olejkami\/#breadcrumb"},"inLanguage":"pl-PL","potentialAction":[{"@type":"ReadAction","target":["https:\/\/www.castillodecanena.com\/pl\/producto\/oliwy-z-oliwek-z-naturalnymi-olejkami\/"]}]},{"@type":"ImageObject","inLanguage":"pl-PL","@id":"https:\/\/www.castillodecanena.com\/pl\/producto\/oliwy-z-oliwek-z-naturalnymi-olejkami\/#primaryimage","url":"https:\/\/www.castillodecanena.com\/wp-content\/uploads\/2022\/04\/esencias-naturales-co-ok.png","contentUrl":"https:\/\/www.castillodecanena.com\/wp-content\/uploads\/2022\/04\/esencias-naturales-co-ok.png","width":1000,"height":1000},{"@type":"BreadcrumbList","@id":"https:\/\/www.castillodecanena.com\/pl\/producto\/oliwy-z-oliwek-z-naturalnymi-olejkami\/#breadcrumb","itemListElement":[{"@type":"ListItem","position":1,"name":"Home","item":"https:\/\/www.castillodecanena.com\/pl\/"},{"@type":"ListItem","position":2,"name":"Tienda","item":"https:\/\/www.castillodecanena.com\/pl\/tienda\/"},{"@type":"ListItem","position":3,"name":"Oliwy z oliwek z naturalnymi olejkami"}]},{"@type":"WebSite","@id":"https:\/\/www.castillodecanena.com\/pl\/#website","url":"https:\/\/www.castillodecanena.com\/pl\/","name":"Castillo de Canena","description":"Aceites de Oliva virgen extra Premium","publisher":{"@id":"https:\/\/www.castillodecanena.com\/pl\/#organization"},"potentialAction":[{"@type":"SearchAction","target":{"@type":"EntryPoint","urlTemplate":"https:\/\/www.castillodecanena.com\/pl\/?s={search_term_string}"},"query-input":{"@type":"PropertyValueSpecification","valueRequired":true,"valueName":"search_term_string"}}],"inLanguage":"pl-PL"},{"@type":"Organization","@id":"https:\/\/www.castillodecanena.com\/pl\/#organization","name":"Castillo de Canena","url":"https:\/\/www.castillodecanena.com\/pl\/","logo":{"@type":"ImageObject","inLanguage":"pl-PL","@id":"https:\/\/www.castillodecanena.com\/pl\/#\/schema\/logo\/image\/","url":"https:\/\/castillodecanena.com\/wp-content\/uploads\/2021\/08\/logo_castillo-de-canena_small.webp","contentUrl":"https:\/\/castillodecanena.com\/wp-content\/uploads\/2021\/08\/logo_castillo-de-canena_small.webp","width":250,"height":174,"caption":"Castillo de Canena"},"image":{"@id":"https:\/\/www.castillodecanena.com\/pl\/#\/schema\/logo\/image\/"},"sameAs":["https:\/\/www.facebook.com\/Castillo.de.Canena","https:\/\/x.com\/CastillodCanena","https:\/\/www.instagram.com\/castillodecanena\/","https:\/\/www.linkedin.com\/company\/castillo-de-canena-olive-juice","https:\/\/www.pinterest.es\/castillodcanena\/","https:\/\/www.youtube.com\/channel\/UCL64xPwm_9Atq2y1JxmwnxQ","https:\/\/es.wikipedia.org\/wiki\/Castillo_de_Canena_(empresa)"]}]}},"_links":{"self":[{"href":"https:\/\/www.castillodecanena.com\/pl\/wp-json\/wp\/v2\/product\/29079","targetHints":{"allow":["GET"]}}],"collection":[{"href":"https:\/\/www.castillodecanena.com\/pl\/wp-json\/wp\/v2\/product"}],"about":[{"href":"https:\/\/www.castillodecanena.com\/pl\/wp-json\/wp\/v2\/types\/product"}],"wp:featuredmedia":[{"embeddable":true,"href":"https:\/\/www.castillodecanena.com\/pl\/wp-json\/wp\/v2\/media\/48402"}],"wp:attachment":[{"href":"https:\/\/www.castillodecanena.com\/pl\/wp-json\/wp\/v2\/media?parent=29079"}],"wp:term":[{"taxonomy":"product_cat","embeddable":true,"href":"https:\/\/www.castillodecanena.com\/pl\/wp-json\/wp\/v2\/product_cat?post=29079"},{"taxonomy":"product_tag","embeddable":true,"href":"https:\/\/www.castillodecanena.com\/pl\/wp-json\/wp\/v2\/product_tag?post=29079"}],"curies":[{"name":"wp","href":"https:\/\/api.w.org\/{rel}","templated":true}]}}